{"id":835,"date":"2019-01-14T13:40:28","date_gmt":"2019-01-14T11:40:28","guid":{"rendered":"https:\/\/www.opalineanimation.com\/Blog_Cie_Opaline\/?page_id=835"},"modified":"2019-01-15T17:31:09","modified_gmt":"2019-01-15T15:31:09","slug":"spectacle_ecoles-maternelles-et-creches-piquepi","status":"publish","type":"page","link":"https:\/\/www.opalineanimation.com\/Blog_Cie_Opaline\/spectacle_ecoles-maternelles-et-creches-piquepi\/","title":{"rendered":"Piqu\u00e9pi, le spectacle \u00e0 partir de 6 mois, \u00e0 destination des maternelles, \u00e9coles et cr\u00e8ches"},"content":{"rendered":"<h2><\/h2>\n<div align=\"center\"><style type=\"text\/css\">.easingslider-861 { width: 100%; }.easingslider-861 .easingslider-image { max-height: 438px; max-width: 700px; }.easingslider-861 .easingslider-fade-in, .easingslider-fade-out { -webkit-animation-duration: 400ms; -moz-animation-duration: 400ms; animation-duration: 400ms; }<\/style><script type=\"text\/javascript\">window.EasingSlider861 = {\"width\":700,\"height\":438,\"singleItem\":true,\"items\":1,\"itemsDesktop\":false,\"itemsDesktopSmall\":false,\"itemsTablet\":false,\"itemsTabletSmall\":false,\"itemsMobile\":false,\"responsive\":true,\"lazyLoad\":true,\"autoPlay\":4000,\"slideSpeed\":400,\"navigation\":true,\"navigationText\":[\"\",\"\"],\"pagination\":true,\"autoHeight\":false,\"mouseDrag\":false,\"touchDrag\":false,\"addClassActive\":true,\"transitionStyle\":\"fade\"};<\/script><div data-id=\"861\" class=\"easingslider easingslider-861 easingslider-container easingslider-full-width easingslider-resizing-enabled easingslider-aspect-ratio easingslider-arrows-inside easingslider-pagination-inside easingslider-pagination-bottom-center\"><div class=\"easingslider-slide\"><a href=\"none\" target=\"\"><img decoding=\"async\" src=\"https:\/\/www.opalineanimation.com\/Blog_Cie_Opaline\/wp-content\/plugins\/easing-slider\/assets\/images\/placeholder-pixel.png\" data-src=\"https:\/\/www.opalineanimation.com\/Blog_Cie_Opaline\/wp-content\/uploads\/Spectacle-\u00e9coles-Luxembourg-Metz-Nancy-700x438.jpg\" alt=\"\" title=\"\" class=\"easingslider-image easingslider-lazy\" \/><\/a><\/div><div class=\"easingslider-slide\"><a href=\"none\" target=\"\"><img decoding=\"async\" src=\"https:\/\/www.opalineanimation.com\/Blog_Cie_Opaline\/wp-content\/plugins\/easing-slider\/assets\/images\/placeholder-pixel.png\" data-src=\"https:\/\/www.opalineanimation.com\/Blog_Cie_Opaline\/wp-content\/uploads\/Piqu\u00e9pi-Pascaline-Antoine-700x438.jpg\" alt=\"\" title=\"\" class=\"easingslider-image easingslider-lazy\" \/><\/a><\/div><div class=\"easingslider-slide\"><a href=\"none\" target=\"\"><img decoding=\"async\" src=\"https:\/\/www.opalineanimation.com\/Blog_Cie_Opaline\/wp-content\/plugins\/easing-slider\/assets\/images\/placeholder-pixel.png\" data-src=\"https:\/\/www.opalineanimation.com\/Blog_Cie_Opaline\/wp-content\/uploads\/Spectacle-Cr\u00e9ches-Luxembourg-700x438.jpg\" alt=\"\" title=\"\" class=\"easingslider-image easingslider-lazy\" \/><\/a><\/div><div class=\"easingslider-slide\"><a href=\"none\" target=\"\"><img decoding=\"async\" src=\"https:\/\/www.opalineanimation.com\/Blog_Cie_Opaline\/wp-content\/plugins\/easing-slider\/assets\/images\/placeholder-pixel.png\" data-src=\"https:\/\/www.opalineanimation.com\/Blog_Cie_Opaline\/wp-content\/uploads\/Spectacle-cr\u00e8ches-Metz-Nancy-Luxembourg-700x438.jpg\" alt=\"\" title=\"\" class=\"easingslider-image easingslider-lazy\" \/><\/a><\/div><div class=\"easingslider-slide\"><a href=\"none\" target=\"\"><img decoding=\"async\" src=\"https:\/\/www.opalineanimation.com\/Blog_Cie_Opaline\/wp-content\/plugins\/easing-slider\/assets\/images\/placeholder-pixel.png\" data-src=\"https:\/\/www.opalineanimation.com\/Blog_Cie_Opaline\/wp-content\/uploads\/Spectacle-maternelles-Metz-Luxembourg-Nancy-e1432640952172-700x438.jpg\" alt=\"\" title=\"\" class=\"easingslider-image easingslider-lazy\" \/><\/a><\/div><div class=\"easingslider-slide\"><a href=\"none\" target=\"\"><img decoding=\"async\" src=\"https:\/\/www.opalineanimation.com\/Blog_Cie_Opaline\/wp-content\/plugins\/easing-slider\/assets\/images\/placeholder-pixel.png\" data-src=\"https:\/\/www.opalineanimation.com\/Blog_Cie_Opaline\/wp-content\/uploads\/Spectacle-\u00e9coles-Luxembourg-700x438.jpg\" alt=\"\" title=\"\" class=\"easingslider-image easingslider-lazy\" \/><\/a><\/div><div class=\"easingslider-slide\"><a href=\"none\" target=\"\"><img decoding=\"async\" src=\"https:\/\/www.opalineanimation.com\/Blog_Cie_Opaline\/wp-content\/plugins\/easing-slider\/assets\/images\/placeholder-pixel.png\" data-src=\"https:\/\/www.opalineanimation.com\/Blog_Cie_Opaline\/wp-content\/uploads\/Spectacle-\u00e9coles-Metz-Nancy-Luxembourg-700x438.jpg\" alt=\"\" title=\"\" class=\"easingslider-image easingslider-lazy\" \/><\/a><\/div><div class=\"easingslider-slide\"><a href=\"none\" target=\"\"><img decoding=\"async\" src=\"https:\/\/www.opalineanimation.com\/Blog_Cie_Opaline\/wp-content\/plugins\/easing-slider\/assets\/images\/placeholder-pixel.png\" data-src=\"https:\/\/www.opalineanimation.com\/Blog_Cie_Opaline\/wp-content\/uploads\/Spectacle-maternelles-luxembourg-700x438.jpg\" alt=\"\" title=\"\" class=\"easingslider-image easingslider-lazy\" \/><\/a><\/div><\/div><\/div>\n<p>&nbsp;<\/p>\n<h2><span style=\"color: #ff6600;\">Enfin un spectacle adapt\u00e9 aux enfants de 0 \u00e0 4 ans !<\/span><\/h2>\n<p><a href=\"https:\/\/www.opalineanimation.com\/Blog_Cie_Opaline\/spectacle_ecoles-maternelles-et-creches-piquepi\/\"><img class=\"alignright wp-image-860 lws-optimize-lazyload\"  alt=\"Spectacle-maternelles-Metz-Luxembourg-Nancy\" width=\"300\" height=\"450\" data-src=\"https:\/\/www.opalineanimation.com\/Blog_Cie_Opaline\/wp-content\/uploads\/Spectacle-maternelles-Metz-Luxembourg-Nancy.jpg\"><\/a><\/p>\n<p style=\"text-align: justify;\"><strong>Oy\u00e9 Oy\u00e9<\/strong> !!! Que les cr\u00e8ches, maternelles et \u00e9coles se r\u00e9jouissent, un nouveau spectacle est venu au monde pour \u00e9veiller les plus petits !<\/p>\n<p style=\"text-align: justify;\">Sur la pointe des pieds les enfants arrivent et prennent possession des lieux. Le spectacle est pr\u00eat, la lumi\u00e8re se tamise, le silence r\u00e8gne encore quelques secondes&#8230; spectacle.<\/p>\n<p style=\"text-align: justify;\">Le d\u00e9cor est plant\u00e9, entre plumes et osier. Nous voici \u00e0 la ferme, ou plut\u00f4t dans une de ces d\u00e9pendances&#8230;le poulailler. C&rsquo;est en ce lieu que mr et mme &#8230;. attendent un heureux \u00e9v\u00e9nement. Ce sont en quelques sortes les propri\u00e9taires volatiles de cet endroit&#8230;<\/p>\n<blockquote>\n<h3>\u00ab\u00a0Cot cot? cot cot cot ? C&rsquo;y est t&rsquo;y donc pour maintenant ? Bein voui !\u00a0\u00bbs&rsquo;\u00e9crit monsieur&#8230;<\/h3>\n<\/blockquote>\n<p style=\"text-align: justify;\">Il est l\u00e0! Bien rond, bien blanc et chauve comme un \u0153uf&#8230;car c&rsquo;est bien d&rsquo;un \u0153uf qu&rsquo;il s&rsquo;agit. &nbsp;La coquille se fendille sur une douce m\u00e9lodie&#8230;une plumette ici une autre par l\u00e0 et voil\u00e0&#8230; Piqu\u00e9pi.<\/p>\n<p style=\"text-align: justify;\"><a href=\"https:\/\/www.opalineanimation.com\/Blog_Cie_Opaline\/wp-content\/uploads\/Spectacle-cr\u00e8ches-Metz-Nancy-Luxembourg.jpg\" rel=\"attachment wp-att-855\"><img class=\"alignleft wp-image-855 lws-optimize-lazyload\"  alt=\"Spectacle-cr\u00e8ches-Metz-Nancy-Luxembourg\" width=\"300\" height=\"450\" data-src=\"https:\/\/www.opalineanimation.com\/Blog_Cie_Opaline\/wp-content\/uploads\/Spectacle-cr\u00e8ches-Metz-Nancy-Luxembourg.jpg\" srcset=\"https:\/\/www.opalineanimation.com\/Blog_Cie_Opaline\/wp-content\/uploads\/Spectacle-cr\u00e8ches-Metz-Nancy-Luxembourg.jpg 667w, https:\/\/www.opalineanimation.com\/Blog_Cie_Opaline\/wp-content\/uploads\/Spectacle-cr\u00e8ches-Metz-Nancy-Luxembourg-200x300.jpg 200w\" sizes=\"(max-width: 300px) 100vw, 300px\" \/><\/a>La vie \u00e0 la ferme continue et s&rsquo;articule entre la ponte et la vente \u00ab\u00a0Qu&rsquo;ils sont beaux mes oeufs ! Mollets, meurette, \u00e0 la coque ou \u00e0 la neige &#8230;.gla gla gla&#8230;\u00a0\u00bb.<\/p>\n<blockquote>\n<h3><span style=\"color: #ff6600;\">Mais Piqu\u00e9pi r\u00eave de voler de ses propres ailes&#8230;D\u00e9couvrez alors avec lui ses aventures ! Arpentant diff\u00e9rents paysages, les oc\u00e9ans&#8230; chemin faisant, Piqu\u00e9pi grandit !<\/span><\/h3>\n<\/blockquote>\n<p style=\"text-align: justify;\">Un parcours initiatique de 30 minutes, divertissant pour les petits (maternelles, \u00e9coles, cr\u00e8ches&#8230; et les autres !)<\/p>\n<hr>\n<h2><strong>Notre point de vue :<\/strong><\/h2>\n<p style=\"text-align: justify;\">Un spectacle compos\u00e9 d&rsquo;une succession de tableaux qui rythme l&rsquo;aventure de notre h\u00e9ros. Lumi\u00e8res, d\u00e9cors, chants et histoire sont pens\u00e9s afin de garder constante l&rsquo;attention des enfants. Les 30 minutes d\u00e9filent \u00e0 toute allure ne laissant pas les adultes en restes \u00e9galement !<\/p>\n<p>Interpr\u00e9tation : <strong>Pascaline Antoine-Houy<\/strong> \/ Coproduction <strong>Th\u00e9\u00e2tr\u2019Hall<\/strong> et <strong>Nougatine \/ <\/strong>Mise en sc\u00e8ne :<strong> Christophe Joncquel<\/strong><\/p>\n<p>Tarifs : 300 euros TTC \/ Dur\u00e9e : 30 minutes<\/p>\n<p>A t\u00e9l\u00e9charger :&nbsp;<a href=\"https:\/\/www.opalineanimation.com\/Blog_Cie_Opaline\/wp-content\/uploads\/Fiche-Objectifs-Piqu%C3%A9pi-Spectacle-enfants.pdf\" target=\"_blank\" rel=\"noopener\">Fiche objectifs spectacle Piqu\u00e9pi<\/a><\/p>\n<p>&nbsp;<\/p>\n<p>&nbsp;<\/p>\n<p>&nbsp;<\/p>\n<p style=\"text-align: justify;\"><a href=\"https:\/\/www.opalineanimation.com\/Blog_Cie_Opaline\/wp-content\/uploads\/Cartes-Opaline-Animation.jpg\"><img class=\"wp-image-140 size-medium alignleft lws-optimize-lazyload\" title=\"Magicien Metz\"  alt=\"carte de Visite Opaline Animation\" width=\"300\" height=\"200\" data-src=\"https:\/\/www.opalineanimation.com\/Blog_Cie_Opaline\/wp-content\/uploads\/Cartes-Opaline-Animation-300x200.jpg\" srcset=\"https:\/\/www.opalineanimation.com\/Blog_Cie_Opaline\/wp-content\/uploads\/Cartes-Opaline-Animation-300x200.jpg 300w, https:\/\/www.opalineanimation.com\/Blog_Cie_Opaline\/wp-content\/uploads\/Cartes-Opaline-Animation-1024x683.jpg 1024w, https:\/\/www.opalineanimation.com\/Blog_Cie_Opaline\/wp-content\/uploads\/Cartes-Opaline-Animation.jpg 1500w\" sizes=\"(max-width: 300px) 100vw, 300px\" \/><\/a><a href=\"mailto:infos@opalineanimation.com\">infos@opalineanimation.com<\/a><\/p>\n<p style=\"text-align: justify;\"><span style=\"text-decoration: underline;\">Tel :<\/span> 06 13 36 96 42<\/p>\n<p style=\"text-align: justify;\">+33 6 13 36 96 42<\/p>\n<p style=\"text-align: justify;\"><a title=\"Opaline Animation\" href=\"https:\/\/www.opalineanimation.com\">www.opalineanimation.com<\/a><\/p>\n<p style=\"text-align: justify;\">Vous pouvez \u00e9galement utiliser le formulaire de contact ci-dessous en n&rsquo;oubliant pas d&rsquo;indiquer votre num\u00e9ro de t\u00e9l\u00e9phone.<\/p>\n<p style=\"text-align: justify;\">A tr\u00e8s bient\u00f4t !<\/p>\n<p style=\"text-align: left;\">\n<div class=\"wpcf7 no-js\" id=\"wpcf7-f325-o1\" lang=\"fr-FR\" dir=\"ltr\" data-wpcf7-id=\"325\">\n<div class=\"screen-reader-response\"><p role=\"status\" aria-live=\"polite\" aria-atomic=\"true\"><\/p> <ul><\/ul><\/div>\n<form action=\"\/Blog_Cie_Opaline\/wp-json\/wp\/v2\/pages\/835#wpcf7-f325-o1\" method=\"post\" class=\"wpcf7-form init\" aria-label=\"Formulaire de contact\" novalidate=\"novalidate\" data-status=\"init\">\n<fieldset class=\"hidden-fields-container\"><input type=\"hidden\" name=\"_wpcf7\" value=\"325\" \/><input type=\"hidden\" name=\"_wpcf7_version\" value=\"6.1.5\" \/><input type=\"hidden\" name=\"_wpcf7_locale\" value=\"fr_FR\" \/><input type=\"hidden\" name=\"_wpcf7_unit_tag\" value=\"wpcf7-f325-o1\" \/><input type=\"hidden\" name=\"_wpcf7_container_post\" value=\"0\" \/><input type=\"hidden\" name=\"_wpcf7_posted_data_hash\" value=\"\" \/><input type=\"hidden\" name=\"_wpcf7_recaptcha_response\" value=\"\" \/>\n<\/fieldset>\n<p>Votre nom, pr\u00e9nom\n<\/p>\n<p><span class=\"wpcf7-form-control-wrap\" data-name=\"your-name\"><input size=\"40\" maxlength=\"400\" class=\"wpcf7-form-control wpcf7-text wpcf7-validates-as-required\" aria-required=\"true\" aria-invalid=\"false\" value=\"\" type=\"text\" name=\"your-name\" \/><\/span>\n<\/p>\n<p>T\u00e9l\u00e9phone\n<\/p>\n<p><span class=\"wpcf7-form-control-wrap\" data-name=\"tel-904\"><input size=\"40\" maxlength=\"400\" class=\"wpcf7-form-control wpcf7-tel wpcf7-text wpcf7-validates-as-tel Tlphone 2\" id=\"Tlphone1\" aria-invalid=\"false\" value=\"\" type=\"tel\" name=\"tel-904\" \/><\/span>\n<\/p>\n<p>E-mail\n<\/p>\n<p><span class=\"wpcf7-form-control-wrap\" data-name=\"your-email\"><input size=\"40\" maxlength=\"400\" class=\"wpcf7-form-control wpcf7-email wpcf7-validates-as-required wpcf7-text wpcf7-validates-as-email\" aria-required=\"true\" aria-invalid=\"false\" value=\"\" type=\"email\" name=\"your-email\" \/><\/span>\n<\/p>\n<p>Sujet\n<\/p>\n<p><span class=\"wpcf7-form-control-wrap\" data-name=\"your-subject\"><input size=\"40\" maxlength=\"400\" class=\"wpcf7-form-control wpcf7-text\" aria-invalid=\"false\" value=\"\" type=\"text\" name=\"your-subject\" \/><\/span>\n<\/p>\n<p>Votre message\n<\/p>\n<p><span class=\"wpcf7-form-control-wrap\" data-name=\"your-message\"><textarea cols=\"40\" rows=\"10\" maxlength=\"2000\" class=\"wpcf7-form-control wpcf7-textarea\" aria-invalid=\"false\" name=\"your-message\"><\/textarea><\/span>\n<\/p>\n<p><input class=\"wpcf7-form-control wpcf7-submit has-spinner\" type=\"submit\" value=\"Envoyer\" \/> Tous les champs sont obligatoires\n<\/p>\n<div class=\"wpcf7-response-output\" aria-hidden=\"true\"><\/div>\n<\/form>\n<\/div>\n<\/p>\n<p>&nbsp;<\/p>\n","protected":false},"excerpt":{"rendered":"<p>&nbsp; Enfin un spectacle adapt\u00e9 aux enfants de 0 \u00e0 4 ans ! Oy\u00e9 Oy\u00e9 !!! Que les cr\u00e8ches, maternelles et \u00e9coles se r\u00e9jouissent, un nouveau spectacle est venu au [&hellip;]<\/p>\n","protected":false},"author":1,"featured_media":854,"parent":0,"menu_order":0,"comment_status":"closed","ping_status":"closed","template":"","meta":{"footnotes":""},"class_list":["post-835","page","type-page","status-publish","has-post-thumbnail","hentry"],"yoast_head":"<!-- This site is optimized with the Yoast SEO plugin v27.5 - https:\/\/yoast.com\/product\/yoast-seo-wordpress\/ -->\n<title>Spectacle maternelles, \u00e9coles et cr\u00e8ches Luxembourg Metz Nancy<\/title>\n<meta name=\"description\" content=\"Un spectacle \u00e0 destination des enfants entre 0 et 4 ans en maternelles, cr\u00e8ches et \u00e9coles sur le th\u00e8mes des poules ! A r\u00e9server \u00e0 Metz, Nancy et Luxembourg\" \/>\n<meta name=\"robots\" content=\"index, follow, max-snippet:-1, max-image-preview:large, max-video-preview:-1\" \/>\n<link rel=\"canonical\" href=\"https:\/\/www.opalineanimation.com\/Blog_Cie_Opaline\/spectacle_ecoles-maternelles-et-creches-piquepi\/\" \/>\n<meta property=\"og:locale\" content=\"fr_FR\" \/>\n<meta property=\"og:type\" content=\"article\" \/>\n<meta property=\"og:title\" content=\"Spectacle maternelles, \u00e9coles et cr\u00e8ches Luxembourg Metz Nancy\" \/>\n<meta property=\"og:description\" content=\"Un spectacle \u00e0 destination des enfants entre 0 et 4 ans en maternelles, cr\u00e8ches et \u00e9coles sur le th\u00e8mes des poules ! A r\u00e9server \u00e0 Metz, Nancy et Luxembourg\" \/>\n<meta property=\"og:url\" content=\"https:\/\/www.opalineanimation.com\/Blog_Cie_Opaline\/spectacle_ecoles-maternelles-et-creches-piquepi\/\" \/>\n<meta property=\"og:site_name\" content=\"Cie Opaline CLOSE-UP, SPECTACLES ET SERVICES\" \/>\n<meta property=\"article:publisher\" content=\"https:\/\/www.facebook.com\/pages\/Opaline-Animation\/255451761132872\" \/>\n<meta property=\"article:modified_time\" content=\"2019-01-15T15:31:09+00:00\" \/>\n<meta property=\"og:image\" content=\"https:\/\/www.opalineanimation.com\/Blog_Cie_Opaline\/wp-content\/uploads\/Spectacle-Cr\u00e9ches-Luxembourg.jpg\" \/>\n\t<meta property=\"og:image:width\" content=\"1000\" \/>\n\t<meta property=\"og:image:height\" content=\"667\" \/>\n\t<meta property=\"og:image:type\" content=\"image\/jpeg\" \/>\n<meta name=\"twitter:label1\" content=\"Dur\u00e9e de lecture estim\u00e9e\" \/>\n\t<meta name=\"twitter:data1\" content=\"2 minutes\" \/>\n<script type=\"application\/ld+json\" class=\"yoast-schema-graph\">{\"@context\":\"https:\\\/\\\/schema.org\",\"@graph\":[{\"@type\":\"WebPage\",\"@id\":\"https:\\\/\\\/www.opalineanimation.com\\\/Blog_Cie_Opaline\\\/spectacle_ecoles-maternelles-et-creches-piquepi\\\/\",\"url\":\"https:\\\/\\\/www.opalineanimation.com\\\/Blog_Cie_Opaline\\\/spectacle_ecoles-maternelles-et-creches-piquepi\\\/\",\"name\":\"Spectacle maternelles, \u00e9coles et cr\u00e8ches Luxembourg Metz Nancy\",\"isPartOf\":{\"@id\":\"https:\\\/\\\/www.opalineanimation.com\\\/Blog_Cie_Opaline\\\/#website\"},\"primaryImageOfPage\":{\"@id\":\"https:\\\/\\\/www.opalineanimation.com\\\/Blog_Cie_Opaline\\\/spectacle_ecoles-maternelles-et-creches-piquepi\\\/#primaryimage\"},\"image\":{\"@id\":\"https:\\\/\\\/www.opalineanimation.com\\\/Blog_Cie_Opaline\\\/spectacle_ecoles-maternelles-et-creches-piquepi\\\/#primaryimage\"},\"thumbnailUrl\":\"https:\\\/\\\/www.opalineanimation.com\\\/Blog_Cie_Opaline\\\/wp-content\\\/uploads\\\/Spectacle-Cr\u00e9ches-Luxembourg.jpg\",\"datePublished\":\"2019-01-14T11:40:28+00:00\",\"dateModified\":\"2019-01-15T15:31:09+00:00\",\"description\":\"Un spectacle \u00e0 destination des enfants entre 0 et 4 ans en maternelles, cr\u00e8ches et \u00e9coles sur le th\u00e8mes des poules ! A r\u00e9server \u00e0 Metz, Nancy et Luxembourg\",\"breadcrumb\":{\"@id\":\"https:\\\/\\\/www.opalineanimation.com\\\/Blog_Cie_Opaline\\\/spectacle_ecoles-maternelles-et-creches-piquepi\\\/#breadcrumb\"},\"inLanguage\":\"fr-FR\",\"potentialAction\":[{\"@type\":\"ReadAction\",\"target\":[\"https:\\\/\\\/www.opalineanimation.com\\\/Blog_Cie_Opaline\\\/spectacle_ecoles-maternelles-et-creches-piquepi\\\/\"]}]},{\"@type\":\"ImageObject\",\"inLanguage\":\"fr-FR\",\"@id\":\"https:\\\/\\\/www.opalineanimation.com\\\/Blog_Cie_Opaline\\\/spectacle_ecoles-maternelles-et-creches-piquepi\\\/#primaryimage\",\"url\":\"https:\\\/\\\/www.opalineanimation.com\\\/Blog_Cie_Opaline\\\/wp-content\\\/uploads\\\/Spectacle-Cr\u00e9ches-Luxembourg.jpg\",\"contentUrl\":\"https:\\\/\\\/www.opalineanimation.com\\\/Blog_Cie_Opaline\\\/wp-content\\\/uploads\\\/Spectacle-Cr\u00e9ches-Luxembourg.jpg\",\"width\":1000,\"height\":667,\"caption\":\"Un spectacle pour les cr\u00e8ches au Luxembourg\"},{\"@type\":\"BreadcrumbList\",\"@id\":\"https:\\\/\\\/www.opalineanimation.com\\\/Blog_Cie_Opaline\\\/spectacle_ecoles-maternelles-et-creches-piquepi\\\/#breadcrumb\",\"itemListElement\":[{\"@type\":\"ListItem\",\"position\":1,\"name\":\"Accueil\",\"item\":\"https:\\\/\\\/www.opalineanimation.com\\\/Blog_Cie_Opaline\\\/\"},{\"@type\":\"ListItem\",\"position\":2,\"name\":\"Piqu\u00e9pi, le spectacle \u00e0 partir de 6 mois, \u00e0 destination des maternelles, \u00e9coles et cr\u00e8ches\"}]},{\"@type\":\"WebSite\",\"@id\":\"https:\\\/\\\/www.opalineanimation.com\\\/Blog_Cie_Opaline\\\/#website\",\"url\":\"https:\\\/\\\/www.opalineanimation.com\\\/Blog_Cie_Opaline\\\/\",\"name\":\"Cie Opaline CLOSE-UP, SPECTACLES ET SERVICES\",\"description\":\"Artistes du spectacle \u00e0 Metz, Nancy et Luxembourg\",\"potentialAction\":[{\"@type\":\"SearchAction\",\"target\":{\"@type\":\"EntryPoint\",\"urlTemplate\":\"https:\\\/\\\/www.opalineanimation.com\\\/Blog_Cie_Opaline\\\/?s={search_term_string}\"},\"query-input\":{\"@type\":\"PropertyValueSpecification\",\"valueRequired\":true,\"valueName\":\"search_term_string\"}}],\"inLanguage\":\"fr-FR\"}]}<\/script>\n<!-- \/ Yoast SEO plugin. -->","yoast_head_json":{"title":"Spectacle maternelles, \u00e9coles et cr\u00e8ches Luxembourg Metz Nancy","description":"Un spectacle \u00e0 destination des enfants entre 0 et 4 ans en maternelles, cr\u00e8ches et \u00e9coles sur le th\u00e8mes des poules ! A r\u00e9server \u00e0 Metz, Nancy et Luxembourg","robots":{"index":"index","follow":"follow","max-snippet":"max-snippet:-1","max-image-preview":"max-image-preview:large","max-video-preview":"max-video-preview:-1"},"canonical":"https:\/\/www.opalineanimation.com\/Blog_Cie_Opaline\/spectacle_ecoles-maternelles-et-creches-piquepi\/","og_locale":"fr_FR","og_type":"article","og_title":"Spectacle maternelles, \u00e9coles et cr\u00e8ches Luxembourg Metz Nancy","og_description":"Un spectacle \u00e0 destination des enfants entre 0 et 4 ans en maternelles, cr\u00e8ches et \u00e9coles sur le th\u00e8mes des poules ! A r\u00e9server \u00e0 Metz, Nancy et Luxembourg","og_url":"https:\/\/www.opalineanimation.com\/Blog_Cie_Opaline\/spectacle_ecoles-maternelles-et-creches-piquepi\/","og_site_name":"Cie Opaline CLOSE-UP, SPECTACLES ET SERVICES","article_publisher":"https:\/\/www.facebook.com\/pages\/Opaline-Animation\/255451761132872","article_modified_time":"2019-01-15T15:31:09+00:00","og_image":[{"width":1000,"height":667,"url":"https:\/\/www.opalineanimation.com\/Blog_Cie_Opaline\/wp-content\/uploads\/Spectacle-Cr\u00e9ches-Luxembourg.jpg","type":"image\/jpeg"}],"twitter_misc":{"Dur\u00e9e de lecture estim\u00e9e":"2 minutes"},"schema":{"@context":"https:\/\/schema.org","@graph":[{"@type":"WebPage","@id":"https:\/\/www.opalineanimation.com\/Blog_Cie_Opaline\/spectacle_ecoles-maternelles-et-creches-piquepi\/","url":"https:\/\/www.opalineanimation.com\/Blog_Cie_Opaline\/spectacle_ecoles-maternelles-et-creches-piquepi\/","name":"Spectacle maternelles, \u00e9coles et cr\u00e8ches Luxembourg Metz Nancy","isPartOf":{"@id":"https:\/\/www.opalineanimation.com\/Blog_Cie_Opaline\/#website"},"primaryImageOfPage":{"@id":"https:\/\/www.opalineanimation.com\/Blog_Cie_Opaline\/spectacle_ecoles-maternelles-et-creches-piquepi\/#primaryimage"},"image":{"@id":"https:\/\/www.opalineanimation.com\/Blog_Cie_Opaline\/spectacle_ecoles-maternelles-et-creches-piquepi\/#primaryimage"},"thumbnailUrl":"https:\/\/www.opalineanimation.com\/Blog_Cie_Opaline\/wp-content\/uploads\/Spectacle-Cr\u00e9ches-Luxembourg.jpg","datePublished":"2019-01-14T11:40:28+00:00","dateModified":"2019-01-15T15:31:09+00:00","description":"Un spectacle \u00e0 destination des enfants entre 0 et 4 ans en maternelles, cr\u00e8ches et \u00e9coles sur le th\u00e8mes des poules ! A r\u00e9server \u00e0 Metz, Nancy et Luxembourg","breadcrumb":{"@id":"https:\/\/www.opalineanimation.com\/Blog_Cie_Opaline\/spectacle_ecoles-maternelles-et-creches-piquepi\/#breadcrumb"},"inLanguage":"fr-FR","potentialAction":[{"@type":"ReadAction","target":["https:\/\/www.opalineanimation.com\/Blog_Cie_Opaline\/spectacle_ecoles-maternelles-et-creches-piquepi\/"]}]},{"@type":"ImageObject","inLanguage":"fr-FR","@id":"https:\/\/www.opalineanimation.com\/Blog_Cie_Opaline\/spectacle_ecoles-maternelles-et-creches-piquepi\/#primaryimage","url":"https:\/\/www.opalineanimation.com\/Blog_Cie_Opaline\/wp-content\/uploads\/Spectacle-Cr\u00e9ches-Luxembourg.jpg","contentUrl":"https:\/\/www.opalineanimation.com\/Blog_Cie_Opaline\/wp-content\/uploads\/Spectacle-Cr\u00e9ches-Luxembourg.jpg","width":1000,"height":667,"caption":"Un spectacle pour les cr\u00e8ches au Luxembourg"},{"@type":"BreadcrumbList","@id":"https:\/\/www.opalineanimation.com\/Blog_Cie_Opaline\/spectacle_ecoles-maternelles-et-creches-piquepi\/#breadcrumb","itemListElement":[{"@type":"ListItem","position":1,"name":"Accueil","item":"https:\/\/www.opalineanimation.com\/Blog_Cie_Opaline\/"},{"@type":"ListItem","position":2,"name":"Piqu\u00e9pi, le spectacle \u00e0 partir de 6 mois, \u00e0 destination des maternelles, \u00e9coles et cr\u00e8ches"}]},{"@type":"WebSite","@id":"https:\/\/www.opalineanimation.com\/Blog_Cie_Opaline\/#website","url":"https:\/\/www.opalineanimation.com\/Blog_Cie_Opaline\/","name":"Cie Opaline CLOSE-UP, SPECTACLES ET SERVICES","description":"Artistes du spectacle \u00e0 Metz, Nancy et Luxembourg","potentialAction":[{"@type":"SearchAction","target":{"@type":"EntryPoint","urlTemplate":"https:\/\/www.opalineanimation.com\/Blog_Cie_Opaline\/?s={search_term_string}"},"query-input":{"@type":"PropertyValueSpecification","valueRequired":true,"valueName":"search_term_string"}}],"inLanguage":"fr-FR"}]}},"_links":{"self":[{"href":"https:\/\/www.opalineanimation.com\/Blog_Cie_Opaline\/wp-json\/wp\/v2\/pages\/835","targetHints":{"allow":["GET"]}}],"collection":[{"href":"https:\/\/www.opalineanimation.com\/Blog_Cie_Opaline\/wp-json\/wp\/v2\/pages"}],"about":[{"href":"https:\/\/www.opalineanimation.com\/Blog_Cie_Opaline\/wp-json\/wp\/v2\/types\/page"}],"author":[{"embeddable":true,"href":"https:\/\/www.opalineanimation.com\/Blog_Cie_Opaline\/wp-json\/wp\/v2\/users\/1"}],"replies":[{"embeddable":true,"href":"https:\/\/www.opalineanimation.com\/Blog_Cie_Opaline\/wp-json\/wp\/v2\/comments?post=835"}],"version-history":[{"count":48,"href":"https:\/\/www.opalineanimation.com\/Blog_Cie_Opaline\/wp-json\/wp\/v2\/pages\/835\/revisions"}],"predecessor-version":[{"id":2842,"href":"https:\/\/www.opalineanimation.com\/Blog_Cie_Opaline\/wp-json\/wp\/v2\/pages\/835\/revisions\/2842"}],"wp:featuredmedia":[{"embeddable":true,"href":"https:\/\/www.opalineanimation.com\/Blog_Cie_Opaline\/wp-json\/wp\/v2\/media\/854"}],"wp:attachment":[{"href":"https:\/\/www.opalineanimation.com\/Blog_Cie_Opaline\/wp-json\/wp\/v2\/media?parent=835"}],"curies":[{"name":"wp","href":"https:\/\/api.w.org\/{rel}","templated":true}]}}