{"id":798,"date":"2015-05-04T21:50:06","date_gmt":"2015-05-04T19:50:06","guid":{"rendered":"https:\/\/www.opalineanimation.com\/Blog_Cie_Opaline\/?page_id=798"},"modified":"2017-01-27T18:47:33","modified_gmt":"2017-01-27T16:47:33","slug":"qui-sommes-nous-magicien-maquillage-enfants-sculpteur-de-ballons-marionettes","status":"publish","type":"page","link":"https:\/\/www.opalineanimation.com\/Blog_Cie_Opaline\/qui-sommes-nous-magicien-maquillage-enfants-sculpteur-de-ballons-marionettes\/","title":{"rendered":"Qui sommes nous ?! Des magiciens, sculpteurs de ballons, maquilleuses enfants&#8230;"},"content":{"rendered":"<p style=\"text-align: justify;\">Voici cet article afin de vous faire part de notre vision, de ce que nous sommes ici, de nos motivations&#8230;<\/p>\n<p style=\"text-align: justify;\">Opaline animation devient la <span style=\"color: #ff6600;\"><strong>Compagnie OpalineAnimation<\/strong><\/span> \u00e0 travers les artistes qui composent cette petite famille.<\/p>\n<p style=\"text-align: justify;\">Chacun disposant de son propre univers, son propre statut, tel Dom avec ses sculptures de ballons que vous trouverez sur <a href=\"https:\/\/www.opalineanimation.com\/Blog_Cie_Opaline\/sculpture-ballons-metz-nancy-luxembourg\/\">cet article<\/a> ou <a href=\"https:\/\/www.opalineanimation.com\/Blog_Cie_Opaline\/magicien-luxembourg\/\">Fred le magicien<\/a>, ou encore Pascaline avec les grimages des enfants, le spectacle de marionnette ou bien Aur\u00e9lien usant les cartes et tours de magie \u00e0 tour de bras et <a href=\"https:\/\/www.opalineanimation.com\/Blog_Cie_Opaline\/spectacle-anniversaire-enfants-luxembourg-metz-nancy\/\">proposant un spectacle anniversaire enfants<\/a> !<\/p>\n<h3 style=\"text-align: justify;\">La compagnie regroupe des talents afin de proposer plusieurs services pour une m\u00eame prestation.<\/h3>\n<p style=\"text-align: justify;\">Ce qui nous distingue d&rsquo;une \u00ab\u00a0bo\u00eete d\u2019\u00e9v\u00e9nementiel\u00a0\u00bb est que nous n&rsquo;en sommes surtout pas une !!!!<\/p>\n<p style=\"text-align: justify;\">Vous trouverez un accueil sympathique par le biais d&rsquo;un coup de fil ou bien par mail et nous vous proposerons une prestation adapt\u00e9e \u00e0 votre journ\u00e9e en tenant compte de votre budget et de vos envies. Au bout du fil Aur\u00e9lien le plus souvent, qui n&rsquo;est pas une secr\u00e9taire mais un magicien ! Vous l&rsquo;aurez compris, en venant \u00e0 notre rencontre vous frappez \u00e0 la porte des artistes directement et qui mieux que nous pour vous renseignez et vous proposez des prestations de qualit\u00e9s !<\/p>\n<blockquote>\n<p style=\"text-align: justify;\"><strong>Prenez donc le temps de nous appeler, nous rencontrer !<\/strong><\/p>\n<\/blockquote>\n<h3 style=\"text-align: justify;\"><span style=\"color: #ff6600;\">En r\u00e9servant une prestation \u00e0 la CieOpaline c&rsquo;est soutenir le d\u00e9veloppement artistique. <\/span><\/h3>\n<p style=\"text-align: justify;\">Pouvoir proposer des tarifs int\u00e9ressants, une qualit\u00e9, la cr\u00e9ation de spectacles qui n&rsquo;existeraient plus sans vous ! Nous avons cr\u00e9\u00e9 notre <a href=\"https:\/\/www.opalineanimation.com\/Blog_Cie_Opaline\/du-spectacle-mon-assistant-caramel-abracadabra-du-clown-la-magie\/\">premier spectacle anniversaire enfant en 2007<\/a> et gr\u00e2ce \u00e0 vous, celui-ci a eu du succ\u00e8s ! Photos, vid\u00e9os, commentaires via facebook ont pu contribuer \u00e0 nous faire conna\u00eetre \u00e0 travers vos publications. La rumeur aussi ! Nous ne comptons plus le nombre de \u00ab\u00a0copains\u00a0\u00bb de copains, copines qui nous ont fait confiance en nous r\u00e9servant un anniversaire enfant !<\/p>\n<p style=\"text-align: justify;\">Nous faire confiance nous fait avancer ! Nous trouvons la volont\u00e9 de cr\u00e9er et de continuer notre but, vous proposez\u00a0des animations, des spectacles de qualit\u00e9s .<\/p>\n<blockquote>\n<h1 style=\"text-align: justify;\">Merci !<\/h1>\n<\/blockquote>\n<p style=\"text-align: justify;\">\n","protected":false},"excerpt":{"rendered":"<p>Voici cet article afin de vous faire part de notre vision, de ce que nous sommes ici, de nos motivations&#8230; Opaline animation devient la Compagnie OpalineAnimation \u00e0 travers les artistes [&hellip;]<\/p>\n","protected":false},"author":1,"featured_media":0,"parent":0,"menu_order":0,"comment_status":"closed","ping_status":"closed","template":"","meta":{"footnotes":""},"class_list":["post-798","page","type-page","status-publish","hentry"],"yoast_head":"<!-- This site is optimized with the Yoast SEO plugin v27.5 - https:\/\/yoast.com\/product\/yoast-seo-wordpress\/ -->\n<title>Qui sommes nous? Magiciens Maquilleuse enfants Luxembourg<\/title>\n<meta name=\"description\" content=\"Artistes maquilleuse enfants avec du grimage, magicien, sculpteur de ballons, spectacle anniversaire enfants \u00e0 Metz, Nancy, Luxembourg ...\" \/>\n<meta name=\"robots\" content=\"index, follow, max-snippet:-1, max-image-preview:large, max-video-preview:-1\" \/>\n<link rel=\"canonical\" href=\"https:\/\/www.opalineanimation.com\/Blog_Cie_Opaline\/qui-sommes-nous-magicien-maquillage-enfants-sculpteur-de-ballons-marionettes\/\" \/>\n<meta property=\"og:locale\" content=\"fr_FR\" \/>\n<meta property=\"og:type\" content=\"article\" \/>\n<meta property=\"og:title\" content=\"Qui sommes nous? Magiciens Maquilleuse enfants Luxembourg\" \/>\n<meta property=\"og:description\" content=\"Artistes maquilleuse enfants avec du grimage, magicien, sculpteur de ballons, spectacle anniversaire enfants \u00e0 Metz, Nancy, Luxembourg ...\" \/>\n<meta property=\"og:url\" content=\"https:\/\/www.opalineanimation.com\/Blog_Cie_Opaline\/qui-sommes-nous-magicien-maquillage-enfants-sculpteur-de-ballons-marionettes\/\" \/>\n<meta property=\"og:site_name\" content=\"Cie Opaline CLOSE-UP, SPECTACLES ET SERVICES\" \/>\n<meta property=\"article:publisher\" content=\"https:\/\/www.facebook.com\/pages\/Opaline-Animation\/255451761132872\" \/>\n<meta property=\"article:modified_time\" content=\"2017-01-27T16:47:33+00:00\" \/>\n<meta name=\"twitter:label1\" content=\"Dur\u00e9e de lecture estim\u00e9e\" \/>\n\t<meta name=\"twitter:data1\" content=\"2 minutes\" \/>\n<script type=\"application\/ld+json\" class=\"yoast-schema-graph\">{\"@context\":\"https:\\\/\\\/schema.org\",\"@graph\":[{\"@type\":\"WebPage\",\"@id\":\"https:\\\/\\\/www.opalineanimation.com\\\/Blog_Cie_Opaline\\\/qui-sommes-nous-magicien-maquillage-enfants-sculpteur-de-ballons-marionettes\\\/\",\"url\":\"https:\\\/\\\/www.opalineanimation.com\\\/Blog_Cie_Opaline\\\/qui-sommes-nous-magicien-maquillage-enfants-sculpteur-de-ballons-marionettes\\\/\",\"name\":\"Qui sommes nous? Magiciens Maquilleuse enfants Luxembourg\",\"isPartOf\":{\"@id\":\"https:\\\/\\\/www.opalineanimation.com\\\/Blog_Cie_Opaline\\\/#website\"},\"datePublished\":\"2015-05-04T19:50:06+00:00\",\"dateModified\":\"2017-01-27T16:47:33+00:00\",\"description\":\"Artistes maquilleuse enfants avec du grimage, magicien, sculpteur de ballons, spectacle anniversaire enfants \u00e0 Metz, Nancy, Luxembourg ...\",\"breadcrumb\":{\"@id\":\"https:\\\/\\\/www.opalineanimation.com\\\/Blog_Cie_Opaline\\\/qui-sommes-nous-magicien-maquillage-enfants-sculpteur-de-ballons-marionettes\\\/#breadcrumb\"},\"inLanguage\":\"fr-FR\",\"potentialAction\":[{\"@type\":\"ReadAction\",\"target\":[\"https:\\\/\\\/www.opalineanimation.com\\\/Blog_Cie_Opaline\\\/qui-sommes-nous-magicien-maquillage-enfants-sculpteur-de-ballons-marionettes\\\/\"]}]},{\"@type\":\"BreadcrumbList\",\"@id\":\"https:\\\/\\\/www.opalineanimation.com\\\/Blog_Cie_Opaline\\\/qui-sommes-nous-magicien-maquillage-enfants-sculpteur-de-ballons-marionettes\\\/#breadcrumb\",\"itemListElement\":[{\"@type\":\"ListItem\",\"position\":1,\"name\":\"Accueil\",\"item\":\"https:\\\/\\\/www.opalineanimation.com\\\/Blog_Cie_Opaline\\\/\"},{\"@type\":\"ListItem\",\"position\":2,\"name\":\"Qui sommes nous ?! Des magiciens, sculpteurs de ballons, maquilleuses enfants&#8230;\"}]},{\"@type\":\"WebSite\",\"@id\":\"https:\\\/\\\/www.opalineanimation.com\\\/Blog_Cie_Opaline\\\/#website\",\"url\":\"https:\\\/\\\/www.opalineanimation.com\\\/Blog_Cie_Opaline\\\/\",\"name\":\"Cie Opaline CLOSE-UP, SPECTACLES ET SERVICES\",\"description\":\"Artistes du spectacle \u00e0 Metz, Nancy et Luxembourg\",\"potentialAction\":[{\"@type\":\"SearchAction\",\"target\":{\"@type\":\"EntryPoint\",\"urlTemplate\":\"https:\\\/\\\/www.opalineanimation.com\\\/Blog_Cie_Opaline\\\/?s={search_term_string}\"},\"query-input\":{\"@type\":\"PropertyValueSpecification\",\"valueRequired\":true,\"valueName\":\"search_term_string\"}}],\"inLanguage\":\"fr-FR\"}]}<\/script>\n<!-- \/ Yoast SEO plugin. -->","yoast_head_json":{"title":"Qui sommes nous? Magiciens Maquilleuse enfants Luxembourg","description":"Artistes maquilleuse enfants avec du grimage, magicien, sculpteur de ballons, spectacle anniversaire enfants \u00e0 Metz, Nancy, Luxembourg ...","robots":{"index":"index","follow":"follow","max-snippet":"max-snippet:-1","max-image-preview":"max-image-preview:large","max-video-preview":"max-video-preview:-1"},"canonical":"https:\/\/www.opalineanimation.com\/Blog_Cie_Opaline\/qui-sommes-nous-magicien-maquillage-enfants-sculpteur-de-ballons-marionettes\/","og_locale":"fr_FR","og_type":"article","og_title":"Qui sommes nous? Magiciens Maquilleuse enfants Luxembourg","og_description":"Artistes maquilleuse enfants avec du grimage, magicien, sculpteur de ballons, spectacle anniversaire enfants \u00e0 Metz, Nancy, Luxembourg ...","og_url":"https:\/\/www.opalineanimation.com\/Blog_Cie_Opaline\/qui-sommes-nous-magicien-maquillage-enfants-sculpteur-de-ballons-marionettes\/","og_site_name":"Cie Opaline CLOSE-UP, SPECTACLES ET SERVICES","article_publisher":"https:\/\/www.facebook.com\/pages\/Opaline-Animation\/255451761132872","article_modified_time":"2017-01-27T16:47:33+00:00","twitter_misc":{"Dur\u00e9e de lecture estim\u00e9e":"2 minutes"},"schema":{"@context":"https:\/\/schema.org","@graph":[{"@type":"WebPage","@id":"https:\/\/www.opalineanimation.com\/Blog_Cie_Opaline\/qui-sommes-nous-magicien-maquillage-enfants-sculpteur-de-ballons-marionettes\/","url":"https:\/\/www.opalineanimation.com\/Blog_Cie_Opaline\/qui-sommes-nous-magicien-maquillage-enfants-sculpteur-de-ballons-marionettes\/","name":"Qui sommes nous? Magiciens Maquilleuse enfants Luxembourg","isPartOf":{"@id":"https:\/\/www.opalineanimation.com\/Blog_Cie_Opaline\/#website"},"datePublished":"2015-05-04T19:50:06+00:00","dateModified":"2017-01-27T16:47:33+00:00","description":"Artistes maquilleuse enfants avec du grimage, magicien, sculpteur de ballons, spectacle anniversaire enfants \u00e0 Metz, Nancy, Luxembourg ...","breadcrumb":{"@id":"https:\/\/www.opalineanimation.com\/Blog_Cie_Opaline\/qui-sommes-nous-magicien-maquillage-enfants-sculpteur-de-ballons-marionettes\/#breadcrumb"},"inLanguage":"fr-FR","potentialAction":[{"@type":"ReadAction","target":["https:\/\/www.opalineanimation.com\/Blog_Cie_Opaline\/qui-sommes-nous-magicien-maquillage-enfants-sculpteur-de-ballons-marionettes\/"]}]},{"@type":"BreadcrumbList","@id":"https:\/\/www.opalineanimation.com\/Blog_Cie_Opaline\/qui-sommes-nous-magicien-maquillage-enfants-sculpteur-de-ballons-marionettes\/#breadcrumb","itemListElement":[{"@type":"ListItem","position":1,"name":"Accueil","item":"https:\/\/www.opalineanimation.com\/Blog_Cie_Opaline\/"},{"@type":"ListItem","position":2,"name":"Qui sommes nous ?! Des magiciens, sculpteurs de ballons, maquilleuses enfants&#8230;"}]},{"@type":"WebSite","@id":"https:\/\/www.opalineanimation.com\/Blog_Cie_Opaline\/#website","url":"https:\/\/www.opalineanimation.com\/Blog_Cie_Opaline\/","name":"Cie Opaline CLOSE-UP, SPECTACLES ET SERVICES","description":"Artistes du spectacle \u00e0 Metz, Nancy et Luxembourg","potentialAction":[{"@type":"SearchAction","target":{"@type":"EntryPoint","urlTemplate":"https:\/\/www.opalineanimation.com\/Blog_Cie_Opaline\/?s={search_term_string}"},"query-input":{"@type":"PropertyValueSpecification","valueRequired":true,"valueName":"search_term_string"}}],"inLanguage":"fr-FR"}]}},"_links":{"self":[{"href":"https:\/\/www.opalineanimation.com\/Blog_Cie_Opaline\/wp-json\/wp\/v2\/pages\/798","targetHints":{"allow":["GET"]}}],"collection":[{"href":"https:\/\/www.opalineanimation.com\/Blog_Cie_Opaline\/wp-json\/wp\/v2\/pages"}],"about":[{"href":"https:\/\/www.opalineanimation.com\/Blog_Cie_Opaline\/wp-json\/wp\/v2\/types\/page"}],"author":[{"embeddable":true,"href":"https:\/\/www.opalineanimation.com\/Blog_Cie_Opaline\/wp-json\/wp\/v2\/users\/1"}],"replies":[{"embeddable":true,"href":"https:\/\/www.opalineanimation.com\/Blog_Cie_Opaline\/wp-json\/wp\/v2\/comments?post=798"}],"version-history":[{"count":23,"href":"https:\/\/www.opalineanimation.com\/Blog_Cie_Opaline\/wp-json\/wp\/v2\/pages\/798\/revisions"}],"predecessor-version":[{"id":1662,"href":"https:\/\/www.opalineanimation.com\/Blog_Cie_Opaline\/wp-json\/wp\/v2\/pages\/798\/revisions\/1662"}],"wp:attachment":[{"href":"https:\/\/www.opalineanimation.com\/Blog_Cie_Opaline\/wp-json\/wp\/v2\/media?parent=798"}],"curies":[{"name":"wp","href":"https:\/\/api.w.org\/{rel}","templated":true}]}}