{"id":745,"date":"2015-05-03T23:16:26","date_gmt":"2015-05-03T21:16:26","guid":{"rendered":"https:\/\/www.opalineanimation.com\/Blog_Cie_Opaline\/?page_id=745"},"modified":"2019-01-15T17:30:31","modified_gmt":"2019-01-15T15:30:31","slug":"agenda_reservation_anniversaire_enfants_magicien_maquillage_metz_nancy_luxembourg","status":"publish","type":"page","link":"https:\/\/www.opalineanimation.com\/Blog_Cie_Opaline\/agenda_reservation_anniversaire_enfants_magicien_maquillage_metz_nancy_luxembourg\/","title":{"rendered":"L&rsquo;agenda : R\u00e9server un anniversaire enfants, un magicien, une maquilleuse&#8230;"},"content":{"rendered":"<p><span style=\"color: #333333;\">Vous trouverez ci-dessous l&rsquo;agenda.<\/span><\/p>\n<h3><span style=\"color: #ff6600;\">Mode d&#8217;emploi ! En haut de chaque jour figure une ligne bleue. Nous y notons les disponibilit\u00e9s pour la journ\u00e9e (disponible ou indisponible). Dans la partie horaire de la journ\u00e9e vous trouverez les prestations qui sont r\u00e9serv\u00e9es.&nbsp;<\/span><\/h3>\n<h3>La date que vous avez choisie semble d\u00e9j\u00e0 r\u00e9serv\u00e9e ? Pas de panique ! Nous sommes plusieurs artistes et il est tr\u00e8s probable qu&rsquo;un de nous ne soit pas encore&#8230;r\u00e9serv\u00e9! Passez nous alors un coup de fil !!!<\/h3>\n<p>Au fait, nous travaillons 365 jours par an et les animations peuvent se commander aussi en pleine semaine !<\/p>\n<p><iframe style=\"border-width: 0;\"  width=\"1100\" height=\"600\" frameborder=\"0\" scrolling=\"no\" class=\"lws-optimize-lazyload\" data-src=\"https:\/\/www.google.com\/calendar\/embed?showCalendars=0&amp;mode=WEEK&amp;height=600&amp;wkst=2&amp;hl=fr&amp;bgcolor=%23ff9900&amp;src=aurelienmartin88%40gmail.com&amp;color=%232952A3&amp;ctz=Europe%2FParis\"><\/iframe><\/p>\n<p style=\"text-align: justify;\">Cet agenda est mis \u00e0 jour le plus souvent possible et ne figurent que les prestations qui ont \u00e9t\u00e9 valid\u00e9s. Aussi si vous d\u00e9sirez plus d&rsquo;informations sur une disponibilit\u00e9 vous pouvez nous joindre au :<\/p>\n<figure id=\"attachment_140\" aria-describedby=\"caption-attachment-140\" style=\"width: 300px\" class=\"wp-caption alignleft\"><a href=\"https:\/\/www.opalineanimation.com\/Blog_Cie_Opaline\/close-up-magicien-metz-nancy-et-luxembourg\/cartes-opaline-animation\/\" rel=\"attachment wp-att-140\"><img class=\"wp-image-140 size-medium lws-optimize-lazyload\"  alt=\"carte de Visite Opaline Animation\" width=\"300\" height=\"200\" data-src=\"https:\/\/www.opalineanimation.com\/Blog_Cie_Opaline\/wp-content\/uploads\/Cartes-Opaline-Animation-300x200.jpg\" srcset=\"https:\/\/www.opalineanimation.com\/Blog_Cie_Opaline\/wp-content\/uploads\/Cartes-Opaline-Animation-300x200.jpg 300w, https:\/\/www.opalineanimation.com\/Blog_Cie_Opaline\/wp-content\/uploads\/Cartes-Opaline-Animation-1024x683.jpg 1024w, https:\/\/www.opalineanimation.com\/Blog_Cie_Opaline\/wp-content\/uploads\/Cartes-Opaline-Animation.jpg 1500w\" sizes=\"(max-width: 300px) 100vw, 300px\" \/><\/a><figcaption id=\"caption-attachment-140\" class=\"wp-caption-text\">Carte de visite Opaline Animation<\/figcaption><\/figure>\n<h2 style=\"text-align: justify;\"><strong><span style=\"color: #ff6600;\">Contact :&nbsp;<\/span><\/strong><\/h2>\n<section class=\"entry\"><a title=\"Mail Opaline Animation\" href=\"mailto:infos@opalineanimation.com\">infos@opalineanimation.com<\/a><\/section>\n<section class=\"entry\"><\/section>\n<section class=\"entry\">Tel : 06 13 36 96 42<\/section>\n<section class=\"entry\">+33 6 13 36 96 42<\/section>\n<section class=\"entry\"><a title=\"Opaline Animation\" href=\"https:\/\/www.opalineanimation.com\/\">www.opalineanimation.com<\/a><\/section>\n<section class=\"entry\"><\/section>\n<section class=\"entry\">\n<p style=\"text-align: justify;\">&nbsp;A tr\u00e8s bient\u00f4t !<\/p>\n<p>Les avis, les photos, commentaires d&rsquo;autres personnes qui nous ont fait confiance sur la <a href=\"https:\/\/fr-fr.facebook.com\/pg\/OpalineAnimation\/reviews\/?ref=page_internal\">page facebook ici<\/a>.<\/p>\n<p>Vous pouvez \u00e9galement nous t\u00e9l\u00e9phoner, ou nous envoyer un mail (n&rsquo;oubliez pas de mettre votre num\u00e9ro de t\u00e9l\u00e9phone).<\/p>\n<p>Vous pouvez \u00e9galement utiliser le formulaire de contact ci-dessous en n&rsquo;oubliant pas<span style=\"text-decoration-line: underline; color: #ff6600;\"> d&rsquo;indiquer votre num\u00e9ro de t\u00e9l\u00e9phone.<\/span><\/p>\n<p style=\"text-align: left;\">\n<div class=\"wpcf7 no-js\" id=\"wpcf7-f325-o1\" lang=\"fr-FR\" dir=\"ltr\" data-wpcf7-id=\"325\">\n<div class=\"screen-reader-response\"><p role=\"status\" aria-live=\"polite\" aria-atomic=\"true\"><\/p> <ul><\/ul><\/div>\n<form action=\"\/Blog_Cie_Opaline\/wp-json\/wp\/v2\/pages\/745#wpcf7-f325-o1\" method=\"post\" class=\"wpcf7-form init\" aria-label=\"Formulaire de contact\" novalidate=\"novalidate\" data-status=\"init\">\n<fieldset class=\"hidden-fields-container\"><input type=\"hidden\" name=\"_wpcf7\" value=\"325\" \/><input type=\"hidden\" name=\"_wpcf7_version\" value=\"6.1.5\" \/><input type=\"hidden\" name=\"_wpcf7_locale\" value=\"fr_FR\" \/><input type=\"hidden\" name=\"_wpcf7_unit_tag\" value=\"wpcf7-f325-o1\" \/><input type=\"hidden\" name=\"_wpcf7_container_post\" value=\"0\" \/><input type=\"hidden\" name=\"_wpcf7_posted_data_hash\" value=\"\" \/><input type=\"hidden\" name=\"_wpcf7_recaptcha_response\" value=\"\" \/>\n<\/fieldset>\n<p>Votre nom, pr\u00e9nom\n<\/p>\n<p><span class=\"wpcf7-form-control-wrap\" data-name=\"your-name\"><input size=\"40\" maxlength=\"400\" class=\"wpcf7-form-control wpcf7-text wpcf7-validates-as-required\" aria-required=\"true\" aria-invalid=\"false\" value=\"\" type=\"text\" name=\"your-name\" \/><\/span>\n<\/p>\n<p>T\u00e9l\u00e9phone\n<\/p>\n<p><span class=\"wpcf7-form-control-wrap\" data-name=\"tel-904\"><input size=\"40\" maxlength=\"400\" class=\"wpcf7-form-control wpcf7-tel wpcf7-text wpcf7-validates-as-tel Tlphone 2\" id=\"Tlphone1\" aria-invalid=\"false\" value=\"\" type=\"tel\" name=\"tel-904\" \/><\/span>\n<\/p>\n<p>E-mail\n<\/p>\n<p><span class=\"wpcf7-form-control-wrap\" data-name=\"your-email\"><input size=\"40\" maxlength=\"400\" class=\"wpcf7-form-control wpcf7-email wpcf7-validates-as-required wpcf7-text wpcf7-validates-as-email\" aria-required=\"true\" aria-invalid=\"false\" value=\"\" type=\"email\" name=\"your-email\" \/><\/span>\n<\/p>\n<p>Sujet\n<\/p>\n<p><span class=\"wpcf7-form-control-wrap\" data-name=\"your-subject\"><input size=\"40\" maxlength=\"400\" class=\"wpcf7-form-control wpcf7-text\" aria-invalid=\"false\" value=\"\" type=\"text\" name=\"your-subject\" \/><\/span>\n<\/p>\n<p>Votre message\n<\/p>\n<p><span class=\"wpcf7-form-control-wrap\" data-name=\"your-message\"><textarea cols=\"40\" rows=\"10\" maxlength=\"2000\" class=\"wpcf7-form-control wpcf7-textarea\" aria-invalid=\"false\" name=\"your-message\"><\/textarea><\/span>\n<\/p>\n<p><input class=\"wpcf7-form-control wpcf7-submit has-spinner\" type=\"submit\" value=\"Envoyer\" \/> Tous les champs sont obligatoires\n<\/p>\n<div class=\"wpcf7-response-output\" aria-hidden=\"true\"><\/div>\n<\/form>\n<\/div>\n<\/p>\n<\/section>\n","protected":false},"excerpt":{"rendered":"<p>Vous trouverez ci-dessous l&rsquo;agenda. Mode d&#8217;emploi ! En haut de chaque jour figure une ligne bleue. Nous y notons les disponibilit\u00e9s pour la journ\u00e9e (disponible ou indisponible). Dans la partie [&hellip;]<\/p>\n","protected":false},"author":1,"featured_media":0,"parent":0,"menu_order":0,"comment_status":"closed","ping_status":"closed","template":"","meta":{"footnotes":""},"class_list":["post-745","page","type-page","status-publish","hentry"],"yoast_head":"<!-- This site is optimized with the Yoast SEO plugin v27.5 - https:\/\/yoast.com\/product\/yoast-seo-wordpress\/ -->\n<title>Agenda en ligne : Anniversaire, magicien \u00e0 Metz, Luxembourg<\/title>\n<meta name=\"description\" content=\"Agenda et date disponibles pour r\u00e9server une prestation sur Metz, Nancy et Luxembourg. R\u00e9servation d&#039;anniversaires enfants, de close-up ou maquillage\" \/>\n<meta name=\"robots\" content=\"index, follow, max-snippet:-1, max-image-preview:large, max-video-preview:-1\" \/>\n<link rel=\"canonical\" href=\"https:\/\/www.opalineanimation.com\/Blog_Cie_Opaline\/agenda_reservation_anniversaire_enfants_magicien_maquillage_metz_nancy_luxembourg\/\" \/>\n<meta property=\"og:locale\" content=\"fr_FR\" \/>\n<meta property=\"og:type\" content=\"article\" \/>\n<meta property=\"og:title\" content=\"Agenda en ligne : Anniversaire, magicien \u00e0 Metz, Luxembourg\" \/>\n<meta property=\"og:description\" content=\"Agenda et date disponibles pour r\u00e9server une prestation sur Metz, Nancy et Luxembourg. R\u00e9servation d&#039;anniversaires enfants, de close-up ou maquillage\" \/>\n<meta property=\"og:url\" content=\"https:\/\/www.opalineanimation.com\/Blog_Cie_Opaline\/agenda_reservation_anniversaire_enfants_magicien_maquillage_metz_nancy_luxembourg\/\" \/>\n<meta property=\"og:site_name\" content=\"Cie Opaline CLOSE-UP, SPECTACLES ET SERVICES\" \/>\n<meta property=\"article:publisher\" content=\"https:\/\/www.facebook.com\/pages\/Opaline-Animation\/255451761132872\" \/>\n<meta property=\"article:modified_time\" content=\"2019-01-15T15:30:31+00:00\" \/>\n<meta property=\"og:image\" content=\"https:\/\/www.opalineanimation.com\/Blog_Cie_Opaline\/wp-content\/uploads\/Cartes-Opaline-Animation-300x200.jpg\" \/>\n<meta name=\"twitter:label1\" content=\"Dur\u00e9e de lecture estim\u00e9e\" \/>\n\t<meta name=\"twitter:data1\" content=\"1 minute\" \/>\n<script type=\"application\/ld+json\" class=\"yoast-schema-graph\">{\"@context\":\"https:\\\/\\\/schema.org\",\"@graph\":[{\"@type\":\"WebPage\",\"@id\":\"https:\\\/\\\/www.opalineanimation.com\\\/Blog_Cie_Opaline\\\/agenda_reservation_anniversaire_enfants_magicien_maquillage_metz_nancy_luxembourg\\\/\",\"url\":\"https:\\\/\\\/www.opalineanimation.com\\\/Blog_Cie_Opaline\\\/agenda_reservation_anniversaire_enfants_magicien_maquillage_metz_nancy_luxembourg\\\/\",\"name\":\"Agenda en ligne : Anniversaire, magicien \u00e0 Metz, Luxembourg\",\"isPartOf\":{\"@id\":\"https:\\\/\\\/www.opalineanimation.com\\\/Blog_Cie_Opaline\\\/#website\"},\"primaryImageOfPage\":{\"@id\":\"https:\\\/\\\/www.opalineanimation.com\\\/Blog_Cie_Opaline\\\/agenda_reservation_anniversaire_enfants_magicien_maquillage_metz_nancy_luxembourg\\\/#primaryimage\"},\"image\":{\"@id\":\"https:\\\/\\\/www.opalineanimation.com\\\/Blog_Cie_Opaline\\\/agenda_reservation_anniversaire_enfants_magicien_maquillage_metz_nancy_luxembourg\\\/#primaryimage\"},\"thumbnailUrl\":\"https:\\\/\\\/www.opalineanimation.com\\\/Blog_Cie_Opaline\\\/wp-content\\\/uploads\\\/Cartes-Opaline-Animation-300x200.jpg\",\"datePublished\":\"2015-05-03T21:16:26+00:00\",\"dateModified\":\"2019-01-15T15:30:31+00:00\",\"description\":\"Agenda et date disponibles pour r\u00e9server une prestation sur Metz, Nancy et Luxembourg. R\u00e9servation d'anniversaires enfants, de close-up ou maquillage\",\"breadcrumb\":{\"@id\":\"https:\\\/\\\/www.opalineanimation.com\\\/Blog_Cie_Opaline\\\/agenda_reservation_anniversaire_enfants_magicien_maquillage_metz_nancy_luxembourg\\\/#breadcrumb\"},\"inLanguage\":\"fr-FR\",\"potentialAction\":[{\"@type\":\"ReadAction\",\"target\":[\"https:\\\/\\\/www.opalineanimation.com\\\/Blog_Cie_Opaline\\\/agenda_reservation_anniversaire_enfants_magicien_maquillage_metz_nancy_luxembourg\\\/\"]}]},{\"@type\":\"ImageObject\",\"inLanguage\":\"fr-FR\",\"@id\":\"https:\\\/\\\/www.opalineanimation.com\\\/Blog_Cie_Opaline\\\/agenda_reservation_anniversaire_enfants_magicien_maquillage_metz_nancy_luxembourg\\\/#primaryimage\",\"url\":\"https:\\\/\\\/www.opalineanimation.com\\\/Blog_Cie_Opaline\\\/wp-content\\\/uploads\\\/Cartes-Opaline-Animation.jpg\",\"contentUrl\":\"https:\\\/\\\/www.opalineanimation.com\\\/Blog_Cie_Opaline\\\/wp-content\\\/uploads\\\/Cartes-Opaline-Animation.jpg\",\"width\":1500,\"height\":1000,\"caption\":\"Carte de visite Opaline Animation\"},{\"@type\":\"BreadcrumbList\",\"@id\":\"https:\\\/\\\/www.opalineanimation.com\\\/Blog_Cie_Opaline\\\/agenda_reservation_anniversaire_enfants_magicien_maquillage_metz_nancy_luxembourg\\\/#breadcrumb\",\"itemListElement\":[{\"@type\":\"ListItem\",\"position\":1,\"name\":\"Accueil\",\"item\":\"https:\\\/\\\/www.opalineanimation.com\\\/Blog_Cie_Opaline\\\/\"},{\"@type\":\"ListItem\",\"position\":2,\"name\":\"L&rsquo;agenda : R\u00e9server un anniversaire enfants, un magicien, une maquilleuse&#8230;\"}]},{\"@type\":\"WebSite\",\"@id\":\"https:\\\/\\\/www.opalineanimation.com\\\/Blog_Cie_Opaline\\\/#website\",\"url\":\"https:\\\/\\\/www.opalineanimation.com\\\/Blog_Cie_Opaline\\\/\",\"name\":\"Cie Opaline CLOSE-UP, SPECTACLES ET SERVICES\",\"description\":\"Artistes du spectacle \u00e0 Metz, Nancy et Luxembourg\",\"potentialAction\":[{\"@type\":\"SearchAction\",\"target\":{\"@type\":\"EntryPoint\",\"urlTemplate\":\"https:\\\/\\\/www.opalineanimation.com\\\/Blog_Cie_Opaline\\\/?s={search_term_string}\"},\"query-input\":{\"@type\":\"PropertyValueSpecification\",\"valueRequired\":true,\"valueName\":\"search_term_string\"}}],\"inLanguage\":\"fr-FR\"}]}<\/script>\n<!-- \/ Yoast SEO plugin. -->","yoast_head_json":{"title":"Agenda en ligne : Anniversaire, magicien \u00e0 Metz, Luxembourg","description":"Agenda et date disponibles pour r\u00e9server une prestation sur Metz, Nancy et Luxembourg. R\u00e9servation d'anniversaires enfants, de close-up ou maquillage","robots":{"index":"index","follow":"follow","max-snippet":"max-snippet:-1","max-image-preview":"max-image-preview:large","max-video-preview":"max-video-preview:-1"},"canonical":"https:\/\/www.opalineanimation.com\/Blog_Cie_Opaline\/agenda_reservation_anniversaire_enfants_magicien_maquillage_metz_nancy_luxembourg\/","og_locale":"fr_FR","og_type":"article","og_title":"Agenda en ligne : Anniversaire, magicien \u00e0 Metz, Luxembourg","og_description":"Agenda et date disponibles pour r\u00e9server une prestation sur Metz, Nancy et Luxembourg. R\u00e9servation d'anniversaires enfants, de close-up ou maquillage","og_url":"https:\/\/www.opalineanimation.com\/Blog_Cie_Opaline\/agenda_reservation_anniversaire_enfants_magicien_maquillage_metz_nancy_luxembourg\/","og_site_name":"Cie Opaline CLOSE-UP, SPECTACLES ET SERVICES","article_publisher":"https:\/\/www.facebook.com\/pages\/Opaline-Animation\/255451761132872","article_modified_time":"2019-01-15T15:30:31+00:00","og_image":[{"url":"https:\/\/www.opalineanimation.com\/Blog_Cie_Opaline\/wp-content\/uploads\/Cartes-Opaline-Animation-300x200.jpg","type":"","width":"","height":""}],"twitter_misc":{"Dur\u00e9e de lecture estim\u00e9e":"1 minute"},"schema":{"@context":"https:\/\/schema.org","@graph":[{"@type":"WebPage","@id":"https:\/\/www.opalineanimation.com\/Blog_Cie_Opaline\/agenda_reservation_anniversaire_enfants_magicien_maquillage_metz_nancy_luxembourg\/","url":"https:\/\/www.opalineanimation.com\/Blog_Cie_Opaline\/agenda_reservation_anniversaire_enfants_magicien_maquillage_metz_nancy_luxembourg\/","name":"Agenda en ligne : Anniversaire, magicien \u00e0 Metz, Luxembourg","isPartOf":{"@id":"https:\/\/www.opalineanimation.com\/Blog_Cie_Opaline\/#website"},"primaryImageOfPage":{"@id":"https:\/\/www.opalineanimation.com\/Blog_Cie_Opaline\/agenda_reservation_anniversaire_enfants_magicien_maquillage_metz_nancy_luxembourg\/#primaryimage"},"image":{"@id":"https:\/\/www.opalineanimation.com\/Blog_Cie_Opaline\/agenda_reservation_anniversaire_enfants_magicien_maquillage_metz_nancy_luxembourg\/#primaryimage"},"thumbnailUrl":"https:\/\/www.opalineanimation.com\/Blog_Cie_Opaline\/wp-content\/uploads\/Cartes-Opaline-Animation-300x200.jpg","datePublished":"2015-05-03T21:16:26+00:00","dateModified":"2019-01-15T15:30:31+00:00","description":"Agenda et date disponibles pour r\u00e9server une prestation sur Metz, Nancy et Luxembourg. R\u00e9servation d'anniversaires enfants, de close-up ou maquillage","breadcrumb":{"@id":"https:\/\/www.opalineanimation.com\/Blog_Cie_Opaline\/agenda_reservation_anniversaire_enfants_magicien_maquillage_metz_nancy_luxembourg\/#breadcrumb"},"inLanguage":"fr-FR","potentialAction":[{"@type":"ReadAction","target":["https:\/\/www.opalineanimation.com\/Blog_Cie_Opaline\/agenda_reservation_anniversaire_enfants_magicien_maquillage_metz_nancy_luxembourg\/"]}]},{"@type":"ImageObject","inLanguage":"fr-FR","@id":"https:\/\/www.opalineanimation.com\/Blog_Cie_Opaline\/agenda_reservation_anniversaire_enfants_magicien_maquillage_metz_nancy_luxembourg\/#primaryimage","url":"https:\/\/www.opalineanimation.com\/Blog_Cie_Opaline\/wp-content\/uploads\/Cartes-Opaline-Animation.jpg","contentUrl":"https:\/\/www.opalineanimation.com\/Blog_Cie_Opaline\/wp-content\/uploads\/Cartes-Opaline-Animation.jpg","width":1500,"height":1000,"caption":"Carte de visite Opaline Animation"},{"@type":"BreadcrumbList","@id":"https:\/\/www.opalineanimation.com\/Blog_Cie_Opaline\/agenda_reservation_anniversaire_enfants_magicien_maquillage_metz_nancy_luxembourg\/#breadcrumb","itemListElement":[{"@type":"ListItem","position":1,"name":"Accueil","item":"https:\/\/www.opalineanimation.com\/Blog_Cie_Opaline\/"},{"@type":"ListItem","position":2,"name":"L&rsquo;agenda : R\u00e9server un anniversaire enfants, un magicien, une maquilleuse&#8230;"}]},{"@type":"WebSite","@id":"https:\/\/www.opalineanimation.com\/Blog_Cie_Opaline\/#website","url":"https:\/\/www.opalineanimation.com\/Blog_Cie_Opaline\/","name":"Cie Opaline CLOSE-UP, SPECTACLES ET SERVICES","description":"Artistes du spectacle \u00e0 Metz, Nancy et Luxembourg","potentialAction":[{"@type":"SearchAction","target":{"@type":"EntryPoint","urlTemplate":"https:\/\/www.opalineanimation.com\/Blog_Cie_Opaline\/?s={search_term_string}"},"query-input":{"@type":"PropertyValueSpecification","valueRequired":true,"valueName":"search_term_string"}}],"inLanguage":"fr-FR"}]}},"_links":{"self":[{"href":"https:\/\/www.opalineanimation.com\/Blog_Cie_Opaline\/wp-json\/wp\/v2\/pages\/745","targetHints":{"allow":["GET"]}}],"collection":[{"href":"https:\/\/www.opalineanimation.com\/Blog_Cie_Opaline\/wp-json\/wp\/v2\/pages"}],"about":[{"href":"https:\/\/www.opalineanimation.com\/Blog_Cie_Opaline\/wp-json\/wp\/v2\/types\/page"}],"author":[{"embeddable":true,"href":"https:\/\/www.opalineanimation.com\/Blog_Cie_Opaline\/wp-json\/wp\/v2\/users\/1"}],"replies":[{"embeddable":true,"href":"https:\/\/www.opalineanimation.com\/Blog_Cie_Opaline\/wp-json\/wp\/v2\/comments?post=745"}],"version-history":[{"count":79,"href":"https:\/\/www.opalineanimation.com\/Blog_Cie_Opaline\/wp-json\/wp\/v2\/pages\/745\/revisions"}],"predecessor-version":[{"id":3025,"href":"https:\/\/www.opalineanimation.com\/Blog_Cie_Opaline\/wp-json\/wp\/v2\/pages\/745\/revisions\/3025"}],"wp:attachment":[{"href":"https:\/\/www.opalineanimation.com\/Blog_Cie_Opaline\/wp-json\/wp\/v2\/media?parent=745"}],"curies":[{"name":"wp","href":"https:\/\/api.w.org\/{rel}","templated":true}]}}