{"id":511,"date":"2017-02-15T00:00:00","date_gmt":"2017-02-14T22:00:00","guid":{"rendered":"https:\/\/www.opalineanimation.com\/Blog_Cie_Opaline\/?page_id=511"},"modified":"2019-01-15T17:31:00","modified_gmt":"2019-01-15T15:31:00","slug":"magie_la_presse_en_parle","status":"publish","type":"page","link":"https:\/\/www.opalineanimation.com\/Blog_Cie_Opaline\/magie_la_presse_en_parle\/","title":{"rendered":"Magie !? pour votre repas, mariage et soir\u00e9e !"},"content":{"rendered":"<h1><\/h1>\n<h1><span style=\"color: #ff6600;\">Magie magie et nos id\u00e9es&#8230;!&nbsp;Voici des articles de presse, sur la magie, la compagnie, que nous publierons au fur et \u00e0 mesure!<\/span><\/h1>\n<p>&nbsp;<\/p>\n<h2>R\u00e9publicain Lorrain Avril 2015<\/h2>\n<h3><span style=\"color: #ff6600;\">MONTIGNY-LES-METZ<\/span><\/h3>\n<h2>Aur\u00e9lien a toujours r\u00eav\u00e9 d&rsquo;\u00eatre <a href=\"https:\/\/www.opalineanimation.com\/Blog_Cie_Opaline\/close-up-magicien-metz-nancy-et-luxembourg\/\">magicien<\/a>&#8230;<\/h2>\n<figure id=\"attachment_605\" aria-describedby=\"caption-attachment-605\" style=\"width: 500px\" class=\"wp-caption alignright\"><a href=\"https:\/\/www.opalineanimation.com\/Blog_Cie_Opaline\/clown-sculpteur-de-ballons-magicien-maquillage-articles-de-presse\/magicien-metz-nancy-luxembourg-2\/\"><img class=\"wp-image-605 lws-optimize-lazyload\" title=\"Magie et Magicien en Moselle Lorraine\"  alt=\"Magicien Aurelien Martin Metz Nancy Luxembourg\" width=\"500\" height=\"461\" data-src=\"https:\/\/www.opalineanimation.com\/Blog_Cie_Opaline\/wp-content\/uploads\/Magicien-Metz-Nancy-Luxembourg1.jpg\"><\/a><figcaption id=\"caption-attachment-605\" class=\"wp-caption-text\">Magicien Aurelien Martin et la magie.<\/figcaption><\/figure>\n<p style=\"text-align: justify;\">Devenir magicien (vivre de la magie !) \u00e9tait un r\u00eave d&rsquo;enfant pour Aur\u00e9lien Martin. C&rsquo;est aujourd&rsquo;hui son m\u00e9tier. Patience et entra\u00eenement se conjuguent tous les jours, afin de ne jamais d\u00e9cevoir son public.<\/p>\n<p style=\"text-align: justify;\"><strong>A 35 ans, vous \u00eates magicien. Racontez-nous votre parcours ? Aur\u00e9lien MARTIN : <\/strong><em>\u00a0\u00bb Lorsqu&rsquo;on vous demande de choisir une orientation au coll\u00e8ge, il est surprenant de constater que nombre de jeunes ont une id\u00e9e bien arr\u00eat\u00e9e sur leur future carri\u00e8re. Pour ma part, je m&rsquo;en remettais \u00e0 la documentation des CIO (centre d&rsquo;information et d&rsquo;orientation). Mais un soir d&rsquo;\u00e9t\u00e9 2001, j&rsquo;ai fait la connaissance de J\u00e9r\u00e9my, un magicien. Une r\u00e9v\u00e9lation.\u00a0\u00bb<\/em><\/p>\n<p style=\"text-align: justify;\"><strong>Comment avez-vous appris la magie?<\/strong><\/p>\n<p style=\"text-align: justify;\"><em>\u00ab\u00a0Il a fallu, dans un premier temps, concilier mon m\u00e9tier et cette envie, puis trouver le professeur, Yannick Chr\u00e9tiens. Il a fallu&nbsp;encha\u00eener&nbsp;les cours, les r\u00e9p\u00e9titions, les longues heures \u00e0&nbsp;se regarder dans son miroir pour parfaire la technique, apprendre \u00e0 se montrer en public. Pendant ce temps, les ann\u00e9es passent, cinq s&rsquo;envolent. Il faut choisir ses tours : visuels, rapides,&nbsp;interactifs&nbsp;et surtout incroyablement&nbsp;d\u00e9pourvus&nbsp;de&nbsp;technique,&nbsp;afin d&rsquo;avoir une belle gestuelle. C&rsquo;est l\u00e0 que certains artistes vous d\u00e9conseillent de vous engager dans cette voie.\u00a0\u00bb <a href=\"https:\/\/www.opalineanimation.com\/Blog_Cie_Opaline\/au-tout-debut\/\">(pour en savoir plus cliquez ici)<\/a><\/em><\/p>\n<p><strong>Pourtant, vous avez pers\u00e9v\u00e9r\u00e9, au point de cr\u00e9er Pascaline et la magie&#8230;<\/strong><\/p>\n<p style=\"text-align: justify;\"><em>\u00ab\u00a0Mon amie Pascaline propose des animations pour les anniversaires. Jouer un spectacle \u00e0 deux n&rsquo;est pas forc\u00e9ment une mauvaise id\u00e9e. Nous jouons les aventures de Caramel. Un type habill\u00e9 en clown qui ne pense qu&rsquo;\u00e0 dormir, faire cuire un lapin en peluche et mettre le&nbsp;bazar sur le petit spectacle de Pascaline une heure durant. Aujourd&rsquo;hui ce sont des&nbsp;spectacles anniversaires enfants, du close-up (magie de proximit\u00e9) pour adultes, des grimages, des d\u00e9corations en ballons et nous attendons encore d&rsquo;autres talents qui viendront constituer notre grande famille. Une famille d&rsquo;artistes ind\u00e9pendants ayant chacun son univers. Je me suis sp\u00e9cialis\u00e9 dans le <a href=\"https:\/\/www.opalineanimation.com\/Blog_Cie_Opaline\/close-up-magicien-metz-nancy-et-luxembourg\/\">close-up<\/a>. Cet anglicisme &nbsp;repose sur le peu de distance qui vous s\u00e9pare de l&rsquo;artiste. L&rsquo;artiste magicien se fait inconnu un instant, pour devenir ami la seconde d&rsquo;apr\u00e8s.\u00a0\u00bb<\/em><\/p>\n<p style=\"text-align: justify;\"><strong>Comment en vit-on ?<\/strong><\/p>\n<p style=\"text-align: justify;\"><em>\u00ab\u00a0Notre m\u00e9tier nous am\u00e8ne \u00e0 travailler \u00e0 de multiples occasions. Mariages, anniversaires, repas de fins d&rsquo;ann\u00e9es, <a href=\"https:\/\/www.opalineanimation.com\/Blog_Cie_Opaline\/magicien-luxembourg\/\">mais aussi lors&nbsp;d\u2019\u00e9v\u00e9nements&nbsp;tels que des salons, rencontres sportives, lancements de produits, <\/a>meetings, enterrements de vie de&nbsp;jeune fille. Au d\u00e9part, la meilleure publicit\u00e9 est le bouche-\u00e0-oreille, mais il faut \u00eatre patient. Mais si j&rsquo;ai un message \u00e0 faire passer aux jeunes, c&rsquo;est de ne jamais se d\u00e9courager et de faire un m\u00e9tier qui pla\u00eet avant tout. Vivre sa vie de cette fa\u00e7on est bien plus agr\u00e9able.\u00a0\u00bb<\/em><\/p>\n<p><a href=\"https:\/\/www.opalineanimation.com\/Blog_Cie_Opaline\/magicien-contact-metz-nancy-luxembourg\/\"><strong>Contact : OpalineAnimation, 06 13 36 96 42<\/strong><\/a><\/p>\n<p>&nbsp;<\/p>\n<p><a href=\"https:\/\/www.opalineanimation.com\/Blog_Cie_Opaline\/clown-sculpteur-de-ballons-magicien-maquillage-articles-de-presse\/px\/\"><img class=\"alignleft wp-image-514 lws-optimize-lazyload\"  alt=\"px\" width=\"300\" height=\"403\" data-src=\"https:\/\/www.opalineanimation.com\/Blog_Cie_Opaline\/wp-content\/uploads\/Sculpteur-de-ballons-Metz-Nancy-Luxembourg2-763x1024.jpg\" srcset=\"https:\/\/www.opalineanimation.com\/Blog_Cie_Opaline\/wp-content\/uploads\/Sculpteur-de-ballons-Metz-Nancy-Luxembourg2-763x1024.jpg 763w, https:\/\/www.opalineanimation.com\/Blog_Cie_Opaline\/wp-content\/uploads\/Sculpteur-de-ballons-Metz-Nancy-Luxembourg2-223x300.jpg 223w, https:\/\/www.opalineanimation.com\/Blog_Cie_Opaline\/wp-content\/uploads\/Sculpteur-de-ballons-Metz-Nancy-Luxembourg2.jpg 1132w\" sizes=\"(max-width: 300px) 100vw, 300px\" \/><\/a><\/p>\n<h2><\/h2>\n<h2>R\u00e9publicain Lorrain Mars 2015<\/h2>\n<h3><span style=\"color: #ff6600;\">MONTIGNY-LES-METZ<\/span><\/h3>\n<p style=\"text-align: justify;\"><em>Grim\u00e9s, d\u00e9guis\u00e9s, et m\u00eame maquill\u00e9s, les enfants qui fr\u00e9quentent le RPAM (relais parents assistant maternel) de Montigny-l\u00e8s-Metz ont eu droit \u00e0 un go\u00fbter et un spectacle avec le clown <strong>Aur\u00e9lien Martin<\/strong> de la soci\u00e9t\u00e9 <strong>Opaline Animation<\/strong>. Les enfants \u00e9taient fiers de lui montrer leur beau d\u00e9guisement. Mais, on pouvait constater que les parents n\u2019\u00e9taient pas en reste. Ils avaient aussi jou\u00e9 la carte de carnaval en rev\u00eatant des habits de circonstance.<\/em><\/p>\n<p>&nbsp;<\/p>\n<hr>\n<p>&nbsp;<\/p>\n<p>&nbsp;<\/p>\n<h2>R\u00e9publicain Lorrain D\u00e9cembre 2009<a href=\"https:\/\/www.opalineanimation.com\/Blog_Cie_Opaline\/wp-content\/uploads\/Spectacle-Anniversaire-enfant-Metz-Nancy-Luxembourg.jpg\"><img class=\"alignright wp-image-527 lws-optimize-lazyload\"  alt=\"Spectacle Anniversaire enfant Metz Nancy Luxembourg\" width=\"380\" height=\"367\" data-src=\"https:\/\/www.opalineanimation.com\/Blog_Cie_Opaline\/wp-content\/uploads\/Spectacle-Anniversaire-enfant-Metz-Nancy-Luxembourg-300x289.jpg\" srcset=\"https:\/\/www.opalineanimation.com\/Blog_Cie_Opaline\/wp-content\/uploads\/Spectacle-Anniversaire-enfant-Metz-Nancy-Luxembourg-300x289.jpg 300w, https:\/\/www.opalineanimation.com\/Blog_Cie_Opaline\/wp-content\/uploads\/Spectacle-Anniversaire-enfant-Metz-Nancy-Luxembourg-1024x988.jpg 1024w, https:\/\/www.opalineanimation.com\/Blog_Cie_Opaline\/wp-content\/uploads\/Spectacle-Anniversaire-enfant-Metz-Nancy-Luxembourg.jpg 1952w\" sizes=\"(max-width: 380px) 100vw, 380px\" \/><\/a><\/h2>\n<h2><span style=\"color: #ff6600;\">Petits et grands ne r\u00e9sistent pas \u00e0 la magie de No\u00ebl<\/span><\/h2>\n<p style=\"text-align: justify;\"><em>L\u2019association \u00ab&nbsp;Briquenay Argonne Loisirs&nbsp;\u00bb, nouvellement cr\u00e9\u00e9e, a men\u00e9e sa premi\u00e8re mission samedi apr\u00e8s-midi en organisant le No\u00ebl du village de Briquenay. Petits et grands se sont r\u00e9unis au caf\u00e9 du village \u00ab&nbsp;Chez Mimi&nbsp;\u00bb transform\u00e9 pour l\u2019occasion en salle de spectacle. <a href=\"https:\/\/www.opalineanimation.com\/Blog_Cie_Opaline\/du-spectacle-mon-assistant-caramel-abracadabra-du-clown-la-magie\/\"><strong>Caramel le clown<\/strong> et <strong>Pascaline la magicienne<\/strong><\/a> ont envo\u00fbt\u00e9 les spectateurs sous le signe du rire et de la magie. Les deux animateurs d\u2019&nbsp;\u00ab&nbsp;<strong>Opaline Animation<\/strong>&nbsp;\u00bb ont cl\u00f4tur\u00e9 le spectacle en remettant \u00e0 chaque enfant des ballons sculpt\u00e9s pour le bonheur de tous. Le p\u00e8re No\u00ebl a ensuite fait son entr\u00e9e pour remettre des chocolats aux petits et des colis aux personnes \u00e2g\u00e9es puis l\u2019apr\u00e8s-midi s\u2019est achev\u00e9 autour d\u2019un go\u00fbter.<\/em><\/p>\n<hr>\n<p>&nbsp;<\/p>\n<h2><a href=\"https:\/\/www.opalineanimation.com\/Blog_Cie_Opaline\/wp-content\/uploads\/Sculpteur-de-ballons-Metz-Nancy-Luxembourg3.jpg\"><img class=\"alignleft wp-image-533 lws-optimize-lazyload\" title=\"magie moselle et lorraine\"  alt=\"Sculpteur de ballons Metz Nancy Luxembourg\" width=\"400\" height=\"641\" data-src=\"https:\/\/www.opalineanimation.com\/Blog_Cie_Opaline\/wp-content\/uploads\/Sculpteur-de-ballons-Metz-Nancy-Luxembourg3.jpg\" srcset=\"https:\/\/www.opalineanimation.com\/Blog_Cie_Opaline\/wp-content\/uploads\/Sculpteur-de-ballons-Metz-Nancy-Luxembourg3.jpg 831w, https:\/\/www.opalineanimation.com\/Blog_Cie_Opaline\/wp-content\/uploads\/Sculpteur-de-ballons-Metz-Nancy-Luxembourg3-187x300.jpg 187w, https:\/\/www.opalineanimation.com\/Blog_Cie_Opaline\/wp-content\/uploads\/Sculpteur-de-ballons-Metz-Nancy-Luxembourg3-639x1024.jpg 639w\" sizes=\"(max-width: 400px) 100vw, 400px\" \/><\/a>Vosges Matin d\u00e9cembre 2012<\/h2>\n<h3><span style=\"color: #ff6600;\">GRIMAGE, PEINTURE ET COMPAGNIE<\/span><\/h3>\n<p style=\"text-align: justify;\"><em>Comment occuper les enfants un jour de repos de d\u00e9cem<\/em>bre avec -5 degr\u00e9s affich\u00e9s du c\u00f4t\u00e9 du mercure&nbsp;? Il y avait au moins deux options ce mercredi et les deux offraient chaleur et d\u00e9marche artistique.<\/p>\n<p style=\"text-align: justify;\"><em>La premi\u00e8re du c\u00f4t\u00e9 du Lavoir-Th\u00e9\u00e2tre, rue des Petites-Boucheries o\u00f9 Epinal Habitat avait invit\u00e9 deux sympathiques artistes d\u2019Opaline Animation venus de Metz.<\/em><\/p>\n<p style=\"text-align: justify;\"><em>GRIMAGE ET GONGLAGE<\/em><\/p>\n<p style=\"text-align: justify;\"><em><strong>Pascaline et Or\u00e9lien<\/strong> \u00e0 l\u2019image d\u2019Harry Potter et d\u2019Hermione Granger se sont rencontr\u00e9s sur les bancs d\u2019une \u00e9cole de magie. Depuis, ils arpentent la Lorraine (non, non pas sur un balai&nbsp;!) pour \u00e9poustoufler petits et grands. C\u2019est ce que Tim\u00e9o et Hugo, venus de Chantraine avec leurs grands-parents ont pu constater avec joie. \u00ab&nbsp;Tu veux que je te maquille en chien, en chaton, en vampire&nbsp;?&nbsp;\u00bb, questionne Pascaline grim\u00e9e en clown <strong>Pouet Pouet<\/strong>.&nbsp; \u00ab&nbsp;Un vampire&nbsp;!&nbsp;\u00bb, s\u2019exclame Hugo sans l\u2019ombre d\u2019une h\u00e9sitation. Pendant ce temps, son fr\u00e8re a rejoint sur la sc\u00e8ne Or\u00e9lien, qui a laiss\u00e9 cette fois-ci son costume du <strong>clown Caramel<\/strong> pour celui d\u2019un clown chic. En trois ou quatre manipulations \u00e9clair, Or\u00e9lien martyrise le latex d\u2019un ballon o\u00f9 Tim\u00e9o se retrouve coiff\u00e9 d\u2019un splendide chapeau de chevalier. De quoi ravir les gar\u00e7ons mais aussi les artistes qui ont ainsi le sentiment du devoir accompli.<\/em><\/p>\n<p style=\"text-align: justify;\"><em>Richard RASPES<\/em><\/p>\n<hr>\n<p>&nbsp;<\/p>\n<figure id=\"attachment_539\" aria-describedby=\"caption-attachment-539\" style=\"width: 300px\" class=\"wp-caption alignright\"><a href=\"https:\/\/www.opalineanimation.com\/Blog_Cie_Opaline\/wp-content\/uploads\/Maquillage-enfants-Metz-Nancy-Luxembourg.jpg\"><img class=\"wp-image-539 lws-optimize-lazyload\" title=\"magie opaline animation\"  alt=\"Maquillage enfants Metz Nancy Luxembourg\" width=\"300\" height=\"495\" data-src=\"https:\/\/www.opalineanimation.com\/Blog_Cie_Opaline\/wp-content\/uploads\/Maquillage-enfants-Metz-Nancy-Luxembourg.jpg\" srcset=\"https:\/\/www.opalineanimation.com\/Blog_Cie_Opaline\/wp-content\/uploads\/Maquillage-enfants-Metz-Nancy-Luxembourg.jpg 686w, https:\/\/www.opalineanimation.com\/Blog_Cie_Opaline\/wp-content\/uploads\/Maquillage-enfants-Metz-Nancy-Luxembourg-182x300.jpg 182w, https:\/\/www.opalineanimation.com\/Blog_Cie_Opaline\/wp-content\/uploads\/Maquillage-enfants-Metz-Nancy-Luxembourg-620x1024.jpg 620w\" sizes=\"(max-width: 300px) 100vw, 300px\" \/><\/a><figcaption id=\"caption-attachment-539\" class=\"wp-caption-text\">maquillage enfants Metz<\/figcaption><\/figure>\n<h2>Vosges Matin D\u00e9cembre 2011<\/h2>\n<h3><span style=\"color: #ff6600;\">La troupe Opaline les a combl\u00e9s<\/span><\/h3>\n<p style=\"text-align: justify;\"><em>La proximit\u00e9 de No\u00ebl est toujours propice aux f\u00eates destin\u00e9es aux enfants. Hier, la<strong> troupe Opaline<\/strong> de Metz est venue divertir les enfants des locataires de l\u2019OPAH, le matin au centre social Bitola, l\u2019apr\u00e8s-midi dans celui du plateau de la justice.<\/em><\/p>\n<p style=\"text-align: justify;\"><em>Le <strong>clown Caramel<\/strong> et son assistance <strong>Pascaline<\/strong> ont propos\u00e9 des sculptures en ballons, quelques tours de magie originaux mais aussi du maquillage sur le visage, histoire de garder en photo quelques souvenirs de cette journ\u00e9e de f\u00eate&nbsp;!<\/em><\/p>\n<hr>\n<p>&nbsp;<\/p>\n","protected":false},"excerpt":{"rendered":"<p>Magie magie et nos id\u00e9es&#8230;!&nbsp;Voici des articles de presse, sur la magie, la compagnie, que nous publierons au fur et \u00e0 mesure! &nbsp; R\u00e9publicain Lorrain Avril 2015 MONTIGNY-LES-METZ Aur\u00e9lien a [&hellip;]<\/p>\n","protected":false},"author":1,"featured_media":0,"parent":0,"menu_order":0,"comment_status":"closed","ping_status":"closed","template":"","meta":{"footnotes":""},"class_list":["post-511","page","type-page","status-publish","hentry"],"yoast_head":"<!-- This site is optimized with the Yoast SEO plugin v27.5 - https:\/\/yoast.com\/product\/yoast-seo-wordpress\/ -->\n<title>Atelier de magie \u00e0 Metz - Magicien et cours de magie<\/title>\n<meta name=\"description\" content=\"Cours de magie \u00e0 Metz , spectacle anniversaire enfants... retrouver les coupures de presse du magicien Aurelien\" \/>\n<meta name=\"robots\" content=\"index, follow, max-snippet:-1, max-image-preview:large, max-video-preview:-1\" \/>\n<link rel=\"canonical\" href=\"https:\/\/www.opalineanimation.com\/Blog_Cie_Opaline\/magie_la_presse_en_parle\/\" \/>\n<meta property=\"og:locale\" content=\"fr_FR\" \/>\n<meta property=\"og:type\" content=\"article\" \/>\n<meta property=\"og:title\" content=\"Atelier de magie \u00e0 Metz - Magicien et cours de magie\" \/>\n<meta property=\"og:description\" content=\"Cours de magie \u00e0 Metz , spectacle anniversaire enfants... retrouver les coupures de presse du magicien Aurelien\" \/>\n<meta property=\"og:url\" content=\"https:\/\/www.opalineanimation.com\/Blog_Cie_Opaline\/magie_la_presse_en_parle\/\" \/>\n<meta property=\"og:site_name\" content=\"Cie Opaline CLOSE-UP, SPECTACLES ET SERVICES\" \/>\n<meta property=\"article:publisher\" content=\"https:\/\/www.facebook.com\/pages\/Opaline-Animation\/255451761132872\" \/>\n<meta property=\"article:modified_time\" content=\"2019-01-15T15:31:00+00:00\" \/>\n<meta property=\"og:image\" content=\"https:\/\/www.opalineanimation.com\/Blog_Cie_Opaline\/wp-content\/uploads\/Magicien-Metz-Nancy-Luxembourg1.jpg\" \/>\n<meta name=\"twitter:label1\" content=\"Dur\u00e9e de lecture estim\u00e9e\" \/>\n\t<meta name=\"twitter:data1\" content=\"6 minutes\" \/>\n<script type=\"application\/ld+json\" class=\"yoast-schema-graph\">{\"@context\":\"https:\\\/\\\/schema.org\",\"@graph\":[{\"@type\":\"WebPage\",\"@id\":\"https:\\\/\\\/www.opalineanimation.com\\\/Blog_Cie_Opaline\\\/magie_la_presse_en_parle\\\/\",\"url\":\"https:\\\/\\\/www.opalineanimation.com\\\/Blog_Cie_Opaline\\\/magie_la_presse_en_parle\\\/\",\"name\":\"Atelier de magie \u00e0 Metz - Magicien et cours de magie\",\"isPartOf\":{\"@id\":\"https:\\\/\\\/www.opalineanimation.com\\\/Blog_Cie_Opaline\\\/#website\"},\"primaryImageOfPage\":{\"@id\":\"https:\\\/\\\/www.opalineanimation.com\\\/Blog_Cie_Opaline\\\/magie_la_presse_en_parle\\\/#primaryimage\"},\"image\":{\"@id\":\"https:\\\/\\\/www.opalineanimation.com\\\/Blog_Cie_Opaline\\\/magie_la_presse_en_parle\\\/#primaryimage\"},\"thumbnailUrl\":\"https:\\\/\\\/www.opalineanimation.com\\\/Blog_Cie_Opaline\\\/wp-content\\\/uploads\\\/Magicien-Metz-Nancy-Luxembourg1.jpg\",\"datePublished\":\"2017-02-14T22:00:00+00:00\",\"dateModified\":\"2019-01-15T15:31:00+00:00\",\"description\":\"Cours de magie \u00e0 Metz , spectacle anniversaire enfants... retrouver les coupures de presse du magicien Aurelien\",\"breadcrumb\":{\"@id\":\"https:\\\/\\\/www.opalineanimation.com\\\/Blog_Cie_Opaline\\\/magie_la_presse_en_parle\\\/#breadcrumb\"},\"inLanguage\":\"fr-FR\",\"potentialAction\":[{\"@type\":\"ReadAction\",\"target\":[\"https:\\\/\\\/www.opalineanimation.com\\\/Blog_Cie_Opaline\\\/magie_la_presse_en_parle\\\/\"]}]},{\"@type\":\"ImageObject\",\"inLanguage\":\"fr-FR\",\"@id\":\"https:\\\/\\\/www.opalineanimation.com\\\/Blog_Cie_Opaline\\\/magie_la_presse_en_parle\\\/#primaryimage\",\"url\":\"https:\\\/\\\/www.opalineanimation.com\\\/Blog_Cie_Opaline\\\/wp-content\\\/uploads\\\/Magicien-Metz-Nancy-Luxembourg1.jpg\",\"contentUrl\":\"https:\\\/\\\/www.opalineanimation.com\\\/Blog_Cie_Opaline\\\/wp-content\\\/uploads\\\/Magicien-Metz-Nancy-Luxembourg1.jpg\"},{\"@type\":\"BreadcrumbList\",\"@id\":\"https:\\\/\\\/www.opalineanimation.com\\\/Blog_Cie_Opaline\\\/magie_la_presse_en_parle\\\/#breadcrumb\",\"itemListElement\":[{\"@type\":\"ListItem\",\"position\":1,\"name\":\"Accueil\",\"item\":\"https:\\\/\\\/www.opalineanimation.com\\\/Blog_Cie_Opaline\\\/\"},{\"@type\":\"ListItem\",\"position\":2,\"name\":\"Magie !? pour votre repas, mariage et soir\u00e9e !\"}]},{\"@type\":\"WebSite\",\"@id\":\"https:\\\/\\\/www.opalineanimation.com\\\/Blog_Cie_Opaline\\\/#website\",\"url\":\"https:\\\/\\\/www.opalineanimation.com\\\/Blog_Cie_Opaline\\\/\",\"name\":\"Cie Opaline CLOSE-UP, SPECTACLES ET SERVICES\",\"description\":\"Artistes du spectacle \u00e0 Metz, Nancy et Luxembourg\",\"potentialAction\":[{\"@type\":\"SearchAction\",\"target\":{\"@type\":\"EntryPoint\",\"urlTemplate\":\"https:\\\/\\\/www.opalineanimation.com\\\/Blog_Cie_Opaline\\\/?s={search_term_string}\"},\"query-input\":{\"@type\":\"PropertyValueSpecification\",\"valueRequired\":true,\"valueName\":\"search_term_string\"}}],\"inLanguage\":\"fr-FR\"}]}<\/script>\n<!-- \/ Yoast SEO plugin. -->","yoast_head_json":{"title":"Atelier de magie \u00e0 Metz - Magicien et cours de magie","description":"Cours de magie \u00e0 Metz , spectacle anniversaire enfants... retrouver les coupures de presse du magicien Aurelien","robots":{"index":"index","follow":"follow","max-snippet":"max-snippet:-1","max-image-preview":"max-image-preview:large","max-video-preview":"max-video-preview:-1"},"canonical":"https:\/\/www.opalineanimation.com\/Blog_Cie_Opaline\/magie_la_presse_en_parle\/","og_locale":"fr_FR","og_type":"article","og_title":"Atelier de magie \u00e0 Metz - Magicien et cours de magie","og_description":"Cours de magie \u00e0 Metz , spectacle anniversaire enfants... retrouver les coupures de presse du magicien Aurelien","og_url":"https:\/\/www.opalineanimation.com\/Blog_Cie_Opaline\/magie_la_presse_en_parle\/","og_site_name":"Cie Opaline CLOSE-UP, SPECTACLES ET SERVICES","article_publisher":"https:\/\/www.facebook.com\/pages\/Opaline-Animation\/255451761132872","article_modified_time":"2019-01-15T15:31:00+00:00","og_image":[{"url":"https:\/\/www.opalineanimation.com\/Blog_Cie_Opaline\/wp-content\/uploads\/Magicien-Metz-Nancy-Luxembourg1.jpg","type":"","width":"","height":""}],"twitter_misc":{"Dur\u00e9e de lecture estim\u00e9e":"6 minutes"},"schema":{"@context":"https:\/\/schema.org","@graph":[{"@type":"WebPage","@id":"https:\/\/www.opalineanimation.com\/Blog_Cie_Opaline\/magie_la_presse_en_parle\/","url":"https:\/\/www.opalineanimation.com\/Blog_Cie_Opaline\/magie_la_presse_en_parle\/","name":"Atelier de magie \u00e0 Metz - Magicien et cours de magie","isPartOf":{"@id":"https:\/\/www.opalineanimation.com\/Blog_Cie_Opaline\/#website"},"primaryImageOfPage":{"@id":"https:\/\/www.opalineanimation.com\/Blog_Cie_Opaline\/magie_la_presse_en_parle\/#primaryimage"},"image":{"@id":"https:\/\/www.opalineanimation.com\/Blog_Cie_Opaline\/magie_la_presse_en_parle\/#primaryimage"},"thumbnailUrl":"https:\/\/www.opalineanimation.com\/Blog_Cie_Opaline\/wp-content\/uploads\/Magicien-Metz-Nancy-Luxembourg1.jpg","datePublished":"2017-02-14T22:00:00+00:00","dateModified":"2019-01-15T15:31:00+00:00","description":"Cours de magie \u00e0 Metz , spectacle anniversaire enfants... retrouver les coupures de presse du magicien Aurelien","breadcrumb":{"@id":"https:\/\/www.opalineanimation.com\/Blog_Cie_Opaline\/magie_la_presse_en_parle\/#breadcrumb"},"inLanguage":"fr-FR","potentialAction":[{"@type":"ReadAction","target":["https:\/\/www.opalineanimation.com\/Blog_Cie_Opaline\/magie_la_presse_en_parle\/"]}]},{"@type":"ImageObject","inLanguage":"fr-FR","@id":"https:\/\/www.opalineanimation.com\/Blog_Cie_Opaline\/magie_la_presse_en_parle\/#primaryimage","url":"https:\/\/www.opalineanimation.com\/Blog_Cie_Opaline\/wp-content\/uploads\/Magicien-Metz-Nancy-Luxembourg1.jpg","contentUrl":"https:\/\/www.opalineanimation.com\/Blog_Cie_Opaline\/wp-content\/uploads\/Magicien-Metz-Nancy-Luxembourg1.jpg"},{"@type":"BreadcrumbList","@id":"https:\/\/www.opalineanimation.com\/Blog_Cie_Opaline\/magie_la_presse_en_parle\/#breadcrumb","itemListElement":[{"@type":"ListItem","position":1,"name":"Accueil","item":"https:\/\/www.opalineanimation.com\/Blog_Cie_Opaline\/"},{"@type":"ListItem","position":2,"name":"Magie !? pour votre repas, mariage et soir\u00e9e !"}]},{"@type":"WebSite","@id":"https:\/\/www.opalineanimation.com\/Blog_Cie_Opaline\/#website","url":"https:\/\/www.opalineanimation.com\/Blog_Cie_Opaline\/","name":"Cie Opaline CLOSE-UP, SPECTACLES ET SERVICES","description":"Artistes du spectacle \u00e0 Metz, Nancy et Luxembourg","potentialAction":[{"@type":"SearchAction","target":{"@type":"EntryPoint","urlTemplate":"https:\/\/www.opalineanimation.com\/Blog_Cie_Opaline\/?s={search_term_string}"},"query-input":{"@type":"PropertyValueSpecification","valueRequired":true,"valueName":"search_term_string"}}],"inLanguage":"fr-FR"}]}},"_links":{"self":[{"href":"https:\/\/www.opalineanimation.com\/Blog_Cie_Opaline\/wp-json\/wp\/v2\/pages\/511","targetHints":{"allow":["GET"]}}],"collection":[{"href":"https:\/\/www.opalineanimation.com\/Blog_Cie_Opaline\/wp-json\/wp\/v2\/pages"}],"about":[{"href":"https:\/\/www.opalineanimation.com\/Blog_Cie_Opaline\/wp-json\/wp\/v2\/types\/page"}],"author":[{"embeddable":true,"href":"https:\/\/www.opalineanimation.com\/Blog_Cie_Opaline\/wp-json\/wp\/v2\/users\/1"}],"replies":[{"embeddable":true,"href":"https:\/\/www.opalineanimation.com\/Blog_Cie_Opaline\/wp-json\/wp\/v2\/comments?post=511"}],"version-history":[{"count":59,"href":"https:\/\/www.opalineanimation.com\/Blog_Cie_Opaline\/wp-json\/wp\/v2\/pages\/511\/revisions"}],"predecessor-version":[{"id":3026,"href":"https:\/\/www.opalineanimation.com\/Blog_Cie_Opaline\/wp-json\/wp\/v2\/pages\/511\/revisions\/3026"}],"wp:attachment":[{"href":"https:\/\/www.opalineanimation.com\/Blog_Cie_Opaline\/wp-json\/wp\/v2\/media?parent=511"}],"curies":[{"name":"wp","href":"https:\/\/api.w.org\/{rel}","templated":true}]}}