{"id":4436,"date":"2020-12-26T20:00:28","date_gmt":"2020-12-26T18:00:28","guid":{"rendered":"https:\/\/www.opalineanimation.com\/Blog_Cie_Opaline\/?page_id=4436"},"modified":"2024-10-03T14:35:02","modified_gmt":"2024-10-03T12:35:02","slug":"contact-magicien-metz-nancy-luxembourg","status":"publish","type":"page","link":"https:\/\/www.opalineanimation.com\/Blog_Cie_Opaline\/contact-magicien-metz-nancy-luxembourg\/","title":{"rendered":"magicien-contact-metz-nancy-luxembourg"},"content":{"rendered":"<div id=\"pl-gb4436-69fad4a501692\"  class=\"panel-layout wp-block-siteorigin-panels-layout-block\" ><div id=\"pg-gb4436-69fad4a501692-0\"  class=\"panel-grid panel-no-style\" ><div id=\"pgc-gb4436-69fad4a501692-0-0\"  class=\"panel-grid-cell\" ><div id=\"panel-gb4436-69fad4a501692-0-0-0\" class=\"so-panel widget widget_moesia_services moesia_services_widget panel-first-child panel-last-child\" data-index=\"0\" >\t\t<section id=\"services\" class=\"services-area\">\n\t\t\t<div class=\"container\">\n\t\t\t\t<h3 class=\"widget-title\"><span class=\"wow bounce\">Nous contacter<\/span><\/h3>\t\t\t\t\t\t\t\t\t\t\t\t\t\t\t\t\t\t\t<div class=\"service col-md-4 col-sm-6 col-xs-6\">\n\t\t\t\t\t\t\t\t\t\t\t\t\t\t\t\t\t\t\t\t<span class=\"service-icon wow zoomInDown\"><i class=\"fa fa fa-phone\"><\/i><\/span>\t\t\t\t\t\t\t\t\t\t\t\t<h4 class=\"service-title wow fadeInUp\"><a href=\"tel:+33613369642\">TELEPHONE<\/a><\/h4><div class=\"service-desc wow fadeInUp\"><p style=\"text-align: center;\">Du lundi au samedi de 9h \u00e0 21h<\/p>\r\n\r\n<h3 style=\"text-align: center;\"><a href=\"tel:+33613369642\"><strong><span style=\"color: #ff6600;\">Aur\u00e9lien \/ Administrateur<\/span> <\/strong><\/a><\/h3>\r\n<h3 style=\"text-align: center;\"><a href=\"tel:+33613369642\"><strong>+33 (0)6 13 36 96 42<\/strong><\/a><\/h3>\r\n<h3 style=\"text-align: center;\"><a href=\"tel: +33649224996\"><strong><span style=\"color: #ff6600;\">Marie-Anne Information \/ R\u00e9servation<\/span> <\/strong><\/a><\/h3>\r\n<h3 style=\"text-align: center;\"><a href=\"tel:+33649224996\"><strong>+33 (0)6 49 22 49 96<\/strong><\/a><\/h3>\r\n&nbsp;<\/div>\t\t\t\t\t<\/div>\n\t\t\t\t\t\t\t\t\t\t\t\t\t\t\t\t\t\t\t<div class=\"service col-md-4 col-sm-6 col-xs-6\">\n\t\t\t\t\t\t\t\t\t\t\t\t\t\t\t\t\t\t\t\t<span class=\"service-icon wow zoomInDown\"><i class=\"fa fa fa-envelope\"><\/i><\/span>\t\t\t\t\t\t\t\t\t\t\t\t<h4 class=\"service-title wow fadeInUp\"><a href=\"mailto:info@opalineanimation.com\">E-mail<\/a><\/h4><div class=\"service-desc wow fadeInUp\"><p style=\"text-align: center;\">A tout instant !<\/p>\r\n\r\n<h3 style=\"text-align: center;\"><a href=\"mailto:infos@opalineanimation.com\">infos@opalineanimation.com<\/a><\/h3><\/div>\t\t\t\t\t<\/div>\n\t\t\t\t\t\t\t\t\t\t\t\t\t\t\t\t\t\t\t<div class=\"service col-md-4 col-sm-6 col-xs-6\">\n\t\t\t\t\t\t\t\t\t\t\t\t\t\t\t\t\t\t\t\t<span class=\"service-icon wow zoomInDown\"><i class=\"fa fa fa-twitter\"><\/i><\/span>\t\t\t\t\t\t\t\t\t\t\t\t<h4 class=\"service-title wow fadeInUp\"><a href=\"http:\/\/fa%20fa-twitter\">Pigeon voyageur<\/a><\/h4><div class=\"service-desc wow fadeInUp\"><p style=\"text-align: center;\">On l&rsquo;attends encore &#8230;<\/p><\/div>\t\t\t\t\t<\/div>\n\t\t\t\t\t\t\t<\/div>\n\t\t\t\t\t\t\t\t\t\n\t\t<\/section>\t\t\n\t<\/div><\/div><\/div><div id=\"pg-gb4436-69fad4a501692-1\"  class=\"panel-grid panel-has-style\" ><div style=\"background-color: #efefef; \" class=\"panel-row-style panel-row-style-for-gb4436-69fad4a501692-1\" ><div id=\"pgc-gb4436-69fad4a501692-1-0\"  class=\"panel-grid-cell\" ><div id=\"panel-gb4436-69fad4a501692-1-0-0\" class=\"so-panel widget widget_text panel-first-child panel-last-child\" data-index=\"1\" ><div class=\"panel-widget-style panel-widget-style-for-gb4436-69fad4a501692-1-0-0\" ><h3 class=\"widget-title\">contact<\/h3>\t\t\t<div class=\"textwidget\">\n<div class=\"wpcf7 no-js\" id=\"wpcf7-f325-o1\" lang=\"fr-FR\" dir=\"ltr\" data-wpcf7-id=\"325\">\n<div class=\"screen-reader-response\"><p role=\"status\" aria-live=\"polite\" aria-atomic=\"true\"><\/p> <ul><\/ul><\/div>\n<form action=\"\/Blog_Cie_Opaline\/wp-json\/wp\/v2\/pages\/4436#wpcf7-f325-o1\" method=\"post\" class=\"wpcf7-form init\" aria-label=\"Formulaire de contact\" novalidate=\"novalidate\" data-status=\"init\">\n<fieldset class=\"hidden-fields-container\"><input type=\"hidden\" name=\"_wpcf7\" value=\"325\" \/><input type=\"hidden\" name=\"_wpcf7_version\" value=\"6.1.5\" \/><input type=\"hidden\" name=\"_wpcf7_locale\" value=\"fr_FR\" \/><input type=\"hidden\" name=\"_wpcf7_unit_tag\" value=\"wpcf7-f325-o1\" \/><input type=\"hidden\" name=\"_wpcf7_container_post\" value=\"0\" \/><input type=\"hidden\" name=\"_wpcf7_posted_data_hash\" value=\"\" \/><input type=\"hidden\" name=\"_wpcf7_recaptcha_response\" value=\"\" \/>\n<\/fieldset>\n<p>Votre nom, pr\u00e9nom\n<\/p>\n<p><span class=\"wpcf7-form-control-wrap\" data-name=\"your-name\"><input size=\"40\" maxlength=\"400\" class=\"wpcf7-form-control wpcf7-text wpcf7-validates-as-required\" aria-required=\"true\" aria-invalid=\"false\" value=\"\" type=\"text\" name=\"your-name\" \/><\/span>\n<\/p>\n<p>T\u00e9l\u00e9phone\n<\/p>\n<p><span class=\"wpcf7-form-control-wrap\" data-name=\"tel-904\"><input size=\"40\" maxlength=\"400\" class=\"wpcf7-form-control wpcf7-tel wpcf7-text wpcf7-validates-as-tel Tlphone 2\" id=\"Tlphone1\" aria-invalid=\"false\" value=\"\" type=\"tel\" name=\"tel-904\" \/><\/span>\n<\/p>\n<p>E-mail\n<\/p>\n<p><span class=\"wpcf7-form-control-wrap\" data-name=\"your-email\"><input size=\"40\" maxlength=\"400\" class=\"wpcf7-form-control wpcf7-email wpcf7-validates-as-required wpcf7-text wpcf7-validates-as-email\" aria-required=\"true\" aria-invalid=\"false\" value=\"\" type=\"email\" name=\"your-email\" \/><\/span>\n<\/p>\n<p>Sujet\n<\/p>\n<p><span class=\"wpcf7-form-control-wrap\" data-name=\"your-subject\"><input size=\"40\" maxlength=\"400\" class=\"wpcf7-form-control wpcf7-text\" aria-invalid=\"false\" value=\"\" type=\"text\" name=\"your-subject\" \/><\/span>\n<\/p>\n<p>Votre message\n<\/p>\n<p><span class=\"wpcf7-form-control-wrap\" data-name=\"your-message\"><textarea cols=\"40\" rows=\"10\" maxlength=\"2000\" class=\"wpcf7-form-control wpcf7-textarea\" aria-invalid=\"false\" name=\"your-message\"><\/textarea><\/span>\n<\/p>\n<p><input class=\"wpcf7-form-control wpcf7-submit has-spinner\" type=\"submit\" value=\"Envoyer\" \/> Tous les champs sont obligatoires\n<\/p>\n<div class=\"wpcf7-response-output\" aria-hidden=\"true\"><\/div>\n<\/form>\n<\/div>\n\n<\/div>\n\t\t<\/div><\/div><\/div><div id=\"pgc-gb4436-69fad4a501692-1-1\"  class=\"panel-grid-cell\" ><div id=\"panel-gb4436-69fad4a501692-1-1-0\" class=\"so-panel widget widget_moesia_blockquote moesia_blockquote_widget panel-first-child panel-last-child\" data-index=\"2\" ><div class=\"panel-widget-style panel-widget-style-for-gb4436-69fad4a501692-1-1-0\" >\t\t<section id=\"blockquote\" class=\"blockquote-area\">\n\t\t\t<div class=\"container\">\t\t\t\n\t\t\t\t<h3 class=\"widget-title\"><span class=\"wow bounce\">Cie Opaline : Les artistes du spectacle vivant<\/span><\/h3>\t\t\t\t\t\t\t\t\t<div class=\"bq-text col-md-12\">\n\t\t\t\t\t\t\t\t\t<blockquote class=\"wow fadeInUp\">Nous sommes de METZ et allentours et travaillons sur la Lorraine et le Luxembourg le plus souvent. \n\nNos amis belges sont les bienvenus et nous \u00e9tudions toutes les demandes.\n\nMagiciens, Close up Entreprise et s\u00e9minaire, Cr\u00e9ation de spectacles anniversaire enfants, Clown sculpteur de ballons, Maquillage \/ Grimage des enfants&#8230; Nous sommes \u00e0 votre disposition.<\/blockquote>\n\t\t\t\t\t<cite class=\"wow fadeInUp\">Cie Opaline<\/cite>\n\t\t\t\t<\/div>\t\n\t\t\t<\/div>\t\t\n\t\t<\/section>\t\t\n\t<\/div><\/div><\/div><\/div><\/div><div id=\"pg-gb4436-69fad4a501692-2\"  class=\"panel-grid panel-no-style\" ><div id=\"pgc-gb4436-69fad4a501692-2-0\"  class=\"panel-grid-cell\" ><div id=\"panel-gb4436-69fad4a501692-2-0-0\" class=\"so-panel widget widget_fp_social panel-first-child panel-last-child\" data-index=\"3\" >\t\t<section id=\"social\" class=\"social-area\">\t\t\n\n\t\t<h3 class=\"widget-title\"><span class=\"wow bounce\">Nous suivre !<\/span><\/h3>\t\t\t<div class=\"container wow zoomInUp\">\n\t\t\t\t<div class=\"menu-social-container\"><ul id=\"menu-social\" class=\"menu clearfix\"><li id=\"menu-item-2864\" class=\"menu-item menu-item-type-custom menu-item-object-custom menu-item-2864\"><a href=\"https:\/\/fr-fr.facebook.com\/OpalineAnimation\/\"><span class=\"screen-reader-text\">Facebook<\/span><\/a><\/li>\n<li id=\"menu-item-2866\" class=\"menu-item menu-item-type-custom menu-item-object-custom menu-item-2866\"><a href=\"https:\/\/www.youtube.com\/watch?v=ZzIELyTi0x4\"><span class=\"screen-reader-text\">youtube<\/span><\/a><\/li>\n<\/ul><\/div>\t\t\t<\/div>\n\t\t<\/section>\n\t\t\t\t\t<style type=\"text\/css\">\n\t\t\t\t.social-area {\n\t\t\t\t    display: block;\t\t\t    \n\t\t\t\t\tbackground: url(https:\/\/www.opalineanimation.com\/Blog_Cie_Opaline\/wp-content\/uploads\/2019\/01\/Magicien-Metz-1.jpg) no-repeat;\n\t\t\t\t\tbackground-position: center top;\n\t\t\t\t\tbackground-attachment: fixed;\n\t\t\t\t\tbackground-size: cover;\n\t\t\t\t\tz-index: -1;\n\t\t\t\t}\n\t\t\t<\/style>\n\t\t<\/div><\/div><\/div><\/div>","protected":false},"excerpt":{"rendered":"","protected":false},"author":1,"featured_media":0,"parent":0,"menu_order":0,"comment_status":"closed","ping_status":"closed","template":"page_front-page.php","meta":{"footnotes":""},"class_list":["post-4436","page","type-page","status-publish","hentry"],"yoast_head":"<!-- This site is optimized with the Yoast SEO plugin v27.5 - https:\/\/yoast.com\/product\/yoast-seo-wordpress\/ -->\n<title>Magicien, Clown sculpteur de ballons, Spectacle Metz Nancy Luxembourg<\/title>\n<meta name=\"description\" content=\"Magicien sp\u00e9cialis\u00e9 en close up ou magie de proximit\u00e9, spectacle anniversaire, mariages et r\u00e9ceptions. Animation sculpteur de ballon, maquillage \u00e0 Metz Nancy et Luxembourg\" \/>\n<meta name=\"robots\" content=\"index, follow, max-snippet:-1, max-image-preview:large, max-video-preview:-1\" \/>\n<link rel=\"canonical\" href=\"https:\/\/www.opalineanimation.com\/Blog_Cie_Opaline\/contact-magicien-metz-nancy-luxembourg\/\" \/>\n<meta property=\"og:locale\" content=\"fr_FR\" \/>\n<meta property=\"og:type\" content=\"article\" \/>\n<meta property=\"og:title\" content=\"Magicien, Clown sculpteur de ballons, Spectacle Metz Nancy Luxembourg\" \/>\n<meta property=\"og:description\" content=\"Magicien sp\u00e9cialis\u00e9 en close up ou magie de proximit\u00e9, spectacle anniversaire, mariages et r\u00e9ceptions. Animation sculpteur de ballon, maquillage \u00e0 Metz Nancy et Luxembourg\" \/>\n<meta property=\"og:url\" content=\"https:\/\/www.opalineanimation.com\/Blog_Cie_Opaline\/contact-magicien-metz-nancy-luxembourg\/\" \/>\n<meta property=\"og:site_name\" content=\"Cie Opaline CLOSE-UP, SPECTACLES ET SERVICES\" \/>\n<meta property=\"article:publisher\" content=\"https:\/\/www.facebook.com\/pages\/Opaline-Animation\/255451761132872\" \/>\n<meta property=\"article:modified_time\" content=\"2024-10-03T12:35:02+00:00\" \/>\n<meta name=\"twitter:label1\" content=\"Dur\u00e9e de lecture estim\u00e9e\" \/>\n\t<meta name=\"twitter:data1\" content=\"1 minute\" \/>\n<script type=\"application\/ld+json\" class=\"yoast-schema-graph\">{\"@context\":\"https:\\\/\\\/schema.org\",\"@graph\":[{\"@type\":\"WebPage\",\"@id\":\"https:\\\/\\\/www.opalineanimation.com\\\/Blog_Cie_Opaline\\\/contact-magicien-metz-nancy-luxembourg\\\/\",\"url\":\"https:\\\/\\\/www.opalineanimation.com\\\/Blog_Cie_Opaline\\\/contact-magicien-metz-nancy-luxembourg\\\/\",\"name\":\"Magicien, Clown sculpteur de ballons, Spectacle Metz Nancy Luxembourg\",\"isPartOf\":{\"@id\":\"https:\\\/\\\/www.opalineanimation.com\\\/Blog_Cie_Opaline\\\/#website\"},\"datePublished\":\"2020-12-26T18:00:28+00:00\",\"dateModified\":\"2024-10-03T12:35:02+00:00\",\"description\":\"Magicien sp\u00e9cialis\u00e9 en close up ou magie de proximit\u00e9, spectacle anniversaire, mariages et r\u00e9ceptions. Animation sculpteur de ballon, maquillage \u00e0 Metz Nancy et Luxembourg\",\"breadcrumb\":{\"@id\":\"https:\\\/\\\/www.opalineanimation.com\\\/Blog_Cie_Opaline\\\/contact-magicien-metz-nancy-luxembourg\\\/#breadcrumb\"},\"inLanguage\":\"fr-FR\",\"potentialAction\":[{\"@type\":\"ReadAction\",\"target\":[\"https:\\\/\\\/www.opalineanimation.com\\\/Blog_Cie_Opaline\\\/contact-magicien-metz-nancy-luxembourg\\\/\"]}]},{\"@type\":\"BreadcrumbList\",\"@id\":\"https:\\\/\\\/www.opalineanimation.com\\\/Blog_Cie_Opaline\\\/contact-magicien-metz-nancy-luxembourg\\\/#breadcrumb\",\"itemListElement\":[{\"@type\":\"ListItem\",\"position\":1,\"name\":\"Accueil\",\"item\":\"https:\\\/\\\/www.opalineanimation.com\\\/Blog_Cie_Opaline\\\/\"},{\"@type\":\"ListItem\",\"position\":2,\"name\":\"magicien-contact-metz-nancy-luxembourg\"}]},{\"@type\":\"WebSite\",\"@id\":\"https:\\\/\\\/www.opalineanimation.com\\\/Blog_Cie_Opaline\\\/#website\",\"url\":\"https:\\\/\\\/www.opalineanimation.com\\\/Blog_Cie_Opaline\\\/\",\"name\":\"Cie Opaline CLOSE-UP, SPECTACLES ET SERVICES\",\"description\":\"Artistes du spectacle \u00e0 Metz, Nancy et Luxembourg\",\"potentialAction\":[{\"@type\":\"SearchAction\",\"target\":{\"@type\":\"EntryPoint\",\"urlTemplate\":\"https:\\\/\\\/www.opalineanimation.com\\\/Blog_Cie_Opaline\\\/?s={search_term_string}\"},\"query-input\":{\"@type\":\"PropertyValueSpecification\",\"valueRequired\":true,\"valueName\":\"search_term_string\"}}],\"inLanguage\":\"fr-FR\"}]}<\/script>\n<!-- \/ Yoast SEO plugin. -->","yoast_head_json":{"title":"Magicien, Clown sculpteur de ballons, Spectacle Metz Nancy Luxembourg","description":"Magicien sp\u00e9cialis\u00e9 en close up ou magie de proximit\u00e9, spectacle anniversaire, mariages et r\u00e9ceptions. Animation sculpteur de ballon, maquillage \u00e0 Metz Nancy et Luxembourg","robots":{"index":"index","follow":"follow","max-snippet":"max-snippet:-1","max-image-preview":"max-image-preview:large","max-video-preview":"max-video-preview:-1"},"canonical":"https:\/\/www.opalineanimation.com\/Blog_Cie_Opaline\/contact-magicien-metz-nancy-luxembourg\/","og_locale":"fr_FR","og_type":"article","og_title":"Magicien, Clown sculpteur de ballons, Spectacle Metz Nancy Luxembourg","og_description":"Magicien sp\u00e9cialis\u00e9 en close up ou magie de proximit\u00e9, spectacle anniversaire, mariages et r\u00e9ceptions. Animation sculpteur de ballon, maquillage \u00e0 Metz Nancy et Luxembourg","og_url":"https:\/\/www.opalineanimation.com\/Blog_Cie_Opaline\/contact-magicien-metz-nancy-luxembourg\/","og_site_name":"Cie Opaline CLOSE-UP, SPECTACLES ET SERVICES","article_publisher":"https:\/\/www.facebook.com\/pages\/Opaline-Animation\/255451761132872","article_modified_time":"2024-10-03T12:35:02+00:00","twitter_misc":{"Dur\u00e9e de lecture estim\u00e9e":"1 minute"},"schema":{"@context":"https:\/\/schema.org","@graph":[{"@type":"WebPage","@id":"https:\/\/www.opalineanimation.com\/Blog_Cie_Opaline\/contact-magicien-metz-nancy-luxembourg\/","url":"https:\/\/www.opalineanimation.com\/Blog_Cie_Opaline\/contact-magicien-metz-nancy-luxembourg\/","name":"Magicien, Clown sculpteur de ballons, Spectacle Metz Nancy Luxembourg","isPartOf":{"@id":"https:\/\/www.opalineanimation.com\/Blog_Cie_Opaline\/#website"},"datePublished":"2020-12-26T18:00:28+00:00","dateModified":"2024-10-03T12:35:02+00:00","description":"Magicien sp\u00e9cialis\u00e9 en close up ou magie de proximit\u00e9, spectacle anniversaire, mariages et r\u00e9ceptions. Animation sculpteur de ballon, maquillage \u00e0 Metz Nancy et Luxembourg","breadcrumb":{"@id":"https:\/\/www.opalineanimation.com\/Blog_Cie_Opaline\/contact-magicien-metz-nancy-luxembourg\/#breadcrumb"},"inLanguage":"fr-FR","potentialAction":[{"@type":"ReadAction","target":["https:\/\/www.opalineanimation.com\/Blog_Cie_Opaline\/contact-magicien-metz-nancy-luxembourg\/"]}]},{"@type":"BreadcrumbList","@id":"https:\/\/www.opalineanimation.com\/Blog_Cie_Opaline\/contact-magicien-metz-nancy-luxembourg\/#breadcrumb","itemListElement":[{"@type":"ListItem","position":1,"name":"Accueil","item":"https:\/\/www.opalineanimation.com\/Blog_Cie_Opaline\/"},{"@type":"ListItem","position":2,"name":"magicien-contact-metz-nancy-luxembourg"}]},{"@type":"WebSite","@id":"https:\/\/www.opalineanimation.com\/Blog_Cie_Opaline\/#website","url":"https:\/\/www.opalineanimation.com\/Blog_Cie_Opaline\/","name":"Cie Opaline CLOSE-UP, SPECTACLES ET SERVICES","description":"Artistes du spectacle \u00e0 Metz, Nancy et Luxembourg","potentialAction":[{"@type":"SearchAction","target":{"@type":"EntryPoint","urlTemplate":"https:\/\/www.opalineanimation.com\/Blog_Cie_Opaline\/?s={search_term_string}"},"query-input":{"@type":"PropertyValueSpecification","valueRequired":true,"valueName":"search_term_string"}}],"inLanguage":"fr-FR"}]}},"_links":{"self":[{"href":"https:\/\/www.opalineanimation.com\/Blog_Cie_Opaline\/wp-json\/wp\/v2\/pages\/4436","targetHints":{"allow":["GET"]}}],"collection":[{"href":"https:\/\/www.opalineanimation.com\/Blog_Cie_Opaline\/wp-json\/wp\/v2\/pages"}],"about":[{"href":"https:\/\/www.opalineanimation.com\/Blog_Cie_Opaline\/wp-json\/wp\/v2\/types\/page"}],"author":[{"embeddable":true,"href":"https:\/\/www.opalineanimation.com\/Blog_Cie_Opaline\/wp-json\/wp\/v2\/users\/1"}],"replies":[{"embeddable":true,"href":"https:\/\/www.opalineanimation.com\/Blog_Cie_Opaline\/wp-json\/wp\/v2\/comments?post=4436"}],"version-history":[{"count":214,"href":"https:\/\/www.opalineanimation.com\/Blog_Cie_Opaline\/wp-json\/wp\/v2\/pages\/4436\/revisions"}],"predecessor-version":[{"id":5658,"href":"https:\/\/www.opalineanimation.com\/Blog_Cie_Opaline\/wp-json\/wp\/v2\/pages\/4436\/revisions\/5658"}],"wp:attachment":[{"href":"https:\/\/www.opalineanimation.com\/Blog_Cie_Opaline\/wp-json\/wp\/v2\/media?parent=4436"}],"curies":[{"name":"wp","href":"https:\/\/api.w.org\/{rel}","templated":true}]}}