{"id":372,"date":"2019-01-14T12:30:29","date_gmt":"2019-01-14T10:30:29","guid":{"rendered":"https:\/\/www.opalineanimation.com\/Blog_Cie_Opaline\/?page_id=372"},"modified":"2021-11-22T12:40:45","modified_gmt":"2021-11-22T10:40:45","slug":"spectacle-anniversaire-enfants-nancy","status":"publish","type":"page","link":"https:\/\/www.opalineanimation.com\/Blog_Cie_Opaline\/spectacle-anniversaire-enfants-nancy\/","title":{"rendered":"\u00ab\u00a0Pounky et compagnie\u00a0\u00bb par Jon, un spectacle pour les anniversaires enfants"},"content":{"rendered":"<blockquote>\n<h1>F\u00eatez l&rsquo;anniversaire de votre enfant \u00e0 la maison ! A Nancy\u00a0et sur la Lorraine !<\/h1>\n<\/blockquote>\n<h2 style=\"text-align: justify;\"><span style=\"color: #ff6600;\">Jon magicien de close-up, suite \u00e0 de nombreuses demandes, a cr\u00e9\u00e9 un spectacle de magie \u00e0 destination des enfants \u00e0 partir de 5 ans.\u00a04 ann\u00e9es ce sont \u00e9coul\u00e9es et c&rsquo;est en compagnie d&rsquo;une mascotte qu&rsquo;il officie sur ce spectacle interactif.<\/span><\/h2>\n<figure id=\"attachment_380\" aria-describedby=\"caption-attachment-380\" style=\"width: 700px\" class=\"wp-caption aligncenter\"><a href=\"https:\/\/www.opalineanimation.com\/Blog_Cie_Opaline\/wp-content\/uploads\/Spectacle-Anniversaire-enfant-Metz-Nancy-luxembourg.jpg\"><img class=\"wp-image-380 lws-optimize-lazyload\" title=\"Spectacle anniversaire enfant Nancy\"  alt=\"Spectacle anniversaire enfant\" width=\"700\" height=\"195\" \/ data-src=\"https:\/\/www.opalineanimation.com\/Blog_Cie_Opaline\/wp-content\/uploads\/Spectacle-Anniversaire-enfant-Metz-Nancy-luxembourg-e1425919428421.jpg\" srcset=\"https:\/\/www.opalineanimation.com\/Blog_Cie_Opaline\/wp-content\/uploads\/Spectacle-Anniversaire-enfant-Metz-Nancy-luxembourg-e1425919428421.jpg 448w, https:\/\/www.opalineanimation.com\/Blog_Cie_Opaline\/wp-content\/uploads\/Spectacle-Anniversaire-enfant-Metz-Nancy-luxembourg-e1425919428421-300x84.jpg 300w\" sizes=\"(max-width: 700px) 100vw, 700px\" \/><\/a><figcaption id=\"caption-attachment-380\" class=\"wp-caption-text\">Spectacle Anniversaire enfants<\/figcaption><\/figure>\n<p style=\"text-align: justify;\">Teuf&#8230;Teuf&#8230;Teuf ils arrivent !!<\/p>\n<p style=\"text-align: justify;\">Pounky et Jon, deux comp\u00e8res ici r\u00e9unis \u00e0 l&rsquo;occasion de l&rsquo;anniversaire de votre enfant. Deux petites mallettes l&rsquo;accompagne, cependant l\u2019\u00e9conomie de mat\u00e9riel ici ne doit laisser aucun doute sur la qualit\u00e9 de la com\u00e9die loufoque qui va se jouer \u00a0dans quelques instants.<\/p>\n<p style=\"text-align: justify;\">Apr\u00e8s une courte mise en place de 30 minutes qui n\u00e9cessitera votre table, votre chaise et un caf\u00e9, place au spectacle !<\/p>\n<p style=\"text-align: justify;\"><style type=\"text\/css\">.easingslider-1711 { width: 100%; }.easingslider-1711 .easingslider-image { max-height: 400px; max-width: 640px; }.easingslider-1711 .easingslider-fade-in, .easingslider-fade-out { -webkit-animation-duration: 400ms; -moz-animation-duration: 400ms; animation-duration: 400ms; }<\/style><script type=\"text\/javascript\">window.EasingSlider1711 = {\"width\":640,\"height\":400,\"singleItem\":true,\"items\":1,\"itemsDesktop\":false,\"itemsDesktopSmall\":false,\"itemsTablet\":false,\"itemsTabletSmall\":false,\"itemsMobile\":false,\"responsive\":true,\"lazyLoad\":true,\"autoPlay\":4000,\"slideSpeed\":400,\"navigation\":true,\"navigationText\":[\"\",\"\"],\"pagination\":true,\"autoHeight\":false,\"mouseDrag\":false,\"touchDrag\":false,\"addClassActive\":true,\"transitionStyle\":\"fade\"};<\/script><div data-id=\"1711\" class=\"easingslider easingslider-1711 easingslider-container easingslider-full-width easingslider-aspect-ratio easingslider-arrows-inside easingslider-pagination-inside easingslider-pagination-bottom-center\"><div class=\"easingslider-slide\"><img decoding=\"async\" src=\"https:\/\/www.opalineanimation.com\/Blog_Cie_Opaline\/wp-content\/plugins\/easing-slider\/assets\/images\/placeholder-pixel.png\" data-src=\"https:\/\/www.opalineanimation.com\/Blog_Cie_Opaline\/wp-content\/uploads\/Enfants-anniversaire-Nancy.jpg\" alt=\"Anniversaire enfants Nancy\" title=\"Anniversaire enfants Nancy\" class=\"easingslider-image easingslider-lazy\" \/><\/div><div class=\"easingslider-slide\"><a href=\"\" target=\"1\"><img decoding=\"async\" src=\"https:\/\/www.opalineanimation.com\/Blog_Cie_Opaline\/wp-content\/plugins\/easing-slider\/assets\/images\/placeholder-pixel.png\" data-src=\"https:\/\/www.opalineanimation.com\/Blog_Cie_Opaline\/wp-content\/uploads\/Animation-anniversaire-Nancy.jpg\" alt=\"Animation anniversaire Nancy\" title=\"Animation anniversaire Nancy\" class=\"easingslider-image easingslider-lazy\" \/><\/a><\/div><div class=\"easingslider-slide\"><a href=\"\" target=\"1\"><img decoding=\"async\" src=\"https:\/\/www.opalineanimation.com\/Blog_Cie_Opaline\/wp-content\/plugins\/easing-slider\/assets\/images\/placeholder-pixel.png\" data-src=\"https:\/\/www.opalineanimation.com\/Blog_Cie_Opaline\/wp-content\/uploads\/Anniversaire-enfant-Nancy.jpg\" alt=\"Anniversaire enfants Nancy\" title=\"Anniversaire enfants Nancy\" class=\"easingslider-image easingslider-lazy\" \/><\/a><\/div><div class=\"easingslider-slide\"><a href=\"\" target=\"1\"><img decoding=\"async\" src=\"https:\/\/www.opalineanimation.com\/Blog_Cie_Opaline\/wp-content\/plugins\/easing-slider\/assets\/images\/placeholder-pixel.png\" data-src=\"https:\/\/www.opalineanimation.com\/Blog_Cie_Opaline\/wp-content\/uploads\/Anniversaire-animation-nancy.jpg\" alt=\"Animation anniversaire Nancy\" title=\"Animation anniversaire Nancy\" class=\"easingslider-image easingslider-lazy\" \/><\/a><\/div><div class=\"easingslider-slide\"><a href=\"\" target=\"1\"><img decoding=\"async\" src=\"https:\/\/www.opalineanimation.com\/Blog_Cie_Opaline\/wp-content\/plugins\/easing-slider\/assets\/images\/placeholder-pixel.png\" data-src=\"https:\/\/www.opalineanimation.com\/Blog_Cie_Opaline\/wp-content\/uploads\/Anniversaire-EnFant-Nancy.jpg\" alt=\"Anniversaire enfants Nancy\" title=\"Anniversaire enfants Nancy\" class=\"easingslider-image easingslider-lazy\" \/><\/a><\/div><div class=\"easingslider-slide\"><a href=\"\" target=\"1\"><img decoding=\"async\" src=\"https:\/\/www.opalineanimation.com\/Blog_Cie_Opaline\/wp-content\/plugins\/easing-slider\/assets\/images\/placeholder-pixel.png\" data-src=\"https:\/\/www.opalineanimation.com\/Blog_Cie_Opaline\/wp-content\/uploads\/Nancy-Anniversaire-enfants.jpg\" alt=\"Anniversaire enfants Nancy\" title=\"Anniversaire enfants Nancy\" class=\"easingslider-image easingslider-lazy\" \/><\/a><\/div><div class=\"easingslider-slide\"><a href=\"\" target=\"1\"><img decoding=\"async\" src=\"https:\/\/www.opalineanimation.com\/Blog_Cie_Opaline\/wp-content\/plugins\/easing-slider\/assets\/images\/placeholder-pixel.png\" data-src=\"https:\/\/www.opalineanimation.com\/Blog_Cie_Opaline\/wp-content\/uploads\/AnnIversaire-enfants-NANCY.jpg\" alt=\"Anniversaire enfants Nancy\" title=\"Anniversaire enfants Nancy\" class=\"easingslider-image easingslider-lazy\" \/><\/a><\/div><\/div><\/p>\n<p style=\"text-align: justify;\">Jon tente, essaie, s&rsquo;obstine&#8230;rien \u00e0 faire les lapins en mousses lui font faux-bonds. Ces animaux en mousses sortent des oreilles d&rsquo;un enfant, finissent par voyager d&rsquo;une main \u00e0 une autre et disparaissent sous les yeux des enfants. Il semblerait que les \u00e9l\u00e9ments soient contre lui, m\u00eame ses propres tours ! Les cordes, anneaux tout y passe !<\/p>\n<h2 style=\"text-align: justify;\">Heureusement, ou pas, Pounky est bien l\u00e0, lui&#8230;<\/h2>\n<p style=\"text-align: justify;\">La chevelure au vent (pas Jon hein&#8230;), le poil soyeux, et une houppette blanche endiabl\u00e9e. Mais qui est-il ? Un fid\u00e8le compagnon d&rsquo;enfance r\u00e9incarn\u00e9 ici dans le personnage de Pounky. Toutou farceur, peluche anim\u00e9, il intervient \u00e0 plusieurs reprises sur le spectacle pour \u00a0le bonheur des enfants !!!<\/p>\n<figure id=\"attachment_383\" aria-describedby=\"caption-attachment-383\" style=\"width: 350px\" class=\"wp-caption alignleft\"><a href=\"https:\/\/www.opalineanimation.com\/Blog_Cie_Opaline\/wp-content\/uploads\/Spectacle-anniversaire-nancy.jpg\"><img class=\"wp-image-383 lws-optimize-lazyload\"  alt=\"Spectacle anniversaire enfant\" width=\"350\" height=\"467\" \/ data-src=\"https:\/\/www.opalineanimation.com\/Blog_Cie_Opaline\/wp-content\/uploads\/Spectacle-anniversaire-nancy-225x300.jpg\" srcset=\"https:\/\/www.opalineanimation.com\/Blog_Cie_Opaline\/wp-content\/uploads\/Spectacle-anniversaire-nancy-225x300.jpg 225w, https:\/\/www.opalineanimation.com\/Blog_Cie_Opaline\/wp-content\/uploads\/Spectacle-anniversaire-nancy.jpg 720w\" sizes=\"(max-width: 350px) 100vw, 350px\" \/><\/a><figcaption id=\"caption-attachment-383\" class=\"wp-caption-text\">Spectacle anniversaire enfant autour de Metz Nancy<\/figcaption><\/figure>\n<h3 style=\"text-align: justify;\"><span style=\"color: #ff6600;\">Un spectacle de magie d\u00e9licieusement agr\u00e9ment\u00e9\u00a0d&rsquo;humour pour un anniversaire magique ! Il se veut \u00eatre visuel et tr\u00e8s participatif. Cette participation est le moteur de ce spectacle et s&rsquo;accommode des r\u00e9actions de nos \u00ab\u00a0spectateurs-acteurs\u00a0\u00bb.<\/span><\/h3>\n<p style=\"text-align: justify;\">Les adultes ne sont pas en reste et une tentative d&rsquo;hypnose sur le toutou poilu, missionn\u00e9 de retrouver une carte vous sera propos\u00e9 !<\/p>\n<h2 style=\"text-align: justify;\">Notre avis :<\/h2>\n<blockquote>\n<p style=\"text-align: justify;\"><em><strong><span style=\"color: #ff6600;\">Ce spectacle est sympathique ! La participation des enfants durant la prestation ne laisse \u00e9videmment pas la place au doute sur le bonheur qui les animent pendant le show ! Pour un spectacle anniversaire enfants il ne prends que tr\u00e8s peu de place et c&rsquo;est un avantage ! Voil\u00e0 donc un spectacle dr\u00f4le, magique, comique le tout dans un endroit \u00ab\u00a0rikiki\u00a0\u00bb !<\/span><\/strong><\/em><\/p>\n<\/blockquote>\n<h2 style=\"text-align: justify;\">\u00a0La r\u00e9servation c\u2019est par ici !<\/h2>\n<p><em>Le spectacle \u00ab\u00a0Pounky et Cie\u00a0\u00bb\u00a0dur\u00e9e 50 minutes\u00a0<\/em><em>\u2013 tarif 210 euros<\/em><em style=\"line-height: 1.5;\">&#8211;<\/em><\/p>\n<p><em>Le spectacle \u00ab\u00a0Pounky et Cie\u00a0\u00bbdur\u00e9e 50 min + 1 ballon \u00e0 chaque enfant \u2013 tarif 220 euros &#8211;<\/em><\/p>\n<p><strong>Vous souhaitez \u00e9galement prendre une prestation pour les adultes avec un magicien\u00a0? <a href=\"https:\/\/www.opalineanimation.com\/Blog_Cie_Opaline\/magicien-luxembourg\/\">Regarder la page magicien close up, s\u00e9minaire.\u00a0<\/a><\/strong><\/p>\n<p><a href=\"https:\/\/www.opalineanimation.com\/Blog_Cie_Opaline\/magicien-spectacle-enfants-grimages-les-avis-d-opaline-animation\/\">Les avis,<\/a> les photos, commentaires d\u2019autres personnes qui nous ont fait <a href=\"https:\/\/www.facebook.com\/Opaline-Animation-255451761132872\/reviews\/?ref=page_internal\">confiance sur la page facebook ici<\/a>.<\/p>\n<h2 style=\"text-align: left;\"><\/h2>\n<figure id=\"attachment_140\" aria-describedby=\"caption-attachment-140\" style=\"width: 300px\" class=\"wp-caption alignleft\"><a href=\"https:\/\/www.opalineanimation.com\/Blog_Cie_Opaline\/wp-content\/uploads\/Cartes-Opaline-Animation.jpg\"><img class=\"size-medium wp-image-140 lws-optimize-lazyload\"  alt=\"carte de Visite Opaline Animation\" width=\"300\" height=\"200\" \/ data-src=\"https:\/\/www.opalineanimation.com\/Blog_Cie_Opaline\/wp-content\/uploads\/Cartes-Opaline-Animation-300x200.jpg\" srcset=\"https:\/\/www.opalineanimation.com\/Blog_Cie_Opaline\/wp-content\/uploads\/Cartes-Opaline-Animation-300x200.jpg 300w, https:\/\/www.opalineanimation.com\/Blog_Cie_Opaline\/wp-content\/uploads\/Cartes-Opaline-Animation-1024x683.jpg 1024w, https:\/\/www.opalineanimation.com\/Blog_Cie_Opaline\/wp-content\/uploads\/Cartes-Opaline-Animation.jpg 1500w\" sizes=\"(max-width: 300px) 100vw, 300px\" \/><\/a><figcaption id=\"caption-attachment-140\" class=\"wp-caption-text\">Carte de visite Opaline Animation<\/figcaption><\/figure>\n<h2 style=\"text-align: left;\">Contact<\/h2>\n<section class=\"entry\"><\/section>\n<section class=\"entry\"><\/section>\n<section class=\"entry\"><\/section>\n<section class=\"entry\"><\/section>\n<section class=\"entry\"><\/section>\n<section class=\"entry\"><\/section>\n<section class=\"entry\"><\/section>\n<section class=\"entry\"><a title=\"Mail Opaline Animation\" href=\"mailto:infos@opalineanimation.com\">infos@opalineanimation.com<\/a><\/section>\n<section><\/section>\n<section class=\"entry\"><\/section>\n<section class=\"entry\"><a href=\"tel:+33613369642\">Tel : 06 13 36 96 42<\/a><\/section>\n<section class=\"entry\"><\/section>\n<section class=\"entry\"><a title=\"Opaline Animation\" href=\"https:\/\/www.opalineanimation.com\/\">www.opalineanimation.com<\/a><\/section>\n<section class=\"entry\">\n<p style=\"text-align: justify;\">Vous pouvez \u00e9galement utiliser le formulaire de contact ci-dessous en n&rsquo;oubliant pas d&rsquo;indiquer votre num\u00e9ro de t\u00e9l\u00e9phone.<\/p>\n<p style=\"text-align: justify;\">A tr\u00e8s bient\u00f4t !<\/p>\n<p style=\"text-align: left;\">\n<div class=\"wpcf7 no-js\" id=\"wpcf7-f325-o1\" lang=\"fr-FR\" dir=\"ltr\" data-wpcf7-id=\"325\">\n<div class=\"screen-reader-response\"><p role=\"status\" aria-live=\"polite\" aria-atomic=\"true\"><\/p> <ul><\/ul><\/div>\n<form action=\"\/Blog_Cie_Opaline\/wp-json\/wp\/v2\/pages\/372#wpcf7-f325-o1\" method=\"post\" class=\"wpcf7-form init\" aria-label=\"Formulaire de contact\" novalidate=\"novalidate\" data-status=\"init\">\n<fieldset class=\"hidden-fields-container\"><input type=\"hidden\" name=\"_wpcf7\" value=\"325\" \/><input type=\"hidden\" name=\"_wpcf7_version\" value=\"6.1.5\" \/><input type=\"hidden\" name=\"_wpcf7_locale\" value=\"fr_FR\" \/><input type=\"hidden\" name=\"_wpcf7_unit_tag\" value=\"wpcf7-f325-o1\" \/><input type=\"hidden\" name=\"_wpcf7_container_post\" value=\"0\" \/><input type=\"hidden\" name=\"_wpcf7_posted_data_hash\" value=\"\" \/><input type=\"hidden\" name=\"_wpcf7_recaptcha_response\" value=\"\" \/>\n<\/fieldset>\n<p>Votre nom, pr\u00e9nom\n<\/p>\n<p><span class=\"wpcf7-form-control-wrap\" data-name=\"your-name\"><input size=\"40\" maxlength=\"400\" class=\"wpcf7-form-control wpcf7-text wpcf7-validates-as-required\" aria-required=\"true\" aria-invalid=\"false\" value=\"\" type=\"text\" name=\"your-name\" \/><\/span>\n<\/p>\n<p>T\u00e9l\u00e9phone\n<\/p>\n<p><span class=\"wpcf7-form-control-wrap\" data-name=\"tel-904\"><input size=\"40\" maxlength=\"400\" class=\"wpcf7-form-control wpcf7-tel wpcf7-text wpcf7-validates-as-tel Tlphone 2\" id=\"Tlphone1\" aria-invalid=\"false\" value=\"\" type=\"tel\" name=\"tel-904\" \/><\/span>\n<\/p>\n<p>E-mail\n<\/p>\n<p><span class=\"wpcf7-form-control-wrap\" data-name=\"your-email\"><input size=\"40\" maxlength=\"400\" class=\"wpcf7-form-control wpcf7-email wpcf7-validates-as-required wpcf7-text wpcf7-validates-as-email\" aria-required=\"true\" aria-invalid=\"false\" value=\"\" type=\"email\" name=\"your-email\" \/><\/span>\n<\/p>\n<p>Sujet\n<\/p>\n<p><span class=\"wpcf7-form-control-wrap\" data-name=\"your-subject\"><input size=\"40\" maxlength=\"400\" class=\"wpcf7-form-control wpcf7-text\" aria-invalid=\"false\" value=\"\" type=\"text\" name=\"your-subject\" \/><\/span>\n<\/p>\n<p>Votre message\n<\/p>\n<p><span class=\"wpcf7-form-control-wrap\" data-name=\"your-message\"><textarea cols=\"40\" rows=\"10\" maxlength=\"2000\" class=\"wpcf7-form-control wpcf7-textarea\" aria-invalid=\"false\" name=\"your-message\"><\/textarea><\/span>\n<\/p>\n<p><input class=\"wpcf7-form-control wpcf7-submit has-spinner\" type=\"submit\" value=\"Envoyer\" \/> Tous les champs sont obligatoires\n<\/p>\n<div class=\"wpcf7-response-output\" aria-hidden=\"true\"><\/div>\n<\/form>\n<\/div>\n<\/p>\n<\/section>\n<section class=\"entry\"><\/section>\n","protected":false},"excerpt":{"rendered":"<p>F\u00eatez l&rsquo;anniversaire de votre enfant \u00e0 la maison ! A Nancy\u00a0et sur la Lorraine ! Jon magicien de close-up, suite \u00e0 de nombreuses demandes, a cr\u00e9\u00e9 un spectacle de magie [&hellip;]<\/p>\n","protected":false},"author":1,"featured_media":0,"parent":0,"menu_order":0,"comment_status":"closed","ping_status":"closed","template":"","meta":{"footnotes":""},"class_list":["post-372","page","type-page","status-publish","hentry"],"yoast_head":"<!-- This site is optimized with the Yoast SEO plugin v27.4 - https:\/\/yoast.com\/product\/yoast-seo-wordpress\/ -->\n<title>Anniversaire enfant \u00e0 Nancy<\/title>\n<meta name=\"description\" content=\"Pour feter l&#039; anniversaire de votre enfant \u00e0 Nancy et en Meurthe-et-Moselle ! Une animation sur le th\u00e8me de la magie \u00e0 domicile !\" \/>\n<meta name=\"robots\" content=\"index, follow, max-snippet:-1, max-image-preview:large, max-video-preview:-1\" \/>\n<link rel=\"canonical\" href=\"https:\/\/www.opalineanimation.com\/Blog_Cie_Opaline\/spectacle-anniversaire-enfants-nancy\/\" \/>\n<meta property=\"og:locale\" content=\"fr_FR\" \/>\n<meta property=\"og:type\" content=\"article\" \/>\n<meta property=\"og:title\" content=\"Anniversaire enfant \u00e0 Nancy\" \/>\n<meta property=\"og:description\" content=\"Pour feter l&#039; anniversaire de votre enfant \u00e0 Nancy et en Meurthe-et-Moselle ! Une animation sur le th\u00e8me de la magie \u00e0 domicile !\" \/>\n<meta property=\"og:url\" content=\"https:\/\/www.opalineanimation.com\/Blog_Cie_Opaline\/spectacle-anniversaire-enfants-nancy\/\" \/>\n<meta property=\"og:site_name\" content=\"Cie Opaline CLOSE-UP, SPECTACLES ET SERVICES\" \/>\n<meta property=\"article:publisher\" content=\"https:\/\/www.facebook.com\/pages\/Opaline-Animation\/255451761132872\" \/>\n<meta property=\"article:modified_time\" content=\"2021-11-22T10:40:45+00:00\" \/>\n<meta property=\"og:image\" content=\"https:\/\/www.opalineanimation.com\/Blog_Cie_Opaline\/wp-content\/uploads\/Spectacle-Anniversaire-enfant-Metz-Nancy-luxembourg-e1425919428421.jpg\" \/>\n<meta name=\"twitter:label1\" content=\"Dur\u00e9e de lecture estim\u00e9e\" \/>\n\t<meta name=\"twitter:data1\" content=\"3 minutes\" \/>\n<script type=\"application\/ld+json\" class=\"yoast-schema-graph\">{\"@context\":\"https:\\\/\\\/schema.org\",\"@graph\":[{\"@type\":\"WebPage\",\"@id\":\"https:\\\/\\\/www.opalineanimation.com\\\/Blog_Cie_Opaline\\\/spectacle-anniversaire-enfants-nancy\\\/\",\"url\":\"https:\\\/\\\/www.opalineanimation.com\\\/Blog_Cie_Opaline\\\/spectacle-anniversaire-enfants-nancy\\\/\",\"name\":\"Anniversaire enfant \u00e0 Nancy\",\"isPartOf\":{\"@id\":\"https:\\\/\\\/www.opalineanimation.com\\\/Blog_Cie_Opaline\\\/#website\"},\"primaryImageOfPage\":{\"@id\":\"https:\\\/\\\/www.opalineanimation.com\\\/Blog_Cie_Opaline\\\/spectacle-anniversaire-enfants-nancy\\\/#primaryimage\"},\"image\":{\"@id\":\"https:\\\/\\\/www.opalineanimation.com\\\/Blog_Cie_Opaline\\\/spectacle-anniversaire-enfants-nancy\\\/#primaryimage\"},\"thumbnailUrl\":\"https:\\\/\\\/www.opalineanimation.com\\\/Blog_Cie_Opaline\\\/wp-content\\\/uploads\\\/Spectacle-Anniversaire-enfant-Metz-Nancy-luxembourg-e1425919428421.jpg\",\"datePublished\":\"2019-01-14T10:30:29+00:00\",\"dateModified\":\"2021-11-22T10:40:45+00:00\",\"description\":\"Pour feter l' anniversaire de votre enfant \u00e0 Nancy et en Meurthe-et-Moselle ! Une animation sur le th\u00e8me de la magie \u00e0 domicile !\",\"breadcrumb\":{\"@id\":\"https:\\\/\\\/www.opalineanimation.com\\\/Blog_Cie_Opaline\\\/spectacle-anniversaire-enfants-nancy\\\/#breadcrumb\"},\"inLanguage\":\"fr-FR\",\"potentialAction\":[{\"@type\":\"ReadAction\",\"target\":[\"https:\\\/\\\/www.opalineanimation.com\\\/Blog_Cie_Opaline\\\/spectacle-anniversaire-enfants-nancy\\\/\"]}]},{\"@type\":\"ImageObject\",\"inLanguage\":\"fr-FR\",\"@id\":\"https:\\\/\\\/www.opalineanimation.com\\\/Blog_Cie_Opaline\\\/spectacle-anniversaire-enfants-nancy\\\/#primaryimage\",\"url\":\"https:\\\/\\\/www.opalineanimation.com\\\/Blog_Cie_Opaline\\\/wp-content\\\/uploads\\\/Spectacle-Anniversaire-enfant-Metz-Nancy-luxembourg-e1425919428421.jpg\",\"contentUrl\":\"https:\\\/\\\/www.opalineanimation.com\\\/Blog_Cie_Opaline\\\/wp-content\\\/uploads\\\/Spectacle-Anniversaire-enfant-Metz-Nancy-luxembourg-e1425919428421.jpg\",\"width\":448,\"height\":125,\"caption\":\"Spectacle Anniversaire enfants sur le th\u00e8me de la magie et avec une peluche !\"},{\"@type\":\"BreadcrumbList\",\"@id\":\"https:\\\/\\\/www.opalineanimation.com\\\/Blog_Cie_Opaline\\\/spectacle-anniversaire-enfants-nancy\\\/#breadcrumb\",\"itemListElement\":[{\"@type\":\"ListItem\",\"position\":1,\"name\":\"Accueil\",\"item\":\"https:\\\/\\\/www.opalineanimation.com\\\/Blog_Cie_Opaline\\\/\"},{\"@type\":\"ListItem\",\"position\":2,\"name\":\"\u00ab\u00a0Pounky et compagnie\u00a0\u00bb par Jon, un spectacle pour les anniversaires enfants\"}]},{\"@type\":\"WebSite\",\"@id\":\"https:\\\/\\\/www.opalineanimation.com\\\/Blog_Cie_Opaline\\\/#website\",\"url\":\"https:\\\/\\\/www.opalineanimation.com\\\/Blog_Cie_Opaline\\\/\",\"name\":\"Cie Opaline CLOSE-UP, SPECTACLES ET SERVICES\",\"description\":\"Artistes du spectacle \u00e0 Metz, Nancy et Luxembourg\",\"potentialAction\":[{\"@type\":\"SearchAction\",\"target\":{\"@type\":\"EntryPoint\",\"urlTemplate\":\"https:\\\/\\\/www.opalineanimation.com\\\/Blog_Cie_Opaline\\\/?s={search_term_string}\"},\"query-input\":{\"@type\":\"PropertyValueSpecification\",\"valueRequired\":true,\"valueName\":\"search_term_string\"}}],\"inLanguage\":\"fr-FR\"}]}<\/script>\n<!-- \/ Yoast SEO plugin. -->","yoast_head_json":{"title":"Anniversaire enfant \u00e0 Nancy","description":"Pour feter l' anniversaire de votre enfant \u00e0 Nancy et en Meurthe-et-Moselle ! Une animation sur le th\u00e8me de la magie \u00e0 domicile !","robots":{"index":"index","follow":"follow","max-snippet":"max-snippet:-1","max-image-preview":"max-image-preview:large","max-video-preview":"max-video-preview:-1"},"canonical":"https:\/\/www.opalineanimation.com\/Blog_Cie_Opaline\/spectacle-anniversaire-enfants-nancy\/","og_locale":"fr_FR","og_type":"article","og_title":"Anniversaire enfant \u00e0 Nancy","og_description":"Pour feter l' anniversaire de votre enfant \u00e0 Nancy et en Meurthe-et-Moselle ! Une animation sur le th\u00e8me de la magie \u00e0 domicile !","og_url":"https:\/\/www.opalineanimation.com\/Blog_Cie_Opaline\/spectacle-anniversaire-enfants-nancy\/","og_site_name":"Cie Opaline CLOSE-UP, SPECTACLES ET SERVICES","article_publisher":"https:\/\/www.facebook.com\/pages\/Opaline-Animation\/255451761132872","article_modified_time":"2021-11-22T10:40:45+00:00","og_image":[{"url":"https:\/\/www.opalineanimation.com\/Blog_Cie_Opaline\/wp-content\/uploads\/Spectacle-Anniversaire-enfant-Metz-Nancy-luxembourg-e1425919428421.jpg","type":"","width":"","height":""}],"twitter_misc":{"Dur\u00e9e de lecture estim\u00e9e":"3 minutes"},"schema":{"@context":"https:\/\/schema.org","@graph":[{"@type":"WebPage","@id":"https:\/\/www.opalineanimation.com\/Blog_Cie_Opaline\/spectacle-anniversaire-enfants-nancy\/","url":"https:\/\/www.opalineanimation.com\/Blog_Cie_Opaline\/spectacle-anniversaire-enfants-nancy\/","name":"Anniversaire enfant \u00e0 Nancy","isPartOf":{"@id":"https:\/\/www.opalineanimation.com\/Blog_Cie_Opaline\/#website"},"primaryImageOfPage":{"@id":"https:\/\/www.opalineanimation.com\/Blog_Cie_Opaline\/spectacle-anniversaire-enfants-nancy\/#primaryimage"},"image":{"@id":"https:\/\/www.opalineanimation.com\/Blog_Cie_Opaline\/spectacle-anniversaire-enfants-nancy\/#primaryimage"},"thumbnailUrl":"https:\/\/www.opalineanimation.com\/Blog_Cie_Opaline\/wp-content\/uploads\/Spectacle-Anniversaire-enfant-Metz-Nancy-luxembourg-e1425919428421.jpg","datePublished":"2019-01-14T10:30:29+00:00","dateModified":"2021-11-22T10:40:45+00:00","description":"Pour feter l' anniversaire de votre enfant \u00e0 Nancy et en Meurthe-et-Moselle ! Une animation sur le th\u00e8me de la magie \u00e0 domicile !","breadcrumb":{"@id":"https:\/\/www.opalineanimation.com\/Blog_Cie_Opaline\/spectacle-anniversaire-enfants-nancy\/#breadcrumb"},"inLanguage":"fr-FR","potentialAction":[{"@type":"ReadAction","target":["https:\/\/www.opalineanimation.com\/Blog_Cie_Opaline\/spectacle-anniversaire-enfants-nancy\/"]}]},{"@type":"ImageObject","inLanguage":"fr-FR","@id":"https:\/\/www.opalineanimation.com\/Blog_Cie_Opaline\/spectacle-anniversaire-enfants-nancy\/#primaryimage","url":"https:\/\/www.opalineanimation.com\/Blog_Cie_Opaline\/wp-content\/uploads\/Spectacle-Anniversaire-enfant-Metz-Nancy-luxembourg-e1425919428421.jpg","contentUrl":"https:\/\/www.opalineanimation.com\/Blog_Cie_Opaline\/wp-content\/uploads\/Spectacle-Anniversaire-enfant-Metz-Nancy-luxembourg-e1425919428421.jpg","width":448,"height":125,"caption":"Spectacle Anniversaire enfants sur le th\u00e8me de la magie et avec une peluche !"},{"@type":"BreadcrumbList","@id":"https:\/\/www.opalineanimation.com\/Blog_Cie_Opaline\/spectacle-anniversaire-enfants-nancy\/#breadcrumb","itemListElement":[{"@type":"ListItem","position":1,"name":"Accueil","item":"https:\/\/www.opalineanimation.com\/Blog_Cie_Opaline\/"},{"@type":"ListItem","position":2,"name":"\u00ab\u00a0Pounky et compagnie\u00a0\u00bb par Jon, un spectacle pour les anniversaires enfants"}]},{"@type":"WebSite","@id":"https:\/\/www.opalineanimation.com\/Blog_Cie_Opaline\/#website","url":"https:\/\/www.opalineanimation.com\/Blog_Cie_Opaline\/","name":"Cie Opaline CLOSE-UP, SPECTACLES ET SERVICES","description":"Artistes du spectacle \u00e0 Metz, Nancy et Luxembourg","potentialAction":[{"@type":"SearchAction","target":{"@type":"EntryPoint","urlTemplate":"https:\/\/www.opalineanimation.com\/Blog_Cie_Opaline\/?s={search_term_string}"},"query-input":{"@type":"PropertyValueSpecification","valueRequired":true,"valueName":"search_term_string"}}],"inLanguage":"fr-FR"}]}},"_links":{"self":[{"href":"https:\/\/www.opalineanimation.com\/Blog_Cie_Opaline\/wp-json\/wp\/v2\/pages\/372","targetHints":{"allow":["GET"]}}],"collection":[{"href":"https:\/\/www.opalineanimation.com\/Blog_Cie_Opaline\/wp-json\/wp\/v2\/pages"}],"about":[{"href":"https:\/\/www.opalineanimation.com\/Blog_Cie_Opaline\/wp-json\/wp\/v2\/types\/page"}],"author":[{"embeddable":true,"href":"https:\/\/www.opalineanimation.com\/Blog_Cie_Opaline\/wp-json\/wp\/v2\/users\/1"}],"replies":[{"embeddable":true,"href":"https:\/\/www.opalineanimation.com\/Blog_Cie_Opaline\/wp-json\/wp\/v2\/comments?post=372"}],"version-history":[{"count":68,"href":"https:\/\/www.opalineanimation.com\/Blog_Cie_Opaline\/wp-json\/wp\/v2\/pages\/372\/revisions"}],"predecessor-version":[{"id":4850,"href":"https:\/\/www.opalineanimation.com\/Blog_Cie_Opaline\/wp-json\/wp\/v2\/pages\/372\/revisions\/4850"}],"wp:attachment":[{"href":"https:\/\/www.opalineanimation.com\/Blog_Cie_Opaline\/wp-json\/wp\/v2\/media?parent=372"}],"curies":[{"name":"wp","href":"https:\/\/api.w.org\/{rel}","templated":true}]}}