{"id":3316,"date":"2019-01-18T16:42:58","date_gmt":"2019-01-18T14:42:58","guid":{"rendered":"https:\/\/www.opalineanimation.com\/Blog_Cie_Opaline\/?page_id=3316"},"modified":"2019-02-04T13:29:16","modified_gmt":"2019-02-04T11:29:16","slug":"close-up-magicien-metz-nancy-et-luxembourg","status":"publish","type":"page","link":"https:\/\/www.opalineanimation.com\/Blog_Cie_Opaline\/close-up-magicien-metz-nancy-et-luxembourg\/","title":{"rendered":"Close-up : Magicien"},"content":{"rendered":"<blockquote>\n<h1 style=\"text-align: justify;\">Le close-up : micro-magie; magicien sp\u00e9cialis\u00e9 dans le table \u00e0 table !<\/h1>\n<\/blockquote>\n<p style=\"text-align: justify;\"><em>\u00ab\u00a0K\u00e9sako?\u00a0\u00bb<\/em><\/p>\n<p style=\"text-align: justify;\">Un anglicisme de plus, pour d\u00e9signer <strong>un adepte de la magie exer\u00e7ant ses pouvoirs \u00e0 petite distance<\/strong>.<\/p>\n<blockquote>\n<p style=\"text-align: justify;\">Je ne vous parle pas de ces gourous vocif\u00e9rant de mystiques incantations face \u00e0 une poup\u00e9e\u00a0d\u00e9garnie sur son sommet, appelant \u00e0 la r\u00e9g\u00e9n\u00e9ration de vos cellules capillaires. Il n&rsquo;en est pas question ici, m\u00eame\u00a0s&rsquo;il est av\u00e9r\u00e9\u00a0que je me d\u00e9plume quelque peu par-ci par-l\u00e0&#8230;!!<\/p>\n<figure id=\"attachment_2145\" aria-describedby=\"caption-attachment-2145\" style=\"width: 593px\" class=\"wp-caption aligncenter\"><img class=\"wp-image-2145  lws-optimize-lazyload\" title=\"Magicien Metz\"  alt=\"Magicien Metz\" width=\"593\" height=\"396\" \/ data-src=\"https:\/\/www.opalineanimation.com\/Blog_Cie_Opaline\/wp-content\/uploads\/magicien-Metz.jpg\" srcset=\"https:\/\/www.opalineanimation.com\/Blog_Cie_Opaline\/wp-content\/uploads\/magicien-Metz.jpg 600w, https:\/\/www.opalineanimation.com\/Blog_Cie_Opaline\/wp-content\/uploads\/magicien-Metz-300x200.jpg 300w\" sizes=\"(max-width: 593px) 100vw, 593px\" \/><figcaption id=\"caption-attachment-2145\" class=\"wp-caption-text\">Magicien Metz<\/figcaption><\/figure>\n<p><strong><span style=\"color: #ff6600;\">Le close-up\u00a0est une sp\u00e9cialit\u00e9 de la prestidigitation qui consiste \u00e0 r\u00e9aliser les tours de fa\u00e7on tr\u00e8s rapproch\u00e9e.<\/span><\/strong><\/p><\/blockquote>\n<h2 style=\"text-align: justify;\">O\u00f9 si situe la force de cette discipline et pourquoi prendre les services d&rsquo;un magicien en close-up?<\/h2>\n<p style=\"text-align: justify;\">Un <strong>\u00ab\u00a0close-up man\u00a0\u00bb<\/strong> digne de ce nom est une personne travaillant \u00e9norm\u00e9ment ses tours.<\/p>\n<p style=\"text-align: justify;\"><strong>Rien d&rsquo;excellent ne se fait \u00e0 loisir<\/strong> et nous passons de longues heures d&rsquo;entra\u00eenement chaque jours, afin de garder notre niveau et un entra\u00eenement suppl\u00e9mentaire est indispensable \u00e0 la r\u00e9alisation de nouveaux tours ainsi qu&rsquo;\u00e0 son assimilation.<\/p>\n<p style=\"text-align: justify;\">Fort de ce travail effectu\u00e9 en amont, il pourra vous rencontrer \u00e0 table, afin de faire d\u00e9couvrir une partie de son r\u00e9pertoire qu&rsquo;il aura choisi de mettre en avant \u00e0 cette occasion. Car il est bien question de choix ici.<\/p>\n<blockquote>\n<p style=\"text-align: justify;\"><strong>Suivant l&rsquo;ambiance, la situation, les personnes, les supports utilisables, le magicien de close-up pioche \u00e0 l&rsquo;int\u00e9rieur de son r\u00e9pertoire afin de vous faire profiter au mieux de l\u2019interm\u00e8de magique qu&rsquo;il pr\u00e9sente.<\/strong><\/p>\n<\/blockquote>\n<p style=\"text-align: justify;\">L&rsquo;illusion de simplicit\u00e9 lorsque la technique est parfaite cache une r\u00e9elle motivation, un vrai engagement.<\/p>\n<p style=\"text-align: justify;\">Cette prestation <strong>permet de relever l&rsquo;ambiance de votre \u00e9v\u00e9nement<\/strong>. Gr\u00e2ce \u00e0 son pouvoir<strong> interactif<\/strong>, \u00e0 ses effets visuels, la magie permet de cr\u00e9er un <strong>moment fort, une parenth\u00e8se inoubliable<\/strong>.<\/p>\n<p style=\"text-align: justify;\">L&rsquo;histoire narr\u00e9e, l&rsquo;humour employ\u00e9, le jeu int\u00e9rieur du magicien, l&rsquo;anticipation des r\u00e9actions des spectateurs\u00a0sont \u00e0 la disposition du magicien afin de servir le dit \u00ab\u00a0tour de magie\u00a0\u00bb.<\/p>\n<div style=\"text-align: center;\"><iframe style=\"margin: 0 auto;\"  width=\"560\" height=\"315\" frameborder=\"0\" allowfullscreen=\"allowfullscreen\" data-mce-fragment=\"1\" class=\"lws-optimize-lazyload\" data-src=\"https:\/\/www.youtube.com\/embed\/v3y7atgbLdY?rel=0&amp;autoplay=1\"><\/iframe><\/div>\n<blockquote>\n<p style=\"text-align: justify;\"><span style=\"color: #ff6600;\"><strong>On ne parle plus de tours ici, mais d&rsquo;un moment pass\u00e9 en la compagnie d&rsquo;un artiste magicien qui nous propose \u00e0 travers sa sensibilit\u00e9, son regard, de visiter une partie de son univers.<\/strong><\/span><\/p>\n<\/blockquote>\n<p style=\"text-align: justify;\">Vos invit\u00e9s en <strong>conserveront un souvenir. Dr\u00f4le peut-\u00eatre, magique pour certains.<\/strong> Ce qui est s\u00fbr c&rsquo;est qu&rsquo;il en garderont un souvenir intemporel.<\/p>\n<blockquote>\n<h2>La force du close-up repose sur le peu de distance qui vous s\u00e9pare de l&rsquo;artiste. L&rsquo;artiste magicien se fait inconnu un instant, pour devenir\u00a0ami la seconde d\u2019apr\u00e8s.<\/h2>\n<figure id=\"attachment_3938\" aria-describedby=\"caption-attachment-3938\" style=\"width: 452px\" class=\"wp-caption alignleft\"><a href=\"https:\/\/www.opalineanimation.com\/Blog_Cie_Opaline\/close-up-magicien-metz-nancy-et-luxembourg\/magicien-luxembourg-ville-2\/\"><img class=\"wp-image-3938  lws-optimize-lazyload\" title=\"Magicien close-up Aurelien \u00e0 Luxembourg\"  alt=\"Magicien luxembourg\" width=\"452\" height=\"302\" \/ data-src=\"https:\/\/www.opalineanimation.com\/Blog_Cie_Opaline\/wp-content\/uploads\/2019\/02\/Magicien-Luxembourg-ville.jpg\" srcset=\"https:\/\/www.opalineanimation.com\/Blog_Cie_Opaline\/wp-content\/uploads\/2019\/02\/Magicien-Luxembourg-ville.jpg 400w, https:\/\/www.opalineanimation.com\/Blog_Cie_Opaline\/wp-content\/uploads\/2019\/02\/Magicien-Luxembourg-ville-300x200.jpg 300w, https:\/\/www.opalineanimation.com\/Blog_Cie_Opaline\/wp-content\/uploads\/2019\/02\/Magicien-Luxembourg-ville-150x100.jpg 150w, https:\/\/www.opalineanimation.com\/Blog_Cie_Opaline\/wp-content\/uploads\/2019\/02\/Magicien-Luxembourg-ville-100x67.jpg 100w\" sizes=\"(max-width: 452px) 100vw, 452px\" \/><\/a><figcaption id=\"caption-attachment-3938\" class=\"wp-caption-text\">Magicien luxembourg<\/figcaption><\/figure><\/blockquote>\n<h3 style=\"text-align: justify;\"><span style=\"color: #ff6600;\">Le close-up oui mais pour quelle occasion?<\/span><\/h3>\n<p style=\"text-align: justify;\">Notre m\u00e9tier nous am\u00e8ne \u00e0 travailler pour de multiples et diverses occasions. Mariages, anniversaires, repas de fin d&rsquo;ann\u00e9e, mais aussi lors d\u2019\u00e9v\u00e9nements <a href=\"https:\/\/www.opalineanimation.com\/Blog_Cie_Opaline\/magicien-luxembourg\/\">tels que des salons, rencontres sportives, lancements de produits<\/a> (enfin pas trop loin), meeting, enterrement de vie de jeune fille&#8230;(ou vieille)<\/p>\n<p style=\"text-align: justify;\">Il est important de fournir un cadre de travail confortable pour le magicien. Petits fours, champagne, canap\u00e9 mo\u00eblleux&#8230; Non, comprenez plut\u00f4t un environnement propice \u00e0 ce type de prestation. Un volume sonore faible lors de la soir\u00e9e, ou bien \u00e0 certains moments afin de valoriser le travail de l&rsquo;artiste par exemple.<\/p>\n<h3 style=\"text-align: justify;\">\u00a0Je souhaite r\u00e9server les services d&rsquo;un magicien mais qui choisir ?<\/h3>\n<blockquote>\n<h3 style=\"text-align: justify;\">Moi ! Vous ne serez pas d\u00e9\u00e7u.<\/h3>\n<\/blockquote>\n<div style=\"width: 640px;\" class=\"wp-video\"><video class=\"wp-video-shortcode\" id=\"video-3316-1\" width=\"640\" height=\"360\" preload=\"metadata\" controls=\"controls\"><source type=\"video\/mp4\" src=\"https:\/\/www.opalineanimation.com\/Blog_Cie_Opaline\/wp-content\/uploads\/Aurelien-Magicien-Close-up-OpalineAnimation.mp4?_=1\" \/><a href=\"https:\/\/www.opalineanimation.com\/Blog_Cie_Opaline\/wp-content\/uploads\/Aurelien-Magicien-Close-up-OpalineAnimation.mp4\">https:\/\/www.opalineanimation.com\/Blog_Cie_Opaline\/wp-content\/uploads\/Aurelien-Magicien-Close-up-OpalineAnimation.mp4<\/a><\/video><\/div>\n<h4 style=\"text-align: justify;\"><\/h4>\n<h4 style=\"text-align: justify;\">Fuyez les magiciens qui utilisent trop de superlatifs pour parler de leur \u00ab\u00a0gagne-pain\u00a0\u00bb car c&rsquo;est de cela seulement qu&rsquo;il s&rsquo;agit pour eux.<\/h4>\n<p style=\"text-align: justify;\">Un artiste, un vrai cultive de bonnes appr\u00e9ciations autour de lui, veille \u00e0 son image, \u00e0 son int\u00e9grit\u00e9. Il a souvent un site (pas celui avec des \u00e9toiles partout qui sent la poussi\u00e8re, ou qui arrivent en t\u00eate de recherche gr\u00e2ce aux campagnes de pub adword! magie&#8230; sans commentaire) qui lui permet de fournir une vitrine \u00e0 ses clients. Cependant un site ne fait pas tout. Il y a <a title=\"Magicien Close up Opaline Animation\" href=\"https:\/\/www.facebook.com\/pages\/Opaline-Animation\/255451761132872\">Facebook<\/a> pour les commentaires, l&rsquo;actualit\u00e9, la tenue d&rsquo;un blog comme ici&#8230;<\/p>\n<p style=\"text-align: justify;\">Enfin rencontrer\u00a0le magicien afin de discuter de votre \u00e9v\u00e9nement sera une bonne occasion de v\u00e9rifier ses comp\u00e9tences et d&rsquo;appr\u00e9hender son univers.<\/p>\n<h3 style=\"text-align: justify;\">Je souhaite prendre un magicien en close-up combien cela co\u00fbte?<\/h3>\n<h4 style=\"text-align: justify;\"><span style=\"color: #ff6600;\">Un tarif TTC comprend g\u00e9n\u00e9ralement, le d\u00e9placement, les charges de l&rsquo;artiste, l&rsquo;amortissement du mat\u00e9riel utilis\u00e9, la prestation artistique ainsi que les nombreuses heures de r\u00e9p\u00e9tition. Heureusement vous n&rsquo;aurez pas \u00e0 votre charge ces derni\u00e8res dans son int\u00e9gralit\u00e9 ! ouf!<\/span><\/h4>\n<p style=\"text-align: justify;\">Il est difficile de donner un tarif pr\u00e9cis sachant que le magicien adaptera sa proposition \u00e0 la nature de la prestation. Toutefois pour l&rsquo;animation de votre soir\u00e9e un close-up man digne de ce nom demandera un cachet de 400 euros environ qui pourra varier suivant le niveau du magicien. Certains sont des adeptes de la t\u00e9l\u00e9vision et les prix s&rsquo;envolent&#8230; magie !!!<\/p>\n<p style=\"text-align: justify;\">Certains peuvent vous co\u00fbter cher, tr\u00e8s cher, tr\u00e8s tr\u00e8s cher mais en alcool&#8230;Fuyez le clich\u00e9 du \u00ab\u00a0magico-picolo-gauchiste\u00a0\u00bb! Ils sont rares&#8230; mais quand m\u00eame !<\/p>\n<p style=\"text-align: justify;\"><em>\u00ab\u00a0Tu en connais? oui malheureusement\u00a0\u00bb<\/em><\/p>\n<h2>A la Compagnie Opaline<\/h2>\n<p>Nous sommes plusieurs magiciens \u00e0 pouvoir vous fournir une prestation de qualit\u00e9 sans alcool\u00a0autour de\u00a0Metz, Nancy et au Luxembourg,&#8230;enfin juste un !(je parle du verre l\u00e0). \u00a0Chacun son style, son univers. Notre volont\u00e9 est de vous faire passer un excellent moment et cr\u00e9ant des instants de qualit\u00e9 depuis de bien nombreuses ann\u00e9es.<\/p>\n<figure id=\"attachment_140\" aria-describedby=\"caption-attachment-140\" style=\"width: 300px\" class=\"wp-caption alignleft\"><a href=\"https:\/\/www.opalineanimation.com\/Blog_Cie_Opaline\/wp-content\/uploads\/Cartes-Opaline-Animation.jpg\"><img class=\"wp-image-140 size-medium lws-optimize-lazyload\" title=\"Carte de Visite Opaline Animation\"  alt=\"carte de Visite Opaline Animation\" width=\"300\" height=\"200\" \/ data-src=\"https:\/\/www.opalineanimation.com\/Blog_Cie_Opaline\/wp-content\/uploads\/Cartes-Opaline-Animation-300x200.jpg\" srcset=\"https:\/\/www.opalineanimation.com\/Blog_Cie_Opaline\/wp-content\/uploads\/Cartes-Opaline-Animation-300x200.jpg 300w, https:\/\/www.opalineanimation.com\/Blog_Cie_Opaline\/wp-content\/uploads\/Cartes-Opaline-Animation-1024x683.jpg 1024w, https:\/\/www.opalineanimation.com\/Blog_Cie_Opaline\/wp-content\/uploads\/Cartes-Opaline-Animation.jpg 1500w\" sizes=\"(max-width: 300px) 100vw, 300px\" \/><\/a><figcaption id=\"caption-attachment-140\" class=\"wp-caption-text\">Carte de visite Opaline Animation<\/figcaption><\/figure>\n<p><span style=\"text-decoration: underline;\">Pour vous informer<\/span> :<\/p>\n<p>&#8211; <a title=\"Magicien Metz Close-up\" href=\"https:\/\/www.opalineanimation.com\/Magicien_Nancy.html\" target=\"_blank\" rel=\"noopener\">www.opalineanimation.com<\/a><\/p>\n<p>&#8211; par t\u00e9l\u00e9phone : Aur\u00e9lien 06 13 36 96 42<\/p>\n<p>&#8211; mail : <a title=\"Contact Aur\u00e9lien Magicien Close-up\" href=\"mailto:infos@opalineanimation.com\" target=\"_blank\" rel=\"noopener\">infos@opalineanimation.com<\/a><\/p>\n<p>T\u00e9l\u00e9pathie, pigeon voyageur,&#8230;!<\/p>\n<p style=\"text-align: justify;\">Vous pouvez \u00e9galement utiliser le formulaire de contact ci-dessous en n&rsquo;oubliant pas d&rsquo;indiquer votre num\u00e9ro de t\u00e9l\u00e9phone.<\/p>\n<p style=\"text-align: justify;\">A tr\u00e8s bient\u00f4t !<\/p>\n<p style=\"text-align: left;\">\n<div class=\"wpcf7 no-js\" id=\"wpcf7-f325-o1\" lang=\"fr-FR\" dir=\"ltr\" data-wpcf7-id=\"325\">\n<div class=\"screen-reader-response\"><p role=\"status\" aria-live=\"polite\" aria-atomic=\"true\"><\/p> <ul><\/ul><\/div>\n<form action=\"\/Blog_Cie_Opaline\/wp-json\/wp\/v2\/pages\/3316#wpcf7-f325-o1\" method=\"post\" class=\"wpcf7-form init\" aria-label=\"Formulaire de contact\" novalidate=\"novalidate\" data-status=\"init\">\n<fieldset class=\"hidden-fields-container\"><input type=\"hidden\" name=\"_wpcf7\" value=\"325\" \/><input type=\"hidden\" name=\"_wpcf7_version\" value=\"6.1.5\" \/><input type=\"hidden\" name=\"_wpcf7_locale\" value=\"fr_FR\" \/><input type=\"hidden\" name=\"_wpcf7_unit_tag\" value=\"wpcf7-f325-o1\" \/><input type=\"hidden\" name=\"_wpcf7_container_post\" value=\"0\" \/><input type=\"hidden\" name=\"_wpcf7_posted_data_hash\" value=\"\" \/><input type=\"hidden\" name=\"_wpcf7_recaptcha_response\" value=\"\" \/>\n<\/fieldset>\n<p>Votre nom, pr\u00e9nom\n<\/p>\n<p><span class=\"wpcf7-form-control-wrap\" data-name=\"your-name\"><input size=\"40\" maxlength=\"400\" class=\"wpcf7-form-control wpcf7-text wpcf7-validates-as-required\" aria-required=\"true\" aria-invalid=\"false\" value=\"\" type=\"text\" name=\"your-name\" \/><\/span>\n<\/p>\n<p>T\u00e9l\u00e9phone\n<\/p>\n<p><span class=\"wpcf7-form-control-wrap\" data-name=\"tel-904\"><input size=\"40\" maxlength=\"400\" class=\"wpcf7-form-control wpcf7-tel wpcf7-text wpcf7-validates-as-tel Tlphone 2\" id=\"Tlphone1\" aria-invalid=\"false\" value=\"\" type=\"tel\" name=\"tel-904\" \/><\/span>\n<\/p>\n<p>E-mail\n<\/p>\n<p><span class=\"wpcf7-form-control-wrap\" data-name=\"your-email\"><input size=\"40\" maxlength=\"400\" class=\"wpcf7-form-control wpcf7-email wpcf7-validates-as-required wpcf7-text wpcf7-validates-as-email\" aria-required=\"true\" aria-invalid=\"false\" value=\"\" type=\"email\" name=\"your-email\" \/><\/span>\n<\/p>\n<p>Sujet\n<\/p>\n<p><span class=\"wpcf7-form-control-wrap\" data-name=\"your-subject\"><input size=\"40\" maxlength=\"400\" class=\"wpcf7-form-control wpcf7-text\" aria-invalid=\"false\" value=\"\" type=\"text\" name=\"your-subject\" \/><\/span>\n<\/p>\n<p>Votre message\n<\/p>\n<p><span class=\"wpcf7-form-control-wrap\" data-name=\"your-message\"><textarea cols=\"40\" rows=\"10\" maxlength=\"2000\" class=\"wpcf7-form-control wpcf7-textarea\" aria-invalid=\"false\" name=\"your-message\"><\/textarea><\/span>\n<\/p>\n<p><input class=\"wpcf7-form-control wpcf7-submit has-spinner\" type=\"submit\" value=\"Envoyer\" \/> Tous les champs sont obligatoires\n<\/p>\n<div class=\"wpcf7-response-output\" aria-hidden=\"true\"><\/div>\n<\/form>\n<\/div>\n<\/p>\n<p style=\"text-align: left;\"><a href=\"https:\/\/plus.google.com\/u\/0\/103761036760342722091?rel=author\" target=\"_blank\" rel=\"noopener\">Aur\u00e9lien Martin<\/a><\/p>\n","protected":false},"excerpt":{"rendered":"<p>Le close-up : micro-magie; magicien sp\u00e9cialis\u00e9 dans le table \u00e0 table ! \u00ab\u00a0K\u00e9sako?\u00a0\u00bb Un anglicisme de plus, pour d\u00e9signer un adepte de la magie exer\u00e7ant ses pouvoirs \u00e0 petite distance. [&hellip;]<\/p>\n","protected":false},"author":1,"featured_media":0,"parent":0,"menu_order":0,"comment_status":"closed","ping_status":"closed","template":"","meta":{"footnotes":""},"class_list":["post-3316","page","type-page","status-publish","hentry"],"yoast_head":"<!-- This site is optimized with the Yoast SEO plugin v27.5 - https:\/\/yoast.com\/product\/yoast-seo-wordpress\/ -->\n<title>close-up-magicien-metz-nancy-et-luxembourg<\/title>\n<meta name=\"description\" content=\"Magicien close-up sp\u00e9cialis\u00e9 en magie de table en lorraine sur Nancy, Metz et Luxembourg. La magie \u00e0 quelques centim\u00e8tres !!!\" \/>\n<meta name=\"robots\" content=\"index, follow, max-snippet:-1, max-image-preview:large, max-video-preview:-1\" \/>\n<link rel=\"canonical\" href=\"https:\/\/www.opalineanimation.com\/Blog_Cie_Opaline\/close-up-magicien-metz-nancy-et-luxembourg\/\" \/>\n<meta property=\"og:locale\" content=\"fr_FR\" \/>\n<meta property=\"og:type\" content=\"article\" \/>\n<meta property=\"og:title\" content=\"close-up-magicien-metz-nancy-et-luxembourg\" \/>\n<meta property=\"og:description\" content=\"Magicien close-up sp\u00e9cialis\u00e9 en magie de table en lorraine sur Nancy, Metz et Luxembourg. La magie \u00e0 quelques centim\u00e8tres !!!\" \/>\n<meta property=\"og:url\" content=\"https:\/\/www.opalineanimation.com\/Blog_Cie_Opaline\/close-up-magicien-metz-nancy-et-luxembourg\/\" \/>\n<meta property=\"og:site_name\" content=\"Cie Opaline CLOSE-UP, SPECTACLES ET SERVICES\" \/>\n<meta property=\"article:publisher\" content=\"https:\/\/www.facebook.com\/pages\/Opaline-Animation\/255451761132872\" \/>\n<meta property=\"article:modified_time\" content=\"2019-02-04T11:29:16+00:00\" \/>\n<meta property=\"og:image\" content=\"https:\/\/www.opalineanimation.com\/Blog_Cie_Opaline\/wp-content\/uploads\/magicien-Metz.jpg\" \/>\n<meta name=\"twitter:label1\" content=\"Dur\u00e9e de lecture estim\u00e9e\" \/>\n\t<meta name=\"twitter:data1\" content=\"5 minutes\" \/>\n<script type=\"application\/ld+json\" class=\"yoast-schema-graph\">{\"@context\":\"https:\\\/\\\/schema.org\",\"@graph\":[{\"@type\":\"WebPage\",\"@id\":\"https:\\\/\\\/www.opalineanimation.com\\\/Blog_Cie_Opaline\\\/close-up-magicien-metz-nancy-et-luxembourg\\\/\",\"url\":\"https:\\\/\\\/www.opalineanimation.com\\\/Blog_Cie_Opaline\\\/close-up-magicien-metz-nancy-et-luxembourg\\\/\",\"name\":\"close-up-magicien-metz-nancy-et-luxembourg\",\"isPartOf\":{\"@id\":\"https:\\\/\\\/www.opalineanimation.com\\\/Blog_Cie_Opaline\\\/#website\"},\"primaryImageOfPage\":{\"@id\":\"https:\\\/\\\/www.opalineanimation.com\\\/Blog_Cie_Opaline\\\/close-up-magicien-metz-nancy-et-luxembourg\\\/#primaryimage\"},\"image\":{\"@id\":\"https:\\\/\\\/www.opalineanimation.com\\\/Blog_Cie_Opaline\\\/close-up-magicien-metz-nancy-et-luxembourg\\\/#primaryimage\"},\"thumbnailUrl\":\"https:\\\/\\\/www.opalineanimation.com\\\/Blog_Cie_Opaline\\\/wp-content\\\/uploads\\\/magicien-Metz.jpg\",\"datePublished\":\"2019-01-18T14:42:58+00:00\",\"dateModified\":\"2019-02-04T11:29:16+00:00\",\"description\":\"Magicien close-up sp\u00e9cialis\u00e9 en magie de table en lorraine sur Nancy, Metz et Luxembourg. La magie \u00e0 quelques centim\u00e8tres !!!\",\"breadcrumb\":{\"@id\":\"https:\\\/\\\/www.opalineanimation.com\\\/Blog_Cie_Opaline\\\/close-up-magicien-metz-nancy-et-luxembourg\\\/#breadcrumb\"},\"inLanguage\":\"fr-FR\",\"potentialAction\":[{\"@type\":\"ReadAction\",\"target\":[\"https:\\\/\\\/www.opalineanimation.com\\\/Blog_Cie_Opaline\\\/close-up-magicien-metz-nancy-et-luxembourg\\\/\"]}]},{\"@type\":\"ImageObject\",\"inLanguage\":\"fr-FR\",\"@id\":\"https:\\\/\\\/www.opalineanimation.com\\\/Blog_Cie_Opaline\\\/close-up-magicien-metz-nancy-et-luxembourg\\\/#primaryimage\",\"url\":\"https:\\\/\\\/www.opalineanimation.com\\\/Blog_Cie_Opaline\\\/wp-content\\\/uploads\\\/magicien-Metz.jpg\",\"contentUrl\":\"https:\\\/\\\/www.opalineanimation.com\\\/Blog_Cie_Opaline\\\/wp-content\\\/uploads\\\/magicien-Metz.jpg\",\"width\":600,\"height\":400,\"caption\":\"Magicien Metz\"},{\"@type\":\"BreadcrumbList\",\"@id\":\"https:\\\/\\\/www.opalineanimation.com\\\/Blog_Cie_Opaline\\\/close-up-magicien-metz-nancy-et-luxembourg\\\/#breadcrumb\",\"itemListElement\":[{\"@type\":\"ListItem\",\"position\":1,\"name\":\"Accueil\",\"item\":\"https:\\\/\\\/www.opalineanimation.com\\\/Blog_Cie_Opaline\\\/\"},{\"@type\":\"ListItem\",\"position\":2,\"name\":\"Close-up : Magicien\"}]},{\"@type\":\"WebSite\",\"@id\":\"https:\\\/\\\/www.opalineanimation.com\\\/Blog_Cie_Opaline\\\/#website\",\"url\":\"https:\\\/\\\/www.opalineanimation.com\\\/Blog_Cie_Opaline\\\/\",\"name\":\"Cie Opaline CLOSE-UP, SPECTACLES ET SERVICES\",\"description\":\"Artistes du spectacle \u00e0 Metz, Nancy et Luxembourg\",\"potentialAction\":[{\"@type\":\"SearchAction\",\"target\":{\"@type\":\"EntryPoint\",\"urlTemplate\":\"https:\\\/\\\/www.opalineanimation.com\\\/Blog_Cie_Opaline\\\/?s={search_term_string}\"},\"query-input\":{\"@type\":\"PropertyValueSpecification\",\"valueRequired\":true,\"valueName\":\"search_term_string\"}}],\"inLanguage\":\"fr-FR\"}]}<\/script>\n<!-- \/ Yoast SEO plugin. -->","yoast_head_json":{"title":"close-up-magicien-metz-nancy-et-luxembourg","description":"Magicien close-up sp\u00e9cialis\u00e9 en magie de table en lorraine sur Nancy, Metz et Luxembourg. La magie \u00e0 quelques centim\u00e8tres !!!","robots":{"index":"index","follow":"follow","max-snippet":"max-snippet:-1","max-image-preview":"max-image-preview:large","max-video-preview":"max-video-preview:-1"},"canonical":"https:\/\/www.opalineanimation.com\/Blog_Cie_Opaline\/close-up-magicien-metz-nancy-et-luxembourg\/","og_locale":"fr_FR","og_type":"article","og_title":"close-up-magicien-metz-nancy-et-luxembourg","og_description":"Magicien close-up sp\u00e9cialis\u00e9 en magie de table en lorraine sur Nancy, Metz et Luxembourg. La magie \u00e0 quelques centim\u00e8tres !!!","og_url":"https:\/\/www.opalineanimation.com\/Blog_Cie_Opaline\/close-up-magicien-metz-nancy-et-luxembourg\/","og_site_name":"Cie Opaline CLOSE-UP, SPECTACLES ET SERVICES","article_publisher":"https:\/\/www.facebook.com\/pages\/Opaline-Animation\/255451761132872","article_modified_time":"2019-02-04T11:29:16+00:00","og_image":[{"url":"https:\/\/www.opalineanimation.com\/Blog_Cie_Opaline\/wp-content\/uploads\/magicien-Metz.jpg","type":"","width":"","height":""}],"twitter_misc":{"Dur\u00e9e de lecture estim\u00e9e":"5 minutes"},"schema":{"@context":"https:\/\/schema.org","@graph":[{"@type":"WebPage","@id":"https:\/\/www.opalineanimation.com\/Blog_Cie_Opaline\/close-up-magicien-metz-nancy-et-luxembourg\/","url":"https:\/\/www.opalineanimation.com\/Blog_Cie_Opaline\/close-up-magicien-metz-nancy-et-luxembourg\/","name":"close-up-magicien-metz-nancy-et-luxembourg","isPartOf":{"@id":"https:\/\/www.opalineanimation.com\/Blog_Cie_Opaline\/#website"},"primaryImageOfPage":{"@id":"https:\/\/www.opalineanimation.com\/Blog_Cie_Opaline\/close-up-magicien-metz-nancy-et-luxembourg\/#primaryimage"},"image":{"@id":"https:\/\/www.opalineanimation.com\/Blog_Cie_Opaline\/close-up-magicien-metz-nancy-et-luxembourg\/#primaryimage"},"thumbnailUrl":"https:\/\/www.opalineanimation.com\/Blog_Cie_Opaline\/wp-content\/uploads\/magicien-Metz.jpg","datePublished":"2019-01-18T14:42:58+00:00","dateModified":"2019-02-04T11:29:16+00:00","description":"Magicien close-up sp\u00e9cialis\u00e9 en magie de table en lorraine sur Nancy, Metz et Luxembourg. La magie \u00e0 quelques centim\u00e8tres !!!","breadcrumb":{"@id":"https:\/\/www.opalineanimation.com\/Blog_Cie_Opaline\/close-up-magicien-metz-nancy-et-luxembourg\/#breadcrumb"},"inLanguage":"fr-FR","potentialAction":[{"@type":"ReadAction","target":["https:\/\/www.opalineanimation.com\/Blog_Cie_Opaline\/close-up-magicien-metz-nancy-et-luxembourg\/"]}]},{"@type":"ImageObject","inLanguage":"fr-FR","@id":"https:\/\/www.opalineanimation.com\/Blog_Cie_Opaline\/close-up-magicien-metz-nancy-et-luxembourg\/#primaryimage","url":"https:\/\/www.opalineanimation.com\/Blog_Cie_Opaline\/wp-content\/uploads\/magicien-Metz.jpg","contentUrl":"https:\/\/www.opalineanimation.com\/Blog_Cie_Opaline\/wp-content\/uploads\/magicien-Metz.jpg","width":600,"height":400,"caption":"Magicien Metz"},{"@type":"BreadcrumbList","@id":"https:\/\/www.opalineanimation.com\/Blog_Cie_Opaline\/close-up-magicien-metz-nancy-et-luxembourg\/#breadcrumb","itemListElement":[{"@type":"ListItem","position":1,"name":"Accueil","item":"https:\/\/www.opalineanimation.com\/Blog_Cie_Opaline\/"},{"@type":"ListItem","position":2,"name":"Close-up : Magicien"}]},{"@type":"WebSite","@id":"https:\/\/www.opalineanimation.com\/Blog_Cie_Opaline\/#website","url":"https:\/\/www.opalineanimation.com\/Blog_Cie_Opaline\/","name":"Cie Opaline CLOSE-UP, SPECTACLES ET SERVICES","description":"Artistes du spectacle \u00e0 Metz, Nancy et Luxembourg","potentialAction":[{"@type":"SearchAction","target":{"@type":"EntryPoint","urlTemplate":"https:\/\/www.opalineanimation.com\/Blog_Cie_Opaline\/?s={search_term_string}"},"query-input":{"@type":"PropertyValueSpecification","valueRequired":true,"valueName":"search_term_string"}}],"inLanguage":"fr-FR"}]}},"_links":{"self":[{"href":"https:\/\/www.opalineanimation.com\/Blog_Cie_Opaline\/wp-json\/wp\/v2\/pages\/3316","targetHints":{"allow":["GET"]}}],"collection":[{"href":"https:\/\/www.opalineanimation.com\/Blog_Cie_Opaline\/wp-json\/wp\/v2\/pages"}],"about":[{"href":"https:\/\/www.opalineanimation.com\/Blog_Cie_Opaline\/wp-json\/wp\/v2\/types\/page"}],"author":[{"embeddable":true,"href":"https:\/\/www.opalineanimation.com\/Blog_Cie_Opaline\/wp-json\/wp\/v2\/users\/1"}],"replies":[{"embeddable":true,"href":"https:\/\/www.opalineanimation.com\/Blog_Cie_Opaline\/wp-json\/wp\/v2\/comments?post=3316"}],"version-history":[{"count":5,"href":"https:\/\/www.opalineanimation.com\/Blog_Cie_Opaline\/wp-json\/wp\/v2\/pages\/3316\/revisions"}],"predecessor-version":[{"id":3941,"href":"https:\/\/www.opalineanimation.com\/Blog_Cie_Opaline\/wp-json\/wp\/v2\/pages\/3316\/revisions\/3941"}],"wp:attachment":[{"href":"https:\/\/www.opalineanimation.com\/Blog_Cie_Opaline\/wp-json\/wp\/v2\/media?parent=3316"}],"curies":[{"name":"wp","href":"https:\/\/api.w.org\/{rel}","templated":true}]}}