{"id":3081,"date":"2019-05-27T12:00:10","date_gmt":"2019-05-27T10:00:10","guid":{"rendered":"https:\/\/www.opalineanimation.com\/Blog_Cie_Opaline\/?page_id=3081"},"modified":"2019-05-28T16:23:48","modified_gmt":"2019-05-28T14:23:48","slug":"mysterfred-magicien-close-up","status":"publish","type":"page","link":"https:\/\/www.opalineanimation.com\/Blog_Cie_Opaline\/mysterfred-magicien-close-up\/","title":{"rendered":"Myster Fred : Magicien close-up !"},"content":{"rendered":"<h1><span style=\"color: #ff6600;\">Un magicien de talent, en <a href=\"https:\/\/www.opalineanimation.com\/Blog_Cie_Opaline\/close-up-magicien-metz-nancy-et-luxembourg\/\">close-up<\/a>, pour votre \u00e9v\u00e9nement magique ?! Myster Fred<\/span><\/h1>\n<h2>Un repas, une soir\u00e9e ou votre mariage !<\/h2>\n<p style=\"text-align: justify;\">Parce que le souvenir d&rsquo;un magicien permettra de donner le ton \u00e0 votre \u00e9v\u00e9nement, Fr\u00e9d\u00e9ric ou <strong>Myster Fred<\/strong> pour les initi\u00e9s, saura user de son r\u00e9pertoire lors de <a href=\"https:\/\/www.opalineanimation.com\/Blog_Cie_Opaline\/magicien-luxembourg\/\">votre soir\u00e9e, repas ou bien encore mariage<\/a>. Une vid\u00e9o valant mille discours voici pour vous !<\/p>\n<div style=\"width: 1140px;\" class=\"wp-video\"><video class=\"wp-video-shortcode\" id=\"video-3081-1\" width=\"1140\" height=\"641\" autoplay preload=\"auto\" controls=\"controls\"><source type=\"video\/mp4\" src=\"https:\/\/www.opalineanimation.com\/Blog_Cie_Opaline\/wp-content\/uploads\/mysterfred-magicien.mp4?_=1\" \/><a href=\"https:\/\/www.opalineanimation.com\/Blog_Cie_Opaline\/wp-content\/uploads\/mysterfred-magicien.mp4\">https:\/\/www.opalineanimation.com\/Blog_Cie_Opaline\/wp-content\/uploads\/mysterfred-magicien.mp4<\/a><\/video><\/div>\n<h2><\/h2>\n<h2><span style=\"color: #ff6600;\">Metz, Nancy, Luxembourg ainsi qu&rsquo;en Lorraine et pourquoi pas ailleurs.<\/span><\/h2>\n<p>Les heures d&rsquo;entra\u00eenement ne sont plus a compter pour cet artiste qui manipule aussi bien les cordes que les pi\u00e8ces ou les cartes !<\/p>\n<figure id=\"attachment_2307\" aria-describedby=\"caption-attachment-2307\" style=\"width: 475px\" class=\"wp-caption alignleft\"><a href=\"https:\/\/www.opalineanimation.com\/Blog_Cie_Opaline\/mysterfred-magicien-close-up\/mysterfred\/\" rel=\"attachment wp-att-2307\"><img class=\" wp-image-2307 lws-optimize-lazyload\"  alt=\"MysterFred\" width=\"475\" height=\"317\" data-src=\"https:\/\/www.opalineanimation.com\/Blog_Cie_Opaline\/wp-content\/uploads\/MysterFred.jpg\" srcset=\"https:\/\/www.opalineanimation.com\/Blog_Cie_Opaline\/wp-content\/uploads\/MysterFred.jpg 1024w, https:\/\/www.opalineanimation.com\/Blog_Cie_Opaline\/wp-content\/uploads\/MysterFred-300x200.jpg 300w, https:\/\/www.opalineanimation.com\/Blog_Cie_Opaline\/wp-content\/uploads\/MysterFred-768x512.jpg 768w\" sizes=\"(max-width: 475px) 100vw, 475px\" \/><\/a><figcaption id=\"caption-attachment-2307\" class=\"wp-caption-text\">Myster Fred avec des \u00e9lastiques<\/figcaption><\/figure>\n<p style=\"text-align: justify;\">&nbsp;<span style=\"color: #ff6600;\"><strong>S&rsquo;adaptant \u00e0 votre th\u00e8me en piochant dans son r\u00e9pertoire, les tours sont rapides, visuels et interactifs. <\/strong><\/span><\/p>\n<p style=\"text-align: justify;\">Sur cette photo ci-contre lors de la coupe Icare, \u00e0 <em>Saint-Hilaire du Touvet<\/em>, Fred passe aupr\u00e8s des convives cr\u00e9ant des groupes \u00e9ph\u00e9m\u00e8res et des interm\u00e8des o\u00f9 la bonne humeur et l&rsquo;\u00e9tonnement se m\u00ealent !<\/p>\n<p style=\"text-align: justify;\">Fred se d\u00e9place \u00e9galement sur toute la Lorraine et pourquoi pas plus loin en \u00e9change d&rsquo;un bon accueil !<\/p>\n<p>&nbsp;<\/p>\n<figure id=\"attachment_1467\" aria-describedby=\"caption-attachment-1467\" style=\"width: 504px\" class=\"wp-caption alignright\"><a href=\"https:\/\/www.opalineanimation.com\/Blog_Cie_Opaline\/magicien-luxembourg\/magicien-luxembourg-ville\/\" rel=\"attachment wp-att-1467\"><img class=\" wp-image-1467 lws-optimize-lazyload\"  alt=\"Magicien Luxembourg ville repas d'entreprise\" width=\"504\" height=\"336\" data-src=\"https:\/\/www.opalineanimation.com\/Blog_Cie_Opaline\/wp-content\/uploads\/Magicien-Luxembourg-ville.jpg\" srcset=\"https:\/\/www.opalineanimation.com\/Blog_Cie_Opaline\/wp-content\/uploads\/Magicien-Luxembourg-ville.jpg 960w, https:\/\/www.opalineanimation.com\/Blog_Cie_Opaline\/wp-content\/uploads\/Magicien-Luxembourg-ville-300x200.jpg 300w, https:\/\/www.opalineanimation.com\/Blog_Cie_Opaline\/wp-content\/uploads\/Magicien-Luxembourg-ville-768x512.jpg 768w\" sizes=\"(max-width: 504px) 100vw, 504px\" \/><\/a><figcaption id=\"caption-attachment-1467\" class=\"wp-caption-text\">Magicien Luxembourg ville repas d&rsquo;entreprise<\/figcaption><\/figure>\n<h2><span style=\"color: #ff6600;\">R\u00e9servez Fred pour votre <a href=\"https:\/\/www.opalineanimation.com\/Blog_Cie_Opaline\/magicien-luxembourg\/\">mariage<\/a> !<\/span><\/h2>\n<p style=\"text-align: justify;\">Un mariage se pr\u00e9pare plusieurs mois \u00e0 l&rsquo;avance le plus souvent et pour \u00eatre sur que votre date vous permettra de prendre les services de Fred contacter-nous vite !<\/p>\n<p style=\"text-align: justify;\">Nous vous enverrons une ou plusieurs propositions en fonction du nombre d&rsquo;invit\u00e9s, de votre journ\u00e9e et de vos attentes.<\/p>\n<p>&nbsp;<\/p>\n<blockquote>\n<h2>La r\u00e9servation :<\/h2>\n<\/blockquote>\n<p style=\"text-align: justify;\">Vous pouvez \u00e9galement nous t\u00e9l\u00e9phoner, ou nous envoyer un mail (n&rsquo;oubliez pas de mettre votre num\u00e9ro de t\u00e9l\u00e9phone).<\/p>\n<figure id=\"attachment_140\" aria-describedby=\"caption-attachment-140\" style=\"width: 300px\" class=\"wp-caption alignleft\"><a href=\"https:\/\/www.opalineanimation.com\/Blog_Cie_Opaline\/wp-content\/uploads\/Cartes-Opaline-Animation.jpg\"><img class=\"wp-image-140 size-medium lws-optimize-lazyload\" title=\"Magicien Metz\"  alt=\"carte de Visite Opaline Animation\" width=\"300\" height=\"200\" data-src=\"https:\/\/www.opalineanimation.com\/Blog_Cie_Opaline\/wp-content\/uploads\/Cartes-Opaline-Animation-300x200.jpg\" srcset=\"https:\/\/www.opalineanimation.com\/Blog_Cie_Opaline\/wp-content\/uploads\/Cartes-Opaline-Animation-300x200.jpg 300w, https:\/\/www.opalineanimation.com\/Blog_Cie_Opaline\/wp-content\/uploads\/Cartes-Opaline-Animation-1024x683.jpg 1024w, https:\/\/www.opalineanimation.com\/Blog_Cie_Opaline\/wp-content\/uploads\/Cartes-Opaline-Animation.jpg 1500w\" sizes=\"(max-width: 300px) 100vw, 300px\" \/><\/a><figcaption id=\"caption-attachment-140\" class=\"wp-caption-text\">Carte de visite Opaline Animation<\/figcaption><\/figure>\n<p style=\"text-align: justify;\"><a title=\"Mail Opaline Animation\" href=\"mailto:infos@opalineanimation.com\">infos@opalineanimation.com<\/a><\/p>\n<p style=\"text-align: justify;\"><span style=\"text-decoration: underline;\">Tel :<\/span> 06 13 36 96 42<\/p>\n<p style=\"text-align: justify;\">+33 6 13 36 96 42<\/p>\n<p style=\"text-align: justify;\"><a title=\"Opaline Animation\" href=\"https:\/\/www.opalineanimation.com\">www.opalineanimation.com<\/a><\/p>\n<p style=\"text-align: justify;\"><a href=\"https:\/\/www.opalineanimation.com\/Blog_Cie_Opaline\/magicien-spectacle-enfants-grimages-les-avis-d-opaline-animation\/\">Les avis, les photos, commentaires<\/a> d&rsquo;autres personnes qui nous ont fait confiance sur la page facebook ici et <a href=\"https:\/\/www.opalineanimation.com\/Blog_Cie_Opaline\/la-magie-le-close-up-comme-hobbie\/\">si devenir magicien amateur vous interresse c&rsquo;est par ici !<\/a>.<\/p>\n<p style=\"text-align: justify;\">A tr\u00e8s bient\u00f4t !<\/p>\n<p>&nbsp;<\/p>\n<hr>\n<h3 style=\"text-align: left;\"><span style=\"color: #333333;\"><strong>Formulaire de contact, demande de devis, renseignements<\/strong><\/span><\/h3>\n<p class=\"wrapper style4 container\">\n<div class=\"wpcf7 no-js\" id=\"wpcf7-f325-o1\" lang=\"fr-FR\" dir=\"ltr\" data-wpcf7-id=\"325\">\n<div class=\"screen-reader-response\"><p role=\"status\" aria-live=\"polite\" aria-atomic=\"true\"><\/p> <ul><\/ul><\/div>\n<form action=\"\/Blog_Cie_Opaline\/wp-json\/wp\/v2\/pages\/3081#wpcf7-f325-o1\" method=\"post\" class=\"wpcf7-form init\" aria-label=\"Formulaire de contact\" novalidate=\"novalidate\" data-status=\"init\">\n<fieldset class=\"hidden-fields-container\"><input type=\"hidden\" name=\"_wpcf7\" value=\"325\" \/><input type=\"hidden\" name=\"_wpcf7_version\" value=\"6.1.5\" \/><input type=\"hidden\" name=\"_wpcf7_locale\" value=\"fr_FR\" \/><input type=\"hidden\" name=\"_wpcf7_unit_tag\" value=\"wpcf7-f325-o1\" \/><input type=\"hidden\" name=\"_wpcf7_container_post\" value=\"0\" \/><input type=\"hidden\" name=\"_wpcf7_posted_data_hash\" value=\"\" \/><input type=\"hidden\" name=\"_wpcf7_recaptcha_response\" value=\"\" \/>\n<\/fieldset>\n<p>Votre nom, pr\u00e9nom\n<\/p>\n<p><span class=\"wpcf7-form-control-wrap\" data-name=\"your-name\"><input size=\"40\" maxlength=\"400\" class=\"wpcf7-form-control wpcf7-text wpcf7-validates-as-required\" aria-required=\"true\" aria-invalid=\"false\" value=\"\" type=\"text\" name=\"your-name\" \/><\/span>\n<\/p>\n<p>T\u00e9l\u00e9phone\n<\/p>\n<p><span class=\"wpcf7-form-control-wrap\" data-name=\"tel-904\"><input size=\"40\" maxlength=\"400\" class=\"wpcf7-form-control wpcf7-tel wpcf7-text wpcf7-validates-as-tel Tlphone 2\" id=\"Tlphone1\" aria-invalid=\"false\" value=\"\" type=\"tel\" name=\"tel-904\" \/><\/span>\n<\/p>\n<p>E-mail\n<\/p>\n<p><span class=\"wpcf7-form-control-wrap\" data-name=\"your-email\"><input size=\"40\" maxlength=\"400\" class=\"wpcf7-form-control wpcf7-email wpcf7-validates-as-required wpcf7-text wpcf7-validates-as-email\" aria-required=\"true\" aria-invalid=\"false\" value=\"\" type=\"email\" name=\"your-email\" \/><\/span>\n<\/p>\n<p>Sujet\n<\/p>\n<p><span class=\"wpcf7-form-control-wrap\" data-name=\"your-subject\"><input size=\"40\" maxlength=\"400\" class=\"wpcf7-form-control wpcf7-text\" aria-invalid=\"false\" value=\"\" type=\"text\" name=\"your-subject\" \/><\/span>\n<\/p>\n<p>Votre message\n<\/p>\n<p><span class=\"wpcf7-form-control-wrap\" data-name=\"your-message\"><textarea cols=\"40\" rows=\"10\" maxlength=\"2000\" class=\"wpcf7-form-control wpcf7-textarea\" aria-invalid=\"false\" name=\"your-message\"><\/textarea><\/span>\n<\/p>\n<p><input class=\"wpcf7-form-control wpcf7-submit has-spinner\" type=\"submit\" value=\"Envoyer\" \/> Tous les champs sont obligatoires\n<\/p>\n<div class=\"wpcf7-response-output\" aria-hidden=\"true\"><\/div>\n<\/form>\n<\/div>\n<\/p>\n","protected":false},"excerpt":{"rendered":"<p>Un magicien de talent, en close-up, pour votre \u00e9v\u00e9nement magique ?! Myster Fred Un repas, une soir\u00e9e ou votre mariage ! Parce que le souvenir d&rsquo;un magicien permettra de donner [&hellip;]<\/p>\n","protected":false},"author":1,"featured_media":0,"parent":0,"menu_order":0,"comment_status":"closed","ping_status":"closed","template":"","meta":{"footnotes":""},"class_list":["post-3081","page","type-page","status-publish","hentry"],"yoast_head":"<!-- This site is optimized with the Yoast SEO plugin v27.4 - https:\/\/yoast.com\/product\/yoast-seo-wordpress\/ -->\n<title>Myster Fred Magicien<\/title>\n<meta name=\"description\" content=\"Magicien close-up pour votre repas, soir\u00e9e ou mariage en Moselle ! Laissez un souvenir inoubliable et magique \u00e0 vos invit\u00e9s !\" \/>\n<meta name=\"robots\" content=\"index, follow, max-snippet:-1, max-image-preview:large, max-video-preview:-1\" \/>\n<link rel=\"canonical\" href=\"https:\/\/www.opalineanimation.com\/Blog_Cie_Opaline\/mysterfred-magicien-close-up\/\" \/>\n<meta property=\"og:locale\" content=\"fr_FR\" \/>\n<meta property=\"og:type\" content=\"article\" \/>\n<meta property=\"og:title\" content=\"Myster Fred Magicien\" \/>\n<meta property=\"og:description\" content=\"Magicien close-up pour votre repas, soir\u00e9e ou mariage en Moselle ! Laissez un souvenir inoubliable et magique \u00e0 vos invit\u00e9s !\" \/>\n<meta property=\"og:url\" content=\"https:\/\/www.opalineanimation.com\/Blog_Cie_Opaline\/mysterfred-magicien-close-up\/\" \/>\n<meta property=\"og:site_name\" content=\"Cie Opaline CLOSE-UP, SPECTACLES ET SERVICES\" \/>\n<meta property=\"article:publisher\" content=\"https:\/\/www.facebook.com\/pages\/Opaline-Animation\/255451761132872\" \/>\n<meta property=\"article:modified_time\" content=\"2019-05-28T14:23:48+00:00\" \/>\n<meta property=\"og:image\" content=\"https:\/\/www.opalineanimation.com\/Blog_Cie_Opaline\/wp-content\/uploads\/MysterFred.jpg\" \/>\n<meta name=\"twitter:label1\" content=\"Dur\u00e9e de lecture estim\u00e9e\" \/>\n\t<meta name=\"twitter:data1\" content=\"2 minutes\" \/>\n<script type=\"application\/ld+json\" class=\"yoast-schema-graph\">{\"@context\":\"https:\\\/\\\/schema.org\",\"@graph\":[{\"@type\":\"WebPage\",\"@id\":\"https:\\\/\\\/www.opalineanimation.com\\\/Blog_Cie_Opaline\\\/mysterfred-magicien-close-up\\\/\",\"url\":\"https:\\\/\\\/www.opalineanimation.com\\\/Blog_Cie_Opaline\\\/mysterfred-magicien-close-up\\\/\",\"name\":\"Myster Fred Magicien\",\"isPartOf\":{\"@id\":\"https:\\\/\\\/www.opalineanimation.com\\\/Blog_Cie_Opaline\\\/#website\"},\"primaryImageOfPage\":{\"@id\":\"https:\\\/\\\/www.opalineanimation.com\\\/Blog_Cie_Opaline\\\/mysterfred-magicien-close-up\\\/#primaryimage\"},\"image\":{\"@id\":\"https:\\\/\\\/www.opalineanimation.com\\\/Blog_Cie_Opaline\\\/mysterfred-magicien-close-up\\\/#primaryimage\"},\"thumbnailUrl\":\"https:\\\/\\\/www.opalineanimation.com\\\/Blog_Cie_Opaline\\\/wp-content\\\/uploads\\\/MysterFred.jpg\",\"datePublished\":\"2019-05-27T10:00:10+00:00\",\"dateModified\":\"2019-05-28T14:23:48+00:00\",\"description\":\"Magicien close-up pour votre repas, soir\u00e9e ou mariage en Moselle ! Laissez un souvenir inoubliable et magique \u00e0 vos invit\u00e9s !\",\"breadcrumb\":{\"@id\":\"https:\\\/\\\/www.opalineanimation.com\\\/Blog_Cie_Opaline\\\/mysterfred-magicien-close-up\\\/#breadcrumb\"},\"inLanguage\":\"fr-FR\",\"potentialAction\":[{\"@type\":\"ReadAction\",\"target\":[\"https:\\\/\\\/www.opalineanimation.com\\\/Blog_Cie_Opaline\\\/mysterfred-magicien-close-up\\\/\"]}]},{\"@type\":\"ImageObject\",\"inLanguage\":\"fr-FR\",\"@id\":\"https:\\\/\\\/www.opalineanimation.com\\\/Blog_Cie_Opaline\\\/mysterfred-magicien-close-up\\\/#primaryimage\",\"url\":\"https:\\\/\\\/www.opalineanimation.com\\\/Blog_Cie_Opaline\\\/wp-content\\\/uploads\\\/MysterFred.jpg\",\"contentUrl\":\"https:\\\/\\\/www.opalineanimation.com\\\/Blog_Cie_Opaline\\\/wp-content\\\/uploads\\\/MysterFred.jpg\",\"width\":1024,\"height\":683,\"caption\":\"MysterFred\"},{\"@type\":\"BreadcrumbList\",\"@id\":\"https:\\\/\\\/www.opalineanimation.com\\\/Blog_Cie_Opaline\\\/mysterfred-magicien-close-up\\\/#breadcrumb\",\"itemListElement\":[{\"@type\":\"ListItem\",\"position\":1,\"name\":\"Accueil\",\"item\":\"https:\\\/\\\/www.opalineanimation.com\\\/Blog_Cie_Opaline\\\/\"},{\"@type\":\"ListItem\",\"position\":2,\"name\":\"Myster Fred : Magicien close-up !\"}]},{\"@type\":\"WebSite\",\"@id\":\"https:\\\/\\\/www.opalineanimation.com\\\/Blog_Cie_Opaline\\\/#website\",\"url\":\"https:\\\/\\\/www.opalineanimation.com\\\/Blog_Cie_Opaline\\\/\",\"name\":\"Cie Opaline CLOSE-UP, SPECTACLES ET SERVICES\",\"description\":\"Artistes du spectacle \u00e0 Metz, Nancy et Luxembourg\",\"potentialAction\":[{\"@type\":\"SearchAction\",\"target\":{\"@type\":\"EntryPoint\",\"urlTemplate\":\"https:\\\/\\\/www.opalineanimation.com\\\/Blog_Cie_Opaline\\\/?s={search_term_string}\"},\"query-input\":{\"@type\":\"PropertyValueSpecification\",\"valueRequired\":true,\"valueName\":\"search_term_string\"}}],\"inLanguage\":\"fr-FR\"}]}<\/script>\n<!-- \/ Yoast SEO plugin. -->","yoast_head_json":{"title":"Myster Fred Magicien","description":"Magicien close-up pour votre repas, soir\u00e9e ou mariage en Moselle ! Laissez un souvenir inoubliable et magique \u00e0 vos invit\u00e9s !","robots":{"index":"index","follow":"follow","max-snippet":"max-snippet:-1","max-image-preview":"max-image-preview:large","max-video-preview":"max-video-preview:-1"},"canonical":"https:\/\/www.opalineanimation.com\/Blog_Cie_Opaline\/mysterfred-magicien-close-up\/","og_locale":"fr_FR","og_type":"article","og_title":"Myster Fred Magicien","og_description":"Magicien close-up pour votre repas, soir\u00e9e ou mariage en Moselle ! Laissez un souvenir inoubliable et magique \u00e0 vos invit\u00e9s !","og_url":"https:\/\/www.opalineanimation.com\/Blog_Cie_Opaline\/mysterfred-magicien-close-up\/","og_site_name":"Cie Opaline CLOSE-UP, SPECTACLES ET SERVICES","article_publisher":"https:\/\/www.facebook.com\/pages\/Opaline-Animation\/255451761132872","article_modified_time":"2019-05-28T14:23:48+00:00","og_image":[{"url":"https:\/\/www.opalineanimation.com\/Blog_Cie_Opaline\/wp-content\/uploads\/MysterFred.jpg","type":"","width":"","height":""}],"twitter_misc":{"Dur\u00e9e de lecture estim\u00e9e":"2 minutes"},"schema":{"@context":"https:\/\/schema.org","@graph":[{"@type":"WebPage","@id":"https:\/\/www.opalineanimation.com\/Blog_Cie_Opaline\/mysterfred-magicien-close-up\/","url":"https:\/\/www.opalineanimation.com\/Blog_Cie_Opaline\/mysterfred-magicien-close-up\/","name":"Myster Fred Magicien","isPartOf":{"@id":"https:\/\/www.opalineanimation.com\/Blog_Cie_Opaline\/#website"},"primaryImageOfPage":{"@id":"https:\/\/www.opalineanimation.com\/Blog_Cie_Opaline\/mysterfred-magicien-close-up\/#primaryimage"},"image":{"@id":"https:\/\/www.opalineanimation.com\/Blog_Cie_Opaline\/mysterfred-magicien-close-up\/#primaryimage"},"thumbnailUrl":"https:\/\/www.opalineanimation.com\/Blog_Cie_Opaline\/wp-content\/uploads\/MysterFred.jpg","datePublished":"2019-05-27T10:00:10+00:00","dateModified":"2019-05-28T14:23:48+00:00","description":"Magicien close-up pour votre repas, soir\u00e9e ou mariage en Moselle ! Laissez un souvenir inoubliable et magique \u00e0 vos invit\u00e9s !","breadcrumb":{"@id":"https:\/\/www.opalineanimation.com\/Blog_Cie_Opaline\/mysterfred-magicien-close-up\/#breadcrumb"},"inLanguage":"fr-FR","potentialAction":[{"@type":"ReadAction","target":["https:\/\/www.opalineanimation.com\/Blog_Cie_Opaline\/mysterfred-magicien-close-up\/"]}]},{"@type":"ImageObject","inLanguage":"fr-FR","@id":"https:\/\/www.opalineanimation.com\/Blog_Cie_Opaline\/mysterfred-magicien-close-up\/#primaryimage","url":"https:\/\/www.opalineanimation.com\/Blog_Cie_Opaline\/wp-content\/uploads\/MysterFred.jpg","contentUrl":"https:\/\/www.opalineanimation.com\/Blog_Cie_Opaline\/wp-content\/uploads\/MysterFred.jpg","width":1024,"height":683,"caption":"MysterFred"},{"@type":"BreadcrumbList","@id":"https:\/\/www.opalineanimation.com\/Blog_Cie_Opaline\/mysterfred-magicien-close-up\/#breadcrumb","itemListElement":[{"@type":"ListItem","position":1,"name":"Accueil","item":"https:\/\/www.opalineanimation.com\/Blog_Cie_Opaline\/"},{"@type":"ListItem","position":2,"name":"Myster Fred : Magicien close-up !"}]},{"@type":"WebSite","@id":"https:\/\/www.opalineanimation.com\/Blog_Cie_Opaline\/#website","url":"https:\/\/www.opalineanimation.com\/Blog_Cie_Opaline\/","name":"Cie Opaline CLOSE-UP, SPECTACLES ET SERVICES","description":"Artistes du spectacle \u00e0 Metz, Nancy et Luxembourg","potentialAction":[{"@type":"SearchAction","target":{"@type":"EntryPoint","urlTemplate":"https:\/\/www.opalineanimation.com\/Blog_Cie_Opaline\/?s={search_term_string}"},"query-input":{"@type":"PropertyValueSpecification","valueRequired":true,"valueName":"search_term_string"}}],"inLanguage":"fr-FR"}]}},"_links":{"self":[{"href":"https:\/\/www.opalineanimation.com\/Blog_Cie_Opaline\/wp-json\/wp\/v2\/pages\/3081","targetHints":{"allow":["GET"]}}],"collection":[{"href":"https:\/\/www.opalineanimation.com\/Blog_Cie_Opaline\/wp-json\/wp\/v2\/pages"}],"about":[{"href":"https:\/\/www.opalineanimation.com\/Blog_Cie_Opaline\/wp-json\/wp\/v2\/types\/page"}],"author":[{"embeddable":true,"href":"https:\/\/www.opalineanimation.com\/Blog_Cie_Opaline\/wp-json\/wp\/v2\/users\/1"}],"replies":[{"embeddable":true,"href":"https:\/\/www.opalineanimation.com\/Blog_Cie_Opaline\/wp-json\/wp\/v2\/comments?post=3081"}],"version-history":[{"count":3,"href":"https:\/\/www.opalineanimation.com\/Blog_Cie_Opaline\/wp-json\/wp\/v2\/pages\/3081\/revisions"}],"predecessor-version":[{"id":4351,"href":"https:\/\/www.opalineanimation.com\/Blog_Cie_Opaline\/wp-json\/wp\/v2\/pages\/3081\/revisions\/4351"}],"wp:attachment":[{"href":"https:\/\/www.opalineanimation.com\/Blog_Cie_Opaline\/wp-json\/wp\/v2\/media?parent=3081"}],"curies":[{"name":"wp","href":"https:\/\/api.w.org\/{rel}","templated":true}]}}