{"id":3074,"date":"2019-01-15T19:08:44","date_gmt":"2019-01-15T17:08:44","guid":{"rendered":"https:\/\/www.opalineanimation.com\/Blog_Cie_Opaline\/?page_id=3074"},"modified":"2019-01-18T20:56:42","modified_gmt":"2019-01-18T18:56:42","slug":"jon-spade-magicien","status":"publish","type":"page","link":"https:\/\/www.opalineanimation.com\/Blog_Cie_Opaline\/jon-spade-magicien\/","title":{"rendered":"Jon Spade : La magie au bout des doigts !"},"content":{"rendered":"<h1><span style=\"color: #ff6600;\">Besoin d&rsquo;un magicien sympathique et professionnel ?! JON SPADE bien sur !<\/span><\/h1>\n<p style=\"text-align: justify;\">Parce que c&rsquo;est une passion avant d&rsquo;\u00eatre un m\u00e9tier et qu&rsquo;il fait partie de ces amoureux de la magie, Jon saura participer activement \u00e0 la r\u00e9ussite de votre soir\u00e9e ou repas !<\/p>\n<p style=\"text-align: justify;\">Voila maintenant <strong>plus de 15 ans<\/strong> que ce monsieur travaille dans le but de vous \u00e9merveiller et de vous surprendre !<\/p>\n<ul>\n<li style=\"text-align: justify;\"><em>\u00ab\u00a0Un ami fid\u00e8le, \u00e0 nos cot\u00e9s depuis des ann\u00e9es, lorsque le besoin d&rsquo;un deuxi\u00e8me magicien sur une prestation est plus que n\u00e9cessaire, c&rsquo;est \u00e0 lui que nous pensons.\u00a0\u00bb<\/em><\/li>\n<\/ul>\n<h2><span style=\"color: #ff6600;\">Son passage magique, \u00e0 Mirabelle TV<\/span><\/h2>\n<div style=\"text-align: center;\"><iframe style=\"margin: 0 auto;\"  width=\"560\" height=\"315\" frameborder=\"0\" allowfullscreen=\"allowfullscreen\" data-mce-fragment=\"1\" class=\"lws-optimize-lazyload\" data-src=\"https:\/\/www.youtube.com\/embed\/d2tkIJUqu9Q?rel=0&amp;autoplay=1\"><\/iframe><\/div>\n<div style=\"text-align: center;\"><\/div>\n<blockquote>\n<h2>Une animation magique pour votre repas d&rsquo;entreprise !<\/h2>\n<\/blockquote>\n<figure id=\"attachment_2353\" aria-describedby=\"caption-attachment-2353\" style=\"width: 330px\" class=\"wp-caption alignright\"><a href=\"https:\/\/www.opalineanimation.com\/Blog_Cie_Opaline\/jon-spade-magicien\/jon_spade-2\/\" rel=\"attachment wp-att-2353\"><img class=\" wp-image-2353 lws-optimize-lazyload\"  alt=\"Jon spade magicien\" width=\"330\" height=\"493\" data-src=\"https:\/\/www.opalineanimation.com\/Blog_Cie_Opaline\/wp-content\/uploads\/Jon_Spade.jpg\" srcset=\"https:\/\/www.opalineanimation.com\/Blog_Cie_Opaline\/wp-content\/uploads\/Jon_Spade.jpg 500w, https:\/\/www.opalineanimation.com\/Blog_Cie_Opaline\/wp-content\/uploads\/Jon_Spade-201x300.jpg 201w\" sizes=\"(max-width: 330px) 100vw, 330px\" \/><\/a><figcaption id=\"caption-attachment-2353\" class=\"wp-caption-text\">Jon Spade magicien de tous les instants<\/figcaption><\/figure>\n<h2><span style=\"color: #ff6600;\">Le close-up se met \u00e0 table<\/span><\/h2>\n<p style=\"text-align: justify;\">Les tours qu&rsquo;il affectionnent sont en trop grand nombre et c&rsquo;est avec choix et pr\u00e9caution, qu&rsquo;il d\u00e9terminera les tours qui seront pr\u00e9sent\u00e9s lors de votre <strong>repas d&rsquo;entreprise ou toute autre soir\u00e9e<\/strong>.<\/p>\n<p style=\"text-align: justify;\">Ils doivent se succ\u00e9der dans un ordre pr\u00e9cis afin de <b>piquer la curiosit\u00e9s&nbsp;des invit\u00e9s tout en les surprenant<\/b>, afin de leur laisser un souvenir magique.<\/p>\n<h2 style=\"text-align: justify;\"><span style=\"color: #ff6600;\">Beaucoup d&rsquo;humour, beaucoup d&rsquo;amour avec Jon !<\/span><\/h2>\n<p style=\"text-align: justify;\">S&rsquo;il ne fallait citer qu&rsquo;une seule qualit\u00e9 de ce personnage, nous choisissons <strong>sa bonne humeur<\/strong>. Celle-ci, est la sienne en particulier, le caract\u00e9rise \u00e0 merveille.<\/p>\n<p style=\"text-align: justify;\">Le rire fait parti des son \u00ab\u00a0attirail magique\u00a0\u00bb r\u00e9v\u00e9lant ci et la, les num\u00e9ros pr\u00e9sent\u00e9s \u00e0 tables.<\/p>\n<figure id=\"attachment_2351\" aria-describedby=\"caption-attachment-2351\" style=\"width: 456px\" class=\"wp-caption alignleft\"><a href=\"https:\/\/www.opalineanimation.com\/Blog_Cie_Opaline\/jon-spade-magicien\/jon_spade\/\" rel=\"attachment wp-att-2351\"><img class=\" wp-image-2351 lws-optimize-lazyload\"  alt=\"Jon Spade Magicien\" width=\"456\" height=\"342\" data-src=\"https:\/\/www.opalineanimation.com\/Blog_Cie_Opaline\/wp-content\/uploads\/JON_SPADE.jpg\" srcset=\"https:\/\/www.opalineanimation.com\/Blog_Cie_Opaline\/wp-content\/uploads\/JON_SPADE.jpg 700w, https:\/\/www.opalineanimation.com\/Blog_Cie_Opaline\/wp-content\/uploads\/JON_SPADE-300x225.jpg 300w\" sizes=\"(max-width: 456px) 100vw, 456px\" \/><\/a><figcaption id=\"caption-attachment-2351\" class=\"wp-caption-text\">Jon Spade magicien<\/figcaption><\/figure>\n<h2><span style=\"color: #ff6600;\">Alors Jon Spade, Why not ?!<\/span><\/h2>\n<p style=\"text-align: justify;\">Parce que la langue de&nbsp;<strong><em>Shakespeare<\/em><\/strong> n&rsquo;a plus aucun secret pour lui, Jon peut \u00e9galement <strong>pr\u00e9senter ses tours dans un anglais impeccable<\/strong>.<\/p>\n<p style=\"text-align: justify;\">R\u00e9unissant ses deux m\u00e9tiers, il est le plus a m\u00eame de la Compagnie \u00e0 <strong>divertir une client\u00e8le internationale<\/strong> ou bien pour officier au <strong>Luxembourg<\/strong>.<\/p>\n<h2>La r\u00e9servation :<\/h2>\n<p style=\"text-align: justify;\">Vous pouvez \u00e9galement nous t\u00e9l\u00e9phoner, ou nous envoyer un mail (n&rsquo;oubliez pas de mettre votre num\u00e9ro de t\u00e9l\u00e9phone).<\/p>\n<figure id=\"attachment_140\" aria-describedby=\"caption-attachment-140\" style=\"width: 300px\" class=\"wp-caption alignleft\"><a href=\"https:\/\/www.opalineanimation.com\/Blog_Cie_Opaline\/wp-content\/uploads\/Cartes-Opaline-Animation.jpg\"><img class=\"wp-image-140 size-medium lws-optimize-lazyload\" title=\"Magicien Metz\"  alt=\"carte de Visite Opaline Animation\" width=\"300\" height=\"200\" data-src=\"https:\/\/www.opalineanimation.com\/Blog_Cie_Opaline\/wp-content\/uploads\/Cartes-Opaline-Animation-300x200.jpg\" srcset=\"https:\/\/www.opalineanimation.com\/Blog_Cie_Opaline\/wp-content\/uploads\/Cartes-Opaline-Animation-300x200.jpg 300w, https:\/\/www.opalineanimation.com\/Blog_Cie_Opaline\/wp-content\/uploads\/Cartes-Opaline-Animation-1024x683.jpg 1024w, https:\/\/www.opalineanimation.com\/Blog_Cie_Opaline\/wp-content\/uploads\/Cartes-Opaline-Animation.jpg 1500w\" sizes=\"(max-width: 300px) 100vw, 300px\" \/><\/a><figcaption id=\"caption-attachment-140\" class=\"wp-caption-text\">Carte de visite Opaline Animation<\/figcaption><\/figure>\n<p style=\"text-align: justify;\"><a title=\"Mail Opaline Animation\" href=\"mailto:infos@opalineanimation.com\">infos@opalineanimation.com<\/a><\/p>\n<p style=\"text-align: justify;\"><span style=\"text-decoration: underline;\">Tel :<\/span> 06 13 36 96 42<\/p>\n<p style=\"text-align: justify;\">+33 6 13 36 96 42<\/p>\n<p style=\"text-align: justify;\"><a title=\"Opaline Animation\" href=\"https:\/\/www.opalineanimation.com\">www.opalineanimation.com<\/a><\/p>\n<p style=\"text-align: justify;\"><a href=\"https:\/\/www.opalineanimation.com\/Blog_Cie_Opaline\/magicien-spectacle-enfants-grimages-les-avis-d-opaline-animation\/\">Les avis, les photos, commentaires<\/a> d&rsquo;autres personnes qui nous ont fait confiance sur la<a href=\"https:\/\/fr-fr.facebook.com\/OpalineAnimation\/\"> page facebook ici&nbsp;<\/a><\/p>\n<p style=\"text-align: justify;\">A tr\u00e8s bient\u00f4t !<\/p>\n<hr>\n<h3 style=\"text-align: left;\"><span style=\"color: #333333;\"><strong>Formulaire de contact, demande de devis, renseignements<\/strong><\/span><\/h3>\n<p class=\"wrapper style4 container\">\n<div class=\"wpcf7 no-js\" id=\"wpcf7-f325-o1\" lang=\"fr-FR\" dir=\"ltr\" data-wpcf7-id=\"325\">\n<div class=\"screen-reader-response\"><p role=\"status\" aria-live=\"polite\" aria-atomic=\"true\"><\/p> <ul><\/ul><\/div>\n<form action=\"\/Blog_Cie_Opaline\/wp-json\/wp\/v2\/pages\/3074#wpcf7-f325-o1\" method=\"post\" class=\"wpcf7-form init\" aria-label=\"Formulaire de contact\" novalidate=\"novalidate\" data-status=\"init\">\n<fieldset class=\"hidden-fields-container\"><input type=\"hidden\" name=\"_wpcf7\" value=\"325\" \/><input type=\"hidden\" name=\"_wpcf7_version\" value=\"6.1.5\" \/><input type=\"hidden\" name=\"_wpcf7_locale\" value=\"fr_FR\" \/><input type=\"hidden\" name=\"_wpcf7_unit_tag\" value=\"wpcf7-f325-o1\" \/><input type=\"hidden\" name=\"_wpcf7_container_post\" value=\"0\" \/><input type=\"hidden\" name=\"_wpcf7_posted_data_hash\" value=\"\" \/><input type=\"hidden\" name=\"_wpcf7_recaptcha_response\" value=\"\" \/>\n<\/fieldset>\n<p>Votre nom, pr\u00e9nom\n<\/p>\n<p><span class=\"wpcf7-form-control-wrap\" data-name=\"your-name\"><input size=\"40\" maxlength=\"400\" class=\"wpcf7-form-control wpcf7-text wpcf7-validates-as-required\" aria-required=\"true\" aria-invalid=\"false\" value=\"\" type=\"text\" name=\"your-name\" \/><\/span>\n<\/p>\n<p>T\u00e9l\u00e9phone\n<\/p>\n<p><span class=\"wpcf7-form-control-wrap\" data-name=\"tel-904\"><input size=\"40\" maxlength=\"400\" class=\"wpcf7-form-control wpcf7-tel wpcf7-text wpcf7-validates-as-tel Tlphone 2\" id=\"Tlphone1\" aria-invalid=\"false\" value=\"\" type=\"tel\" name=\"tel-904\" \/><\/span>\n<\/p>\n<p>E-mail\n<\/p>\n<p><span class=\"wpcf7-form-control-wrap\" data-name=\"your-email\"><input size=\"40\" maxlength=\"400\" class=\"wpcf7-form-control wpcf7-email wpcf7-validates-as-required wpcf7-text wpcf7-validates-as-email\" aria-required=\"true\" aria-invalid=\"false\" value=\"\" type=\"email\" name=\"your-email\" \/><\/span>\n<\/p>\n<p>Sujet\n<\/p>\n<p><span class=\"wpcf7-form-control-wrap\" data-name=\"your-subject\"><input size=\"40\" maxlength=\"400\" class=\"wpcf7-form-control wpcf7-text\" aria-invalid=\"false\" value=\"\" type=\"text\" name=\"your-subject\" \/><\/span>\n<\/p>\n<p>Votre message\n<\/p>\n<p><span class=\"wpcf7-form-control-wrap\" data-name=\"your-message\"><textarea cols=\"40\" rows=\"10\" maxlength=\"2000\" class=\"wpcf7-form-control wpcf7-textarea\" aria-invalid=\"false\" name=\"your-message\"><\/textarea><\/span>\n<\/p>\n<p><input class=\"wpcf7-form-control wpcf7-submit has-spinner\" type=\"submit\" value=\"Envoyer\" \/> Tous les champs sont obligatoires\n<\/p>\n<div class=\"wpcf7-response-output\" aria-hidden=\"true\"><\/div>\n<\/form>\n<\/div>\n<\/p>\n","protected":false},"excerpt":{"rendered":"<p>Besoin d&rsquo;un magicien sympathique et professionnel ?! JON SPADE bien sur ! Parce que c&rsquo;est une passion avant d&rsquo;\u00eatre un m\u00e9tier et qu&rsquo;il fait partie de ces amoureux de la [&hellip;]<\/p>\n","protected":false},"author":1,"featured_media":0,"parent":0,"menu_order":0,"comment_status":"closed","ping_status":"closed","template":"","meta":{"footnotes":""},"class_list":["post-3074","page","type-page","status-publish","hentry"],"yoast_head":"<!-- This site is optimized with the Yoast SEO plugin v27.5 - https:\/\/yoast.com\/product\/yoast-seo-wordpress\/ -->\n<title>JON SPADE Magicien<\/title>\n<meta name=\"description\" content=\"Magicien passionn\u00e9 depuis plus de 15 ans, Jon Spade vous fera d\u00e9couvrir son univers magique pour animer votre repas, soir\u00e9e priv\u00e9e ou mariage\" \/>\n<meta name=\"robots\" content=\"index, follow, max-snippet:-1, max-image-preview:large, max-video-preview:-1\" \/>\n<link rel=\"canonical\" href=\"https:\/\/www.opalineanimation.com\/Blog_Cie_Opaline\/jon-spade-magicien\/\" \/>\n<meta property=\"og:locale\" content=\"fr_FR\" \/>\n<meta property=\"og:type\" content=\"article\" \/>\n<meta property=\"og:title\" content=\"JON SPADE Magicien\" \/>\n<meta property=\"og:description\" content=\"Magicien passionn\u00e9 depuis plus de 15 ans, Jon Spade vous fera d\u00e9couvrir son univers magique pour animer votre repas, soir\u00e9e priv\u00e9e ou mariage\" \/>\n<meta property=\"og:url\" content=\"https:\/\/www.opalineanimation.com\/Blog_Cie_Opaline\/jon-spade-magicien\/\" \/>\n<meta property=\"og:site_name\" content=\"Cie Opaline CLOSE-UP, SPECTACLES ET SERVICES\" \/>\n<meta property=\"article:publisher\" content=\"https:\/\/www.facebook.com\/pages\/Opaline-Animation\/255451761132872\" \/>\n<meta property=\"article:modified_time\" content=\"2019-01-18T18:56:42+00:00\" \/>\n<meta property=\"og:image\" content=\"https:\/\/www.opalineanimation.com\/Blog_Cie_Opaline\/wp-content\/uploads\/Jon_Spade.jpg\" \/>\n<meta name=\"twitter:label1\" content=\"Dur\u00e9e de lecture estim\u00e9e\" \/>\n\t<meta name=\"twitter:data1\" content=\"2 minutes\" \/>\n<script type=\"application\/ld+json\" class=\"yoast-schema-graph\">{\"@context\":\"https:\\\/\\\/schema.org\",\"@graph\":[{\"@type\":\"WebPage\",\"@id\":\"https:\\\/\\\/www.opalineanimation.com\\\/Blog_Cie_Opaline\\\/jon-spade-magicien\\\/\",\"url\":\"https:\\\/\\\/www.opalineanimation.com\\\/Blog_Cie_Opaline\\\/jon-spade-magicien\\\/\",\"name\":\"JON SPADE Magicien\",\"isPartOf\":{\"@id\":\"https:\\\/\\\/www.opalineanimation.com\\\/Blog_Cie_Opaline\\\/#website\"},\"primaryImageOfPage\":{\"@id\":\"https:\\\/\\\/www.opalineanimation.com\\\/Blog_Cie_Opaline\\\/jon-spade-magicien\\\/#primaryimage\"},\"image\":{\"@id\":\"https:\\\/\\\/www.opalineanimation.com\\\/Blog_Cie_Opaline\\\/jon-spade-magicien\\\/#primaryimage\"},\"thumbnailUrl\":\"https:\\\/\\\/www.opalineanimation.com\\\/Blog_Cie_Opaline\\\/wp-content\\\/uploads\\\/Jon_Spade.jpg\",\"datePublished\":\"2019-01-15T17:08:44+00:00\",\"dateModified\":\"2019-01-18T18:56:42+00:00\",\"description\":\"Magicien passionn\u00e9 depuis plus de 15 ans, Jon Spade vous fera d\u00e9couvrir son univers magique pour animer votre repas, soir\u00e9e priv\u00e9e ou mariage\",\"breadcrumb\":{\"@id\":\"https:\\\/\\\/www.opalineanimation.com\\\/Blog_Cie_Opaline\\\/jon-spade-magicien\\\/#breadcrumb\"},\"inLanguage\":\"fr-FR\",\"potentialAction\":[{\"@type\":\"ReadAction\",\"target\":[\"https:\\\/\\\/www.opalineanimation.com\\\/Blog_Cie_Opaline\\\/jon-spade-magicien\\\/\"]}]},{\"@type\":\"ImageObject\",\"inLanguage\":\"fr-FR\",\"@id\":\"https:\\\/\\\/www.opalineanimation.com\\\/Blog_Cie_Opaline\\\/jon-spade-magicien\\\/#primaryimage\",\"url\":\"https:\\\/\\\/www.opalineanimation.com\\\/Blog_Cie_Opaline\\\/wp-content\\\/uploads\\\/Jon_Spade.jpg\",\"contentUrl\":\"https:\\\/\\\/www.opalineanimation.com\\\/Blog_Cie_Opaline\\\/wp-content\\\/uploads\\\/Jon_Spade.jpg\",\"width\":500,\"height\":747,\"caption\":\"Jon Spade magicien de tous les instants\"},{\"@type\":\"BreadcrumbList\",\"@id\":\"https:\\\/\\\/www.opalineanimation.com\\\/Blog_Cie_Opaline\\\/jon-spade-magicien\\\/#breadcrumb\",\"itemListElement\":[{\"@type\":\"ListItem\",\"position\":1,\"name\":\"Accueil\",\"item\":\"https:\\\/\\\/www.opalineanimation.com\\\/Blog_Cie_Opaline\\\/\"},{\"@type\":\"ListItem\",\"position\":2,\"name\":\"Jon Spade : La magie au bout des doigts !\"}]},{\"@type\":\"WebSite\",\"@id\":\"https:\\\/\\\/www.opalineanimation.com\\\/Blog_Cie_Opaline\\\/#website\",\"url\":\"https:\\\/\\\/www.opalineanimation.com\\\/Blog_Cie_Opaline\\\/\",\"name\":\"Cie Opaline CLOSE-UP, SPECTACLES ET SERVICES\",\"description\":\"Artistes du spectacle \u00e0 Metz, Nancy et Luxembourg\",\"potentialAction\":[{\"@type\":\"SearchAction\",\"target\":{\"@type\":\"EntryPoint\",\"urlTemplate\":\"https:\\\/\\\/www.opalineanimation.com\\\/Blog_Cie_Opaline\\\/?s={search_term_string}\"},\"query-input\":{\"@type\":\"PropertyValueSpecification\",\"valueRequired\":true,\"valueName\":\"search_term_string\"}}],\"inLanguage\":\"fr-FR\"}]}<\/script>\n<!-- \/ Yoast SEO plugin. -->","yoast_head_json":{"title":"JON SPADE Magicien","description":"Magicien passionn\u00e9 depuis plus de 15 ans, Jon Spade vous fera d\u00e9couvrir son univers magique pour animer votre repas, soir\u00e9e priv\u00e9e ou mariage","robots":{"index":"index","follow":"follow","max-snippet":"max-snippet:-1","max-image-preview":"max-image-preview:large","max-video-preview":"max-video-preview:-1"},"canonical":"https:\/\/www.opalineanimation.com\/Blog_Cie_Opaline\/jon-spade-magicien\/","og_locale":"fr_FR","og_type":"article","og_title":"JON SPADE Magicien","og_description":"Magicien passionn\u00e9 depuis plus de 15 ans, Jon Spade vous fera d\u00e9couvrir son univers magique pour animer votre repas, soir\u00e9e priv\u00e9e ou mariage","og_url":"https:\/\/www.opalineanimation.com\/Blog_Cie_Opaline\/jon-spade-magicien\/","og_site_name":"Cie Opaline CLOSE-UP, SPECTACLES ET SERVICES","article_publisher":"https:\/\/www.facebook.com\/pages\/Opaline-Animation\/255451761132872","article_modified_time":"2019-01-18T18:56:42+00:00","og_image":[{"url":"https:\/\/www.opalineanimation.com\/Blog_Cie_Opaline\/wp-content\/uploads\/Jon_Spade.jpg","type":"","width":"","height":""}],"twitter_misc":{"Dur\u00e9e de lecture estim\u00e9e":"2 minutes"},"schema":{"@context":"https:\/\/schema.org","@graph":[{"@type":"WebPage","@id":"https:\/\/www.opalineanimation.com\/Blog_Cie_Opaline\/jon-spade-magicien\/","url":"https:\/\/www.opalineanimation.com\/Blog_Cie_Opaline\/jon-spade-magicien\/","name":"JON SPADE Magicien","isPartOf":{"@id":"https:\/\/www.opalineanimation.com\/Blog_Cie_Opaline\/#website"},"primaryImageOfPage":{"@id":"https:\/\/www.opalineanimation.com\/Blog_Cie_Opaline\/jon-spade-magicien\/#primaryimage"},"image":{"@id":"https:\/\/www.opalineanimation.com\/Blog_Cie_Opaline\/jon-spade-magicien\/#primaryimage"},"thumbnailUrl":"https:\/\/www.opalineanimation.com\/Blog_Cie_Opaline\/wp-content\/uploads\/Jon_Spade.jpg","datePublished":"2019-01-15T17:08:44+00:00","dateModified":"2019-01-18T18:56:42+00:00","description":"Magicien passionn\u00e9 depuis plus de 15 ans, Jon Spade vous fera d\u00e9couvrir son univers magique pour animer votre repas, soir\u00e9e priv\u00e9e ou mariage","breadcrumb":{"@id":"https:\/\/www.opalineanimation.com\/Blog_Cie_Opaline\/jon-spade-magicien\/#breadcrumb"},"inLanguage":"fr-FR","potentialAction":[{"@type":"ReadAction","target":["https:\/\/www.opalineanimation.com\/Blog_Cie_Opaline\/jon-spade-magicien\/"]}]},{"@type":"ImageObject","inLanguage":"fr-FR","@id":"https:\/\/www.opalineanimation.com\/Blog_Cie_Opaline\/jon-spade-magicien\/#primaryimage","url":"https:\/\/www.opalineanimation.com\/Blog_Cie_Opaline\/wp-content\/uploads\/Jon_Spade.jpg","contentUrl":"https:\/\/www.opalineanimation.com\/Blog_Cie_Opaline\/wp-content\/uploads\/Jon_Spade.jpg","width":500,"height":747,"caption":"Jon Spade magicien de tous les instants"},{"@type":"BreadcrumbList","@id":"https:\/\/www.opalineanimation.com\/Blog_Cie_Opaline\/jon-spade-magicien\/#breadcrumb","itemListElement":[{"@type":"ListItem","position":1,"name":"Accueil","item":"https:\/\/www.opalineanimation.com\/Blog_Cie_Opaline\/"},{"@type":"ListItem","position":2,"name":"Jon Spade : La magie au bout des doigts !"}]},{"@type":"WebSite","@id":"https:\/\/www.opalineanimation.com\/Blog_Cie_Opaline\/#website","url":"https:\/\/www.opalineanimation.com\/Blog_Cie_Opaline\/","name":"Cie Opaline CLOSE-UP, SPECTACLES ET SERVICES","description":"Artistes du spectacle \u00e0 Metz, Nancy et Luxembourg","potentialAction":[{"@type":"SearchAction","target":{"@type":"EntryPoint","urlTemplate":"https:\/\/www.opalineanimation.com\/Blog_Cie_Opaline\/?s={search_term_string}"},"query-input":{"@type":"PropertyValueSpecification","valueRequired":true,"valueName":"search_term_string"}}],"inLanguage":"fr-FR"}]}},"_links":{"self":[{"href":"https:\/\/www.opalineanimation.com\/Blog_Cie_Opaline\/wp-json\/wp\/v2\/pages\/3074","targetHints":{"allow":["GET"]}}],"collection":[{"href":"https:\/\/www.opalineanimation.com\/Blog_Cie_Opaline\/wp-json\/wp\/v2\/pages"}],"about":[{"href":"https:\/\/www.opalineanimation.com\/Blog_Cie_Opaline\/wp-json\/wp\/v2\/types\/page"}],"author":[{"embeddable":true,"href":"https:\/\/www.opalineanimation.com\/Blog_Cie_Opaline\/wp-json\/wp\/v2\/users\/1"}],"replies":[{"embeddable":true,"href":"https:\/\/www.opalineanimation.com\/Blog_Cie_Opaline\/wp-json\/wp\/v2\/comments?post=3074"}],"version-history":[{"count":5,"href":"https:\/\/www.opalineanimation.com\/Blog_Cie_Opaline\/wp-json\/wp\/v2\/pages\/3074\/revisions"}],"predecessor-version":[{"id":5688,"href":"https:\/\/www.opalineanimation.com\/Blog_Cie_Opaline\/wp-json\/wp\/v2\/pages\/3074\/revisions\/5688"}],"wp:attachment":[{"href":"https:\/\/www.opalineanimation.com\/Blog_Cie_Opaline\/wp-json\/wp\/v2\/media?parent=3074"}],"curies":[{"name":"wp","href":"https:\/\/api.w.org\/{rel}","templated":true}]}}