{"id":3068,"date":"2019-01-15T18:53:23","date_gmt":"2019-01-15T16:53:23","guid":{"rendered":"https:\/\/www.opalineanimation.com\/Blog_Cie_Opaline\/?page_id=3068"},"modified":"2019-01-15T19:03:50","modified_gmt":"2019-01-15T17:03:50","slug":"maquillage-et-grimage-enfants-metz","status":"publish","type":"page","link":"https:\/\/www.opalineanimation.com\/Blog_Cie_Opaline\/maquillage-et-grimage-enfants-metz\/","title":{"rendered":"Maquillage et grimage enfants : les marques"},"content":{"rendered":"<h1><span style=\"color: #ff6600;\">Quelles sont les marques avec lesquelles nous r\u00e9alisons de tr\u00e8s beaux maquillages, grimages enfants ?&nbsp;<\/span><\/h1>\n<blockquote>\n<p style=\"text-align: justify;\">Nous utilisons du maquillage enfants de tr\u00e8s grande qualit\u00e9 et qui puisse partir facilement avec un peu de savon et d&rsquo;eau. Le maquillage est tr\u00e8s appr\u00e9ci\u00e9 des enfants, et si l&rsquo;enlever devenait une t\u00e2che fastidieuse, \u00e0 coup sur c&rsquo;est ce souvenir que nos chers enfants garderaient en t\u00eate !<\/p>\n<\/blockquote>\n<p style=\"text-align: justify;\"><strong>Voici donc les deux grandes marques que nous utilisons :<\/strong><\/p>\n<ul>\n<li style=\"text-align: justify;\">\n<h2><a href=\"https:\/\/global.kryolan.com\/\" target=\"_blank\" rel=\"noopener\"><span style=\"color: #ff6600;\">Kryolan<\/span><\/a> : Maquillage \u00e0 eau qui s\u00e8che tr\u00e8s vite et d&rsquo;excellente qualit\u00e9<\/h2>\n<\/li>\n<\/ul>\n<figure id=\"attachment_2083\" aria-describedby=\"caption-attachment-2083\" style=\"width: 300px\" class=\"wp-caption alignleft\"><img class=\"wp-image-2083 size-full lws-optimize-lazyload\" title=\"Maquillage enfants Metz\"  alt=\"Maquillage enfants Metz\" width=\"300\" height=\"450\" data-src=\"https:\/\/www.opalineanimation.com\/Blog_Cie_Opaline\/wp-content\/uploads\/Maquillage-Metz.jpg\" srcset=\"https:\/\/www.opalineanimation.com\/Blog_Cie_Opaline\/wp-content\/uploads\/Maquillage-Metz.jpg 300w, https:\/\/www.opalineanimation.com\/Blog_Cie_Opaline\/wp-content\/uploads\/Maquillage-Metz-200x300.jpg 200w\" sizes=\"(max-width: 300px) 100vw, 300px\" \/><figcaption id=\"caption-attachment-2083\" class=\"wp-caption-text\">Maquillage enfants Metz<\/figcaption><\/figure>\n<p style=\"text-align: justify;\">Voici ici un de nos pr\u00e9f\u00e9r\u00e9s. Le maquillage est de<strong> qualit\u00e9<\/strong> et se pr\u00e9sente sous forme de cake, sec, que l&rsquo;on utilise en ajoutant un peu d&rsquo;eau avec un pinceau humide ou un spray.<\/p>\n<p style=\"text-align: justify;\">Sa <strong>tenue est exceptionnelle<\/strong> et ce n&rsquo;est pas les enfants qui diront le contraire ! En plus d&rsquo;avoir la capacit\u00e9 de<strong> s\u00e9cher tr\u00e8s rapidement<\/strong> ce qui \u00e9vite au maquillage de se transf\u00e9rer sur les v\u00eatements, ou bien, sur les mains des enfants.<\/p>\n<p style=\"text-align: justify;\">Les d\u00e9grad\u00e9s sont r\u00e9alis\u00e9s le plus rapidement possible et une habitude est n\u00e9cessaire afin de r\u00e9aliser de jolis maquillages !&nbsp;Pour les particuliers vous trouverez dans les boutiques sp\u00e9cialis\u00e9es des <strong>palettes constitu\u00e9es de 12 couleurs \u00e0 tarif correct. <\/strong><\/p>\n<p style=\"text-align: justify;\">Cette palette vous servira <strong>tr\u00e8s longtemps (plusieurs ann\u00e9es)<\/strong> et vous serez surpris du peu de mati\u00e8re utilis\u00e9 pour r\u00e9aliser un papillon, un f\u00e9lin ou ce que votre enfant vous demande&#8230;<\/p>\n<p><img class=\"alignleft lws-optimize-lazyload\" style=\"border: none !important; margin: 0px !important;\"  alt=\"\" width=\"1\" height=\"1\" border=\"0\" data-src=\"https:\/\/ir-fr.amazon-adsystem.com\/e\/ir?t=opalinea-21&amp;l=am2&amp;o=8&amp;a=B009GYVS4I\"><strong>Vous pouvez commander cette palette sur Amazon en cliquant sur le l&rsquo;image :<a href=\"https:\/\/www.amazon.fr\/gp\/product\/B0154Y1XS4\/ref=as_li_tl?ie=UTF8&amp;camp=1642&amp;creative=6746&amp;creativeASIN=B0154Y1XS4&amp;linkCode=as2&amp;tag=opalinea-21&amp;linkId=f170bc14a45a5aaa4f293024fa385eb9\" target=\"_blank\" rel=\"noopener\"><img class=\"alignright lws-optimize-lazyload\"  width=\"124\" height=\"186\" border=\"0\" data-src=\"\/\/ws-eu.amazon-adsystem.com\/widgets\/q?_encoding=UTF8&amp;MarketPlace=FR&amp;ASIN=B0154Y1XS4&amp;ServiceVersion=20070822&amp;ID=AsinImage&amp;WS=1&amp;Format=_SL250_&amp;tag=opalinea-21\"><\/a><\/strong><\/p>\n<p><img style=\"border: none !important; margin: 0px !important;\"  alt=\"\" width=\"1\" height=\"1\" border=\"0\" class=\"lws-optimize-lazyload\" data-src=\"\/\/ir-fr.amazon-adsystem.com\/e\/ir?t=opalinea-21&amp;l=am2&amp;o=8&amp;a=B0154Y1XS4\"><\/p>\n<ul>\n<li>\n<h2><a href=\"https:\/\/www.fardel.com\/\" target=\"_blank\" rel=\"noopener\"><span style=\"color: #ff6600;\">Fardel<\/span><\/a> : maquillage pour le visage sous forme de cr\u00e8me<\/h2>\n<\/li>\n<\/ul>\n<figure id=\"attachment_2151\" aria-describedby=\"caption-attachment-2151\" style=\"width: 454px\" class=\"wp-caption alignright\"><img class=\" wp-image-2151 lws-optimize-lazyload\"  alt=\"Maquillage enfant Metz\" width=\"454\" height=\"352\" data-src=\"https:\/\/www.opalineanimation.com\/Blog_Cie_Opaline\/wp-content\/uploads\/Maquillage-enfant-Metz.jpg\" srcset=\"https:\/\/www.opalineanimation.com\/Blog_Cie_Opaline\/wp-content\/uploads\/Maquillage-enfant-Metz.jpg 550w, https:\/\/www.opalineanimation.com\/Blog_Cie_Opaline\/wp-content\/uploads\/Maquillage-enfant-Metz-300x232.jpg 300w\" sizes=\"(max-width: 454px) 100vw, 454px\" \/><figcaption id=\"caption-attachment-2151\" class=\"wp-caption-text\">Maquillage enfant Metz<\/figcaption><\/figure>\n<p style=\"text-align: justify;\">La marque c\u00e9l\u00e8bre dans le monde du <strong>face-painting<\/strong> et <strong>body-painting<\/strong> s&rsquo;utilise diff\u00e9remment. L&rsquo;application se fait au pinceau ou encore avec une \u00e9ponge cependant c&rsquo;est de la cr\u00e8me que vous manipuler.<\/p>\n<p style=\"text-align: justify;\"><strong>Le rendu est tr\u00e8s int\u00e9ressant et puissant<\/strong>. Les couleurs sont superbes et il faut une grande habitude pour l&rsquo;utiliser avec aisance.<\/p>\n<p style=\"text-align: justify;\">Le maquillage quand \u00e0 lui ne s\u00e8che jamais parfaitement. L&rsquo;avantage est que vous disposez de plus de temps pour faire vos d\u00e9grad\u00e9s. Il est vendu en pot et l&rsquo;achat est \u00e0 l&rsquo;unit\u00e9. Il vous faudra donc prendre quelques couleurs pour r\u00e9aliser un maquillage et si vous en prenez 12 le budget sera bien sup\u00e9rieur \u00e0 la palette de Kryolan&#8230;<\/p>\n<figure style=\"width: 89px\" class=\"wp-caption alignleft\"><a href=\"https:\/\/www.amazon.fr\/gp\/offer-listing\/B00IVGYB96\/ref=as_li_tl?ie=UTF8&amp;camp=1642&amp;creative=6746&amp;creativeASIN=B00IVGYB96&amp;linkCode=am2&amp;tag=opalinea-21\" target=\"_blank\" rel=\"nofollow noopener\"><img title=\"Maquillage enfants Metz \"  alt=\"Maquillage enfants Metz \" width=\"89\" height=\"160\" border=\"0\" class=\"lws-optimize-lazyload\" data-src=\"https:\/\/ws-eu.amazon-adsystem.com\/widgets\/q?_encoding=UTF8&amp;ASIN=B00IVGYB96&amp;Format=_SL160_&amp;ID=AsinImage&amp;MarketPlace=FR&amp;ServiceVersion=20070822&amp;WS=1&amp;tag=opalinea-21\"><\/a><figcaption class=\"wp-caption-text\">Maquillage enfants cr\u00e8me<\/figcaption><\/figure>\n<p style=\"text-align: justify;\">Autre point important, il ne se conserve pas des ann\u00e9es en gardant son onctuosit\u00e9&#8230; \u00e0 utiliser donc rapidement.<\/p>\n<p style=\"text-align: justify;\">A &nbsp;noter que Fardel \u00e0 d\u00e9velopp\u00e9 une <strong>gamme de maquillage avec de petites contenances (3 euros environs l&rsquo;unit\u00e9)<\/strong> ce qui plaira aux particuliers soucieux de ne pas se ruiner !<\/p>\n<p><strong>Vous pouvez commander le tube fardel &nbsp;sur Amazon en cliquant sur l&rsquo;image :<\/strong><\/p>\n<h2 style=\"text-align: justify;\"><span style=\"color: #ff6600;\">O\u00f9 trouver ses marques de maquillage et ce qu&rsquo;il faut \u00e9viter ?!<\/span><\/h2>\n<p style=\"text-align: justify;\">Dans des boutiques sp\u00e9cialis\u00e9es, de farces et attrapes le plus souvent. Si vous utiliser les deux marques ci-dessus aucun soucis.<\/p>\n<p style=\"text-align: justify;\">Par contre vous trouverez de nombreux kits et il n&rsquo;est pas possible d&rsquo;en faire la liste ici tellement l&rsquo;offre \u00e0 exploser ses derni\u00e8res ann\u00e9es et ils ne sont pas tous \u00e0 recommander.<\/p>\n<p style=\"text-align: justify;\"><strong>&nbsp;<span style=\"color: #ff0000;\">Attention<\/span> :<\/strong> D&rsquo;une fa\u00e7on g\u00e9n\u00e9rale les fards gras et ou en crayons ne sont pas les meilleurs \u00e0 utiliser et \u00e0 enlever n&rsquo;en parlons pas !<\/p>\n<p style=\"text-align: justify;\"><strong>Pensez \u00e9galement que le prix n&rsquo;est pas forc\u00e9ment un crit\u00e8re de qualit\u00e9 au niveau de la tenue et des composants utilis\u00e9s dans la fabrication de ces maquillages.<\/strong><\/p>\n<h2>La r\u00e9servation d&rsquo;un maquilleur ou d&rsquo;une maquilleuse ?! :<\/h2>\n<p style=\"text-align: justify;\">Vous pouvez \u00e9galement nous t\u00e9l\u00e9phoner, ou nous envoyer un mail (n&rsquo;oubliez pas de mettre votre num\u00e9ro de t\u00e9l\u00e9phone).<\/p>\n<figure id=\"attachment_140\" aria-describedby=\"caption-attachment-140\" style=\"width: 300px\" class=\"wp-caption alignleft\"><a href=\"https:\/\/www.opalineanimation.com\/Blog_Cie_Opaline\/wp-content\/uploads\/Cartes-Opaline-Animation.jpg\"><img class=\"wp-image-140 size-medium lws-optimize-lazyload\" title=\"Magicien Metz\"  alt=\"carte de Visite Opaline Animation\" width=\"300\" height=\"200\" data-src=\"https:\/\/www.opalineanimation.com\/Blog_Cie_Opaline\/wp-content\/uploads\/Cartes-Opaline-Animation-300x200.jpg\" srcset=\"https:\/\/www.opalineanimation.com\/Blog_Cie_Opaline\/wp-content\/uploads\/Cartes-Opaline-Animation-300x200.jpg 300w, https:\/\/www.opalineanimation.com\/Blog_Cie_Opaline\/wp-content\/uploads\/Cartes-Opaline-Animation-1024x683.jpg 1024w, https:\/\/www.opalineanimation.com\/Blog_Cie_Opaline\/wp-content\/uploads\/Cartes-Opaline-Animation.jpg 1500w\" sizes=\"(max-width: 300px) 100vw, 300px\" \/><\/a><figcaption id=\"caption-attachment-140\" class=\"wp-caption-text\">Carte de visite Opaline Animation<\/figcaption><\/figure>\n<p style=\"text-align: justify;\"><a title=\"Mail Opaline Animation\" href=\"mailto:infos@opalineanimation.com\">infos@opalineanimation.com<\/a><\/p>\n<p style=\"text-align: justify;\"><span style=\"text-decoration: underline;\">Tel :<\/span> 06 13 36 96 42<\/p>\n<p style=\"text-align: justify;\">+33 6 13 36 96 42<\/p>\n<p style=\"text-align: justify;\"><a title=\"Opaline Animation\" href=\"https:\/\/www.opalineanimation.com\">www.opalineanimation.com<\/a><\/p>\n<p style=\"text-align: justify;\"><a href=\"https:\/\/fr-fr.facebook.com\/OpalineAnimation\/\">Les avis, les photos, commentaires<\/a> d&rsquo;autres personnes qui nous ont fait confiance sur la page <a href=\"https:\/\/fr-fr.facebook.com\/OpalineAnimation\/\">facebook ici&nbsp;<\/a><\/p>\n<p style=\"text-align: justify;\">A tr\u00e8s bient\u00f4t !<\/p>\n<p style=\"text-align: left;\">\n<div class=\"wpcf7 no-js\" id=\"wpcf7-f325-o1\" lang=\"fr-FR\" dir=\"ltr\" data-wpcf7-id=\"325\">\n<div class=\"screen-reader-response\"><p role=\"status\" aria-live=\"polite\" aria-atomic=\"true\"><\/p> <ul><\/ul><\/div>\n<form action=\"\/Blog_Cie_Opaline\/wp-json\/wp\/v2\/pages\/3068#wpcf7-f325-o1\" method=\"post\" class=\"wpcf7-form init\" aria-label=\"Formulaire de contact\" novalidate=\"novalidate\" data-status=\"init\">\n<fieldset class=\"hidden-fields-container\"><input type=\"hidden\" name=\"_wpcf7\" value=\"325\" \/><input type=\"hidden\" name=\"_wpcf7_version\" value=\"6.1.5\" \/><input type=\"hidden\" name=\"_wpcf7_locale\" value=\"fr_FR\" \/><input type=\"hidden\" name=\"_wpcf7_unit_tag\" value=\"wpcf7-f325-o1\" \/><input type=\"hidden\" name=\"_wpcf7_container_post\" value=\"0\" \/><input type=\"hidden\" name=\"_wpcf7_posted_data_hash\" value=\"\" \/><input type=\"hidden\" name=\"_wpcf7_recaptcha_response\" value=\"\" \/>\n<\/fieldset>\n<p>Votre nom, pr\u00e9nom\n<\/p>\n<p><span class=\"wpcf7-form-control-wrap\" data-name=\"your-name\"><input size=\"40\" maxlength=\"400\" class=\"wpcf7-form-control wpcf7-text wpcf7-validates-as-required\" aria-required=\"true\" aria-invalid=\"false\" value=\"\" type=\"text\" name=\"your-name\" \/><\/span>\n<\/p>\n<p>T\u00e9l\u00e9phone\n<\/p>\n<p><span class=\"wpcf7-form-control-wrap\" data-name=\"tel-904\"><input size=\"40\" maxlength=\"400\" class=\"wpcf7-form-control wpcf7-tel wpcf7-text wpcf7-validates-as-tel Tlphone 2\" id=\"Tlphone1\" aria-invalid=\"false\" value=\"\" type=\"tel\" name=\"tel-904\" \/><\/span>\n<\/p>\n<p>E-mail\n<\/p>\n<p><span class=\"wpcf7-form-control-wrap\" data-name=\"your-email\"><input size=\"40\" maxlength=\"400\" class=\"wpcf7-form-control wpcf7-email wpcf7-validates-as-required wpcf7-text wpcf7-validates-as-email\" aria-required=\"true\" aria-invalid=\"false\" value=\"\" type=\"email\" name=\"your-email\" \/><\/span>\n<\/p>\n<p>Sujet\n<\/p>\n<p><span class=\"wpcf7-form-control-wrap\" data-name=\"your-subject\"><input size=\"40\" maxlength=\"400\" class=\"wpcf7-form-control wpcf7-text\" aria-invalid=\"false\" value=\"\" type=\"text\" name=\"your-subject\" \/><\/span>\n<\/p>\n<p>Votre message\n<\/p>\n<p><span class=\"wpcf7-form-control-wrap\" data-name=\"your-message\"><textarea cols=\"40\" rows=\"10\" maxlength=\"2000\" class=\"wpcf7-form-control wpcf7-textarea\" aria-invalid=\"false\" name=\"your-message\"><\/textarea><\/span>\n<\/p>\n<p><input class=\"wpcf7-form-control wpcf7-submit has-spinner\" type=\"submit\" value=\"Envoyer\" \/> Tous les champs sont obligatoires\n<\/p>\n<div class=\"wpcf7-response-output\" aria-hidden=\"true\"><\/div>\n<\/form>\n<\/div>\n<\/p>\n","protected":false},"excerpt":{"rendered":"<p>Quelles sont les marques avec lesquelles nous r\u00e9alisons de tr\u00e8s beaux maquillages, grimages enfants ?&nbsp; Nous utilisons du maquillage enfants de tr\u00e8s grande qualit\u00e9 et qui puisse partir facilement avec [&hellip;]<\/p>\n","protected":false},"author":1,"featured_media":0,"parent":0,"menu_order":0,"comment_status":"closed","ping_status":"closed","template":"","meta":{"footnotes":""},"class_list":["post-3068","page","type-page","status-publish","hentry"],"yoast_head":"<!-- This site is optimized with the Yoast SEO plugin v27.5 - https:\/\/yoast.com\/product\/yoast-seo-wordpress\/ -->\n<title>Maquillage enfants \u00e0 Metz et le grimage<\/title>\n<meta name=\"description\" content=\"Quelles sont les marques avec lesquelles nous r\u00e9alisons de tr\u00e8s beaux maquillages enfants, ou grimage, sur Metz Nancy et Luxembourg ?\" \/>\n<meta name=\"robots\" content=\"index, follow, max-snippet:-1, max-image-preview:large, max-video-preview:-1\" \/>\n<link rel=\"canonical\" href=\"https:\/\/www.opalineanimation.com\/Blog_Cie_Opaline\/maquillage-et-grimage-enfants-metz\/\" \/>\n<meta property=\"og:locale\" content=\"fr_FR\" \/>\n<meta property=\"og:type\" content=\"article\" \/>\n<meta property=\"og:title\" content=\"Maquillage enfants \u00e0 Metz et le grimage\" \/>\n<meta property=\"og:description\" content=\"Quelles sont les marques avec lesquelles nous r\u00e9alisons de tr\u00e8s beaux maquillages enfants, ou grimage, sur Metz Nancy et Luxembourg ?\" \/>\n<meta property=\"og:url\" content=\"https:\/\/www.opalineanimation.com\/Blog_Cie_Opaline\/maquillage-et-grimage-enfants-metz\/\" \/>\n<meta property=\"og:site_name\" content=\"Cie Opaline CLOSE-UP, SPECTACLES ET SERVICES\" \/>\n<meta property=\"article:publisher\" content=\"https:\/\/www.facebook.com\/pages\/Opaline-Animation\/255451761132872\" \/>\n<meta property=\"article:modified_time\" content=\"2019-01-15T17:03:50+00:00\" \/>\n<meta property=\"og:image\" content=\"https:\/\/www.opalineanimation.com\/Blog_Cie_Opaline\/wp-content\/uploads\/Maquillage-Metz.jpg\" \/>\n<meta name=\"twitter:label1\" content=\"Dur\u00e9e de lecture estim\u00e9e\" \/>\n\t<meta name=\"twitter:data1\" content=\"3 minutes\" \/>\n<script type=\"application\/ld+json\" class=\"yoast-schema-graph\">{\"@context\":\"https:\\\/\\\/schema.org\",\"@graph\":[{\"@type\":\"WebPage\",\"@id\":\"https:\\\/\\\/www.opalineanimation.com\\\/Blog_Cie_Opaline\\\/maquillage-et-grimage-enfants-metz\\\/\",\"url\":\"https:\\\/\\\/www.opalineanimation.com\\\/Blog_Cie_Opaline\\\/maquillage-et-grimage-enfants-metz\\\/\",\"name\":\"Maquillage enfants \u00e0 Metz et le grimage\",\"isPartOf\":{\"@id\":\"https:\\\/\\\/www.opalineanimation.com\\\/Blog_Cie_Opaline\\\/#website\"},\"primaryImageOfPage\":{\"@id\":\"https:\\\/\\\/www.opalineanimation.com\\\/Blog_Cie_Opaline\\\/maquillage-et-grimage-enfants-metz\\\/#primaryimage\"},\"image\":{\"@id\":\"https:\\\/\\\/www.opalineanimation.com\\\/Blog_Cie_Opaline\\\/maquillage-et-grimage-enfants-metz\\\/#primaryimage\"},\"thumbnailUrl\":\"https:\\\/\\\/www.opalineanimation.com\\\/Blog_Cie_Opaline\\\/wp-content\\\/uploads\\\/Maquillage-Metz.jpg\",\"datePublished\":\"2019-01-15T16:53:23+00:00\",\"dateModified\":\"2019-01-15T17:03:50+00:00\",\"description\":\"Quelles sont les marques avec lesquelles nous r\u00e9alisons de tr\u00e8s beaux maquillages enfants, ou grimage, sur Metz Nancy et Luxembourg ?\",\"breadcrumb\":{\"@id\":\"https:\\\/\\\/www.opalineanimation.com\\\/Blog_Cie_Opaline\\\/maquillage-et-grimage-enfants-metz\\\/#breadcrumb\"},\"inLanguage\":\"fr-FR\",\"potentialAction\":[{\"@type\":\"ReadAction\",\"target\":[\"https:\\\/\\\/www.opalineanimation.com\\\/Blog_Cie_Opaline\\\/maquillage-et-grimage-enfants-metz\\\/\"]}]},{\"@type\":\"ImageObject\",\"inLanguage\":\"fr-FR\",\"@id\":\"https:\\\/\\\/www.opalineanimation.com\\\/Blog_Cie_Opaline\\\/maquillage-et-grimage-enfants-metz\\\/#primaryimage\",\"url\":\"https:\\\/\\\/www.opalineanimation.com\\\/Blog_Cie_Opaline\\\/wp-content\\\/uploads\\\/Maquillage-Metz.jpg\",\"contentUrl\":\"https:\\\/\\\/www.opalineanimation.com\\\/Blog_Cie_Opaline\\\/wp-content\\\/uploads\\\/Maquillage-Metz.jpg\",\"width\":300,\"height\":450,\"caption\":\"Maquillage enfants Metz\"},{\"@type\":\"BreadcrumbList\",\"@id\":\"https:\\\/\\\/www.opalineanimation.com\\\/Blog_Cie_Opaline\\\/maquillage-et-grimage-enfants-metz\\\/#breadcrumb\",\"itemListElement\":[{\"@type\":\"ListItem\",\"position\":1,\"name\":\"Accueil\",\"item\":\"https:\\\/\\\/www.opalineanimation.com\\\/Blog_Cie_Opaline\\\/\"},{\"@type\":\"ListItem\",\"position\":2,\"name\":\"Maquillage et grimage enfants : les marques\"}]},{\"@type\":\"WebSite\",\"@id\":\"https:\\\/\\\/www.opalineanimation.com\\\/Blog_Cie_Opaline\\\/#website\",\"url\":\"https:\\\/\\\/www.opalineanimation.com\\\/Blog_Cie_Opaline\\\/\",\"name\":\"Cie Opaline CLOSE-UP, SPECTACLES ET SERVICES\",\"description\":\"Artistes du spectacle \u00e0 Metz, Nancy et Luxembourg\",\"potentialAction\":[{\"@type\":\"SearchAction\",\"target\":{\"@type\":\"EntryPoint\",\"urlTemplate\":\"https:\\\/\\\/www.opalineanimation.com\\\/Blog_Cie_Opaline\\\/?s={search_term_string}\"},\"query-input\":{\"@type\":\"PropertyValueSpecification\",\"valueRequired\":true,\"valueName\":\"search_term_string\"}}],\"inLanguage\":\"fr-FR\"}]}<\/script>\n<!-- \/ Yoast SEO plugin. -->","yoast_head_json":{"title":"Maquillage enfants \u00e0 Metz et le grimage","description":"Quelles sont les marques avec lesquelles nous r\u00e9alisons de tr\u00e8s beaux maquillages enfants, ou grimage, sur Metz Nancy et Luxembourg ?","robots":{"index":"index","follow":"follow","max-snippet":"max-snippet:-1","max-image-preview":"max-image-preview:large","max-video-preview":"max-video-preview:-1"},"canonical":"https:\/\/www.opalineanimation.com\/Blog_Cie_Opaline\/maquillage-et-grimage-enfants-metz\/","og_locale":"fr_FR","og_type":"article","og_title":"Maquillage enfants \u00e0 Metz et le grimage","og_description":"Quelles sont les marques avec lesquelles nous r\u00e9alisons de tr\u00e8s beaux maquillages enfants, ou grimage, sur Metz Nancy et Luxembourg ?","og_url":"https:\/\/www.opalineanimation.com\/Blog_Cie_Opaline\/maquillage-et-grimage-enfants-metz\/","og_site_name":"Cie Opaline CLOSE-UP, SPECTACLES ET SERVICES","article_publisher":"https:\/\/www.facebook.com\/pages\/Opaline-Animation\/255451761132872","article_modified_time":"2019-01-15T17:03:50+00:00","og_image":[{"url":"https:\/\/www.opalineanimation.com\/Blog_Cie_Opaline\/wp-content\/uploads\/Maquillage-Metz.jpg","type":"","width":"","height":""}],"twitter_misc":{"Dur\u00e9e de lecture estim\u00e9e":"3 minutes"},"schema":{"@context":"https:\/\/schema.org","@graph":[{"@type":"WebPage","@id":"https:\/\/www.opalineanimation.com\/Blog_Cie_Opaline\/maquillage-et-grimage-enfants-metz\/","url":"https:\/\/www.opalineanimation.com\/Blog_Cie_Opaline\/maquillage-et-grimage-enfants-metz\/","name":"Maquillage enfants \u00e0 Metz et le grimage","isPartOf":{"@id":"https:\/\/www.opalineanimation.com\/Blog_Cie_Opaline\/#website"},"primaryImageOfPage":{"@id":"https:\/\/www.opalineanimation.com\/Blog_Cie_Opaline\/maquillage-et-grimage-enfants-metz\/#primaryimage"},"image":{"@id":"https:\/\/www.opalineanimation.com\/Blog_Cie_Opaline\/maquillage-et-grimage-enfants-metz\/#primaryimage"},"thumbnailUrl":"https:\/\/www.opalineanimation.com\/Blog_Cie_Opaline\/wp-content\/uploads\/Maquillage-Metz.jpg","datePublished":"2019-01-15T16:53:23+00:00","dateModified":"2019-01-15T17:03:50+00:00","description":"Quelles sont les marques avec lesquelles nous r\u00e9alisons de tr\u00e8s beaux maquillages enfants, ou grimage, sur Metz Nancy et Luxembourg ?","breadcrumb":{"@id":"https:\/\/www.opalineanimation.com\/Blog_Cie_Opaline\/maquillage-et-grimage-enfants-metz\/#breadcrumb"},"inLanguage":"fr-FR","potentialAction":[{"@type":"ReadAction","target":["https:\/\/www.opalineanimation.com\/Blog_Cie_Opaline\/maquillage-et-grimage-enfants-metz\/"]}]},{"@type":"ImageObject","inLanguage":"fr-FR","@id":"https:\/\/www.opalineanimation.com\/Blog_Cie_Opaline\/maquillage-et-grimage-enfants-metz\/#primaryimage","url":"https:\/\/www.opalineanimation.com\/Blog_Cie_Opaline\/wp-content\/uploads\/Maquillage-Metz.jpg","contentUrl":"https:\/\/www.opalineanimation.com\/Blog_Cie_Opaline\/wp-content\/uploads\/Maquillage-Metz.jpg","width":300,"height":450,"caption":"Maquillage enfants Metz"},{"@type":"BreadcrumbList","@id":"https:\/\/www.opalineanimation.com\/Blog_Cie_Opaline\/maquillage-et-grimage-enfants-metz\/#breadcrumb","itemListElement":[{"@type":"ListItem","position":1,"name":"Accueil","item":"https:\/\/www.opalineanimation.com\/Blog_Cie_Opaline\/"},{"@type":"ListItem","position":2,"name":"Maquillage et grimage enfants : les marques"}]},{"@type":"WebSite","@id":"https:\/\/www.opalineanimation.com\/Blog_Cie_Opaline\/#website","url":"https:\/\/www.opalineanimation.com\/Blog_Cie_Opaline\/","name":"Cie Opaline CLOSE-UP, SPECTACLES ET SERVICES","description":"Artistes du spectacle \u00e0 Metz, Nancy et Luxembourg","potentialAction":[{"@type":"SearchAction","target":{"@type":"EntryPoint","urlTemplate":"https:\/\/www.opalineanimation.com\/Blog_Cie_Opaline\/?s={search_term_string}"},"query-input":{"@type":"PropertyValueSpecification","valueRequired":true,"valueName":"search_term_string"}}],"inLanguage":"fr-FR"}]}},"_links":{"self":[{"href":"https:\/\/www.opalineanimation.com\/Blog_Cie_Opaline\/wp-json\/wp\/v2\/pages\/3068","targetHints":{"allow":["GET"]}}],"collection":[{"href":"https:\/\/www.opalineanimation.com\/Blog_Cie_Opaline\/wp-json\/wp\/v2\/pages"}],"about":[{"href":"https:\/\/www.opalineanimation.com\/Blog_Cie_Opaline\/wp-json\/wp\/v2\/types\/page"}],"author":[{"embeddable":true,"href":"https:\/\/www.opalineanimation.com\/Blog_Cie_Opaline\/wp-json\/wp\/v2\/users\/1"}],"replies":[{"embeddable":true,"href":"https:\/\/www.opalineanimation.com\/Blog_Cie_Opaline\/wp-json\/wp\/v2\/comments?post=3068"}],"version-history":[{"count":3,"href":"https:\/\/www.opalineanimation.com\/Blog_Cie_Opaline\/wp-json\/wp\/v2\/pages\/3068\/revisions"}],"predecessor-version":[{"id":3072,"href":"https:\/\/www.opalineanimation.com\/Blog_Cie_Opaline\/wp-json\/wp\/v2\/pages\/3068\/revisions\/3072"}],"wp:attachment":[{"href":"https:\/\/www.opalineanimation.com\/Blog_Cie_Opaline\/wp-json\/wp\/v2\/media?parent=3068"}],"curies":[{"name":"wp","href":"https:\/\/api.w.org\/{rel}","templated":true}]}}