{"id":2487,"date":"2018-12-06T11:56:57","date_gmt":"2018-12-06T09:56:57","guid":{"rendered":"https:\/\/www.opalineanimation.com\/Blog_Cie_Opaline\/?page_id=2487"},"modified":"2024-10-01T14:42:53","modified_gmt":"2024-10-01T12:42:53","slug":"magicien_aurelien","status":"publish","type":"page","link":"https:\/\/www.opalineanimation.com\/Blog_Cie_Opaline\/magicien_aurelien\/","title":{"rendered":"Magicien et un peu plus encore !"},"content":{"rendered":"<h1><span style=\"color: #ff6600;\"><strong>Vous reprendrez bien un peu de magie ?!! Aur\u00e9lien magicien et un peu plus encore&#8230;<br \/>\n<\/strong><\/span><\/h1>\n<p style=\"text-align: justify;\">Amoureux de la magie depuis plus de 15 ans, il sillonne <strong>Nancy<\/strong>, la <strong>Lorraine<\/strong> et le <strong>Grand-Est<\/strong> en allant \u00e0 la rencontre de son public. C&rsquo;est avec sa sensibilit\u00e9 qu&rsquo;il enrichi son r\u00e9pertoire de magicien. Comprenez ici ceci :<\/p>\n<blockquote>\n<p style=\"text-align: justify;\"><strong><em>\u00a0\u00bb Lorsque je travaille un tour, j&rsquo;ai besoin que celui-ci me communique une \u00e9motion. Peut importe l&rsquo;objet, cartes, cordes&#8230; il doit me parler, me toucher. Alors je recherche une musique uniquement pour la partie cr\u00e9ation, c&rsquo;est ensuite avec cette m\u00e9lodie qui trotte dans ma t\u00eate, que je cr\u00e9e, que j&rsquo;imagine une histoire que je pr\u00e9senterai\u00a0en <a href=\"https:\/\/www.opalineanimation.com\/Blog_Cie_Opaline\/close-up-magicien-metz-nancy-et-luxembourg\/\">close-up<\/a>. <\/em><\/strong><\/p>\n<p style=\"text-align: justify;\"><strong><em>J\u2019esp\u00e8re\u00a0par ce processus livrer une partie de cette \u00e9motion\u00a0\u00e0 mon public \u00e0 travers l\u2019\u00e9tonnement, la joie.\u00a0\u00bb<\/em><\/strong><\/p>\n<\/blockquote>\n<div style=\"width: 1140px;\" class=\"wp-video\"><video class=\"wp-video-shortcode\" id=\"video-2487-1\" width=\"1140\" height=\"641\" autoplay preload=\"auto\" controls=\"controls\"><source type=\"video\/mp4\" src=\"https:\/\/www.opalineanimation.com\/Blog_Cie_Opaline\/wp-content\/uploads\/2018\/11\/MAGICIEN_NANCY.mp4?_=1\" \/><a href=\"https:\/\/www.opalineanimation.com\/Blog_Cie_Opaline\/wp-content\/uploads\/2018\/11\/MAGICIEN_NANCY.mp4\">https:\/\/www.opalineanimation.com\/Blog_Cie_Opaline\/wp-content\/uploads\/2018\/11\/MAGICIEN_NANCY.mp4<\/a><\/video><\/div>\n<h2 style=\"text-align: justify;\"><span style=\"color: #ff6600;\">Un tour de magie, une surprise pour les spectateurs !<\/span><\/h2>\n<p style=\"text-align: justify;\">Ils sont souvent court, moins de 3 minutes, visuels et ponctu\u00e9s d&rsquo;humour. A chaque table s&rsquo;invite un petit spectacle. Aur\u00e9lien commence avec un tour qui lui permettra d&rsquo;orienter la suite des effets pr\u00e9sent\u00e9s <strong>en fonction des r\u00e9actions de vos convives<\/strong>.<\/p>\n<p style=\"text-align: justify;\">Chaque table est diff\u00e9rente, certains \u00e9pient scrupuleusement les mains du magicien, il faut donc <strong>privil\u00e9gier certaine \u00ab\u00a0routines \u00ab\u00a0<\/strong> (tours) plut\u00f4t que d&rsquo;autres afin de les surprendre.<\/p>\n<figure id=\"attachment_2145\" aria-describedby=\"caption-attachment-2145\" style=\"width: 440px\" class=\"wp-caption alignleft\"><a href=\"https:\/\/www.opalineanimation.com\/Blog_Cie_Opaline\/close-up-magicien-metz-nancy-et-luxembourg\/magicien-metz\/\" rel=\"attachment wp-att-2145\"><img class=\" wp-image-2145 lws-optimize-lazyload\"  alt=\"Magicien Metz\" width=\"440\" height=\"293\" \/ data-src=\"https:\/\/www.opalineanimation.com\/Blog_Cie_Opaline\/wp-content\/uploads\/magicien-Metz.jpg\" srcset=\"https:\/\/www.opalineanimation.com\/Blog_Cie_Opaline\/wp-content\/uploads\/magicien-Metz.jpg 600w, https:\/\/www.opalineanimation.com\/Blog_Cie_Opaline\/wp-content\/uploads\/magicien-Metz-300x200.jpg 300w\" sizes=\"(max-width: 440px) 100vw, 440px\" \/><\/a><figcaption id=\"caption-attachment-2145\" class=\"wp-caption-text\">Aurelien au travail lors d&rsquo;une fin de conf\u00e9rence !<\/figcaption><\/figure>\n<h2 style=\"text-align: justify;\"><span style=\"color: #ff6600;\">Interaction et adaptation !<\/span><\/h2>\n<p style=\"text-align: justify;\"><strong>C&rsquo;est un souvenir fort que conserverons vos invit\u00e9s !<\/strong> L&rsquo;interaction, quant \u00e0 elle, y participe pour beaucoup. La force du close-up r\u00e9side en cela !<\/p>\n<p style=\"text-align: justify;\">Adaptation enfin, car bien que le magicien ait pr\u00e9vu d\u2019ex\u00e9cuter un certains nombre de tours pour votre soir\u00e9e, repas&#8230; il doit \u00eatre capable de s&rsquo;adapter \u00e0 la configuration du lieu, aux personnes pr\u00e9sentes&#8230; et Aur\u00e9lien est un de ces magiciens.<\/p>\n<h2><span style=\"color: #ff6600;\">Nancy, la magie, le d\u00e9buts&#8230;<\/span><\/h2>\n<p style=\"text-align: justify;\">Ses premiers close-up il y a bien des ann\u00e9es ! Originaire de Metz, c&rsquo;est sur<strong> Nancy<\/strong> qu&rsquo;Aur\u00e9lien trouva son premier public. Par le biais des close-up, c&rsquo;est souvent \u00a0l&rsquo;occasion de pouvoir d\u00e9couvrir un morceau de patrimoine Nanc\u00e9en priv\u00e9 ou public.<\/p>\n<p style=\"text-align: justify;\">Il n&rsquo;est pas rare d&rsquo;aller travailler dans un des salons de l\u2019h\u00f4tel de ville r\u00e9serv\u00e9 <a href=\"https:\/\/www.opalineanimation.com\/Blog_Cie_Opaline\/magicien-luxembourg\/\">pour l\u2019\u00e9v\u00e9nement<\/a>, ou bien dans un caveau appartenant \u00e0 un particulier&#8230;<\/p>\n<p style=\"text-align: justify;\">Il est m\u00eame possible au d\u00e9tour d&rsquo;une ruelle, autour d&rsquo;un zinc, que vous trouviez Aur\u00e9lien rodant ses tours !<\/p>\n<h2 style=\"text-align: justify;\"><span style=\"color: #ff6600;\">Pour finir, pourquoi choisir Aur\u00e9lien !?!<\/span><\/h2>\n<blockquote>\n<figure id=\"attachment_59\" aria-describedby=\"caption-attachment-59\" style=\"width: 451px\" class=\"wp-caption alignright\"><a href=\"https:\/\/www.opalineanimation.com\/Blog_Cie_Opaline\/articles-clown-sculpture-de-ballons-close-up-et-anniversaire-enfants\/aurelien-magicien-opaline-animation\/\" rel=\"attachment wp-att-59\"><img class=\"wp-image-59  lws-optimize-lazyload\"  alt=\"Aurelien Magicien \u00e0 Metz, Nancy et Luxembourg et en Lorraine\" width=\"451\" height=\"338\" \/ data-src=\"https:\/\/www.opalineanimation.com\/Blog_Cie_Opaline\/wp-content\/uploads\/Aurelien-Magicien-Opaline-Animation-1024x768.jpg\" srcset=\"https:\/\/www.opalineanimation.com\/Blog_Cie_Opaline\/wp-content\/uploads\/Aurelien-Magicien-Opaline-Animation-1024x768.jpg 1024w, https:\/\/www.opalineanimation.com\/Blog_Cie_Opaline\/wp-content\/uploads\/Aurelien-Magicien-Opaline-Animation-300x225.jpg 300w, https:\/\/www.opalineanimation.com\/Blog_Cie_Opaline\/wp-content\/uploads\/Aurelien-Magicien-Opaline-Animation.jpg 2048w\" sizes=\"(max-width: 451px) 100vw, 451px\" \/><\/a><figcaption id=\"caption-attachment-59\" class=\"wp-caption-text\">Aurelien magicien au Chateau d&rsquo;Art sur Meurthe<\/figcaption><\/figure>\n<p style=\"text-align: justify;\"><strong>Nous pensons qu&rsquo;il n&rsquo;est d&rsquo;artiste que complet. <\/strong><\/p>\n<\/blockquote>\n<p style=\"text-align: justify;\">Le th\u00e9\u00e2tre, le jeu, fait partie des passions de ce magicien depuis bien des ann\u00e9es. <strong>L&rsquo;entrainement est quotidien de quelques heures par jours, parfois les journ\u00e9es enti\u00e8res ne suffisent pas<\/strong>. R\u00e9p\u00e9ter inlassablement pour parfaire la technique qui doit devenir ind\u00e9celable.<\/p>\n<p style=\"text-align: justify;\">Aur\u00e9lien est un magicien et c&rsquo;est parce qu\u2019il aime tant de choses que sa magie est particuli\u00e8re et que vous passerez un bon moment en sa compagnie.<\/p>\n<blockquote>\n<h2>La r\u00e9servation :<\/h2>\n<\/blockquote>\n<p style=\"text-align: justify;\">Vous pouvez \u00e9galement nous t\u00e9l\u00e9phoner, ou nous envoyer un mail (n&rsquo;oubliez pas de mettre votre num\u00e9ro de t\u00e9l\u00e9phone).<\/p>\n<figure id=\"attachment_140\" aria-describedby=\"caption-attachment-140\" style=\"width: 300px\" class=\"wp-caption alignleft\"><a href=\"https:\/\/www.opalineanimation.com\/Blog_Cie_Opaline\/wp-content\/uploads\/Cartes-Opaline-Animation.jpg\"><img class=\"wp-image-140 size-medium lws-optimize-lazyload\" title=\"Magicien Metz\"  alt=\"carte de Visite Opaline Animation\" width=\"300\" height=\"200\" \/ data-src=\"https:\/\/www.opalineanimation.com\/Blog_Cie_Opaline\/wp-content\/uploads\/Cartes-Opaline-Animation-300x200.jpg\" srcset=\"https:\/\/www.opalineanimation.com\/Blog_Cie_Opaline\/wp-content\/uploads\/Cartes-Opaline-Animation-300x200.jpg 300w, https:\/\/www.opalineanimation.com\/Blog_Cie_Opaline\/wp-content\/uploads\/Cartes-Opaline-Animation-1024x683.jpg 1024w, https:\/\/www.opalineanimation.com\/Blog_Cie_Opaline\/wp-content\/uploads\/Cartes-Opaline-Animation.jpg 1500w\" sizes=\"(max-width: 300px) 100vw, 300px\" \/><\/a><figcaption id=\"caption-attachment-140\" class=\"wp-caption-text\">Carte de visite Opaline Animation<\/figcaption><\/figure>\n<p style=\"text-align: justify;\"><a title=\"Mail Opaline Animation\" href=\"mailto:infos@opalineanimation.com\">infos@opalineanimation.com<\/a><\/p>\n<p style=\"text-align: justify;\"><span style=\"text-decoration: underline;\">Tel :<\/span> 06 13 36 96 42<\/p>\n<p style=\"text-align: justify;\">+33 6 13 36 96 42<\/p>\n<p style=\"text-align: justify;\"><a title=\"Opaline Animation\" href=\"https:\/\/www.opalineanimation.com\">www.opalineanimation.com<\/a><\/p>\n<p style=\"text-align: justify;\"><a href=\"https:\/\/www.opalineanimation.com\/Blog_Cie_Opaline\/magicien-spectacle-enfants-grimages-les-avis-d-opaline-animation\/\">Les avis, les photos, commentaires<\/a> d&rsquo;autres personnes qui nous ont fait confiance sur la page facebook ici et <a href=\"https:\/\/www.opalineanimation.com\/Blog_Cie_Opaline\/la-magie-le-close-up-comme-hobbie\/\">si devenir magicien amateur vous interresse c&rsquo;est par ici !<\/a>.<\/p>\n<p style=\"text-align: justify;\">A tr\u00e8s bient\u00f4t !<\/p>\n\n<div class=\"wpcf7 no-js\" id=\"wpcf7-f325-o1\" lang=\"fr-FR\" dir=\"ltr\" data-wpcf7-id=\"325\">\n<div class=\"screen-reader-response\"><p role=\"status\" aria-live=\"polite\" aria-atomic=\"true\"><\/p> <ul><\/ul><\/div>\n<form action=\"\/Blog_Cie_Opaline\/wp-json\/wp\/v2\/pages\/2487#wpcf7-f325-o1\" method=\"post\" class=\"wpcf7-form init\" aria-label=\"Formulaire de contact\" novalidate=\"novalidate\" data-status=\"init\">\n<fieldset class=\"hidden-fields-container\"><input type=\"hidden\" name=\"_wpcf7\" value=\"325\" \/><input type=\"hidden\" name=\"_wpcf7_version\" value=\"6.1.5\" \/><input type=\"hidden\" name=\"_wpcf7_locale\" value=\"fr_FR\" \/><input type=\"hidden\" name=\"_wpcf7_unit_tag\" value=\"wpcf7-f325-o1\" \/><input type=\"hidden\" name=\"_wpcf7_container_post\" value=\"0\" \/><input type=\"hidden\" name=\"_wpcf7_posted_data_hash\" value=\"\" \/><input type=\"hidden\" name=\"_wpcf7_recaptcha_response\" value=\"\" \/>\n<\/fieldset>\n<p>Votre nom, pr\u00e9nom\n<\/p>\n<p><span class=\"wpcf7-form-control-wrap\" data-name=\"your-name\"><input size=\"40\" maxlength=\"400\" class=\"wpcf7-form-control wpcf7-text wpcf7-validates-as-required\" aria-required=\"true\" aria-invalid=\"false\" value=\"\" type=\"text\" name=\"your-name\" \/><\/span>\n<\/p>\n<p>T\u00e9l\u00e9phone\n<\/p>\n<p><span class=\"wpcf7-form-control-wrap\" data-name=\"tel-904\"><input size=\"40\" maxlength=\"400\" class=\"wpcf7-form-control wpcf7-tel wpcf7-text wpcf7-validates-as-tel Tlphone 2\" id=\"Tlphone1\" aria-invalid=\"false\" value=\"\" type=\"tel\" name=\"tel-904\" \/><\/span>\n<\/p>\n<p>E-mail\n<\/p>\n<p><span class=\"wpcf7-form-control-wrap\" data-name=\"your-email\"><input size=\"40\" maxlength=\"400\" class=\"wpcf7-form-control wpcf7-email wpcf7-validates-as-required wpcf7-text wpcf7-validates-as-email\" aria-required=\"true\" aria-invalid=\"false\" value=\"\" type=\"email\" name=\"your-email\" \/><\/span>\n<\/p>\n<p>Sujet\n<\/p>\n<p><span class=\"wpcf7-form-control-wrap\" data-name=\"your-subject\"><input size=\"40\" maxlength=\"400\" class=\"wpcf7-form-control wpcf7-text\" aria-invalid=\"false\" value=\"\" type=\"text\" name=\"your-subject\" \/><\/span>\n<\/p>\n<p>Votre message\n<\/p>\n<p><span class=\"wpcf7-form-control-wrap\" data-name=\"your-message\"><textarea cols=\"40\" rows=\"10\" maxlength=\"2000\" class=\"wpcf7-form-control wpcf7-textarea\" aria-invalid=\"false\" name=\"your-message\"><\/textarea><\/span>\n<\/p>\n<p><input class=\"wpcf7-form-control wpcf7-submit has-spinner\" type=\"submit\" value=\"Envoyer\" \/> Tous les champs sont obligatoires\n<\/p>\n<div class=\"wpcf7-response-output\" aria-hidden=\"true\"><\/div>\n<\/form>\n<\/div>\n\n","protected":false},"excerpt":{"rendered":"<p>Vous reprendrez bien un peu de magie ?!! Aur\u00e9lien magicien et un peu plus encore&#8230; Amoureux de la magie depuis plus de 15 ans, il sillonne Nancy, la Lorraine et [&hellip;]<\/p>\n","protected":false},"author":1,"featured_media":0,"parent":0,"menu_order":0,"comment_status":"closed","ping_status":"closed","template":"","meta":{"footnotes":""},"class_list":["post-2487","page","type-page","status-publish","hentry"],"yoast_head":"<!-- This site is optimized with the Yoast SEO plugin v27.5 - https:\/\/yoast.com\/product\/yoast-seo-wordpress\/ -->\n<title>Magicien \u00e0 Nancy, la magie du close-up ! Une animation originale !<\/title>\n<meta name=\"description\" content=\"Aur\u00e9lien, magicien pour votre \u00e9v\u00e8nement sur Nancy. Specialis\u00e9 en close-up, un moment magique et inoubliable pour vos convives !\" \/>\n<meta name=\"robots\" content=\"index, follow, max-snippet:-1, max-image-preview:large, max-video-preview:-1\" \/>\n<link rel=\"canonical\" href=\"https:\/\/www.opalineanimation.com\/Blog_Cie_Opaline\/magicien_aurelien\/\" \/>\n<meta property=\"og:locale\" content=\"fr_FR\" \/>\n<meta property=\"og:type\" content=\"article\" \/>\n<meta property=\"og:title\" content=\"Aurelien Magicien close-up !\" \/>\n<meta property=\"og:description\" content=\"Aur\u00e9lien, magicien pour votre \u00e9v\u00e8nement sur Nancy. Specialis\u00e9 en close-up, un moment magique et inoubliable pour vos convives !\" \/>\n<meta property=\"og:url\" content=\"https:\/\/www.opalineanimation.com\/Blog_Cie_Opaline\/magicien_aurelien\/\" \/>\n<meta property=\"og:site_name\" content=\"Cie Opaline CLOSE-UP, SPECTACLES ET SERVICES\" \/>\n<meta property=\"article:publisher\" content=\"https:\/\/www.facebook.com\/pages\/Opaline-Animation\/255451761132872\" \/>\n<meta property=\"article:modified_time\" content=\"2024-10-01T12:42:53+00:00\" \/>\n<meta property=\"og:image\" content=\"https:\/\/www.opalineanimation.com\/Blog_Cie_Opaline\/wp-content\/uploads\/magicien-Metz.jpg\" \/>\n\t<meta property=\"og:image:width\" content=\"600\" \/>\n\t<meta property=\"og:image:height\" content=\"400\" \/>\n\t<meta property=\"og:image:type\" content=\"image\/jpeg\" \/>\n<meta name=\"twitter:label1\" content=\"Dur\u00e9e de lecture estim\u00e9e\" \/>\n\t<meta name=\"twitter:data1\" content=\"3 minutes\" \/>\n<script type=\"application\/ld+json\" class=\"yoast-schema-graph\">{\"@context\":\"https:\\\/\\\/schema.org\",\"@graph\":[{\"@type\":\"WebPage\",\"@id\":\"https:\\\/\\\/www.opalineanimation.com\\\/Blog_Cie_Opaline\\\/magicien_aurelien\\\/\",\"url\":\"https:\\\/\\\/www.opalineanimation.com\\\/Blog_Cie_Opaline\\\/magicien_aurelien\\\/\",\"name\":\"Magicien \u00e0 Nancy, la magie du close-up ! Une animation originale !\",\"isPartOf\":{\"@id\":\"https:\\\/\\\/www.opalineanimation.com\\\/Blog_Cie_Opaline\\\/#website\"},\"primaryImageOfPage\":{\"@id\":\"https:\\\/\\\/www.opalineanimation.com\\\/Blog_Cie_Opaline\\\/magicien_aurelien\\\/#primaryimage\"},\"image\":{\"@id\":\"https:\\\/\\\/www.opalineanimation.com\\\/Blog_Cie_Opaline\\\/magicien_aurelien\\\/#primaryimage\"},\"thumbnailUrl\":\"https:\\\/\\\/www.opalineanimation.com\\\/Blog_Cie_Opaline\\\/wp-content\\\/uploads\\\/magicien-Metz.jpg\",\"datePublished\":\"2018-12-06T09:56:57+00:00\",\"dateModified\":\"2024-10-01T12:42:53+00:00\",\"description\":\"Aur\u00e9lien, magicien pour votre \u00e9v\u00e8nement sur Nancy. Specialis\u00e9 en close-up, un moment magique et inoubliable pour vos convives !\",\"breadcrumb\":{\"@id\":\"https:\\\/\\\/www.opalineanimation.com\\\/Blog_Cie_Opaline\\\/magicien_aurelien\\\/#breadcrumb\"},\"inLanguage\":\"fr-FR\",\"potentialAction\":[{\"@type\":\"ReadAction\",\"target\":[\"https:\\\/\\\/www.opalineanimation.com\\\/Blog_Cie_Opaline\\\/magicien_aurelien\\\/\"]}]},{\"@type\":\"ImageObject\",\"inLanguage\":\"fr-FR\",\"@id\":\"https:\\\/\\\/www.opalineanimation.com\\\/Blog_Cie_Opaline\\\/magicien_aurelien\\\/#primaryimage\",\"url\":\"https:\\\/\\\/www.opalineanimation.com\\\/Blog_Cie_Opaline\\\/wp-content\\\/uploads\\\/magicien-Metz.jpg\",\"contentUrl\":\"https:\\\/\\\/www.opalineanimation.com\\\/Blog_Cie_Opaline\\\/wp-content\\\/uploads\\\/magicien-Metz.jpg\",\"width\":600,\"height\":400,\"caption\":\"Magicien Metz\"},{\"@type\":\"BreadcrumbList\",\"@id\":\"https:\\\/\\\/www.opalineanimation.com\\\/Blog_Cie_Opaline\\\/magicien_aurelien\\\/#breadcrumb\",\"itemListElement\":[{\"@type\":\"ListItem\",\"position\":1,\"name\":\"Accueil\",\"item\":\"https:\\\/\\\/www.opalineanimation.com\\\/Blog_Cie_Opaline\\\/\"},{\"@type\":\"ListItem\",\"position\":2,\"name\":\"Magicien et un peu plus encore !\"}]},{\"@type\":\"WebSite\",\"@id\":\"https:\\\/\\\/www.opalineanimation.com\\\/Blog_Cie_Opaline\\\/#website\",\"url\":\"https:\\\/\\\/www.opalineanimation.com\\\/Blog_Cie_Opaline\\\/\",\"name\":\"Cie Opaline CLOSE-UP, SPECTACLES ET SERVICES\",\"description\":\"Artistes du spectacle \u00e0 Metz, Nancy et Luxembourg\",\"potentialAction\":[{\"@type\":\"SearchAction\",\"target\":{\"@type\":\"EntryPoint\",\"urlTemplate\":\"https:\\\/\\\/www.opalineanimation.com\\\/Blog_Cie_Opaline\\\/?s={search_term_string}\"},\"query-input\":{\"@type\":\"PropertyValueSpecification\",\"valueRequired\":true,\"valueName\":\"search_term_string\"}}],\"inLanguage\":\"fr-FR\"}]}<\/script>\n<!-- \/ Yoast SEO plugin. -->","yoast_head_json":{"title":"Magicien \u00e0 Nancy, la magie du close-up ! Une animation originale !","description":"Aur\u00e9lien, magicien pour votre \u00e9v\u00e8nement sur Nancy. Specialis\u00e9 en close-up, un moment magique et inoubliable pour vos convives !","robots":{"index":"index","follow":"follow","max-snippet":"max-snippet:-1","max-image-preview":"max-image-preview:large","max-video-preview":"max-video-preview:-1"},"canonical":"https:\/\/www.opalineanimation.com\/Blog_Cie_Opaline\/magicien_aurelien\/","og_locale":"fr_FR","og_type":"article","og_title":"Aurelien Magicien close-up !","og_description":"Aur\u00e9lien, magicien pour votre \u00e9v\u00e8nement sur Nancy. Specialis\u00e9 en close-up, un moment magique et inoubliable pour vos convives !","og_url":"https:\/\/www.opalineanimation.com\/Blog_Cie_Opaline\/magicien_aurelien\/","og_site_name":"Cie Opaline CLOSE-UP, SPECTACLES ET SERVICES","article_publisher":"https:\/\/www.facebook.com\/pages\/Opaline-Animation\/255451761132872","article_modified_time":"2024-10-01T12:42:53+00:00","og_image":[{"width":600,"height":400,"url":"https:\/\/www.opalineanimation.com\/Blog_Cie_Opaline\/wp-content\/uploads\/magicien-Metz.jpg","type":"image\/jpeg"}],"twitter_misc":{"Dur\u00e9e de lecture estim\u00e9e":"3 minutes"},"schema":{"@context":"https:\/\/schema.org","@graph":[{"@type":"WebPage","@id":"https:\/\/www.opalineanimation.com\/Blog_Cie_Opaline\/magicien_aurelien\/","url":"https:\/\/www.opalineanimation.com\/Blog_Cie_Opaline\/magicien_aurelien\/","name":"Magicien \u00e0 Nancy, la magie du close-up ! Une animation originale !","isPartOf":{"@id":"https:\/\/www.opalineanimation.com\/Blog_Cie_Opaline\/#website"},"primaryImageOfPage":{"@id":"https:\/\/www.opalineanimation.com\/Blog_Cie_Opaline\/magicien_aurelien\/#primaryimage"},"image":{"@id":"https:\/\/www.opalineanimation.com\/Blog_Cie_Opaline\/magicien_aurelien\/#primaryimage"},"thumbnailUrl":"https:\/\/www.opalineanimation.com\/Blog_Cie_Opaline\/wp-content\/uploads\/magicien-Metz.jpg","datePublished":"2018-12-06T09:56:57+00:00","dateModified":"2024-10-01T12:42:53+00:00","description":"Aur\u00e9lien, magicien pour votre \u00e9v\u00e8nement sur Nancy. Specialis\u00e9 en close-up, un moment magique et inoubliable pour vos convives !","breadcrumb":{"@id":"https:\/\/www.opalineanimation.com\/Blog_Cie_Opaline\/magicien_aurelien\/#breadcrumb"},"inLanguage":"fr-FR","potentialAction":[{"@type":"ReadAction","target":["https:\/\/www.opalineanimation.com\/Blog_Cie_Opaline\/magicien_aurelien\/"]}]},{"@type":"ImageObject","inLanguage":"fr-FR","@id":"https:\/\/www.opalineanimation.com\/Blog_Cie_Opaline\/magicien_aurelien\/#primaryimage","url":"https:\/\/www.opalineanimation.com\/Blog_Cie_Opaline\/wp-content\/uploads\/magicien-Metz.jpg","contentUrl":"https:\/\/www.opalineanimation.com\/Blog_Cie_Opaline\/wp-content\/uploads\/magicien-Metz.jpg","width":600,"height":400,"caption":"Magicien Metz"},{"@type":"BreadcrumbList","@id":"https:\/\/www.opalineanimation.com\/Blog_Cie_Opaline\/magicien_aurelien\/#breadcrumb","itemListElement":[{"@type":"ListItem","position":1,"name":"Accueil","item":"https:\/\/www.opalineanimation.com\/Blog_Cie_Opaline\/"},{"@type":"ListItem","position":2,"name":"Magicien et un peu plus encore !"}]},{"@type":"WebSite","@id":"https:\/\/www.opalineanimation.com\/Blog_Cie_Opaline\/#website","url":"https:\/\/www.opalineanimation.com\/Blog_Cie_Opaline\/","name":"Cie Opaline CLOSE-UP, SPECTACLES ET SERVICES","description":"Artistes du spectacle \u00e0 Metz, Nancy et Luxembourg","potentialAction":[{"@type":"SearchAction","target":{"@type":"EntryPoint","urlTemplate":"https:\/\/www.opalineanimation.com\/Blog_Cie_Opaline\/?s={search_term_string}"},"query-input":{"@type":"PropertyValueSpecification","valueRequired":true,"valueName":"search_term_string"}}],"inLanguage":"fr-FR"}]}},"_links":{"self":[{"href":"https:\/\/www.opalineanimation.com\/Blog_Cie_Opaline\/wp-json\/wp\/v2\/pages\/2487","targetHints":{"allow":["GET"]}}],"collection":[{"href":"https:\/\/www.opalineanimation.com\/Blog_Cie_Opaline\/wp-json\/wp\/v2\/pages"}],"about":[{"href":"https:\/\/www.opalineanimation.com\/Blog_Cie_Opaline\/wp-json\/wp\/v2\/types\/page"}],"author":[{"embeddable":true,"href":"https:\/\/www.opalineanimation.com\/Blog_Cie_Opaline\/wp-json\/wp\/v2\/users\/1"}],"replies":[{"embeddable":true,"href":"https:\/\/www.opalineanimation.com\/Blog_Cie_Opaline\/wp-json\/wp\/v2\/comments?post=2487"}],"version-history":[{"count":38,"href":"https:\/\/www.opalineanimation.com\/Blog_Cie_Opaline\/wp-json\/wp\/v2\/pages\/2487\/revisions"}],"predecessor-version":[{"id":5695,"href":"https:\/\/www.opalineanimation.com\/Blog_Cie_Opaline\/wp-json\/wp\/v2\/pages\/2487\/revisions\/5695"}],"wp:attachment":[{"href":"https:\/\/www.opalineanimation.com\/Blog_Cie_Opaline\/wp-json\/wp\/v2\/media?parent=2487"}],"curies":[{"name":"wp","href":"https:\/\/api.w.org\/{rel}","templated":true}]}}