{"id":2422,"date":"2019-01-14T10:00:24","date_gmt":"2019-01-14T08:00:24","guid":{"rendered":"https:\/\/www.opalineanimation.com\/Blog_Cie_Opaline\/?page_id=2422"},"modified":"2019-02-12T18:57:02","modified_gmt":"2019-02-12T16:57:02","slug":"caricaturiste","status":"publish","type":"page","link":"https:\/\/www.opalineanimation.com\/Blog_Cie_Opaline\/caricaturiste\/","title":{"rendered":"Caricaturiste, la bonne humeur au bout du crayon !"},"content":{"rendered":"\n<p><\/p>\n\n\n<h1><strong><em style=\"color: #ff6600;\">Caricature<\/em><span style=\"color: #ff6600;\"> : Portrait dessin\u00e9&nbsp;ou peint o\u00f9 les traits caract\u00e9ristiques du sujet sont amplifi\u00e9s !<\/span><\/strong><\/h1>\n<p>&nbsp;<\/p>\n<p>Ce terme nous vient de l&rsquo;italien <strong>\u00ab\u00a0<a href=\"https:\/\/fr.wikipedia.org\/wiki\/Caricature\">caricatura<\/a>\u00ab\u00a0<\/strong>, et sa traduction litt\u00e9rale signifie <strong>\u00ab\u00a0charger de fa\u00e7on exag\u00e9r\u00e9e\u00a0\u00bb<\/strong> et nous pourrions dire pour faire simple : <strong>En rajouter !<\/strong><\/p>\n&nbsp;\n&nbsp;\n<p>&nbsp;<\/p>\n<figure id=\"attachment_2428\" aria-describedby=\"caption-attachment-2428\" style=\"width: 330px\" class=\"wp-caption alignleft\"><a href=\"https:\/\/www.opalineanimation.com\/Blog_Cie_Opaline\/caricature\/caricature_metz\/\" rel=\"attachment wp-att-2428\"><img class=\" wp-image-2428 lws-optimize-lazyload\"  alt=\"Carictaure Metz\" width=\"330\" height=\"372\" data-src=\"https:\/\/www.opalineanimation.com\/Blog_Cie_Opaline\/wp-content\/uploads\/Caricature_Metz.jpg\" srcset=\"https:\/\/www.opalineanimation.com\/Blog_Cie_Opaline\/wp-content\/uploads\/Caricature_Metz.jpg 584w, https:\/\/www.opalineanimation.com\/Blog_Cie_Opaline\/wp-content\/uploads\/Caricature_Metz-267x300.jpg 267w\" sizes=\"(max-width: 330px) 100vw, 330px\" \/><\/a><figcaption id=\"caption-attachment-2428\" class=\"wp-caption-text\">Caricature Betty<\/figcaption><\/figure>\n<h2>Un souvenir particulier que nous emportons \u00e0 la maison.<\/h2>\n<p><em><span style=\"color: #ff6600;\"><strong>\u00a0\u00bb Il y a beaucoup d&rsquo;amour dans une caricature ! \u00ab\u00a0<\/strong><\/span><\/em><\/p>\n<p style=\"text-align: justify;\">Cette animation est tr\u00e8s appr\u00e9ci\u00e9e pourvu que l&rsquo;on fasse preuve d&rsquo;un peu de second degr\u00e9 lors d&rsquo;un repas priv\u00e9, d&rsquo;une f\u00eate d&rsquo;entreprise ou de toute autre occasion.<\/p>\n<p style=\"text-align: justify;\">La particularit\u00e9 est d&#8217;emporter son portait, son \u00ab\u00a0troph\u00e9e\u00a0\u00bb, apostroph\u00e9, chez soi !<\/p>\n<p style=\"text-align: justify;\">Certains y prennent go\u00fbt et chaque artiste \u00e0 sa sensibilit\u00e9 avec laquelle il s&rsquo;exprime ce qui donne lieu \u00e0 des interpr\u00e9tations diff\u00e9rentes ! Il y a autant de caricatures que de caricaturistes, avec des traits style bande-dessin\u00e9es ou des <a href=\"https:\/\/www.opalineanimation.com\/Blog_Cie_Opaline\/caricaturiste-luxembourg\/\">traits charg\u00e9s<\/a>.&nbsp;<\/p>\n<p>&nbsp;<\/p>\n<h2>&nbsp;<\/h2>\n<h2>&nbsp;<\/h2>\n<figure id=\"attachment_2393\" aria-describedby=\"caption-attachment-2393\" style=\"width: 305px\" class=\"wp-caption alignright\"><a href=\"https:\/\/www.opalineanimation.com\/Blog_Cie_Opaline\/maquillage-enfants-sculpture-de-ballons-magie-spectacles-actualites\/magicien_metz\/\" rel=\"attachment wp-att-2393\"><img class=\" wp-image-2393 lws-optimize-lazyload\"  alt=\"magicien et caricaturiste a metz\" width=\"305\" height=\"407\" data-src=\"https:\/\/www.opalineanimation.com\/Blog_Cie_Opaline\/wp-content\/uploads\/Magicien_metz.jpg\" srcset=\"https:\/\/www.opalineanimation.com\/Blog_Cie_Opaline\/wp-content\/uploads\/Magicien_metz.jpg 500w, https:\/\/www.opalineanimation.com\/Blog_Cie_Opaline\/wp-content\/uploads\/Magicien_metz-225x300.jpg 225w\" sizes=\"(max-width: 305px) 100vw, 305px\" \/><\/a><figcaption id=\"caption-attachment-2393\" class=\"wp-caption-text\">Magicien et Caricaturiste \u00e0 <strong>Metz<\/strong><\/figcaption><\/figure>\n<h2><a href=\"https:\/\/www.opalineanimation.com\/Blog_Cie_Opaline\/close-up-magicien-metz-nancy-et-luxembourg\/\">Close-up<\/a> et caricature, j&rsquo;ach\u00e8te !<\/h2>\n<p style=\"text-align: justify;\">Il est de plus en plus courant lors de nos prestations de marier <strong><a href=\"https:\/\/www.opalineanimation.com\/Blog_Cie_Opaline\/close-up-magicien-metz-nancy-et-luxembourg\/\">magicien<\/a> et <a href=\"https:\/\/www.opalineanimation.com\/Blog_Cie_Opaline\/caricaturiste-nancy\/\">caricaturiste<\/a>.<\/strong><\/p>\n<p style=\"text-align: justify;\">Ce couple donne un certain cachet \u00e0 votre \u00e9v\u00e9nement et sont des animations compl\u00e9mentaires.<\/p>\n<p style=\"text-align: justify;\">G\u00e9n\u00e9ralement le magicien officie en d\u00e9ambulant, le caricaturiste pr\u00e9f\u00e8re le confort d&rsquo;une assise.<\/p>\n<p style=\"text-align: justify;\">Nous proposons donc des formules <strong>\u00ab\u00a0close-up et dessin\u00a0\u00bb avec deux artistes bien \u00e9videmment !<\/strong><\/p>\n<p style=\"text-align: justify;\"><em><strong><span style=\"color: #ff6600;\">\u00a0\u00bb Ici Aur\u00e9lien le magicien en compagnie de Betty pour une animation \u00e0 l\u2019a\u00e9roport&nbsp;de Metz Nancy Lorraine \u00ab\u00a0<\/span><\/strong><\/em><\/p>\n<p>&nbsp;<\/p>\n<p>&nbsp;<\/p>\n<h2>&nbsp;<\/h2>\n<h2 style=\"text-align: center;\"><span style=\"color: #ff6600;\">Une animation \u00ab\u00a0tout-terrain\u00a0\u00bb et de bons fous rires !<\/span><\/h2>\n<figure id=\"attachment_2436\" aria-describedby=\"caption-attachment-2436\" style=\"width: 537px\" class=\"wp-caption aligncenter\"><a href=\"https:\/\/www.opalineanimation.com\/Blog_Cie_Opaline\/caricature\/caricature-metz\/\" rel=\"attachment wp-att-2436\"><img class=\" wp-image-2436 lws-optimize-lazyload\"  alt=\"Caricature Metz\" width=\"537\" height=\"358\" data-src=\"https:\/\/www.opalineanimation.com\/Blog_Cie_Opaline\/wp-content\/uploads\/Caricature-Metz.jpg\" srcset=\"https:\/\/www.opalineanimation.com\/Blog_Cie_Opaline\/wp-content\/uploads\/Caricature-Metz.jpg 700w, https:\/\/www.opalineanimation.com\/Blog_Cie_Opaline\/wp-content\/uploads\/Caricature-Metz-300x200.jpg 300w\" sizes=\"(max-width: 537px) 100vw, 537px\" \/><\/a><figcaption id=\"caption-attachment-2436\" class=\"wp-caption-text\">Lolo Caricature \u00e0<strong> Metz<\/strong> ! Nous imaginons &nbsp;le portrait !<\/figcaption><\/figure>\n<p>&nbsp;<\/p>\n<figure id=\"attachment_2449\" aria-describedby=\"caption-attachment-2449\" style=\"width: 437px\" class=\"wp-caption alignleft\"><a href=\"https:\/\/www.opalineanimation.com\/Blog_Cie_Opaline\/caricature\/caricaturiste_metz\/\" rel=\"attachment wp-att-2449\"><img class=\" wp-image-2449 lws-optimize-lazyload\"  alt=\"Caricature Metz\" width=\"437\" height=\"291\" data-src=\"https:\/\/www.opalineanimation.com\/Blog_Cie_Opaline\/wp-content\/uploads\/Caricaturiste_Metz.jpg\" srcset=\"https:\/\/www.opalineanimation.com\/Blog_Cie_Opaline\/wp-content\/uploads\/Caricaturiste_Metz.jpg 700w, https:\/\/www.opalineanimation.com\/Blog_Cie_Opaline\/wp-content\/uploads\/Caricaturiste_Metz-300x200.jpg 300w\" sizes=\"(max-width: 437px) 100vw, 437px\" \/><\/a><figcaption id=\"caption-attachment-2449\" class=\"wp-caption-text\">La caricature, moment magique !<\/figcaption><\/figure>\n<p>&nbsp;<\/p>\n<h2 style=\"text-align: justify;\">Que pr\u00e9voir alors afin de recevoir un caricaturiste ?<\/h2>\n<p><span style=\"color: #ff6600;\"><strong>Il emporte son mat\u00e9riel avec lui&#8230; sa chaise aussi !<\/strong><\/span><\/p>\n<p style=\"text-align: justify;\">Il vous faudra beaucoup d&rsquo;humour et peu de place. <strong>Un endroit de choix suffisamment&nbsp;\u00e9clair\u00e9&nbsp;lui conviendra et \u00e0 son bien-\u00eatre tu veilleras !<\/strong><\/p>\n<p style=\"text-align: justify;\">Pour le reste faites lui confiance, les ann\u00e9es de travail, de pratique avec toute sorte de public n&rsquo;ont pas fait qu\u2019aff\u00fbter la pointe de son crayon !<\/p>\n<h2><strong>Vous souhaitez r\u00e9server un caricaturiste sur Metz ou au alentours, voici le c\u00f4t\u00e9 tarif :<\/strong><\/h2>\n<p style=\"text-align: justify;\">\u031b<strong>Bon choix !<\/strong> Le tarif est fonction de la distance \u00e0 parcourir et vous pouvez consid\u00e9rer que le tarif horaire est de <strong>100 euros par heure. Cotisations comprises et charges.<\/strong><\/p>\n<p style=\"text-align: justify;\">Il faut maintenant d\u00e9terminer d\u2019un volume d\u2019heure pour votre journ\u00e9e et c\u2019est en nous contactant par t\u00e9l\u00e9phone, ou bien par mail, en nous indiquant le plus d\u2019informations que nous pourrons vous faire parvenir une offre.<\/p>\n<h2><strong>La r\u00e9servation :<\/strong><\/h2>\n<p>Vous pouvez \u00e9galement nous t\u00e9l\u00e9phoner, ou nous envoyer un mail (n&rsquo;oubliez pas de mettre votre num\u00e9ro de t\u00e9l\u00e9phone).<\/p>\n<figure id=\"attachment_140\" aria-describedby=\"caption-attachment-140\" style=\"width: 300px\" class=\"wp-caption alignleft\"><a href=\"https:\/\/www.opalineanimation.com\/Blog_Cie_Opaline\/wp-content\/uploads\/Cartes-Opaline-Animation.jpg\"><img class=\"wp-image-140 size-medium lws-optimize-lazyload\" title=\"Magicien Metz\"  alt=\"carte de Visite Opaline Animation\" width=\"300\" height=\"200\" data-src=\"https:\/\/www.opalineanimation.com\/Blog_Cie_Opaline\/wp-content\/uploads\/Cartes-Opaline-Animation-300x200.jpg\" srcset=\"https:\/\/www.opalineanimation.com\/Blog_Cie_Opaline\/wp-content\/uploads\/Cartes-Opaline-Animation-300x200.jpg 300w, https:\/\/www.opalineanimation.com\/Blog_Cie_Opaline\/wp-content\/uploads\/Cartes-Opaline-Animation-1024x683.jpg 1024w, https:\/\/www.opalineanimation.com\/Blog_Cie_Opaline\/wp-content\/uploads\/Cartes-Opaline-Animation.jpg 1500w\" sizes=\"(max-width: 300px) 100vw, 300px\" \/><\/a><figcaption id=\"caption-attachment-140\" class=\"wp-caption-text\">Carte de visite Opaline Animation<\/figcaption><\/figure>\n<p><a title=\"Mail Opaline Animation\" href=\"mailto:infos@opalineanimation.com\">infos@opalineanimation.com<\/a><\/p>\n<p>Tel : 06 13 36 96 42<\/p>\n<p>+33 6 13 36 96 42<\/p>\n<p><a title=\"Opaline Animation\" href=\"https:\/\/www.opalineanimation.com\">www.opalineanimation.com<\/a><\/p>\n<p><a href=\"https:\/\/www.opalineanimation.com\/Blog_Cie_Opaline\/magicien-spectacle-enfants-grimages-les-avis-d-opaline-animation\/\">Les avis, les photos, commentaires<\/a> d&rsquo;autres personnes qui nous ont fait confiance sur la page facebook ici et <a href=\"https:\/\/www.opalineanimation.com\/Blog_Cie_Opaline\/la-magie-le-close-up-comme-hobbie\/\">si devenir magicien amateur vous interresse c&rsquo;est par ici !<\/a>.<\/p>\n<p>A tr\u00e8s bient\u00f4t !<\/p>\n<p>&nbsp;<\/p>\n<hr>\n<h3><strong>Formulaire de contact, demande de devis, renseignements<\/strong><\/h3>\n<p class=\"wrapper style4 container\">\n<div class=\"wpcf7 no-js\" id=\"wpcf7-f325-o1\" lang=\"fr-FR\" dir=\"ltr\" data-wpcf7-id=\"325\">\n<div class=\"screen-reader-response\"><p role=\"status\" aria-live=\"polite\" aria-atomic=\"true\"><\/p> <ul><\/ul><\/div>\n<form action=\"\/Blog_Cie_Opaline\/wp-json\/wp\/v2\/pages\/2422#wpcf7-f325-o1\" method=\"post\" class=\"wpcf7-form init\" aria-label=\"Formulaire de contact\" novalidate=\"novalidate\" data-status=\"init\">\n<fieldset class=\"hidden-fields-container\"><input type=\"hidden\" name=\"_wpcf7\" value=\"325\" \/><input type=\"hidden\" name=\"_wpcf7_version\" value=\"6.1.5\" \/><input type=\"hidden\" name=\"_wpcf7_locale\" value=\"fr_FR\" \/><input type=\"hidden\" name=\"_wpcf7_unit_tag\" value=\"wpcf7-f325-o1\" \/><input type=\"hidden\" name=\"_wpcf7_container_post\" value=\"0\" \/><input type=\"hidden\" name=\"_wpcf7_posted_data_hash\" value=\"\" \/><input type=\"hidden\" name=\"_wpcf7_recaptcha_response\" value=\"\" \/>\n<\/fieldset>\n<p>Votre nom, pr\u00e9nom\n<\/p>\n<p><span class=\"wpcf7-form-control-wrap\" data-name=\"your-name\"><input size=\"40\" maxlength=\"400\" class=\"wpcf7-form-control wpcf7-text wpcf7-validates-as-required\" aria-required=\"true\" aria-invalid=\"false\" value=\"\" type=\"text\" name=\"your-name\" \/><\/span>\n<\/p>\n<p>T\u00e9l\u00e9phone\n<\/p>\n<p><span class=\"wpcf7-form-control-wrap\" data-name=\"tel-904\"><input size=\"40\" maxlength=\"400\" class=\"wpcf7-form-control wpcf7-tel wpcf7-text wpcf7-validates-as-tel Tlphone 2\" id=\"Tlphone1\" aria-invalid=\"false\" value=\"\" type=\"tel\" name=\"tel-904\" \/><\/span>\n<\/p>\n<p>E-mail\n<\/p>\n<p><span class=\"wpcf7-form-control-wrap\" data-name=\"your-email\"><input size=\"40\" maxlength=\"400\" class=\"wpcf7-form-control wpcf7-email wpcf7-validates-as-required wpcf7-text wpcf7-validates-as-email\" aria-required=\"true\" aria-invalid=\"false\" value=\"\" type=\"email\" name=\"your-email\" \/><\/span>\n<\/p>\n<p>Sujet\n<\/p>\n<p><span class=\"wpcf7-form-control-wrap\" data-name=\"your-subject\"><input size=\"40\" maxlength=\"400\" class=\"wpcf7-form-control wpcf7-text\" aria-invalid=\"false\" value=\"\" type=\"text\" name=\"your-subject\" \/><\/span>\n<\/p>\n<p>Votre message\n<\/p>\n<p><span class=\"wpcf7-form-control-wrap\" data-name=\"your-message\"><textarea cols=\"40\" rows=\"10\" maxlength=\"2000\" class=\"wpcf7-form-control wpcf7-textarea\" aria-invalid=\"false\" name=\"your-message\"><\/textarea><\/span>\n<\/p>\n<p><input class=\"wpcf7-form-control wpcf7-submit has-spinner\" type=\"submit\" value=\"Envoyer\" \/> Tous les champs sont obligatoires\n<\/p>\n<div class=\"wpcf7-response-output\" aria-hidden=\"true\"><\/div>\n<\/form>\n<\/div>\n<\/p>\n<p>&nbsp;<\/p>\n<p>&nbsp;<\/p>\n<p>&nbsp;<\/p>","protected":false},"excerpt":{"rendered":"<p>Caricature : Portrait dessin\u00e9&nbsp;ou peint o\u00f9 les traits caract\u00e9ristiques du sujet sont amplifi\u00e9s ! &nbsp; Ce terme nous vient de l&rsquo;italien \u00ab\u00a0caricatura\u00ab\u00a0, et sa traduction litt\u00e9rale signifie \u00ab\u00a0charger de fa\u00e7on [&hellip;]<\/p>\n","protected":false},"author":1,"featured_media":0,"parent":0,"menu_order":0,"comment_status":"closed","ping_status":"closed","template":"","meta":{"footnotes":""},"class_list":["post-2422","page","type-page","status-publish","hentry"],"yoast_head":"<!-- This site is optimized with the Yoast SEO plugin v27.5 - https:\/\/yoast.com\/product\/yoast-seo-wordpress\/ -->\n<title>Caricaturiste \u00e0 Metz : Faites dessiner votre portait en caricature<\/title>\n<meta name=\"description\" content=\"Nos caricaturistes sur Metz, une animation o\u00f9 chaque invit\u00e9 repart avec son portait caricatur\u00e9 ! D\u00e9couvrer leur travail, tarifs sur cette page ...\" \/>\n<meta name=\"robots\" content=\"index, follow, max-snippet:-1, max-image-preview:large, max-video-preview:-1\" \/>\n<link rel=\"canonical\" href=\"https:\/\/www.opalineanimation.com\/Blog_Cie_Opaline\/caricaturiste\/\" \/>\n<meta property=\"og:locale\" content=\"fr_FR\" \/>\n<meta property=\"og:type\" content=\"article\" \/>\n<meta property=\"og:title\" content=\"Caricaturiste \u00e0 Metz : Faites dessiner votre portait en caricature\" \/>\n<meta property=\"og:description\" content=\"Nos caricaturistes sur Metz, une animation o\u00f9 chaque invit\u00e9 repart avec son portait caricatur\u00e9 ! D\u00e9couvrer leur travail, tarifs sur cette page ...\" \/>\n<meta property=\"og:url\" content=\"https:\/\/www.opalineanimation.com\/Blog_Cie_Opaline\/caricaturiste\/\" \/>\n<meta property=\"og:site_name\" content=\"Cie Opaline CLOSE-UP, SPECTACLES ET SERVICES\" \/>\n<meta property=\"article:publisher\" content=\"https:\/\/www.facebook.com\/pages\/Opaline-Animation\/255451761132872\" \/>\n<meta property=\"article:modified_time\" content=\"2019-02-12T16:57:02+00:00\" \/>\n<meta property=\"og:image\" content=\"https:\/\/www.opalineanimation.com\/Blog_Cie_Opaline\/wp-content\/uploads\/Caricature_Metz.jpg\" \/>\n<meta name=\"twitter:label1\" content=\"Dur\u00e9e de lecture estim\u00e9e\" \/>\n\t<meta name=\"twitter:data1\" content=\"3 minutes\" \/>\n<script type=\"application\/ld+json\" class=\"yoast-schema-graph\">{\"@context\":\"https:\\\/\\\/schema.org\",\"@graph\":[{\"@type\":\"WebPage\",\"@id\":\"https:\\\/\\\/www.opalineanimation.com\\\/Blog_Cie_Opaline\\\/caricaturiste\\\/\",\"url\":\"https:\\\/\\\/www.opalineanimation.com\\\/Blog_Cie_Opaline\\\/caricaturiste\\\/\",\"name\":\"Caricaturiste \u00e0 Metz : Faites dessiner votre portait en caricature\",\"isPartOf\":{\"@id\":\"https:\\\/\\\/www.opalineanimation.com\\\/Blog_Cie_Opaline\\\/#website\"},\"primaryImageOfPage\":{\"@id\":\"https:\\\/\\\/www.opalineanimation.com\\\/Blog_Cie_Opaline\\\/caricaturiste\\\/#primaryimage\"},\"image\":{\"@id\":\"https:\\\/\\\/www.opalineanimation.com\\\/Blog_Cie_Opaline\\\/caricaturiste\\\/#primaryimage\"},\"thumbnailUrl\":\"https:\\\/\\\/www.opalineanimation.com\\\/Blog_Cie_Opaline\\\/wp-content\\\/uploads\\\/Caricature_Metz.jpg\",\"datePublished\":\"2019-01-14T08:00:24+00:00\",\"dateModified\":\"2019-02-12T16:57:02+00:00\",\"description\":\"Nos caricaturistes sur Metz, une animation o\u00f9 chaque invit\u00e9 repart avec son portait caricatur\u00e9 ! D\u00e9couvrer leur travail, tarifs sur cette page ...\",\"breadcrumb\":{\"@id\":\"https:\\\/\\\/www.opalineanimation.com\\\/Blog_Cie_Opaline\\\/caricaturiste\\\/#breadcrumb\"},\"inLanguage\":\"fr-FR\",\"potentialAction\":[{\"@type\":\"ReadAction\",\"target\":[\"https:\\\/\\\/www.opalineanimation.com\\\/Blog_Cie_Opaline\\\/caricaturiste\\\/\"]}]},{\"@type\":\"ImageObject\",\"inLanguage\":\"fr-FR\",\"@id\":\"https:\\\/\\\/www.opalineanimation.com\\\/Blog_Cie_Opaline\\\/caricaturiste\\\/#primaryimage\",\"url\":\"https:\\\/\\\/www.opalineanimation.com\\\/Blog_Cie_Opaline\\\/wp-content\\\/uploads\\\/Caricature_Metz.jpg\",\"contentUrl\":\"https:\\\/\\\/www.opalineanimation.com\\\/Blog_Cie_Opaline\\\/wp-content\\\/uploads\\\/Caricature_Metz.jpg\",\"width\":584,\"height\":657,\"caption\":\"Caricature Betty\"},{\"@type\":\"BreadcrumbList\",\"@id\":\"https:\\\/\\\/www.opalineanimation.com\\\/Blog_Cie_Opaline\\\/caricaturiste\\\/#breadcrumb\",\"itemListElement\":[{\"@type\":\"ListItem\",\"position\":1,\"name\":\"Accueil\",\"item\":\"https:\\\/\\\/www.opalineanimation.com\\\/Blog_Cie_Opaline\\\/\"},{\"@type\":\"ListItem\",\"position\":2,\"name\":\"Caricaturiste, la bonne humeur au bout du crayon !\"}]},{\"@type\":\"WebSite\",\"@id\":\"https:\\\/\\\/www.opalineanimation.com\\\/Blog_Cie_Opaline\\\/#website\",\"url\":\"https:\\\/\\\/www.opalineanimation.com\\\/Blog_Cie_Opaline\\\/\",\"name\":\"Cie Opaline CLOSE-UP, SPECTACLES ET SERVICES\",\"description\":\"Artistes du spectacle \u00e0 Metz, Nancy et Luxembourg\",\"potentialAction\":[{\"@type\":\"SearchAction\",\"target\":{\"@type\":\"EntryPoint\",\"urlTemplate\":\"https:\\\/\\\/www.opalineanimation.com\\\/Blog_Cie_Opaline\\\/?s={search_term_string}\"},\"query-input\":{\"@type\":\"PropertyValueSpecification\",\"valueRequired\":true,\"valueName\":\"search_term_string\"}}],\"inLanguage\":\"fr-FR\"}]}<\/script>\n<!-- \/ Yoast SEO plugin. -->","yoast_head_json":{"title":"Caricaturiste \u00e0 Metz : Faites dessiner votre portait en caricature","description":"Nos caricaturistes sur Metz, une animation o\u00f9 chaque invit\u00e9 repart avec son portait caricatur\u00e9 ! D\u00e9couvrer leur travail, tarifs sur cette page ...","robots":{"index":"index","follow":"follow","max-snippet":"max-snippet:-1","max-image-preview":"max-image-preview:large","max-video-preview":"max-video-preview:-1"},"canonical":"https:\/\/www.opalineanimation.com\/Blog_Cie_Opaline\/caricaturiste\/","og_locale":"fr_FR","og_type":"article","og_title":"Caricaturiste \u00e0 Metz : Faites dessiner votre portait en caricature","og_description":"Nos caricaturistes sur Metz, une animation o\u00f9 chaque invit\u00e9 repart avec son portait caricatur\u00e9 ! D\u00e9couvrer leur travail, tarifs sur cette page ...","og_url":"https:\/\/www.opalineanimation.com\/Blog_Cie_Opaline\/caricaturiste\/","og_site_name":"Cie Opaline CLOSE-UP, SPECTACLES ET SERVICES","article_publisher":"https:\/\/www.facebook.com\/pages\/Opaline-Animation\/255451761132872","article_modified_time":"2019-02-12T16:57:02+00:00","og_image":[{"url":"https:\/\/www.opalineanimation.com\/Blog_Cie_Opaline\/wp-content\/uploads\/Caricature_Metz.jpg","type":"","width":"","height":""}],"twitter_misc":{"Dur\u00e9e de lecture estim\u00e9e":"3 minutes"},"schema":{"@context":"https:\/\/schema.org","@graph":[{"@type":"WebPage","@id":"https:\/\/www.opalineanimation.com\/Blog_Cie_Opaline\/caricaturiste\/","url":"https:\/\/www.opalineanimation.com\/Blog_Cie_Opaline\/caricaturiste\/","name":"Caricaturiste \u00e0 Metz : Faites dessiner votre portait en caricature","isPartOf":{"@id":"https:\/\/www.opalineanimation.com\/Blog_Cie_Opaline\/#website"},"primaryImageOfPage":{"@id":"https:\/\/www.opalineanimation.com\/Blog_Cie_Opaline\/caricaturiste\/#primaryimage"},"image":{"@id":"https:\/\/www.opalineanimation.com\/Blog_Cie_Opaline\/caricaturiste\/#primaryimage"},"thumbnailUrl":"https:\/\/www.opalineanimation.com\/Blog_Cie_Opaline\/wp-content\/uploads\/Caricature_Metz.jpg","datePublished":"2019-01-14T08:00:24+00:00","dateModified":"2019-02-12T16:57:02+00:00","description":"Nos caricaturistes sur Metz, une animation o\u00f9 chaque invit\u00e9 repart avec son portait caricatur\u00e9 ! D\u00e9couvrer leur travail, tarifs sur cette page ...","breadcrumb":{"@id":"https:\/\/www.opalineanimation.com\/Blog_Cie_Opaline\/caricaturiste\/#breadcrumb"},"inLanguage":"fr-FR","potentialAction":[{"@type":"ReadAction","target":["https:\/\/www.opalineanimation.com\/Blog_Cie_Opaline\/caricaturiste\/"]}]},{"@type":"ImageObject","inLanguage":"fr-FR","@id":"https:\/\/www.opalineanimation.com\/Blog_Cie_Opaline\/caricaturiste\/#primaryimage","url":"https:\/\/www.opalineanimation.com\/Blog_Cie_Opaline\/wp-content\/uploads\/Caricature_Metz.jpg","contentUrl":"https:\/\/www.opalineanimation.com\/Blog_Cie_Opaline\/wp-content\/uploads\/Caricature_Metz.jpg","width":584,"height":657,"caption":"Caricature Betty"},{"@type":"BreadcrumbList","@id":"https:\/\/www.opalineanimation.com\/Blog_Cie_Opaline\/caricaturiste\/#breadcrumb","itemListElement":[{"@type":"ListItem","position":1,"name":"Accueil","item":"https:\/\/www.opalineanimation.com\/Blog_Cie_Opaline\/"},{"@type":"ListItem","position":2,"name":"Caricaturiste, la bonne humeur au bout du crayon !"}]},{"@type":"WebSite","@id":"https:\/\/www.opalineanimation.com\/Blog_Cie_Opaline\/#website","url":"https:\/\/www.opalineanimation.com\/Blog_Cie_Opaline\/","name":"Cie Opaline CLOSE-UP, SPECTACLES ET SERVICES","description":"Artistes du spectacle \u00e0 Metz, Nancy et Luxembourg","potentialAction":[{"@type":"SearchAction","target":{"@type":"EntryPoint","urlTemplate":"https:\/\/www.opalineanimation.com\/Blog_Cie_Opaline\/?s={search_term_string}"},"query-input":{"@type":"PropertyValueSpecification","valueRequired":true,"valueName":"search_term_string"}}],"inLanguage":"fr-FR"}]}},"_links":{"self":[{"href":"https:\/\/www.opalineanimation.com\/Blog_Cie_Opaline\/wp-json\/wp\/v2\/pages\/2422","targetHints":{"allow":["GET"]}}],"collection":[{"href":"https:\/\/www.opalineanimation.com\/Blog_Cie_Opaline\/wp-json\/wp\/v2\/pages"}],"about":[{"href":"https:\/\/www.opalineanimation.com\/Blog_Cie_Opaline\/wp-json\/wp\/v2\/types\/page"}],"author":[{"embeddable":true,"href":"https:\/\/www.opalineanimation.com\/Blog_Cie_Opaline\/wp-json\/wp\/v2\/users\/1"}],"replies":[{"embeddable":true,"href":"https:\/\/www.opalineanimation.com\/Blog_Cie_Opaline\/wp-json\/wp\/v2\/comments?post=2422"}],"version-history":[{"count":51,"href":"https:\/\/www.opalineanimation.com\/Blog_Cie_Opaline\/wp-json\/wp\/v2\/pages\/2422\/revisions"}],"predecessor-version":[{"id":4026,"href":"https:\/\/www.opalineanimation.com\/Blog_Cie_Opaline\/wp-json\/wp\/v2\/pages\/2422\/revisions\/4026"}],"wp:attachment":[{"href":"https:\/\/www.opalineanimation.com\/Blog_Cie_Opaline\/wp-json\/wp\/v2\/media?parent=2422"}],"curies":[{"name":"wp","href":"https:\/\/api.w.org\/{rel}","templated":true}]}}