{"id":1417,"date":"2018-12-04T09:00:58","date_gmt":"2018-12-04T07:00:58","guid":{"rendered":"https:\/\/www.opalineanimation.com\/Blog_Cie_Opaline\/?page_id=1417"},"modified":"2019-03-01T13:22:04","modified_gmt":"2019-03-01T11:22:04","slug":"magicien-luxembourg","status":"publish","type":"page","link":"https:\/\/www.opalineanimation.com\/Blog_Cie_Opaline\/magicien-luxembourg\/","title":{"rendered":"Magicien, magie au Luxembourg !"},"content":{"rendered":"<h1 style=\"text-align: justify;\"><\/h1>\n<h1 style=\"text-align: justify;\"><span style=\"color: #ff6600;\">Vous avez besoin d&rsquo;animer votre soir\u00e9e au Luxembourg afin qu&rsquo;elle soit inoubliable ?! \u00a0Louer un magicien !!!<\/span><\/h1>\n<h2 style=\"text-align: justify;\"><img class=\"wp-image-1467 alignleft lws-optimize-lazyload\"  alt=\"Magicien Luxembourg ville\" width=\"543\" height=\"362\" \/ data-src=\"https:\/\/www.opalineanimation.com\/Blog_Cie_Opaline\/wp-content\/uploads\/Magicien-Luxembourg-ville.jpg\" srcset=\"https:\/\/www.opalineanimation.com\/Blog_Cie_Opaline\/wp-content\/uploads\/Magicien-Luxembourg-ville.jpg 960w, https:\/\/www.opalineanimation.com\/Blog_Cie_Opaline\/wp-content\/uploads\/Magicien-Luxembourg-ville-300x200.jpg 300w, https:\/\/www.opalineanimation.com\/Blog_Cie_Opaline\/wp-content\/uploads\/Magicien-Luxembourg-ville-768x512.jpg 768w\" sizes=\"(max-width: 543px) 100vw, 543px\" \/><a href=\"https:\/\/www.opalineanimation.com\/Blog_Cie_Opaline\/close-up-magicien-metz-nancy-et-luxembourg\/\">LE CLOSE-UP<\/a><\/h2>\n<p style=\"text-align: justify;\">Une id\u00e9e originale, celle de donner un souvenir inoubliable \u00e0 vos invit\u00e9s.<\/p>\n<p style=\"text-align: justify;\">Le m\u00e9tier de magicien \u00e0 \u00e9volu\u00e9 les ann\u00e9es passant en se rapprochant davantage de son public, et pour finir par att\u00e9rir dans son assiette !<\/p>\n<p style=\"text-align: justify;\">A quelques centim\u00e8tres des invit\u00e9s, cet art s&rsquo;appel le close-up ou \u00ab\u00a0gros plan\u00a0\u00bb pour la traduction. Le principe est de proposer <a href=\"https:\/\/www.opalineanimation.com\/Blog_Cie_Opaline\/magie_la_presse_en_parle\/\">des tours de magie \u00e0 tr\u00e8s courtes distances de vos convives.<\/a><\/p>\n<blockquote>\n<p style=\"text-align: justify;\"><em><strong>Les tours de magie sont s\u00e9lectionn\u00e9s selon le type d\u2019\u00e9v\u00e9nement que vous organisez !<\/strong><\/em><\/p>\n<\/blockquote>\n<p style=\"text-align: justify;\">En effet, les tours seront rapides et visuels dans le cas d&rsquo;une animation \u00e0 destination des salons, s\u00e9minaires ou lancement de produits.<\/p>\n<p style=\"text-align: justify;\">A l&rsquo;inverse le magicien dispose de plus de temps, d&rsquo;une certaine convivialit\u00e9 lors d&rsquo;une animation sur un mariage ou un anniversaire. Les tours seront donc adapt\u00e9s et le r\u00e9pertoire choisi afin de cr\u00e9er une harmonie entre les spectateurs et le magicien.<\/p>\n<div id=\"skel-layers-wrapper\" style=\"text-align: justify;\">\n<h3><span style=\"color: #ff6600;\">Amusements, illusions et \u00e9tonnement !<\/span><\/h3>\n<p><img class=\" wp-image-1465 alignright lws-optimize-lazyload\"  alt=\"Luxembourg Magicien\" width=\"495\" height=\"330\" \/ data-src=\"https:\/\/www.opalineanimation.com\/Blog_Cie_Opaline\/wp-content\/uploads\/Luxembourg-Magicien-1-1024x683.jpg\" srcset=\"https:\/\/www.opalineanimation.com\/Blog_Cie_Opaline\/wp-content\/uploads\/Luxembourg-Magicien-1.jpg 1024w, https:\/\/www.opalineanimation.com\/Blog_Cie_Opaline\/wp-content\/uploads\/Luxembourg-Magicien-1-300x200.jpg 300w, https:\/\/www.opalineanimation.com\/Blog_Cie_Opaline\/wp-content\/uploads\/Luxembourg-Magicien-1-768x512.jpg 768w\" sizes=\"(max-width: 495px) 100vw, 495px\" \/>Pourquoi ne pas avoir recours \u00e0 un<strong> magicien<\/strong> pour votre \u00e9v\u00e9nement ?<\/p>\n<p>Un prestidigitateur f\u00e9d\u00e8re vos collaborateurs \u00e0 l&rsquo;occasion d&rsquo;un <strong>s\u00e9minaire d&rsquo;entreprise<\/strong>.<\/p>\n<p>L\u2019animation d\u2019une soir\u00e9e de gala est destin\u00e9e \u00e0 marquer de fa\u00e7on ludique l\u2019ach\u00e8vement d\u2019une session de travail o\u00f9 l\u2019on remet parfois de nombreuses choses en cause.<\/p>\n<p>Faites passer votre message de mani\u00e8re ludique gr\u00e2ce au <strong>magicien s\u00e9minaire entreprise<\/strong>\u00a0!<\/p>\n<p>Cette prestation permettra de cl\u00f4turer l\u2019\u00e9v\u00e9nement par une animation de s\u00e9minaire sur l\u2019ensemble de la soir\u00e9e, afin de lib\u00e9rer les esprits et la parole. Sans pressions vos collaborateurs et salari\u00e9s prendront conscience du message gr\u00e2ce au travail de l&rsquo;artiste illusioniste.<\/p>\n<h2 class=\"western\" align=\"justify\">Un magicien pour votre \u00e9v\u00e9nement ! Un moment magique pour votre soir\u00e9e d&rsquo;entreprise.<\/h2>\n<blockquote>\n<p align=\"justify\"><strong>La magie est un excellent \u00ab\u00a0brise-glace\u00a0\u00bb\u00a0!!! C\u2019est aussi une source de conversation pour les invit\u00e9s pr\u00e9sents gr\u00e2ce au moment commun partag\u00e9.<\/strong><\/p>\n<\/blockquote>\n<p align=\"justify\"><a name=\"main\"><\/a>Nous travaillons pour de grandes entreprises sur Metz, Nancy et du Luxembourg lors de leurs s\u00e9minaires ou repas d&rsquo;entreprise.\u00a0<strong>Airbus,\u00a0Iphone, Nokia, ou encore Luky Strike, Lux Airport<\/strong>&#8230; Nous travaillons afin que vos \u00e9v\u00e9nements soient <strong>un succ\u00e8s et laisse une empreinte forte chez vos invit\u00e9s, collaborateurs.<\/strong><\/p>\n<p align=\"justify\">\n<div align=\"center\"><style type=\"text\/css\">.easingslider-1476 { width: 100%; }.easingslider-1476 .easingslider-image { max-height: 400px; max-width: 600px; }.easingslider-1476 .easingslider-fade-in, .easingslider-fade-out { -webkit-animation-duration: 400ms; -moz-animation-duration: 400ms; animation-duration: 400ms; }<\/style><script type=\"text\/javascript\">window.EasingSlider1476 = {\"width\":600,\"height\":400,\"singleItem\":true,\"items\":1,\"itemsDesktop\":false,\"itemsDesktopSmall\":false,\"itemsTablet\":false,\"itemsTabletSmall\":false,\"itemsMobile\":false,\"responsive\":true,\"lazyLoad\":true,\"autoPlay\":4000,\"slideSpeed\":400,\"navigation\":true,\"navigationText\":[\"\",\"\"],\"pagination\":true,\"autoHeight\":false,\"mouseDrag\":false,\"touchDrag\":false,\"addClassActive\":true,\"transitionStyle\":\"fade\"};<\/script><div data-id=\"1476\" class=\"easingslider easingslider-1476 easingslider-container easingslider-full-width easingslider-aspect-ratio easingslider-arrows-inside easingslider-pagination-inside easingslider-pagination-bottom-center\"><div class=\"easingslider-slide\"><a href=\"\" target=\"\"><img decoding=\"async\" src=\"https:\/\/www.opalineanimation.com\/Blog_Cie_Opaline\/wp-content\/plugins\/easing-slider\/assets\/images\/placeholder-pixel.png\" data-src=\"https:\/\/www.opalineanimation.com\/Blog_Cie_Opaline\/wp-content\/uploads\/magicien-Metz-Nancy.jpg\" alt=\"Magicien Metz\" title=\"Magicien Metz\" class=\"easingslider-image easingslider-lazy\" \/><\/a><\/div><div class=\"easingslider-slide\"><a href=\"\" target=\"\"><img decoding=\"async\" src=\"https:\/\/www.opalineanimation.com\/Blog_Cie_Opaline\/wp-content\/plugins\/easing-slider\/assets\/images\/placeholder-pixel.png\" data-src=\"https:\/\/www.opalineanimation.com\/Blog_Cie_Opaline\/wp-content\/uploads\/magicien-Metz.jpg\" alt=\"Magicien Luxembourg\" title=\"Magicien Luxembourg\" class=\"easingslider-image easingslider-lazy\" \/><\/a><\/div><div class=\"easingslider-slide\"><a href=\"\" target=\"\"><img decoding=\"async\" src=\"https:\/\/www.opalineanimation.com\/Blog_Cie_Opaline\/wp-content\/plugins\/easing-slider\/assets\/images\/placeholder-pixel.png\" data-src=\"https:\/\/www.opalineanimation.com\/Blog_Cie_Opaline\/wp-content\/uploads\/2019\/02\/Magie-Luxembourg.jpg\" alt=\"Magicien luxembourg\" title=\"Magicien luxembourg\" class=\"easingslider-image easingslider-lazy\" \/><\/a><\/div><div class=\"easingslider-slide\"><a href=\"\" target=\"\"><img decoding=\"async\" src=\"https:\/\/www.opalineanimation.com\/Blog_Cie_Opaline\/wp-content\/plugins\/easing-slider\/assets\/images\/placeholder-pixel.png\" data-src=\"https:\/\/www.opalineanimation.com\/Blog_Cie_Opaline\/wp-content\/uploads\/2019\/02\/Luxembourg-Magicien.jpg\" alt=\"Magicien luxembourg\" title=\"Magicien luxembourg\" class=\"easingslider-image easingslider-lazy\" \/><\/a><\/div><div class=\"easingslider-slide\"><a href=\"\" target=\"\"><img decoding=\"async\" src=\"https:\/\/www.opalineanimation.com\/Blog_Cie_Opaline\/wp-content\/plugins\/easing-slider\/assets\/images\/placeholder-pixel.png\" data-src=\"https:\/\/www.opalineanimation.com\/Blog_Cie_Opaline\/wp-content\/uploads\/2019\/02\/Luxembourg-magie.jpg\" alt=\"Magicien luxembourg\" title=\"Magicien luxembourg\" class=\"easingslider-image easingslider-lazy\" \/><\/a><\/div><\/div><\/div>\n<div align=\"center\"><\/div>\n<h3 align=\"left\"><span style=\"color: #ff6600;\">\u2022 Remise de prix, d\u00eener et soir\u00e9e d&rsquo;entreprise<\/span><\/h3>\n<p align=\"justify\">Cette prestation se d\u00e9roule au moment du repas, d\u00eener. Le magicien passera \u00e0 <strong>plusieurs reprises au cours de la soir\u00e9e \u00e0 chaque tables<\/strong> en proposant des num\u00e9ros de son r\u00e9pertoire, choisi pour l&rsquo;occasion.<\/p>\n<p align=\"justify\">\n<p align=\"justify\">\n<p align=\"justify\">L&rsquo;interactivit\u00e9 y est forte, c&rsquo;est l&rsquo;occasion de faire participer un groupe de 8 \u00e0 10 personnes et de cr\u00e9er un moment unique et\u00a0de partager un souvenir.<\/p>\n<h3 align=\"left\"><span style=\"color: #ff6600;\">\u2022 S\u00e9minaire, cocktail<\/span><\/h3>\n<p align=\"justify\">En sortie de s\u00e9minaire vos collaborateurs prendrons un verre ainsi qu&rsquo;une dose de magie. Une animation close-up r\u00e9alis\u00e9e cette fois-ci avec un public debout.<\/p>\n<p align=\"justify\">Les conditions changent, le magicien doit \u00ab\u00a0verticaliser\u00a0\u00bb sa magie et cette configuration proche du magicien permets des effets non r\u00e9alisables \u00e0 table (\u00e0 cause des angles de vue notamment).<\/p>\n<p align=\"justify\">Les groupes sont souvent compos\u00e9s de 2 \u00e0 6 personnes et le magicien d\u00e9ambule aupr\u00e8s de vos invit\u00e9s. C&rsquo;est une animation <strong>qui am\u00e8nera une certaine surprise<\/strong>, \u00e9tant donn\u00e9 que l&rsquo;artiste \u00e9volue\u00a0discr\u00e8tement parmi vos h\u00f4tes.<\/p>\n<h3 align=\"left\"><span style=\"color: #ff6600;\">\u2022 Lancement de produits, salon<\/span><\/h3>\n<p align=\"justify\">L&rsquo;accent est mis sur le visuel. La fonction de magicien n&rsquo;est plus tout \u00e0 fait la m\u00eame et il se doit d&rsquo;avoir <strong>des effets visuels, rapides, afin de capter l&rsquo;attention<\/strong>.<\/p>\n<p align=\"justify\">Avec un peu d&rsquo;humour cette prestation permettra de\u00a0cr\u00e9er un contact amical\u00a0avec vos clients et de cr\u00e9er des \u00ab\u00a0micro-\u00e9v\u00e9nements\u00a0\u00bb de quelques instants, \u00e0 quelques centim\u00e8tres de votre stand.<\/p>\n<p align=\"justify\">Votre \u00e9quipe commerciale pouvant commencer son travail avec des personnes plus r\u00e9ceptives \u00e0 votre argumentaire.<\/p>\n<h3 align=\"left\"><span style=\"color: #ff6600;\">\u2022 Inauguration<\/span><\/h3>\n<p align=\"justify\">C&rsquo;est un moment plut\u00f4t \u00ab\u00a0festif\u00a0\u00bb et s\u00e9rieux, le magicien devra donc composer suivant les groupes de personnes, s\u00e9lectionnant ses num\u00e9ros au feeling.<\/p>\n<p align=\"justify\">A cette occasion sp\u00e9ciale, pourquoi ne pas demand\u00e9 un num\u00e9ro sp\u00e9cial au couleur de votre entreprise ou avec un objet&#8230; <strong>L&rsquo;occasion de mettre l&rsquo;accent sur un produit, une marque !<\/strong><\/p>\n<blockquote>\n<h2>La r\u00e9servation :<\/h2>\n<\/blockquote>\n<p style=\"text-align: justify;\">Vous pouvez \u00e9galement nous t\u00e9l\u00e9phoner, ou nous envoyer un mail (n&rsquo;oubliez pas de mettre votre num\u00e9ro de t\u00e9l\u00e9phone).<\/p>\n<figure id=\"attachment_140\" aria-describedby=\"caption-attachment-140\" style=\"width: 422px\" class=\"wp-caption alignleft\"><a href=\"https:\/\/www.opalineanimation.com\/Blog_Cie_Opaline\/wp-content\/uploads\/Cartes-Opaline-Animation.jpg\"><img class=\"wp-image-140  lws-optimize-lazyload\" title=\"Magicien Metz\"  alt=\"carte de Visite Opaline Animation\" width=\"422\" height=\"281\" \/ data-src=\"https:\/\/www.opalineanimation.com\/Blog_Cie_Opaline\/wp-content\/uploads\/Cartes-Opaline-Animation-300x200.jpg\" srcset=\"https:\/\/www.opalineanimation.com\/Blog_Cie_Opaline\/wp-content\/uploads\/Cartes-Opaline-Animation-300x200.jpg 300w, https:\/\/www.opalineanimation.com\/Blog_Cie_Opaline\/wp-content\/uploads\/Cartes-Opaline-Animation-1024x683.jpg 1024w, https:\/\/www.opalineanimation.com\/Blog_Cie_Opaline\/wp-content\/uploads\/Cartes-Opaline-Animation.jpg 1500w\" sizes=\"(max-width: 422px) 100vw, 422px\" \/><\/a><figcaption id=\"caption-attachment-140\" class=\"wp-caption-text\">Carte de visite Opaline Animation<\/figcaption><\/figure>\n<p style=\"text-align: justify;\"><a title=\"Mail Opaline Animation\" href=\"mailto:infos@opalineanimation.com\">infos@opalineanimation.com<\/a><\/p>\n<p style=\"text-align: justify;\"><span style=\"text-decoration: underline;\">Tel :<\/span> 06 13 36 96 42<\/p>\n<p style=\"text-align: justify;\">+33 6 13 36 96 42<\/p>\n<p style=\"text-align: justify;\"><a title=\"Opaline Animation\" href=\"https:\/\/www.opalineanimation.com\">www.opalineanimation.com<\/a><\/p>\n<p style=\"text-align: justify;\"><a href=\"https:\/\/www.opalineanimation.com\/Blog_Cie_Opaline\/magicien-spectacle-enfants-grimages-les-avis-d-opaline-animation\/\">Les avis, les photos, commentaires<\/a> d&rsquo;autres personnes qui nous ont fait confiance sur la page facebook ici et <a href=\"https:\/\/www.opalineanimation.com\/Blog_Cie_Opaline\/la-magie-le-close-up-comme-hobbie\/\">si devenir magicien amateur vous interresse c&rsquo;est par ici !<\/a>.<\/p>\n<p style=\"text-align: justify;\">A tr\u00e8s bient\u00f4t !<\/p>\n<hr \/>\n<h3 style=\"text-align: left;\"><span style=\"color: #333333;\"><strong>Formulaire de contact, demande de devis, renseignements<\/strong><\/span><\/h3>\n<p class=\"wrapper style4 container\">\n<div class=\"wpcf7 no-js\" id=\"wpcf7-f325-o1\" lang=\"fr-FR\" dir=\"ltr\" data-wpcf7-id=\"325\">\n<div class=\"screen-reader-response\"><p role=\"status\" aria-live=\"polite\" aria-atomic=\"true\"><\/p> <ul><\/ul><\/div>\n<form action=\"\/Blog_Cie_Opaline\/wp-json\/wp\/v2\/pages\/1417#wpcf7-f325-o1\" method=\"post\" class=\"wpcf7-form init\" aria-label=\"Formulaire de contact\" novalidate=\"novalidate\" data-status=\"init\">\n<fieldset class=\"hidden-fields-container\"><input type=\"hidden\" name=\"_wpcf7\" value=\"325\" \/><input type=\"hidden\" name=\"_wpcf7_version\" value=\"6.1.5\" \/><input type=\"hidden\" name=\"_wpcf7_locale\" value=\"fr_FR\" \/><input type=\"hidden\" name=\"_wpcf7_unit_tag\" value=\"wpcf7-f325-o1\" \/><input type=\"hidden\" name=\"_wpcf7_container_post\" value=\"0\" \/><input type=\"hidden\" name=\"_wpcf7_posted_data_hash\" value=\"\" \/><input type=\"hidden\" name=\"_wpcf7_recaptcha_response\" value=\"\" \/>\n<\/fieldset>\n<p>Votre nom, pr\u00e9nom\n<\/p>\n<p><span class=\"wpcf7-form-control-wrap\" data-name=\"your-name\"><input size=\"40\" maxlength=\"400\" class=\"wpcf7-form-control wpcf7-text wpcf7-validates-as-required\" aria-required=\"true\" aria-invalid=\"false\" value=\"\" type=\"text\" name=\"your-name\" \/><\/span>\n<\/p>\n<p>T\u00e9l\u00e9phone\n<\/p>\n<p><span class=\"wpcf7-form-control-wrap\" data-name=\"tel-904\"><input size=\"40\" maxlength=\"400\" class=\"wpcf7-form-control wpcf7-tel wpcf7-text wpcf7-validates-as-tel Tlphone 2\" id=\"Tlphone1\" aria-invalid=\"false\" value=\"\" type=\"tel\" name=\"tel-904\" \/><\/span>\n<\/p>\n<p>E-mail\n<\/p>\n<p><span class=\"wpcf7-form-control-wrap\" data-name=\"your-email\"><input size=\"40\" maxlength=\"400\" class=\"wpcf7-form-control wpcf7-email wpcf7-validates-as-required wpcf7-text wpcf7-validates-as-email\" aria-required=\"true\" aria-invalid=\"false\" value=\"\" type=\"email\" name=\"your-email\" \/><\/span>\n<\/p>\n<p>Sujet\n<\/p>\n<p><span class=\"wpcf7-form-control-wrap\" data-name=\"your-subject\"><input size=\"40\" maxlength=\"400\" class=\"wpcf7-form-control wpcf7-text\" aria-invalid=\"false\" value=\"\" type=\"text\" name=\"your-subject\" \/><\/span>\n<\/p>\n<p>Votre message\n<\/p>\n<p><span class=\"wpcf7-form-control-wrap\" data-name=\"your-message\"><textarea cols=\"40\" rows=\"10\" maxlength=\"2000\" class=\"wpcf7-form-control wpcf7-textarea\" aria-invalid=\"false\" name=\"your-message\"><\/textarea><\/span>\n<\/p>\n<p><input class=\"wpcf7-form-control wpcf7-submit has-spinner\" type=\"submit\" value=\"Envoyer\" \/> Tous les champs sont obligatoires\n<\/p>\n<div class=\"wpcf7-response-output\" aria-hidden=\"true\"><\/div>\n<\/form>\n<\/div>\n<\/p>\n<\/div>\n","protected":false},"excerpt":{"rendered":"<p>Vous avez besoin d&rsquo;animer votre soir\u00e9e au Luxembourg afin qu&rsquo;elle soit inoubliable ?! \u00a0Louer un magicien !!! LE CLOSE-UP Une id\u00e9e originale, celle de donner un souvenir inoubliable \u00e0 vos [&hellip;]<\/p>\n","protected":false},"author":1,"featured_media":0,"parent":0,"menu_order":0,"comment_status":"closed","ping_status":"closed","template":"","meta":{"footnotes":""},"class_list":["post-1417","page","type-page","status-publish","hentry"],"yoast_head":"<!-- This site is optimized with the Yoast SEO plugin v27.5 - https:\/\/yoast.com\/product\/yoast-seo-wordpress\/ -->\n<title>Magicien et magie Luxembourg<\/title>\n<meta name=\"description\" content=\"Un magicien de talent au Luxembourg. Artiste magicien sp\u00e9cialis\u00e9 dans le close up, magie de proximit\u00e9, soir\u00e9e, repas, mariage...\" \/>\n<meta name=\"robots\" content=\"index, follow, max-snippet:-1, max-image-preview:large, max-video-preview:-1\" \/>\n<link rel=\"canonical\" href=\"https:\/\/www.opalineanimation.com\/Blog_Cie_Opaline\/magicien-luxembourg\/\" \/>\n<meta property=\"og:locale\" content=\"fr_FR\" \/>\n<meta property=\"og:type\" content=\"article\" \/>\n<meta property=\"og:title\" content=\"Magicien et magie Luxembourg\" \/>\n<meta property=\"og:description\" content=\"Un magicien de talent au Luxembourg. Artiste magicien sp\u00e9cialis\u00e9 dans le close up, magie de proximit\u00e9, soir\u00e9e, repas, mariage...\" \/>\n<meta property=\"og:url\" content=\"https:\/\/www.opalineanimation.com\/Blog_Cie_Opaline\/magicien-luxembourg\/\" \/>\n<meta property=\"og:site_name\" content=\"Cie Opaline CLOSE-UP, SPECTACLES ET SERVICES\" \/>\n<meta property=\"article:publisher\" content=\"https:\/\/www.facebook.com\/pages\/Opaline-Animation\/255451761132872\" \/>\n<meta property=\"article:modified_time\" content=\"2019-03-01T11:22:04+00:00\" \/>\n<meta property=\"og:image\" content=\"https:\/\/www.opalineanimation.com\/Blog_Cie_Opaline\/wp-content\/uploads\/Magicien-Luxembourg-ville.jpg\" \/>\n<meta name=\"twitter:label1\" content=\"Dur\u00e9e de lecture estim\u00e9e\" \/>\n\t<meta name=\"twitter:data1\" content=\"4 minutes\" \/>\n<script type=\"application\/ld+json\" class=\"yoast-schema-graph\">{\"@context\":\"https:\\\/\\\/schema.org\",\"@graph\":[{\"@type\":\"WebPage\",\"@id\":\"https:\\\/\\\/www.opalineanimation.com\\\/Blog_Cie_Opaline\\\/magicien-luxembourg\\\/\",\"url\":\"https:\\\/\\\/www.opalineanimation.com\\\/Blog_Cie_Opaline\\\/magicien-luxembourg\\\/\",\"name\":\"Magicien et magie Luxembourg\",\"isPartOf\":{\"@id\":\"https:\\\/\\\/www.opalineanimation.com\\\/Blog_Cie_Opaline\\\/#website\"},\"primaryImageOfPage\":{\"@id\":\"https:\\\/\\\/www.opalineanimation.com\\\/Blog_Cie_Opaline\\\/magicien-luxembourg\\\/#primaryimage\"},\"image\":{\"@id\":\"https:\\\/\\\/www.opalineanimation.com\\\/Blog_Cie_Opaline\\\/magicien-luxembourg\\\/#primaryimage\"},\"thumbnailUrl\":\"https:\\\/\\\/www.opalineanimation.com\\\/Blog_Cie_Opaline\\\/wp-content\\\/uploads\\\/Magicien-Luxembourg-ville.jpg\",\"datePublished\":\"2018-12-04T07:00:58+00:00\",\"dateModified\":\"2019-03-01T11:22:04+00:00\",\"description\":\"Un magicien de talent au Luxembourg. Artiste magicien sp\u00e9cialis\u00e9 dans le close up, magie de proximit\u00e9, soir\u00e9e, repas, mariage...\",\"breadcrumb\":{\"@id\":\"https:\\\/\\\/www.opalineanimation.com\\\/Blog_Cie_Opaline\\\/magicien-luxembourg\\\/#breadcrumb\"},\"inLanguage\":\"fr-FR\",\"potentialAction\":[{\"@type\":\"ReadAction\",\"target\":[\"https:\\\/\\\/www.opalineanimation.com\\\/Blog_Cie_Opaline\\\/magicien-luxembourg\\\/\"]}]},{\"@type\":\"ImageObject\",\"inLanguage\":\"fr-FR\",\"@id\":\"https:\\\/\\\/www.opalineanimation.com\\\/Blog_Cie_Opaline\\\/magicien-luxembourg\\\/#primaryimage\",\"url\":\"https:\\\/\\\/www.opalineanimation.com\\\/Blog_Cie_Opaline\\\/wp-content\\\/uploads\\\/Magicien-Luxembourg-ville.jpg\",\"contentUrl\":\"https:\\\/\\\/www.opalineanimation.com\\\/Blog_Cie_Opaline\\\/wp-content\\\/uploads\\\/Magicien-Luxembourg-ville.jpg\",\"width\":960,\"height\":640,\"caption\":\"Magicien Luxembourg ville repas d'entreprise\"},{\"@type\":\"BreadcrumbList\",\"@id\":\"https:\\\/\\\/www.opalineanimation.com\\\/Blog_Cie_Opaline\\\/magicien-luxembourg\\\/#breadcrumb\",\"itemListElement\":[{\"@type\":\"ListItem\",\"position\":1,\"name\":\"Accueil\",\"item\":\"https:\\\/\\\/www.opalineanimation.com\\\/Blog_Cie_Opaline\\\/\"},{\"@type\":\"ListItem\",\"position\":2,\"name\":\"Magicien, magie au Luxembourg !\"}]},{\"@type\":\"WebSite\",\"@id\":\"https:\\\/\\\/www.opalineanimation.com\\\/Blog_Cie_Opaline\\\/#website\",\"url\":\"https:\\\/\\\/www.opalineanimation.com\\\/Blog_Cie_Opaline\\\/\",\"name\":\"Cie Opaline CLOSE-UP, SPECTACLES ET SERVICES\",\"description\":\"Artistes du spectacle \u00e0 Metz, Nancy et Luxembourg\",\"potentialAction\":[{\"@type\":\"SearchAction\",\"target\":{\"@type\":\"EntryPoint\",\"urlTemplate\":\"https:\\\/\\\/www.opalineanimation.com\\\/Blog_Cie_Opaline\\\/?s={search_term_string}\"},\"query-input\":{\"@type\":\"PropertyValueSpecification\",\"valueRequired\":true,\"valueName\":\"search_term_string\"}}],\"inLanguage\":\"fr-FR\"}]}<\/script>\n<!-- \/ Yoast SEO plugin. -->","yoast_head_json":{"title":"Magicien et magie Luxembourg","description":"Un magicien de talent au Luxembourg. Artiste magicien sp\u00e9cialis\u00e9 dans le close up, magie de proximit\u00e9, soir\u00e9e, repas, mariage...","robots":{"index":"index","follow":"follow","max-snippet":"max-snippet:-1","max-image-preview":"max-image-preview:large","max-video-preview":"max-video-preview:-1"},"canonical":"https:\/\/www.opalineanimation.com\/Blog_Cie_Opaline\/magicien-luxembourg\/","og_locale":"fr_FR","og_type":"article","og_title":"Magicien et magie Luxembourg","og_description":"Un magicien de talent au Luxembourg. Artiste magicien sp\u00e9cialis\u00e9 dans le close up, magie de proximit\u00e9, soir\u00e9e, repas, mariage...","og_url":"https:\/\/www.opalineanimation.com\/Blog_Cie_Opaline\/magicien-luxembourg\/","og_site_name":"Cie Opaline CLOSE-UP, SPECTACLES ET SERVICES","article_publisher":"https:\/\/www.facebook.com\/pages\/Opaline-Animation\/255451761132872","article_modified_time":"2019-03-01T11:22:04+00:00","og_image":[{"url":"https:\/\/www.opalineanimation.com\/Blog_Cie_Opaline\/wp-content\/uploads\/Magicien-Luxembourg-ville.jpg","type":"","width":"","height":""}],"twitter_misc":{"Dur\u00e9e de lecture estim\u00e9e":"4 minutes"},"schema":{"@context":"https:\/\/schema.org","@graph":[{"@type":"WebPage","@id":"https:\/\/www.opalineanimation.com\/Blog_Cie_Opaline\/magicien-luxembourg\/","url":"https:\/\/www.opalineanimation.com\/Blog_Cie_Opaline\/magicien-luxembourg\/","name":"Magicien et magie Luxembourg","isPartOf":{"@id":"https:\/\/www.opalineanimation.com\/Blog_Cie_Opaline\/#website"},"primaryImageOfPage":{"@id":"https:\/\/www.opalineanimation.com\/Blog_Cie_Opaline\/magicien-luxembourg\/#primaryimage"},"image":{"@id":"https:\/\/www.opalineanimation.com\/Blog_Cie_Opaline\/magicien-luxembourg\/#primaryimage"},"thumbnailUrl":"https:\/\/www.opalineanimation.com\/Blog_Cie_Opaline\/wp-content\/uploads\/Magicien-Luxembourg-ville.jpg","datePublished":"2018-12-04T07:00:58+00:00","dateModified":"2019-03-01T11:22:04+00:00","description":"Un magicien de talent au Luxembourg. Artiste magicien sp\u00e9cialis\u00e9 dans le close up, magie de proximit\u00e9, soir\u00e9e, repas, mariage...","breadcrumb":{"@id":"https:\/\/www.opalineanimation.com\/Blog_Cie_Opaline\/magicien-luxembourg\/#breadcrumb"},"inLanguage":"fr-FR","potentialAction":[{"@type":"ReadAction","target":["https:\/\/www.opalineanimation.com\/Blog_Cie_Opaline\/magicien-luxembourg\/"]}]},{"@type":"ImageObject","inLanguage":"fr-FR","@id":"https:\/\/www.opalineanimation.com\/Blog_Cie_Opaline\/magicien-luxembourg\/#primaryimage","url":"https:\/\/www.opalineanimation.com\/Blog_Cie_Opaline\/wp-content\/uploads\/Magicien-Luxembourg-ville.jpg","contentUrl":"https:\/\/www.opalineanimation.com\/Blog_Cie_Opaline\/wp-content\/uploads\/Magicien-Luxembourg-ville.jpg","width":960,"height":640,"caption":"Magicien Luxembourg ville repas d'entreprise"},{"@type":"BreadcrumbList","@id":"https:\/\/www.opalineanimation.com\/Blog_Cie_Opaline\/magicien-luxembourg\/#breadcrumb","itemListElement":[{"@type":"ListItem","position":1,"name":"Accueil","item":"https:\/\/www.opalineanimation.com\/Blog_Cie_Opaline\/"},{"@type":"ListItem","position":2,"name":"Magicien, magie au Luxembourg !"}]},{"@type":"WebSite","@id":"https:\/\/www.opalineanimation.com\/Blog_Cie_Opaline\/#website","url":"https:\/\/www.opalineanimation.com\/Blog_Cie_Opaline\/","name":"Cie Opaline CLOSE-UP, SPECTACLES ET SERVICES","description":"Artistes du spectacle \u00e0 Metz, Nancy et Luxembourg","potentialAction":[{"@type":"SearchAction","target":{"@type":"EntryPoint","urlTemplate":"https:\/\/www.opalineanimation.com\/Blog_Cie_Opaline\/?s={search_term_string}"},"query-input":{"@type":"PropertyValueSpecification","valueRequired":true,"valueName":"search_term_string"}}],"inLanguage":"fr-FR"}]}},"_links":{"self":[{"href":"https:\/\/www.opalineanimation.com\/Blog_Cie_Opaline\/wp-json\/wp\/v2\/pages\/1417","targetHints":{"allow":["GET"]}}],"collection":[{"href":"https:\/\/www.opalineanimation.com\/Blog_Cie_Opaline\/wp-json\/wp\/v2\/pages"}],"about":[{"href":"https:\/\/www.opalineanimation.com\/Blog_Cie_Opaline\/wp-json\/wp\/v2\/types\/page"}],"author":[{"embeddable":true,"href":"https:\/\/www.opalineanimation.com\/Blog_Cie_Opaline\/wp-json\/wp\/v2\/users\/1"}],"replies":[{"embeddable":true,"href":"https:\/\/www.opalineanimation.com\/Blog_Cie_Opaline\/wp-json\/wp\/v2\/comments?post=1417"}],"version-history":[{"count":87,"href":"https:\/\/www.opalineanimation.com\/Blog_Cie_Opaline\/wp-json\/wp\/v2\/pages\/1417\/revisions"}],"predecessor-version":[{"id":4028,"href":"https:\/\/www.opalineanimation.com\/Blog_Cie_Opaline\/wp-json\/wp\/v2\/pages\/1417\/revisions\/4028"}],"wp:attachment":[{"href":"https:\/\/www.opalineanimation.com\/Blog_Cie_Opaline\/wp-json\/wp\/v2\/media?parent=1417"}],"curies":[{"name":"wp","href":"https:\/\/api.w.org\/{rel}","templated":true}]}}