{"id":1371,"date":"2019-01-15T13:30:00","date_gmt":"2019-01-15T11:30:00","guid":{"rendered":"https:\/\/www.opalineanimation.com\/Blog_Cie_Opaline\/?page_id=1371"},"modified":"2021-10-27T10:11:09","modified_gmt":"2021-10-27T08:11:09","slug":"spectacle_clown_enfants","status":"publish","type":"page","link":"https:\/\/www.opalineanimation.com\/Blog_Cie_Opaline\/spectacle_clown_enfants\/","title":{"rendered":"Dom et la magie des ballons ! Entre clown, clownerie, le tout avec des ballons !"},"content":{"rendered":"<h1>Un spectacle <span style=\"color: #ff6600;\">\u00ab\u00a0gonfl\u00e9\u00a0\u00bb<\/span> pour les anniversaires enfants !<\/h1>\n<h2>A partir de<span style=\"color: #ff6600;\"> 4 ans !<\/span><\/h2>\n<figure id=\"attachment_1341\" aria-describedby=\"caption-attachment-1341\" style=\"width: 760px\" class=\"wp-caption aligncenter\"><a href=\"https:\/\/www.opalineanimation.com\/Blog_Cie_Opaline\/wp-content\/uploads\/Spectacle-ballons-Luxembourg.jpg\"><img class=\"wp-image-1341 lws-optimize-lazyload\"  alt=\"Spectacle ballons Luxembourg\" width=\"760\" height=\"507\" \/ data-src=\"https:\/\/www.opalineanimation.com\/Blog_Cie_Opaline\/wp-content\/uploads\/Spectacle-ballons-Luxembourg-1024x683.jpg\" srcset=\"https:\/\/www.opalineanimation.com\/Blog_Cie_Opaline\/wp-content\/uploads\/Spectacle-ballons-Luxembourg-1024x683.jpg 1024w, https:\/\/www.opalineanimation.com\/Blog_Cie_Opaline\/wp-content\/uploads\/Spectacle-ballons-Luxembourg-300x200.jpg 300w, https:\/\/www.opalineanimation.com\/Blog_Cie_Opaline\/wp-content\/uploads\/Spectacle-ballons-Luxembourg.jpg 1500w\" sizes=\"(max-width: 760px) 100vw, 760px\" \/><\/a><figcaption id=\"caption-attachment-1341\" class=\"wp-caption-text\">*fond de sc\u00e8ne install\u00e9 pour les besoins de la photographie et non pr\u00e9sent sur la prestation.<\/figcaption><\/figure>\n<p style=\"text-align: justify;\">Dominique, personne haute en couleur dont nous vous pr\u00e9sentons le spectacle ici est un personnage \u00e0 lui tout seul. Dresseur de casseroles ou dompteur de ballons ? On ne sait pas bien&#8230; Chemin faisant son spectacle a \u00e9volu\u00e9 avec le temps, lui non. Savant m\u00e9lange entre le clownesque, la sculpture de ballons et le tragico-comique !!!<\/p>\n<h2><span style=\"color: #333333;\">Un spectacle que j&rsquo;ai vu il y a 12 ans !<\/span><\/h2>\n<p>Ce jour l\u00e0 je suivis Dom sur son spectacle, un samedi dans les ann\u00e9es 2004. Dans la cuisine am\u00e9nag\u00e9e en loge, quelques paillettes sur le bout du nez, deux points rouges sur les paumettes&#8230;. en voiture Simone! Le spectacle commence devant un jeune public conquis. Les ann\u00e9es passent et les repr\u00e9sentations usent quelques ustensiles&#8230; parfait ! Le spectacle n&rsquo;en sera que meilleur !<\/p>\n<blockquote>\n<h3><span style=\"color: #ff6600;\">Spectacle \u00e0 partir de 4 ans<\/span><\/h3>\n<\/blockquote>\n<p style=\"text-align: justify;\">Les assistants? Ha oui pour ce spectacle les enfants sont indispensables! Les apprentis magiciens se succ\u00e8dent et \u00e9patent leurs copains, le tout en musique \u00e9videmment ! Les minutes s&rsquo;envolent mais le spectacle n&rsquo;en fini pas. Remise des ballons et animations durant la distribution\u00a0des cadeaux cl\u00f4turerons la fin d&rsquo;apr\u00e8s-midi&#8230;.<\/p>\n<h2>50 minutes de \u00ab\u00a0clownerie\u00a0\u00bb !<\/h2>\n<h3><span style=\"color: #333333;\">\u00a0<\/span><\/h3>\n<div align=\"center\"><style type=\"text\/css\">.easingslider-1352 { width: 100%; }.easingslider-1352 .easingslider-image { max-height: 400px; max-width: 640px; }.easingslider-1352 .easingslider-fade-in, .easingslider-fade-out { -webkit-animation-duration: 400ms; -moz-animation-duration: 400ms; animation-duration: 400ms; }<\/style><script type=\"text\/javascript\">window.EasingSlider1352 = {\"width\":640,\"height\":400,\"singleItem\":true,\"items\":1,\"itemsDesktop\":false,\"itemsDesktopSmall\":false,\"itemsTablet\":false,\"itemsTabletSmall\":false,\"itemsMobile\":false,\"responsive\":true,\"lazyLoad\":true,\"autoPlay\":4000,\"slideSpeed\":400,\"navigation\":true,\"navigationText\":[\"\",\"\"],\"pagination\":true,\"autoHeight\":false,\"mouseDrag\":false,\"touchDrag\":false,\"addClassActive\":true,\"transitionStyle\":\"fade\"};<\/script><div data-id=\"1352\" class=\"easingslider easingslider-1352 easingslider-container easingslider-full-width easingslider-resizing-enabled easingslider-aspect-ratio easingslider-arrows-inside easingslider-pagination-inside easingslider-pagination-bottom-center\"><div class=\"easingslider-slide\"><a href=\"none\" target=\"\"><img decoding=\"async\" src=\"https:\/\/www.opalineanimation.com\/Blog_Cie_Opaline\/wp-content\/plugins\/easing-slider\/assets\/images\/placeholder-pixel.png\" data-src=\"https:\/\/www.opalineanimation.com\/Blog_Cie_Opaline\/wp-content\/uploads\/Spectacle-enfants-clown-640x400.jpg\" alt=\"\" title=\"\" class=\"easingslider-image easingslider-lazy\" \/><\/a><\/div><div class=\"easingslider-slide\"><a href=\"none\" target=\"\"><img decoding=\"async\" src=\"https:\/\/www.opalineanimation.com\/Blog_Cie_Opaline\/wp-content\/plugins\/easing-slider\/assets\/images\/placeholder-pixel.png\" data-src=\"https:\/\/www.opalineanimation.com\/Blog_Cie_Opaline\/wp-content\/uploads\/Spectacle-clown-Metz-640x400.jpg\" alt=\"\" title=\"\" class=\"easingslider-image easingslider-lazy\" \/><\/a><\/div><div class=\"easingslider-slide\"><a href=\"none\" target=\"\"><img decoding=\"async\" src=\"https:\/\/www.opalineanimation.com\/Blog_Cie_Opaline\/wp-content\/plugins\/easing-slider\/assets\/images\/placeholder-pixel.png\" data-src=\"https:\/\/www.opalineanimation.com\/Blog_Cie_Opaline\/wp-content\/uploads\/clown-luxembourg-640x400.jpg\" alt=\"\" title=\"\" class=\"easingslider-image easingslider-lazy\" \/><\/a><\/div><div class=\"easingslider-slide\"><a href=\"none\" target=\"\"><img decoding=\"async\" src=\"https:\/\/www.opalineanimation.com\/Blog_Cie_Opaline\/wp-content\/plugins\/easing-slider\/assets\/images\/placeholder-pixel.png\" data-src=\"https:\/\/www.opalineanimation.com\/Blog_Cie_Opaline\/wp-content\/uploads\/Spectacle-clown-Nancy-640x400.jpg\" alt=\"\" title=\"\" class=\"easingslider-image easingslider-lazy\" \/><\/a><\/div><div class=\"easingslider-slide\"><a href=\"none\" target=\"\"><img decoding=\"async\" src=\"https:\/\/www.opalineanimation.com\/Blog_Cie_Opaline\/wp-content\/plugins\/easing-slider\/assets\/images\/placeholder-pixel.png\" data-src=\"https:\/\/www.opalineanimation.com\/Blog_Cie_Opaline\/wp-content\/uploads\/Spectacle-ballons-Luxembourg-640x400.jpg\" alt=\"\" title=\"\" class=\"easingslider-image easingslider-lazy\" \/><\/a><\/div><div class=\"easingslider-slide\"><a href=\"none\" target=\"\"><img decoding=\"async\" src=\"https:\/\/www.opalineanimation.com\/Blog_Cie_Opaline\/wp-content\/plugins\/easing-slider\/assets\/images\/placeholder-pixel.png\" data-src=\"https:\/\/www.opalineanimation.com\/Blog_Cie_Opaline\/wp-content\/uploads\/spectacle-clown-640x400.jpg\" alt=\"\" title=\"\" class=\"easingslider-image easingslider-lazy\" \/><\/a><\/div><div class=\"easingslider-slide\"><a href=\"none\" target=\"\"><img decoding=\"async\" src=\"https:\/\/www.opalineanimation.com\/Blog_Cie_Opaline\/wp-content\/plugins\/easing-slider\/assets\/images\/placeholder-pixel.png\" data-src=\"https:\/\/www.opalineanimation.com\/Blog_Cie_Opaline\/wp-content\/uploads\/Sculpture-de-ballons1-640x400.jpg\" alt=\"\" title=\"\" class=\"easingslider-image easingslider-lazy\" \/><\/a><\/div><\/div><\/div>\n<h3><span style=\"color: #333333;\"><br \/>\nNotre avis :<\/span><\/h3>\n<h4 style=\"text-align: justify;\"><span style=\"color: #ff6600;\">\u00ab\u00a0Les sculptures de ballons prennent vie entre les mains de cet artiste. Quelques ballons suffisent \u00e0 raconter une histoire qui peut \u00eatre dr\u00f4le, \u00e9mouvante et pourquoi pas les deux! Fort d&rsquo;une grande exp\u00e9rience, puisque formateur en ballons dans son pass\u00e9 il a \u00e9t\u00e9, il composa un r\u00f4le sur mesure afin de nous faire partager ses exp\u00e9riences, son savoir faire unique en sculpture de ballons en y m\u00ealant\u00a0l\u00e9g\u00e8ret\u00e9 et po\u00e9sie.\u00a0\u00bb<\/span><\/h4>\n<blockquote>\n<h2>La r\u00e9servation c&rsquo;est par l\u00e0 !<\/h2>\n<\/blockquote>\n<p style=\"text-align: justify;\"><em>Le spectacle \u00ab\u00a0Dom et la magie des ballons\u00a0\u00bb dur\u00e9e 60 minutes &#8211; Remise des cadeaux d&rsquo;anniversaire 30 minutes &#8211; <strong>tarif 210 euros<\/strong> &#8211;<\/em><\/p>\n<p style=\"text-align: justify;\">\u00a0* Le d\u00e9placement sur Metz et alentours est gratuit, et quelques euros en plus si vous vous situez plus loin.<\/p>\n<p style=\"text-align: justify;\">Vous souhaitez \u00e9galement prendre une prestation pour les adultes avec un magicien\u00a0? <a href=\"https:\/\/www.opalineanimation.com\/Blog_Cie_Opaline\/magicien-luxembourg\/\">Regarder la page magicien close up, s\u00e9minaire.\u00a0<\/a><\/p>\n<p style=\"text-align: justify;\"><a href=\"https:\/\/www.opalineanimation.com\/Blog_Cie_Opaline\/magicien-spectacle-enfants-grimages-les-avis-d-opaline-animation\/\">Les avis,<\/a> les photos, commentaires d&rsquo;autres personnes qui nous ont fait <a href=\"https:\/\/www.facebook.com\/Opaline-Animation-255451761132872\/reviews\/?ref=page_internal\">confiance sur la page facebook ici<\/a>.<\/p>\n<p style=\"text-align: justify;\">Vous pouvez \u00e9galement nous t\u00e9l\u00e9phoner, ou nous envoyer un mail (n&rsquo;oubliez pas de mettre votre num\u00e9ro de t\u00e9l\u00e9phone).<\/p>\n<figure id=\"attachment_140\" aria-describedby=\"caption-attachment-140\" style=\"width: 300px\" class=\"wp-caption alignleft\"><a href=\"https:\/\/www.opalineanimation.com\/Blog_Cie_Opaline\/wp-content\/uploads\/Cartes-Opaline-Animation.jpg\"><img class=\"wp-image-140 size-medium lws-optimize-lazyload\" title=\"Magicien Metz\"  alt=\"carte de Visite Opaline Animation\" width=\"300\" height=\"200\" \/ data-src=\"https:\/\/www.opalineanimation.com\/Blog_Cie_Opaline\/wp-content\/uploads\/Cartes-Opaline-Animation-300x200.jpg\" srcset=\"https:\/\/www.opalineanimation.com\/Blog_Cie_Opaline\/wp-content\/uploads\/Cartes-Opaline-Animation-300x200.jpg 300w, https:\/\/www.opalineanimation.com\/Blog_Cie_Opaline\/wp-content\/uploads\/Cartes-Opaline-Animation-1024x683.jpg 1024w, https:\/\/www.opalineanimation.com\/Blog_Cie_Opaline\/wp-content\/uploads\/Cartes-Opaline-Animation.jpg 1500w\" sizes=\"(max-width: 300px) 100vw, 300px\" \/><\/a><figcaption id=\"caption-attachment-140\" class=\"wp-caption-text\">Carte de visite Opaline Animation<\/figcaption><\/figure>\n<p style=\"text-align: justify;\"><a title=\"Mail Opaline Animation\" href=\"mailto:infos@opalineanimation.com\">infos@opalineanimation.com<\/a><\/p>\n<p style=\"text-align: justify;\"><span style=\"text-decoration: underline;\">Tel :<\/span> 06 13 36 96 42<\/p>\n<p style=\"text-align: justify;\">+33 6 13 36 96 42<\/p>\n<p style=\"text-align: justify;\"><a title=\"Opaline Animation\" href=\"https:\/\/www.opalineanimation.com\">www.opalineanimation.com<\/a><\/p>\n<p style=\"text-align: justify;\">Vous pouvez \u00e9galement utiliser le formulaire de contact ci-dessous en n&rsquo;oubliant pas d&rsquo;indiquer votre num\u00e9ro de t\u00e9l\u00e9phone.<\/p>\n<p style=\"text-align: justify;\">A tr\u00e8s bient\u00f4t !<\/p>\n<p style=\"text-align: left;\">\n<div class=\"wpcf7 no-js\" id=\"wpcf7-f325-o1\" lang=\"fr-FR\" dir=\"ltr\" data-wpcf7-id=\"325\">\n<div class=\"screen-reader-response\"><p role=\"status\" aria-live=\"polite\" aria-atomic=\"true\"><\/p> <ul><\/ul><\/div>\n<form action=\"\/Blog_Cie_Opaline\/wp-json\/wp\/v2\/pages\/1371#wpcf7-f325-o1\" method=\"post\" class=\"wpcf7-form init\" aria-label=\"Formulaire de contact\" novalidate=\"novalidate\" data-status=\"init\">\n<fieldset class=\"hidden-fields-container\"><input type=\"hidden\" name=\"_wpcf7\" value=\"325\" \/><input type=\"hidden\" name=\"_wpcf7_version\" value=\"6.1.5\" \/><input type=\"hidden\" name=\"_wpcf7_locale\" value=\"fr_FR\" \/><input type=\"hidden\" name=\"_wpcf7_unit_tag\" value=\"wpcf7-f325-o1\" \/><input type=\"hidden\" name=\"_wpcf7_container_post\" value=\"0\" \/><input type=\"hidden\" name=\"_wpcf7_posted_data_hash\" value=\"\" \/><input type=\"hidden\" name=\"_wpcf7_recaptcha_response\" value=\"\" \/>\n<\/fieldset>\n<p>Votre nom, pr\u00e9nom\n<\/p>\n<p><span class=\"wpcf7-form-control-wrap\" data-name=\"your-name\"><input size=\"40\" maxlength=\"400\" class=\"wpcf7-form-control wpcf7-text wpcf7-validates-as-required\" aria-required=\"true\" aria-invalid=\"false\" value=\"\" type=\"text\" name=\"your-name\" \/><\/span>\n<\/p>\n<p>T\u00e9l\u00e9phone\n<\/p>\n<p><span class=\"wpcf7-form-control-wrap\" data-name=\"tel-904\"><input size=\"40\" maxlength=\"400\" class=\"wpcf7-form-control wpcf7-tel wpcf7-text wpcf7-validates-as-tel Tlphone 2\" id=\"Tlphone1\" aria-invalid=\"false\" value=\"\" type=\"tel\" name=\"tel-904\" \/><\/span>\n<\/p>\n<p>E-mail\n<\/p>\n<p><span class=\"wpcf7-form-control-wrap\" data-name=\"your-email\"><input size=\"40\" maxlength=\"400\" class=\"wpcf7-form-control wpcf7-email wpcf7-validates-as-required wpcf7-text wpcf7-validates-as-email\" aria-required=\"true\" aria-invalid=\"false\" value=\"\" type=\"email\" name=\"your-email\" \/><\/span>\n<\/p>\n<p>Sujet\n<\/p>\n<p><span class=\"wpcf7-form-control-wrap\" data-name=\"your-subject\"><input size=\"40\" maxlength=\"400\" class=\"wpcf7-form-control wpcf7-text\" aria-invalid=\"false\" value=\"\" type=\"text\" name=\"your-subject\" \/><\/span>\n<\/p>\n<p>Votre message\n<\/p>\n<p><span class=\"wpcf7-form-control-wrap\" data-name=\"your-message\"><textarea cols=\"40\" rows=\"10\" maxlength=\"2000\" class=\"wpcf7-form-control wpcf7-textarea\" aria-invalid=\"false\" name=\"your-message\"><\/textarea><\/span>\n<\/p>\n<p><input class=\"wpcf7-form-control wpcf7-submit has-spinner\" type=\"submit\" value=\"Envoyer\" \/> Tous les champs sont obligatoires\n<\/p>\n<div class=\"wpcf7-response-output\" aria-hidden=\"true\"><\/div>\n<\/form>\n<\/div>\n<\/p>\n","protected":false},"excerpt":{"rendered":"<p>Un spectacle \u00ab\u00a0gonfl\u00e9\u00a0\u00bb pour les anniversaires enfants ! A partir de 4 ans ! Dominique, personne haute en couleur dont nous vous pr\u00e9sentons le spectacle ici est un personnage \u00e0 [&hellip;]<\/p>\n","protected":false},"author":1,"featured_media":0,"parent":0,"menu_order":0,"comment_status":"closed","ping_status":"closed","template":"","meta":{"footnotes":""},"class_list":["post-1371","page","type-page","status-publish","hentry"],"yoast_head":"<!-- This site is optimized with the Yoast SEO plugin v27.4 - https:\/\/yoast.com\/product\/yoast-seo-wordpress\/ -->\n<title>Anniversaire enfants clown et ballons \u00e0 Metz<\/title>\n<meta name=\"description\" content=\"Anniversaire enfants sur les th\u00e8mes clown et ballons \u00e0 Metz Nancy Luxembourg et Moselle Lorraine. Une animation pour les anniversaires \u00e0 partir de 5 ans !\" \/>\n<meta name=\"robots\" content=\"index, follow, max-snippet:-1, max-image-preview:large, max-video-preview:-1\" \/>\n<link rel=\"canonical\" href=\"https:\/\/www.opalineanimation.com\/Blog_Cie_Opaline\/spectacle_clown_enfants\/\" \/>\n<meta property=\"og:locale\" content=\"fr_FR\" \/>\n<meta property=\"og:type\" content=\"article\" \/>\n<meta property=\"og:title\" content=\"Anniversaire enfants clown et ballons \u00e0 Metz\" \/>\n<meta property=\"og:description\" content=\"Anniversaire enfants sur les th\u00e8mes clown et ballons \u00e0 Metz Nancy Luxembourg et Moselle Lorraine. Une animation pour les anniversaires \u00e0 partir de 5 ans !\" \/>\n<meta property=\"og:url\" content=\"https:\/\/www.opalineanimation.com\/Blog_Cie_Opaline\/spectacle_clown_enfants\/\" \/>\n<meta property=\"og:site_name\" content=\"Cie Opaline CLOSE-UP, SPECTACLES ET SERVICES\" \/>\n<meta property=\"article:publisher\" content=\"https:\/\/www.facebook.com\/pages\/Opaline-Animation\/255451761132872\" \/>\n<meta property=\"article:modified_time\" content=\"2021-10-27T08:11:09+00:00\" \/>\n<meta property=\"og:image\" content=\"https:\/\/www.opalineanimation.com\/Blog_Cie_Opaline\/wp-content\/uploads\/Spectacle-ballons-Luxembourg-1024x683.jpg\" \/>\n<meta name=\"twitter:label1\" content=\"Dur\u00e9e de lecture estim\u00e9e\" \/>\n\t<meta name=\"twitter:data1\" content=\"3 minutes\" \/>\n<script type=\"application\/ld+json\" class=\"yoast-schema-graph\">{\"@context\":\"https:\\\/\\\/schema.org\",\"@graph\":[{\"@type\":\"WebPage\",\"@id\":\"https:\\\/\\\/www.opalineanimation.com\\\/Blog_Cie_Opaline\\\/spectacle_clown_enfants\\\/\",\"url\":\"https:\\\/\\\/www.opalineanimation.com\\\/Blog_Cie_Opaline\\\/spectacle_clown_enfants\\\/\",\"name\":\"Anniversaire enfants clown et ballons \u00e0 Metz\",\"isPartOf\":{\"@id\":\"https:\\\/\\\/www.opalineanimation.com\\\/Blog_Cie_Opaline\\\/#website\"},\"primaryImageOfPage\":{\"@id\":\"https:\\\/\\\/www.opalineanimation.com\\\/Blog_Cie_Opaline\\\/spectacle_clown_enfants\\\/#primaryimage\"},\"image\":{\"@id\":\"https:\\\/\\\/www.opalineanimation.com\\\/Blog_Cie_Opaline\\\/spectacle_clown_enfants\\\/#primaryimage\"},\"thumbnailUrl\":\"https:\\\/\\\/www.opalineanimation.com\\\/Blog_Cie_Opaline\\\/wp-content\\\/uploads\\\/Spectacle-ballons-Luxembourg-1024x683.jpg\",\"datePublished\":\"2019-01-15T11:30:00+00:00\",\"dateModified\":\"2021-10-27T08:11:09+00:00\",\"description\":\"Anniversaire enfants sur les th\u00e8mes clown et ballons \u00e0 Metz Nancy Luxembourg et Moselle Lorraine. Une animation pour les anniversaires \u00e0 partir de 5 ans !\",\"breadcrumb\":{\"@id\":\"https:\\\/\\\/www.opalineanimation.com\\\/Blog_Cie_Opaline\\\/spectacle_clown_enfants\\\/#breadcrumb\"},\"inLanguage\":\"fr-FR\",\"potentialAction\":[{\"@type\":\"ReadAction\",\"target\":[\"https:\\\/\\\/www.opalineanimation.com\\\/Blog_Cie_Opaline\\\/spectacle_clown_enfants\\\/\"]}]},{\"@type\":\"ImageObject\",\"inLanguage\":\"fr-FR\",\"@id\":\"https:\\\/\\\/www.opalineanimation.com\\\/Blog_Cie_Opaline\\\/spectacle_clown_enfants\\\/#primaryimage\",\"url\":\"https:\\\/\\\/www.opalineanimation.com\\\/Blog_Cie_Opaline\\\/wp-content\\\/uploads\\\/Spectacle-ballons-Luxembourg.jpg\",\"contentUrl\":\"https:\\\/\\\/www.opalineanimation.com\\\/Blog_Cie_Opaline\\\/wp-content\\\/uploads\\\/Spectacle-ballons-Luxembourg.jpg\",\"width\":1500,\"height\":1000,\"caption\":\"Un spectacle de clown et Sculpture de ballons sur Metz Nancy et Luxembourg\"},{\"@type\":\"BreadcrumbList\",\"@id\":\"https:\\\/\\\/www.opalineanimation.com\\\/Blog_Cie_Opaline\\\/spectacle_clown_enfants\\\/#breadcrumb\",\"itemListElement\":[{\"@type\":\"ListItem\",\"position\":1,\"name\":\"Accueil\",\"item\":\"https:\\\/\\\/www.opalineanimation.com\\\/Blog_Cie_Opaline\\\/\"},{\"@type\":\"ListItem\",\"position\":2,\"name\":\"Dom et la magie des ballons ! Entre clown, clownerie, le tout avec des ballons !\"}]},{\"@type\":\"WebSite\",\"@id\":\"https:\\\/\\\/www.opalineanimation.com\\\/Blog_Cie_Opaline\\\/#website\",\"url\":\"https:\\\/\\\/www.opalineanimation.com\\\/Blog_Cie_Opaline\\\/\",\"name\":\"Cie Opaline CLOSE-UP, SPECTACLES ET SERVICES\",\"description\":\"Artistes du spectacle \u00e0 Metz, Nancy et Luxembourg\",\"potentialAction\":[{\"@type\":\"SearchAction\",\"target\":{\"@type\":\"EntryPoint\",\"urlTemplate\":\"https:\\\/\\\/www.opalineanimation.com\\\/Blog_Cie_Opaline\\\/?s={search_term_string}\"},\"query-input\":{\"@type\":\"PropertyValueSpecification\",\"valueRequired\":true,\"valueName\":\"search_term_string\"}}],\"inLanguage\":\"fr-FR\"}]}<\/script>\n<!-- \/ Yoast SEO plugin. -->","yoast_head_json":{"title":"Anniversaire enfants clown et ballons \u00e0 Metz","description":"Anniversaire enfants sur les th\u00e8mes clown et ballons \u00e0 Metz Nancy Luxembourg et Moselle Lorraine. Une animation pour les anniversaires \u00e0 partir de 5 ans !","robots":{"index":"index","follow":"follow","max-snippet":"max-snippet:-1","max-image-preview":"max-image-preview:large","max-video-preview":"max-video-preview:-1"},"canonical":"https:\/\/www.opalineanimation.com\/Blog_Cie_Opaline\/spectacle_clown_enfants\/","og_locale":"fr_FR","og_type":"article","og_title":"Anniversaire enfants clown et ballons \u00e0 Metz","og_description":"Anniversaire enfants sur les th\u00e8mes clown et ballons \u00e0 Metz Nancy Luxembourg et Moselle Lorraine. Une animation pour les anniversaires \u00e0 partir de 5 ans !","og_url":"https:\/\/www.opalineanimation.com\/Blog_Cie_Opaline\/spectacle_clown_enfants\/","og_site_name":"Cie Opaline CLOSE-UP, SPECTACLES ET SERVICES","article_publisher":"https:\/\/www.facebook.com\/pages\/Opaline-Animation\/255451761132872","article_modified_time":"2021-10-27T08:11:09+00:00","og_image":[{"url":"https:\/\/www.opalineanimation.com\/Blog_Cie_Opaline\/wp-content\/uploads\/Spectacle-ballons-Luxembourg-1024x683.jpg","type":"","width":"","height":""}],"twitter_misc":{"Dur\u00e9e de lecture estim\u00e9e":"3 minutes"},"schema":{"@context":"https:\/\/schema.org","@graph":[{"@type":"WebPage","@id":"https:\/\/www.opalineanimation.com\/Blog_Cie_Opaline\/spectacle_clown_enfants\/","url":"https:\/\/www.opalineanimation.com\/Blog_Cie_Opaline\/spectacle_clown_enfants\/","name":"Anniversaire enfants clown et ballons \u00e0 Metz","isPartOf":{"@id":"https:\/\/www.opalineanimation.com\/Blog_Cie_Opaline\/#website"},"primaryImageOfPage":{"@id":"https:\/\/www.opalineanimation.com\/Blog_Cie_Opaline\/spectacle_clown_enfants\/#primaryimage"},"image":{"@id":"https:\/\/www.opalineanimation.com\/Blog_Cie_Opaline\/spectacle_clown_enfants\/#primaryimage"},"thumbnailUrl":"https:\/\/www.opalineanimation.com\/Blog_Cie_Opaline\/wp-content\/uploads\/Spectacle-ballons-Luxembourg-1024x683.jpg","datePublished":"2019-01-15T11:30:00+00:00","dateModified":"2021-10-27T08:11:09+00:00","description":"Anniversaire enfants sur les th\u00e8mes clown et ballons \u00e0 Metz Nancy Luxembourg et Moselle Lorraine. Une animation pour les anniversaires \u00e0 partir de 5 ans !","breadcrumb":{"@id":"https:\/\/www.opalineanimation.com\/Blog_Cie_Opaline\/spectacle_clown_enfants\/#breadcrumb"},"inLanguage":"fr-FR","potentialAction":[{"@type":"ReadAction","target":["https:\/\/www.opalineanimation.com\/Blog_Cie_Opaline\/spectacle_clown_enfants\/"]}]},{"@type":"ImageObject","inLanguage":"fr-FR","@id":"https:\/\/www.opalineanimation.com\/Blog_Cie_Opaline\/spectacle_clown_enfants\/#primaryimage","url":"https:\/\/www.opalineanimation.com\/Blog_Cie_Opaline\/wp-content\/uploads\/Spectacle-ballons-Luxembourg.jpg","contentUrl":"https:\/\/www.opalineanimation.com\/Blog_Cie_Opaline\/wp-content\/uploads\/Spectacle-ballons-Luxembourg.jpg","width":1500,"height":1000,"caption":"Un spectacle de clown et Sculpture de ballons sur Metz Nancy et Luxembourg"},{"@type":"BreadcrumbList","@id":"https:\/\/www.opalineanimation.com\/Blog_Cie_Opaline\/spectacle_clown_enfants\/#breadcrumb","itemListElement":[{"@type":"ListItem","position":1,"name":"Accueil","item":"https:\/\/www.opalineanimation.com\/Blog_Cie_Opaline\/"},{"@type":"ListItem","position":2,"name":"Dom et la magie des ballons ! Entre clown, clownerie, le tout avec des ballons !"}]},{"@type":"WebSite","@id":"https:\/\/www.opalineanimation.com\/Blog_Cie_Opaline\/#website","url":"https:\/\/www.opalineanimation.com\/Blog_Cie_Opaline\/","name":"Cie Opaline CLOSE-UP, SPECTACLES ET SERVICES","description":"Artistes du spectacle \u00e0 Metz, Nancy et Luxembourg","potentialAction":[{"@type":"SearchAction","target":{"@type":"EntryPoint","urlTemplate":"https:\/\/www.opalineanimation.com\/Blog_Cie_Opaline\/?s={search_term_string}"},"query-input":{"@type":"PropertyValueSpecification","valueRequired":true,"valueName":"search_term_string"}}],"inLanguage":"fr-FR"}]}},"_links":{"self":[{"href":"https:\/\/www.opalineanimation.com\/Blog_Cie_Opaline\/wp-json\/wp\/v2\/pages\/1371","targetHints":{"allow":["GET"]}}],"collection":[{"href":"https:\/\/www.opalineanimation.com\/Blog_Cie_Opaline\/wp-json\/wp\/v2\/pages"}],"about":[{"href":"https:\/\/www.opalineanimation.com\/Blog_Cie_Opaline\/wp-json\/wp\/v2\/types\/page"}],"author":[{"embeddable":true,"href":"https:\/\/www.opalineanimation.com\/Blog_Cie_Opaline\/wp-json\/wp\/v2\/users\/1"}],"replies":[{"embeddable":true,"href":"https:\/\/www.opalineanimation.com\/Blog_Cie_Opaline\/wp-json\/wp\/v2\/comments?post=1371"}],"version-history":[{"count":21,"href":"https:\/\/www.opalineanimation.com\/Blog_Cie_Opaline\/wp-json\/wp\/v2\/pages\/1371\/revisions"}],"predecessor-version":[{"id":4848,"href":"https:\/\/www.opalineanimation.com\/Blog_Cie_Opaline\/wp-json\/wp\/v2\/pages\/1371\/revisions\/4848"}],"wp:attachment":[{"href":"https:\/\/www.opalineanimation.com\/Blog_Cie_Opaline\/wp-json\/wp\/v2\/media?parent=1371"}],"curies":[{"name":"wp","href":"https:\/\/api.w.org\/{rel}","templated":true}]}}